{"id":4620,"date":"2026-04-22T15:09:18","date_gmt":"2026-04-22T13:09:18","guid":{"rendered":"https:\/\/greenway-logistics.com\/?page_id=4620"},"modified":"2026-04-29T12:57:17","modified_gmt":"2026-04-29T10:57:17","slug":"break-bulk-losning","status":"publish","type":"page","link":"https:\/\/greenway-logistics.com\/sv\/losningar\/break-bulk-losning\/","title":{"rendered":"Break Bulk-l\u00f6sning"},"content":{"rendered":"<h2>OM<\/h2>\n<p>Internationella B2B- och B2C-s\u00e4ndningar till EU kan vara komplexa och kostsamma. Greenway Logistics f\u00f6renklar processen med Break Bulk-l\u00f6sningen; en effektiv cross-docking-tj\u00e4nst som drivs fr\u00e5n ett europeiskt lager i Nederl\u00e4nderna. Denna l\u00f6sning \u00e4r s\u00e4rskilt utformad f\u00f6r f\u00f6retag utanf\u00f6r Europa som vill distribuera produkter snabbt och kostnadseffektivt till flera EU-destinationer.<\/p>\n","protected":false},"excerpt":{"rendered":"<p>OM Internationella B2B- och B2C-s\u00e4ndningar till EU kan vara komplexa och kostsamma. Greenway Logistics f\u00f6renklar processen med Break Bulk-l\u00f6sningen; en effektiv cross-docking-tj\u00e4nst som drivs fr\u00e5n ett europeiskt lager i Nederl\u00e4nderna. Denna l\u00f6sning \u00e4r s\u00e4rskilt utformad f\u00f6r f\u00f6retag utanf\u00f6r Europa som vill distribuera produkter snabbt och kostnadseffektivt till flera EU-destinationer.<\/p>\n","protected":false},"author":4,"featured_media":0,"parent":2301,"menu_order":0,"comment_status":"closed","ping_status":"closed","template":"","meta":{"_acf_changed":false,"footnotes":""},"class_list":["post-4620","page","type-page","status-publish","hentry"],"acf":[],"yoast_head":"<!-- This site is optimized with the Yoast SEO plugin v27.5 - https:\/\/yoast.com\/product\/yoast-seo-wordpress\/ -->\n<title>Greenway Logistics - Break Bulk-l\u00f6sning<\/title>\n<meta name=\"description\" content=\"Denna l\u00f6sning \u00e4r s\u00e4rskilt utformad f\u00f6r f\u00f6retag utanf\u00f6r Europa som vill distribuera produkter snabbt och kostnadseffektivt till flera EU-destinationer.\" \/>\n<meta name=\"robots\" content=\"index, follow, max-snippet:-1, max-image-preview:large, max-video-preview:-1\" \/>\n<link rel=\"canonical\" href=\"https:\/\/greenway-logistics.com\/sv\/losningar\/break-bulk-losning\/\" \/>\n<meta property=\"og:locale\" content=\"sv_SE\" \/>\n<meta property=\"og:type\" content=\"article\" \/>\n<meta property=\"og:title\" content=\"Greenway Logistics - Break Bulk-l\u00f6sning\" \/>\n<meta property=\"og:description\" content=\"Denna l\u00f6sning \u00e4r s\u00e4rskilt utformad f\u00f6r f\u00f6retag utanf\u00f6r Europa som vill distribuera produkter snabbt och kostnadseffektivt till flera EU-destinationer.\" \/>\n<meta property=\"og:url\" content=\"https:\/\/greenway-logistics.com\/sv\/losningar\/break-bulk-losning\/\" \/>\n<meta property=\"og:site_name\" content=\"Greenway Logistics\" \/>\n<meta property=\"article:modified_time\" content=\"2026-04-29T10:57:17+00:00\" \/>\n<meta name=\"twitter:card\" content=\"summary_large_image\" \/>\n<meta name=\"twitter:label1\" content=\"Ber\u00e4knad l\u00e4stid\" \/>\n\t<meta name=\"twitter:data1\" content=\"1 minut\" \/>\n<!-- \/ Yoast SEO plugin. -->","yoast_head_json":{"title":"Greenway Logistics - Break Bulk-l\u00f6sning","description":"Denna l\u00f6sning \u00e4r s\u00e4rskilt utformad f\u00f6r f\u00f6retag utanf\u00f6r Europa som vill distribuera produkter snabbt och kostnadseffektivt till flera EU-destinationer.","robots":{"index":"index","follow":"follow","max-snippet":"max-snippet:-1","max-image-preview":"max-image-preview:large","max-video-preview":"max-video-preview:-1"},"canonical":"https:\/\/greenway-logistics.com\/sv\/losningar\/break-bulk-losning\/","og_locale":"sv_SE","og_type":"article","og_title":"Greenway Logistics - Break Bulk-l\u00f6sning","og_description":"Denna l\u00f6sning \u00e4r s\u00e4rskilt utformad f\u00f6r f\u00f6retag utanf\u00f6r Europa som vill distribuera produkter snabbt och kostnadseffektivt till flera EU-destinationer.","og_url":"https:\/\/greenway-logistics.com\/sv\/losningar\/break-bulk-losning\/","og_site_name":"Greenway Logistics","article_modified_time":"2026-04-29T10:57:17+00:00","twitter_card":"summary_large_image","twitter_misc":{"Ber\u00e4knad l\u00e4stid":"1 minut"},"schema":{"@context":"https:\/\/schema.org","@graph":[{"@type":"WebPage","@id":"https:\/\/greenway-logistics.com\/sv\/losningar\/break-bulk-losning\/","url":"https:\/\/greenway-logistics.com\/sv\/losningar\/break-bulk-losning\/","name":"Greenway Logistics - Break Bulk-l\u00f6sning","isPartOf":{"@id":"https:\/\/greenway-logistics.com\/sv\/#website"},"datePublished":"2026-04-22T13:09:18+00:00","dateModified":"2026-04-29T10:57:17+00:00","description":"Denna l\u00f6sning \u00e4r s\u00e4rskilt utformad f\u00f6r f\u00f6retag utanf\u00f6r Europa som vill distribuera produkter snabbt och kostnadseffektivt till flera EU-destinationer.","breadcrumb":{"@id":"https:\/\/greenway-logistics.com\/sv\/losningar\/break-bulk-losning\/#breadcrumb"},"inLanguage":"sv-SE","potentialAction":[{"@type":"ReadAction","target":["https:\/\/greenway-logistics.com\/sv\/losningar\/break-bulk-losning\/"]}]},{"@type":"BreadcrumbList","@id":"https:\/\/greenway-logistics.com\/sv\/losningar\/break-bulk-losning\/#breadcrumb","itemListElement":[{"@type":"ListItem","position":1,"name":"Home","item":"https:\/\/greenway-logistics.com\/sv\/"},{"@type":"ListItem","position":2,"name":"L\u00f6sningar","item":"https:\/\/greenway-logistics.com\/sv\/losningar\/"},{"@type":"ListItem","position":3,"name":"Break Bulk-l\u00f6sning"}]},{"@type":"WebSite","@id":"https:\/\/greenway-logistics.com\/sv\/#website","url":"https:\/\/greenway-logistics.com\/sv\/","name":"Greenway Logistics","description":"Sustainable Logistics","potentialAction":[{"@type":"SearchAction","target":{"@type":"EntryPoint","urlTemplate":"https:\/\/greenway-logistics.com\/sv\/?s={search_term_string}"},"query-input":{"@type":"PropertyValueSpecification","valueRequired":true,"valueName":"search_term_string"}}],"inLanguage":"sv-SE"}]}},"_links":{"self":[{"href":"https:\/\/greenway-logistics.com\/sv\/wp-json\/wp\/v2\/pages\/4620","targetHints":{"allow":["GET"]}}],"collection":[{"href":"https:\/\/greenway-logistics.com\/sv\/wp-json\/wp\/v2\/pages"}],"about":[{"href":"https:\/\/greenway-logistics.com\/sv\/wp-json\/wp\/v2\/types\/page"}],"author":[{"embeddable":true,"href":"https:\/\/greenway-logistics.com\/sv\/wp-json\/wp\/v2\/users\/4"}],"replies":[{"embeddable":true,"href":"https:\/\/greenway-logistics.com\/sv\/wp-json\/wp\/v2\/comments?post=4620"}],"version-history":[{"count":1,"href":"https:\/\/greenway-logistics.com\/sv\/wp-json\/wp\/v2\/pages\/4620\/revisions"}],"predecessor-version":[{"id":4686,"href":"https:\/\/greenway-logistics.com\/sv\/wp-json\/wp\/v2\/pages\/4620\/revisions\/4686"}],"up":[{"embeddable":true,"href":"https:\/\/greenway-logistics.com\/sv\/wp-json\/wp\/v2\/pages\/2301"}],"wp:attachment":[{"href":"https:\/\/greenway-logistics.com\/sv\/wp-json\/wp\/v2\/media?parent=4620"}],"curies":[{"name":"wp","href":"https:\/\/api.w.org\/{rel}","templated":true}]}}