{"id":3864,"date":"2024-04-09T10:14:26","date_gmt":"2024-04-09T08:14:26","guid":{"rendered":"https:\/\/greenway-logistics.com\/?page_id=3864"},"modified":"2024-04-18T08:16:15","modified_gmt":"2024-04-18T06:16:15","slug":"consol-box","status":"publish","type":"page","link":"https:\/\/greenway-logistics.com\/sv\/losningar\/consol-box\/","title":{"rendered":"Consol Box"},"content":{"rendered":"<h2>Om<\/h2>\n<p>F\u00f6r att optimera fl\u00f6det av varor fr\u00e5n Asien och minska antalet transporter kombinerar Greenway Logistics mindre containerlaster (LCL) fr\u00e5n medlemsorganisationer inom branschen till fulla containerlaster (FCL). Consol Box \u00e4r Greenway Logistics svar p\u00e5 problemet med liten fyllnadsgrad (den genomsnittliga fyllnadsgraden av en container \u00e4r endast 60%) och har framg\u00e5ngsrikt organiserats av Greenway Logistics i \u00e5ratal fr\u00e5n hamnar i Bangladesh, Kina och Indien. Consol Box erbjuder garanterade veckovisa avg\u00e5ngar och stabila transittider till Europa. Dessutom presenteras kostnaderna transparent genom &#8221;Port-to-door&#8221;-tariffen.<\/p>\n<p>Efter ankomsten till Europa delas containerlasten is\u00e4r p\u00e5 v\u00e5r egen 3PL-plats, vilket m\u00f6jligg\u00f6r olika Value-Added Services (VAS). Detta inkluderar sortering, f\u00f6rpackning, m\u00e4rkning eller andra speciella \u00f6nskem\u00e5l. Vi har ocks\u00e5 en partner som hanterar tullrelaterade \u00e4renden internt, s\u00e5som tullklarering och m\u00f6jligheten till momsuppskov. Leverans kan ordnas till din, kundens eller v\u00e5r 3PL-plats enligt \u00f6verenskommelse.<\/p>\n<h2>F\u00f6rdelar<\/h2>\n<ul>\n<li>Garanterad veckovis avg\u00e5ng<\/li>\n<li>Korta ledtider<\/li>\n<li>Fullservice-tillv\u00e4gag\u00e5ngss\u00e4tt<\/li>\n<li>Personlig uppm\u00e4rksamhet, utm\u00e4rkt service, bevisad kvalitet<\/li>\n<li>Europeisk handl\u00e4ggare med bepr\u00f6vad meritlista<\/li>\n<\/ul>\n<p>Om du vill veta mer om Greenway Consol Box eller beg\u00e4ra en analys av ditt logistikfl\u00f6de \u00e4r du v\u00e4lkommen att <a href=\"https:\/\/greenway-logistics.com\/sv\/kontakt\/\">kontakta oss.<\/a><\/p>\n","protected":false},"excerpt":{"rendered":"<p>Om F\u00f6r att optimera fl\u00f6det av varor fr\u00e5n Asien och minska antalet transporter kombinerar Greenway Logistics mindre containerlaster (LCL) fr\u00e5n medlemsorganisationer inom branschen till fulla containerlaster (FCL). Consol Box \u00e4r Greenway Logistics svar p\u00e5 problemet med liten fyllnadsgrad (den genomsnittliga fyllnadsgraden av en container \u00e4r endast 60%) och har framg\u00e5ngsrikt organiserats av Greenway Logistics i [&hellip;]<\/p>\n","protected":false},"author":4,"featured_media":3870,"parent":2301,"menu_order":0,"comment_status":"closed","ping_status":"closed","template":"","meta":{"_acf_changed":false,"footnotes":""},"class_list":["post-3864","page","type-page","status-publish","has-post-thumbnail","hentry"],"acf":[],"yoast_head":"<!-- This site is optimized with the Yoast SEO plugin v27.3 - https:\/\/yoast.com\/product\/yoast-seo-wordpress\/ -->\n<title>Greenway Logistics - Consol Box<\/title>\n<meta name=\"description\" content=\"F\u00f6r att optimera fl\u00f6det av varor fr\u00e5n Asien och minska antalet transporter kombinerar Greenway Logistics mindre containerlaster (LCL) fr\u00e5n medlemsorganisationer inom branschen till fulla containerlaster (FCL). Consol Box \u00e4r Greenway Logistics svar p\u00e5 problemet med liten fyllnadsgrad\" \/>\n<meta name=\"robots\" content=\"index, follow, max-snippet:-1, max-image-preview:large, max-video-preview:-1\" \/>\n<link rel=\"canonical\" href=\"https:\/\/greenway-logistics.com\/sv\/losningar\/consol-box\/\" \/>\n<meta property=\"og:locale\" content=\"sv_SE\" \/>\n<meta property=\"og:type\" content=\"article\" \/>\n<meta property=\"og:title\" content=\"Greenway Logistics - Consol Box\" \/>\n<meta property=\"og:description\" content=\"F\u00f6r att optimera fl\u00f6det av varor fr\u00e5n Asien och minska antalet transporter kombinerar Greenway Logistics mindre containerlaster (LCL) fr\u00e5n medlemsorganisationer inom branschen till fulla containerlaster (FCL). Consol Box \u00e4r Greenway Logistics svar p\u00e5 problemet med liten fyllnadsgrad\" \/>\n<meta property=\"og:url\" content=\"https:\/\/greenway-logistics.com\/sv\/losningar\/consol-box\/\" \/>\n<meta property=\"og:site_name\" content=\"Greenway Logistics\" \/>\n<meta property=\"article:modified_time\" content=\"2024-04-18T06:16:15+00:00\" \/>\n<meta property=\"og:image\" content=\"https:\/\/greenway-logistics.com\/wp-content\/uploads\/2024\/04\/Greenway-Consol-Box-sustainable-fashion-logistics-e1712650342341.jpg\" \/>\n\t<meta property=\"og:image:width\" content=\"1920\" \/>\n\t<meta property=\"og:image:height\" content=\"1080\" \/>\n\t<meta property=\"og:image:type\" content=\"image\/jpeg\" \/>\n<meta name=\"twitter:card\" content=\"summary_large_image\" \/>\n<meta name=\"twitter:label1\" content=\"Ber\u00e4knad l\u00e4stid\" \/>\n\t<meta name=\"twitter:data1\" content=\"1 minut\" \/>\n<!-- \/ Yoast SEO plugin. -->","yoast_head_json":{"title":"Greenway Logistics - Consol Box","description":"F\u00f6r att optimera fl\u00f6det av varor fr\u00e5n Asien och minska antalet transporter kombinerar Greenway Logistics mindre containerlaster (LCL) fr\u00e5n medlemsorganisationer inom branschen till fulla containerlaster (FCL). Consol Box \u00e4r Greenway Logistics svar p\u00e5 problemet med liten fyllnadsgrad","robots":{"index":"index","follow":"follow","max-snippet":"max-snippet:-1","max-image-preview":"max-image-preview:large","max-video-preview":"max-video-preview:-1"},"canonical":"https:\/\/greenway-logistics.com\/sv\/losningar\/consol-box\/","og_locale":"sv_SE","og_type":"article","og_title":"Greenway Logistics - Consol Box","og_description":"F\u00f6r att optimera fl\u00f6det av varor fr\u00e5n Asien och minska antalet transporter kombinerar Greenway Logistics mindre containerlaster (LCL) fr\u00e5n medlemsorganisationer inom branschen till fulla containerlaster (FCL). Consol Box \u00e4r Greenway Logistics svar p\u00e5 problemet med liten fyllnadsgrad","og_url":"https:\/\/greenway-logistics.com\/sv\/losningar\/consol-box\/","og_site_name":"Greenway Logistics","article_modified_time":"2024-04-18T06:16:15+00:00","og_image":[{"width":1920,"height":1080,"url":"https:\/\/greenway-logistics.com\/wp-content\/uploads\/2024\/04\/Greenway-Consol-Box-sustainable-fashion-logistics-e1712650342341.jpg","type":"image\/jpeg"}],"twitter_card":"summary_large_image","twitter_misc":{"Ber\u00e4knad l\u00e4stid":"1 minut"},"schema":{"@context":"https:\/\/schema.org","@graph":[{"@type":"WebPage","@id":"https:\/\/greenway-logistics.com\/sv\/losningar\/consol-box\/","url":"https:\/\/greenway-logistics.com\/sv\/losningar\/consol-box\/","name":"Greenway Logistics - Consol Box","isPartOf":{"@id":"https:\/\/greenway-logistics.com\/sv\/#website"},"primaryImageOfPage":{"@id":"https:\/\/greenway-logistics.com\/sv\/losningar\/consol-box\/#primaryimage"},"image":{"@id":"https:\/\/greenway-logistics.com\/sv\/losningar\/consol-box\/#primaryimage"},"thumbnailUrl":"https:\/\/greenway-logistics.com\/wp-content\/uploads\/2024\/04\/Greenway-Consol-Box-sustainable-fashion-logistics-e1712650342341.jpg","datePublished":"2024-04-09T08:14:26+00:00","dateModified":"2024-04-18T06:16:15+00:00","description":"F\u00f6r att optimera fl\u00f6det av varor fr\u00e5n Asien och minska antalet transporter kombinerar Greenway Logistics mindre containerlaster (LCL) fr\u00e5n medlemsorganisationer inom branschen till fulla containerlaster (FCL). Consol Box \u00e4r Greenway Logistics svar p\u00e5 problemet med liten fyllnadsgrad","breadcrumb":{"@id":"https:\/\/greenway-logistics.com\/sv\/losningar\/consol-box\/#breadcrumb"},"inLanguage":"sv-SE","potentialAction":[{"@type":"ReadAction","target":["https:\/\/greenway-logistics.com\/sv\/losningar\/consol-box\/"]}]},{"@type":"ImageObject","inLanguage":"sv-SE","@id":"https:\/\/greenway-logistics.com\/sv\/losningar\/consol-box\/#primaryimage","url":"https:\/\/greenway-logistics.com\/wp-content\/uploads\/2024\/04\/Greenway-Consol-Box-sustainable-fashion-logistics-e1712650342341.jpg","contentUrl":"https:\/\/greenway-logistics.com\/wp-content\/uploads\/2024\/04\/Greenway-Consol-Box-sustainable-fashion-logistics-e1712650342341.jpg","width":1920,"height":1080,"caption":"Greenway Consol Box sustainable fashion logistics"},{"@type":"BreadcrumbList","@id":"https:\/\/greenway-logistics.com\/sv\/losningar\/consol-box\/#breadcrumb","itemListElement":[{"@type":"ListItem","position":1,"name":"Home","item":"https:\/\/greenway-logistics.com\/sv\/"},{"@type":"ListItem","position":2,"name":"L\u00f6sningar","item":"https:\/\/greenway-logistics.com\/sv\/losningar\/"},{"@type":"ListItem","position":3,"name":"Consol Box"}]},{"@type":"WebSite","@id":"https:\/\/greenway-logistics.com\/sv\/#website","url":"https:\/\/greenway-logistics.com\/sv\/","name":"Greenway Logistics","description":"Sustainable Logistics","potentialAction":[{"@type":"SearchAction","target":{"@type":"EntryPoint","urlTemplate":"https:\/\/greenway-logistics.com\/sv\/?s={search_term_string}"},"query-input":{"@type":"PropertyValueSpecification","valueRequired":true,"valueName":"search_term_string"}}],"inLanguage":"sv-SE"}]}},"_links":{"self":[{"href":"https:\/\/greenway-logistics.com\/sv\/wp-json\/wp\/v2\/pages\/3864","targetHints":{"allow":["GET"]}}],"collection":[{"href":"https:\/\/greenway-logistics.com\/sv\/wp-json\/wp\/v2\/pages"}],"about":[{"href":"https:\/\/greenway-logistics.com\/sv\/wp-json\/wp\/v2\/types\/page"}],"author":[{"embeddable":true,"href":"https:\/\/greenway-logistics.com\/sv\/wp-json\/wp\/v2\/users\/4"}],"replies":[{"embeddable":true,"href":"https:\/\/greenway-logistics.com\/sv\/wp-json\/wp\/v2\/comments?post=3864"}],"version-history":[{"count":3,"href":"https:\/\/greenway-logistics.com\/sv\/wp-json\/wp\/v2\/pages\/3864\/revisions"}],"predecessor-version":[{"id":3924,"href":"https:\/\/greenway-logistics.com\/sv\/wp-json\/wp\/v2\/pages\/3864\/revisions\/3924"}],"up":[{"embeddable":true,"href":"https:\/\/greenway-logistics.com\/sv\/wp-json\/wp\/v2\/pages\/2301"}],"wp:featuredmedia":[{"embeddable":true,"href":"https:\/\/greenway-logistics.com\/sv\/wp-json\/wp\/v2\/media\/3870"}],"wp:attachment":[{"href":"https:\/\/greenway-logistics.com\/sv\/wp-json\/wp\/v2\/media?parent=3864"}],"curies":[{"name":"wp","href":"https:\/\/api.w.org\/{rel}","templated":true}]}}