{"id":3666,"date":"2024-02-09T14:04:24","date_gmt":"2024-02-09T13:04:24","guid":{"rendered":"https:\/\/greenway-logistics.com\/?page_id=3666"},"modified":"2025-03-12T17:51:54","modified_gmt":"2025-03-12T16:51:54","slug":"provkonsolidering","status":"publish","type":"page","link":"https:\/\/greenway-logistics.com\/sv\/losningar\/provkonsolidering\/","title":{"rendered":"Provkonsolidering"},"content":{"rendered":"<h2>OM<\/h2>\n<p>Att skicka prover fr\u00e5n fabriker till Europa \u00e4r sv\u00e5rt d\u00e5 det \u00e4r dyrt och skadligt f\u00f6r milj\u00f6n. Vanligtvis skickas b\u00e5de produktions- och f\u00f6rs\u00e4ljningsprover med snabba kurirtj\u00e4nster. Nu finns det en ny metod d\u00e4r vissa prover skickas med vanlig flygtransport, vilket \u00e4r mer kostnadseffektivt och milj\u00f6v\u00e4nligt.<\/p>\n","protected":false},"excerpt":{"rendered":"<p>OM Att skicka prover fr\u00e5n fabriker till Europa \u00e4r sv\u00e5rt d\u00e5 det \u00e4r dyrt och skadligt f\u00f6r milj\u00f6n. Vanligtvis skickas b\u00e5de produktions- och f\u00f6rs\u00e4ljningsprover med snabba kurirtj\u00e4nster. Nu finns det en ny metod d\u00e4r vissa prover skickas med vanlig flygtransport, vilket \u00e4r mer kostnadseffektivt och milj\u00f6v\u00e4nligt.<\/p>\n","protected":false},"author":5,"featured_media":0,"parent":2301,"menu_order":0,"comment_status":"closed","ping_status":"closed","template":"","meta":{"_acf_changed":false,"footnotes":""},"class_list":["post-3666","page","type-page","status-publish","hentry"],"acf":[],"yoast_head":"<!-- This site is optimized with the Yoast SEO plugin v27.4 - https:\/\/yoast.com\/product\/yoast-seo-wordpress\/ -->\n<title>Greenway Logistics - Provkonsolidering<\/title>\n<meta name=\"description\" content=\"Att skicka prover fr\u00e5n fabriker till Europa \u00e4r sv\u00e5rt d\u00e5 det \u00e4r dyrt och skadligt f\u00f6r milj\u00f6n. Vanligtvis skickas b\u00e5de produktions-\" \/>\n<meta name=\"robots\" content=\"index, follow, max-snippet:-1, max-image-preview:large, max-video-preview:-1\" \/>\n<link rel=\"canonical\" href=\"https:\/\/greenway-logistics.com\/sv\/losningar\/provkonsolidering\/\" \/>\n<meta property=\"og:locale\" content=\"sv_SE\" \/>\n<meta property=\"og:type\" content=\"article\" \/>\n<meta property=\"og:title\" content=\"Greenway Logistics - Provkonsolidering\" \/>\n<meta property=\"og:description\" content=\"Att skicka prover fr\u00e5n fabriker till Europa \u00e4r sv\u00e5rt d\u00e5 det \u00e4r dyrt och skadligt f\u00f6r milj\u00f6n. Vanligtvis skickas b\u00e5de produktions-\" \/>\n<meta property=\"og:url\" content=\"https:\/\/greenway-logistics.com\/sv\/losningar\/provkonsolidering\/\" \/>\n<meta property=\"og:site_name\" content=\"Greenway Logistics\" \/>\n<meta property=\"article:modified_time\" content=\"2025-03-12T16:51:54+00:00\" \/>\n<meta name=\"twitter:card\" content=\"summary_large_image\" \/>\n<meta name=\"twitter:label1\" content=\"Ber\u00e4knad l\u00e4stid\" \/>\n\t<meta name=\"twitter:data1\" content=\"1 minut\" \/>\n<!-- \/ Yoast SEO plugin. -->","yoast_head_json":{"title":"Greenway Logistics - Provkonsolidering","description":"Att skicka prover fr\u00e5n fabriker till Europa \u00e4r sv\u00e5rt d\u00e5 det \u00e4r dyrt och skadligt f\u00f6r milj\u00f6n. Vanligtvis skickas b\u00e5de produktions-","robots":{"index":"index","follow":"follow","max-snippet":"max-snippet:-1","max-image-preview":"max-image-preview:large","max-video-preview":"max-video-preview:-1"},"canonical":"https:\/\/greenway-logistics.com\/sv\/losningar\/provkonsolidering\/","og_locale":"sv_SE","og_type":"article","og_title":"Greenway Logistics - Provkonsolidering","og_description":"Att skicka prover fr\u00e5n fabriker till Europa \u00e4r sv\u00e5rt d\u00e5 det \u00e4r dyrt och skadligt f\u00f6r milj\u00f6n. Vanligtvis skickas b\u00e5de produktions-","og_url":"https:\/\/greenway-logistics.com\/sv\/losningar\/provkonsolidering\/","og_site_name":"Greenway Logistics","article_modified_time":"2025-03-12T16:51:54+00:00","twitter_card":"summary_large_image","twitter_misc":{"Ber\u00e4knad l\u00e4stid":"1 minut"},"schema":{"@context":"https:\/\/schema.org","@graph":[{"@type":"WebPage","@id":"https:\/\/greenway-logistics.com\/sv\/losningar\/provkonsolidering\/","url":"https:\/\/greenway-logistics.com\/sv\/losningar\/provkonsolidering\/","name":"Greenway Logistics - Provkonsolidering","isPartOf":{"@id":"https:\/\/greenway-logistics.com\/sv\/#website"},"datePublished":"2024-02-09T13:04:24+00:00","dateModified":"2025-03-12T16:51:54+00:00","description":"Att skicka prover fr\u00e5n fabriker till Europa \u00e4r sv\u00e5rt d\u00e5 det \u00e4r dyrt och skadligt f\u00f6r milj\u00f6n. Vanligtvis skickas b\u00e5de produktions-","breadcrumb":{"@id":"https:\/\/greenway-logistics.com\/sv\/losningar\/provkonsolidering\/#breadcrumb"},"inLanguage":"sv-SE","potentialAction":[{"@type":"ReadAction","target":["https:\/\/greenway-logistics.com\/sv\/losningar\/provkonsolidering\/"]}]},{"@type":"BreadcrumbList","@id":"https:\/\/greenway-logistics.com\/sv\/losningar\/provkonsolidering\/#breadcrumb","itemListElement":[{"@type":"ListItem","position":1,"name":"Home","item":"https:\/\/greenway-logistics.com\/sv\/"},{"@type":"ListItem","position":2,"name":"L\u00f6sningar","item":"https:\/\/greenway-logistics.com\/sv\/losningar\/"},{"@type":"ListItem","position":3,"name":"Provkonsolidering"}]},{"@type":"WebSite","@id":"https:\/\/greenway-logistics.com\/sv\/#website","url":"https:\/\/greenway-logistics.com\/sv\/","name":"Greenway Logistics","description":"Sustainable Logistics","potentialAction":[{"@type":"SearchAction","target":{"@type":"EntryPoint","urlTemplate":"https:\/\/greenway-logistics.com\/sv\/?s={search_term_string}"},"query-input":{"@type":"PropertyValueSpecification","valueRequired":true,"valueName":"search_term_string"}}],"inLanguage":"sv-SE"}]}},"_links":{"self":[{"href":"https:\/\/greenway-logistics.com\/sv\/wp-json\/wp\/v2\/pages\/3666","targetHints":{"allow":["GET"]}}],"collection":[{"href":"https:\/\/greenway-logistics.com\/sv\/wp-json\/wp\/v2\/pages"}],"about":[{"href":"https:\/\/greenway-logistics.com\/sv\/wp-json\/wp\/v2\/types\/page"}],"author":[{"embeddable":true,"href":"https:\/\/greenway-logistics.com\/sv\/wp-json\/wp\/v2\/users\/5"}],"replies":[{"embeddable":true,"href":"https:\/\/greenway-logistics.com\/sv\/wp-json\/wp\/v2\/comments?post=3666"}],"version-history":[{"count":6,"href":"https:\/\/greenway-logistics.com\/sv\/wp-json\/wp\/v2\/pages\/3666\/revisions"}],"predecessor-version":[{"id":3856,"href":"https:\/\/greenway-logistics.com\/sv\/wp-json\/wp\/v2\/pages\/3666\/revisions\/3856"}],"up":[{"embeddable":true,"href":"https:\/\/greenway-logistics.com\/sv\/wp-json\/wp\/v2\/pages\/2301"}],"wp:attachment":[{"href":"https:\/\/greenway-logistics.com\/sv\/wp-json\/wp\/v2\/media?parent=3666"}],"curies":[{"name":"wp","href":"https:\/\/api.w.org\/{rel}","templated":true}]}}