{"id":2892,"date":"2021-12-27T10:07:55","date_gmt":"2021-12-27T09:07:55","guid":{"rendered":"https:\/\/greenway-logistics.com\/contact\/"},"modified":"2023-05-04T08:55:19","modified_gmt":"2023-05-04T06:55:19","slug":"kontakt","status":"publish","type":"page","link":"https:\/\/greenway-logistics.com\/sv\/kontakt\/","title":{"rendered":"Kontakt"},"content":{"rendered":"<p>Hur kan vi hj\u00e4lpa dig? L\u00e5t oss veta om du har n\u00e5gra fr\u00e5gor eller om du vill beg\u00e4ra en snabb genomg\u00e5ng.<br \/>\nVill du att vi ska kontakta dig? L\u00e4mna dina kontaktuppgifter s\u00e5 kontaktar vi dig s\u00e5 snart som m\u00f6jligt.<\/p>\n<p>Kolla v\u00e5r <a href=\"https:\/\/greenway-logistics.com\/sv\/faq\/\">FAQ<\/a> f\u00f6r mer information.<\/p>\n","protected":false},"excerpt":{"rendered":"<p>Hur kan vi hj\u00e4lpa dig? L\u00e5t oss veta om du har n\u00e5gra fr\u00e5gor eller om du vill beg\u00e4ra en snabb genomg\u00e5ng. Vill du att vi ska kontakta dig? L\u00e4mna dina kontaktuppgifter s\u00e5 kontaktar vi dig s\u00e5 snart som m\u00f6jligt. Kolla v\u00e5r FAQ f\u00f6r mer information.<\/p>\n","protected":false},"author":5,"featured_media":0,"parent":0,"menu_order":0,"comment_status":"closed","ping_status":"closed","template":"page-contact.php","meta":{"_acf_changed":false,"footnotes":""},"class_list":["post-2892","page","type-page","status-publish","hentry"],"acf":[],"yoast_head":"<!-- This site is optimized with the Yoast SEO plugin v27.5 - https:\/\/yoast.com\/product\/yoast-seo-wordpress\/ -->\n<title>Greenway Logistics - Kontakt<\/title>\n<meta name=\"description\" content=\"Hur kan vi hj\u00e4lpa dig? L\u00e5t oss veta om du har n\u00e5gra fr\u00e5gor eller om du vill beg\u00e4ra en snabb genomg\u00e5ng.Vill du att vi ska kontakta dig? L\u00e4mna dina kontaktuppgifter s\u00e5 kontaktar vi dig s\u00e5 snart som m\u00f6jligt.Kolla v\u00e5r FAQ f\u00f6r mer information.\" \/>\n<meta name=\"robots\" content=\"index, follow, max-snippet:-1, max-image-preview:large, max-video-preview:-1\" \/>\n<link rel=\"canonical\" href=\"https:\/\/greenway-logistics.com\/sv\/kontakt\/\" \/>\n<meta property=\"og:locale\" content=\"sv_SE\" \/>\n<meta property=\"og:type\" content=\"article\" \/>\n<meta property=\"og:title\" content=\"Greenway Logistics - Kontakt\" \/>\n<meta property=\"og:description\" content=\"Hur kan vi hj\u00e4lpa dig? L\u00e5t oss veta om du har n\u00e5gra fr\u00e5gor eller om du vill beg\u00e4ra en snabb genomg\u00e5ng.Vill du att vi ska kontakta dig? L\u00e4mna dina kontaktuppgifter s\u00e5 kontaktar vi dig s\u00e5 snart som m\u00f6jligt.Kolla v\u00e5r FAQ f\u00f6r mer information.\" \/>\n<meta property=\"og:url\" content=\"https:\/\/greenway-logistics.com\/sv\/kontakt\/\" \/>\n<meta property=\"og:site_name\" content=\"Greenway Logistics\" \/>\n<meta property=\"article:modified_time\" content=\"2023-05-04T06:55:19+00:00\" \/>\n<meta name=\"twitter:card\" content=\"summary_large_image\" \/>\n<meta name=\"twitter:label1\" content=\"Ber\u00e4knad l\u00e4stid\" \/>\n\t<meta name=\"twitter:data1\" content=\"1 minut\" \/>\n<!-- \/ Yoast SEO plugin. -->","yoast_head_json":{"title":"Greenway Logistics - Kontakt","description":"Hur kan vi hj\u00e4lpa dig? L\u00e5t oss veta om du har n\u00e5gra fr\u00e5gor eller om du vill beg\u00e4ra en snabb genomg\u00e5ng.Vill du att vi ska kontakta dig? L\u00e4mna dina kontaktuppgifter s\u00e5 kontaktar vi dig s\u00e5 snart som m\u00f6jligt.Kolla v\u00e5r FAQ f\u00f6r mer information.","robots":{"index":"index","follow":"follow","max-snippet":"max-snippet:-1","max-image-preview":"max-image-preview:large","max-video-preview":"max-video-preview:-1"},"canonical":"https:\/\/greenway-logistics.com\/sv\/kontakt\/","og_locale":"sv_SE","og_type":"article","og_title":"Greenway Logistics - Kontakt","og_description":"Hur kan vi hj\u00e4lpa dig? L\u00e5t oss veta om du har n\u00e5gra fr\u00e5gor eller om du vill beg\u00e4ra en snabb genomg\u00e5ng.Vill du att vi ska kontakta dig? L\u00e4mna dina kontaktuppgifter s\u00e5 kontaktar vi dig s\u00e5 snart som m\u00f6jligt.Kolla v\u00e5r FAQ f\u00f6r mer information.","og_url":"https:\/\/greenway-logistics.com\/sv\/kontakt\/","og_site_name":"Greenway Logistics","article_modified_time":"2023-05-04T06:55:19+00:00","twitter_card":"summary_large_image","twitter_misc":{"Ber\u00e4knad l\u00e4stid":"1 minut"},"schema":{"@context":"https:\/\/schema.org","@graph":[{"@type":"WebPage","@id":"https:\/\/greenway-logistics.com\/sv\/kontakt\/","url":"https:\/\/greenway-logistics.com\/sv\/kontakt\/","name":"Greenway Logistics - Kontakt","isPartOf":{"@id":"https:\/\/greenway-logistics.com\/sv\/#website"},"datePublished":"2021-12-27T09:07:55+00:00","dateModified":"2023-05-04T06:55:19+00:00","description":"Hur kan vi hj\u00e4lpa dig? L\u00e5t oss veta om du har n\u00e5gra fr\u00e5gor eller om du vill beg\u00e4ra en snabb genomg\u00e5ng.Vill du att vi ska kontakta dig? L\u00e4mna dina kontaktuppgifter s\u00e5 kontaktar vi dig s\u00e5 snart som m\u00f6jligt.Kolla v\u00e5r FAQ f\u00f6r mer information.","breadcrumb":{"@id":"https:\/\/greenway-logistics.com\/sv\/kontakt\/#breadcrumb"},"inLanguage":"sv-SE","potentialAction":[{"@type":"ReadAction","target":["https:\/\/greenway-logistics.com\/sv\/kontakt\/"]}]},{"@type":"BreadcrumbList","@id":"https:\/\/greenway-logistics.com\/sv\/kontakt\/#breadcrumb","itemListElement":[{"@type":"ListItem","position":1,"name":"Home","item":"https:\/\/greenway-logistics.com\/sv\/"},{"@type":"ListItem","position":2,"name":"Kontakt"}]},{"@type":"WebSite","@id":"https:\/\/greenway-logistics.com\/sv\/#website","url":"https:\/\/greenway-logistics.com\/sv\/","name":"Greenway Logistics","description":"Sustainable Logistics","potentialAction":[{"@type":"SearchAction","target":{"@type":"EntryPoint","urlTemplate":"https:\/\/greenway-logistics.com\/sv\/?s={search_term_string}"},"query-input":{"@type":"PropertyValueSpecification","valueRequired":true,"valueName":"search_term_string"}}],"inLanguage":"sv-SE"}]}},"_links":{"self":[{"href":"https:\/\/greenway-logistics.com\/sv\/wp-json\/wp\/v2\/pages\/2892","targetHints":{"allow":["GET"]}}],"collection":[{"href":"https:\/\/greenway-logistics.com\/sv\/wp-json\/wp\/v2\/pages"}],"about":[{"href":"https:\/\/greenway-logistics.com\/sv\/wp-json\/wp\/v2\/types\/page"}],"author":[{"embeddable":true,"href":"https:\/\/greenway-logistics.com\/sv\/wp-json\/wp\/v2\/users\/5"}],"replies":[{"embeddable":true,"href":"https:\/\/greenway-logistics.com\/sv\/wp-json\/wp\/v2\/comments?post=2892"}],"version-history":[{"count":3,"href":"https:\/\/greenway-logistics.com\/sv\/wp-json\/wp\/v2\/pages\/2892\/revisions"}],"predecessor-version":[{"id":3285,"href":"https:\/\/greenway-logistics.com\/sv\/wp-json\/wp\/v2\/pages\/2892\/revisions\/3285"}],"wp:attachment":[{"href":"https:\/\/greenway-logistics.com\/sv\/wp-json\/wp\/v2\/media?parent=2892"}],"curies":[{"name":"wp","href":"https:\/\/api.w.org\/{rel}","templated":true}]}}