{"id":2341,"date":"2023-03-01T16:15:06","date_gmt":"2023-03-01T15:15:06","guid":{"rendered":"https:\/\/greenway-logistics.com\/about\/"},"modified":"2026-01-27T16:36:51","modified_gmt":"2026-01-27T15:36:51","slug":"om","status":"publish","type":"page","link":"https:\/\/greenway-logistics.com\/sv\/om\/","title":{"rendered":"Om"},"content":{"rendered":"<p>Greenway Logistics samarbetar med mer \u00e4n 15 branschorganisationer runt om i v\u00e4rlden inom mode, sport, textil och lifestyle. Dessa <a href=\"https:\/\/greenway-logistics.com\/sv\/partners\/\">branschorganisationer<\/a> har lagt ut sin logistik uteslutande p\u00e5 Greenway Logistics f\u00f6r att kunna erbjuda logistikr\u00e5dgivning, l\u00f6sningar, innovationer och f\u00f6rm\u00e5ner baserade p\u00e5 storskaliga upphandlingar till sina medlemmar. Genom att erbjuda samarbete p\u00e5 detta s\u00e4tt kan Greenway Logistics realisera stordriftsf\u00f6rdelar inom logistikomr\u00e5det.<\/p>\n<p>Greenway Logistics har samarbetsavtal med logistiktj\u00e4nsteleverant\u00f6rer \u00f6ver hela v\u00e4rlden f\u00f6r olika transports\u00e4tt och ses som det kontrolltorn som samordnar leverant\u00f6rernas leveranskedja. Konceptet b\u00f6rjade med m\u00e5let att minska logistikkostnaderna f\u00f6r branschf\u00f6reningens medlemmar och nu g\u00e5r vi ett steg l\u00e4ngre och genomf\u00f6r h\u00e5llbarhet inom logistiken med <a href=\"https:\/\/co2improve.com\/sv\/\">CO\u2082 Improve<\/a>-konceptet.<\/p>\n<p>Greenway Logistics finns i Belgien, Kina, Danmark, England, Nederl\u00e4nderna och Sverige med ett eget team av logistiker och har \u00e4ven verksamhet i bland annat Storbritannien, Kanada och Australien. Med m\u00e5nga \u00e5rs erfarenhet av logistik och har ett omfattande n\u00e4tverk av logistikexperter.<\/p>\n<p>Greenway Logistics st\u00e5r f\u00f6r att kombinera transport och logistik (<a href=\"https:\/\/greenway-logistics.com\/sv\/services\/transportavtal\/\">COST SAVINGS<\/a>), ett gr\u00f6nt tillv\u00e4gag\u00e5ngss\u00e4tt (<a href=\"https:\/\/greenway-logistics.com\/sv\/services\/gron-logistik\/\">SUSTAINABILITY<\/a>) och innovativa logistikprocesser (<a href=\"https:\/\/greenway-logistics.com\/sv\/services\/innovation\/\">INNOVATION<\/a>).<\/p>\n<p>Se Greenway Logistics-broschyren <a href=\"file:\/\/\/C:\/Users\/MarleenVriesenga\/AppData\/Local\/Microsoft\/Windows\/INetCache\/Content.Outlook\/KZ80W7TQ\/Greenway%20Logistics%20company%20brochure.pdf\">H\u00c4R.<\/a><\/p>\n","protected":false},"excerpt":{"rendered":"<p>Greenway Logistics samarbetar med mer \u00e4n 15 branschorganisationer runt om i v\u00e4rlden inom mode, sport, textil och lifestyle. Dessa branschorganisationer har lagt ut sin logistik uteslutande p\u00e5 Greenway Logistics f\u00f6r att kunna erbjuda logistikr\u00e5dgivning, l\u00f6sningar, innovationer och f\u00f6rm\u00e5ner baserade p\u00e5 storskaliga upphandlingar till sina medlemmar. Genom att erbjuda samarbete p\u00e5 detta s\u00e4tt kan Greenway Logistics [&hellip;]<\/p>\n","protected":false},"author":5,"featured_media":1385,"parent":0,"menu_order":0,"comment_status":"closed","ping_status":"closed","template":"","meta":{"_acf_changed":false,"footnotes":""},"class_list":["post-2341","page","type-page","status-publish","has-post-thumbnail","hentry"],"acf":[],"yoast_head":"<!-- This site is optimized with the Yoast SEO plugin v27.4 - https:\/\/yoast.com\/product\/yoast-seo-wordpress\/ -->\n<title>Greenway Logistics - Om<\/title>\n<meta name=\"description\" content=\"Greenway Logistics samarbetar med mer \u00e4n 15 branschorganisationer runt om i v\u00e4rlden inom mode, sport, textil och lifestyle.\" \/>\n<meta name=\"robots\" content=\"index, follow, max-snippet:-1, max-image-preview:large, max-video-preview:-1\" \/>\n<link rel=\"canonical\" href=\"https:\/\/greenway-logistics.com\/sv\/om\/\" \/>\n<meta property=\"og:locale\" content=\"sv_SE\" \/>\n<meta property=\"og:type\" content=\"article\" \/>\n<meta property=\"og:title\" content=\"Greenway Logistics - Om\" \/>\n<meta property=\"og:description\" content=\"Greenway Logistics samarbetar med mer \u00e4n 15 branschorganisationer runt om i v\u00e4rlden inom mode, sport, textil och lifestyle.\" \/>\n<meta property=\"og:url\" content=\"https:\/\/greenway-logistics.com\/sv\/om\/\" \/>\n<meta property=\"og:site_name\" content=\"Greenway Logistics\" \/>\n<meta property=\"article:modified_time\" content=\"2026-01-27T15:36:51+00:00\" \/>\n<meta property=\"og:image\" content=\"https:\/\/greenway-logistics.com\/wp-content\/uploads\/2023\/03\/greeway_hero_flight_1775x770-1600x460-1.jpeg\" \/>\n\t<meta property=\"og:image:width\" content=\"1600\" \/>\n\t<meta property=\"og:image:height\" content=\"460\" \/>\n\t<meta property=\"og:image:type\" content=\"image\/jpeg\" \/>\n<meta name=\"twitter:card\" content=\"summary_large_image\" \/>\n<meta name=\"twitter:label1\" content=\"Ber\u00e4knad l\u00e4stid\" \/>\n\t<meta name=\"twitter:data1\" content=\"1 minut\" \/>\n<!-- \/ Yoast SEO plugin. -->","yoast_head_json":{"title":"Greenway Logistics - Om","description":"Greenway Logistics samarbetar med mer \u00e4n 15 branschorganisationer runt om i v\u00e4rlden inom mode, sport, textil och lifestyle.","robots":{"index":"index","follow":"follow","max-snippet":"max-snippet:-1","max-image-preview":"max-image-preview:large","max-video-preview":"max-video-preview:-1"},"canonical":"https:\/\/greenway-logistics.com\/sv\/om\/","og_locale":"sv_SE","og_type":"article","og_title":"Greenway Logistics - Om","og_description":"Greenway Logistics samarbetar med mer \u00e4n 15 branschorganisationer runt om i v\u00e4rlden inom mode, sport, textil och lifestyle.","og_url":"https:\/\/greenway-logistics.com\/sv\/om\/","og_site_name":"Greenway Logistics","article_modified_time":"2026-01-27T15:36:51+00:00","og_image":[{"width":1600,"height":460,"url":"https:\/\/greenway-logistics.com\/wp-content\/uploads\/2023\/03\/greeway_hero_flight_1775x770-1600x460-1.jpeg","type":"image\/jpeg"}],"twitter_card":"summary_large_image","twitter_misc":{"Ber\u00e4knad l\u00e4stid":"1 minut"},"schema":{"@context":"https:\/\/schema.org","@graph":[{"@type":"WebPage","@id":"https:\/\/greenway-logistics.com\/sv\/om\/","url":"https:\/\/greenway-logistics.com\/sv\/om\/","name":"Greenway Logistics - Om","isPartOf":{"@id":"https:\/\/greenway-logistics.com\/sv\/#website"},"primaryImageOfPage":{"@id":"https:\/\/greenway-logistics.com\/sv\/om\/#primaryimage"},"image":{"@id":"https:\/\/greenway-logistics.com\/sv\/om\/#primaryimage"},"thumbnailUrl":"https:\/\/greenway-logistics.com\/wp-content\/uploads\/2023\/03\/greeway_hero_flight_1775x770-1600x460-1.jpeg","datePublished":"2023-03-01T15:15:06+00:00","dateModified":"2026-01-27T15:36:51+00:00","description":"Greenway Logistics samarbetar med mer \u00e4n 15 branschorganisationer runt om i v\u00e4rlden inom mode, sport, textil och lifestyle.","breadcrumb":{"@id":"https:\/\/greenway-logistics.com\/sv\/om\/#breadcrumb"},"inLanguage":"sv-SE","potentialAction":[{"@type":"ReadAction","target":["https:\/\/greenway-logistics.com\/sv\/om\/"]}]},{"@type":"ImageObject","inLanguage":"sv-SE","@id":"https:\/\/greenway-logistics.com\/sv\/om\/#primaryimage","url":"https:\/\/greenway-logistics.com\/wp-content\/uploads\/2023\/03\/greeway_hero_flight_1775x770-1600x460-1.jpeg","contentUrl":"https:\/\/greenway-logistics.com\/wp-content\/uploads\/2023\/03\/greeway_hero_flight_1775x770-1600x460-1.jpeg","width":1600,"height":460,"caption":"Fashion Logistics"},{"@type":"BreadcrumbList","@id":"https:\/\/greenway-logistics.com\/sv\/om\/#breadcrumb","itemListElement":[{"@type":"ListItem","position":1,"name":"Home","item":"https:\/\/greenway-logistics.com\/sv\/"},{"@type":"ListItem","position":2,"name":"Om"}]},{"@type":"WebSite","@id":"https:\/\/greenway-logistics.com\/sv\/#website","url":"https:\/\/greenway-logistics.com\/sv\/","name":"Greenway Logistics","description":"Sustainable Logistics","potentialAction":[{"@type":"SearchAction","target":{"@type":"EntryPoint","urlTemplate":"https:\/\/greenway-logistics.com\/sv\/?s={search_term_string}"},"query-input":{"@type":"PropertyValueSpecification","valueRequired":true,"valueName":"search_term_string"}}],"inLanguage":"sv-SE"}]}},"_links":{"self":[{"href":"https:\/\/greenway-logistics.com\/sv\/wp-json\/wp\/v2\/pages\/2341","targetHints":{"allow":["GET"]}}],"collection":[{"href":"https:\/\/greenway-logistics.com\/sv\/wp-json\/wp\/v2\/pages"}],"about":[{"href":"https:\/\/greenway-logistics.com\/sv\/wp-json\/wp\/v2\/types\/page"}],"author":[{"embeddable":true,"href":"https:\/\/greenway-logistics.com\/sv\/wp-json\/wp\/v2\/users\/5"}],"replies":[{"embeddable":true,"href":"https:\/\/greenway-logistics.com\/sv\/wp-json\/wp\/v2\/comments?post=2341"}],"version-history":[{"count":17,"href":"https:\/\/greenway-logistics.com\/sv\/wp-json\/wp\/v2\/pages\/2341\/revisions"}],"predecessor-version":[{"id":4532,"href":"https:\/\/greenway-logistics.com\/sv\/wp-json\/wp\/v2\/pages\/2341\/revisions\/4532"}],"wp:featuredmedia":[{"embeddable":true,"href":"https:\/\/greenway-logistics.com\/sv\/wp-json\/wp\/v2\/media\/1385"}],"wp:attachment":[{"href":"https:\/\/greenway-logistics.com\/sv\/wp-json\/wp\/v2\/media?parent=2341"}],"curies":[{"name":"wp","href":"https:\/\/api.w.org\/{rel}","templated":true}]}}