{"id":2331,"date":"2023-03-03T10:03:20","date_gmt":"2023-03-03T09:03:20","guid":{"rendered":"https:\/\/greenway-logistics.com\/faq\/"},"modified":"2023-04-28T12:40:14","modified_gmt":"2023-04-28T10:40:14","slug":"faq","status":"publish","type":"page","link":"https:\/\/greenway-logistics.com\/sv\/faq\/","title":{"rendered":"FAQ"},"content":{"rendered":"<p style=\"text-align: center;\">H\u00e4r hittar du svaren p\u00e5 vanliga fr\u00e5gor om v\u00e5rt f\u00f6retag och v\u00e5ra tj\u00e4nster.<\/p>\n","protected":false},"excerpt":{"rendered":"<p>H\u00e4r hittar du svaren p\u00e5 vanliga fr\u00e5gor om v\u00e5rt f\u00f6retag och v\u00e5ra tj\u00e4nster.<\/p>\n","protected":false},"author":5,"featured_media":0,"parent":0,"menu_order":0,"comment_status":"closed","ping_status":"closed","template":"page-faq.php","meta":{"_acf_changed":false,"footnotes":""},"class_list":["post-2331","page","type-page","status-publish","hentry"],"acf":[],"yoast_head":"<!-- This site is optimized with the Yoast SEO plugin v27.4 - https:\/\/yoast.com\/product\/yoast-seo-wordpress\/ -->\n<title>Greenway Logistics - FAQ<\/title>\n<meta name=\"description\" content=\"H\u00e4r hittar du svaren p\u00e5 vanliga fr\u00e5gor om v\u00e5rt f\u00f6retag och v\u00e5ra tj\u00e4nster.\" \/>\n<meta name=\"robots\" content=\"index, follow, max-snippet:-1, max-image-preview:large, max-video-preview:-1\" \/>\n<link rel=\"canonical\" href=\"https:\/\/greenway-logistics.com\/sv\/faq\/\" \/>\n<meta property=\"og:locale\" content=\"sv_SE\" \/>\n<meta property=\"og:type\" content=\"article\" \/>\n<meta property=\"og:title\" content=\"Greenway Logistics - FAQ\" \/>\n<meta property=\"og:description\" content=\"H\u00e4r hittar du svaren p\u00e5 vanliga fr\u00e5gor om v\u00e5rt f\u00f6retag och v\u00e5ra tj\u00e4nster.\" \/>\n<meta property=\"og:url\" content=\"https:\/\/greenway-logistics.com\/sv\/faq\/\" \/>\n<meta property=\"og:site_name\" content=\"Greenway Logistics\" \/>\n<meta property=\"article:modified_time\" content=\"2023-04-28T10:40:14+00:00\" \/>\n<meta name=\"twitter:card\" content=\"summary_large_image\" \/>\n<meta name=\"twitter:label1\" content=\"Ber\u00e4knad l\u00e4stid\" \/>\n\t<meta name=\"twitter:data1\" content=\"1 minut\" \/>\n<!-- \/ Yoast SEO plugin. -->","yoast_head_json":{"title":"Greenway Logistics - FAQ","description":"H\u00e4r hittar du svaren p\u00e5 vanliga fr\u00e5gor om v\u00e5rt f\u00f6retag och v\u00e5ra tj\u00e4nster.","robots":{"index":"index","follow":"follow","max-snippet":"max-snippet:-1","max-image-preview":"max-image-preview:large","max-video-preview":"max-video-preview:-1"},"canonical":"https:\/\/greenway-logistics.com\/sv\/faq\/","og_locale":"sv_SE","og_type":"article","og_title":"Greenway Logistics - FAQ","og_description":"H\u00e4r hittar du svaren p\u00e5 vanliga fr\u00e5gor om v\u00e5rt f\u00f6retag och v\u00e5ra tj\u00e4nster.","og_url":"https:\/\/greenway-logistics.com\/sv\/faq\/","og_site_name":"Greenway Logistics","article_modified_time":"2023-04-28T10:40:14+00:00","twitter_card":"summary_large_image","twitter_misc":{"Ber\u00e4knad l\u00e4stid":"1 minut"},"schema":{"@context":"https:\/\/schema.org","@graph":[{"@type":"WebPage","@id":"https:\/\/greenway-logistics.com\/sv\/faq\/","url":"https:\/\/greenway-logistics.com\/sv\/faq\/","name":"Greenway Logistics - FAQ","isPartOf":{"@id":"https:\/\/greenway-logistics.com\/sv\/#website"},"datePublished":"2023-03-03T09:03:20+00:00","dateModified":"2023-04-28T10:40:14+00:00","description":"H\u00e4r hittar du svaren p\u00e5 vanliga fr\u00e5gor om v\u00e5rt f\u00f6retag och v\u00e5ra tj\u00e4nster.","breadcrumb":{"@id":"https:\/\/greenway-logistics.com\/sv\/faq\/#breadcrumb"},"inLanguage":"sv-SE","potentialAction":[{"@type":"ReadAction","target":["https:\/\/greenway-logistics.com\/sv\/faq\/"]}]},{"@type":"BreadcrumbList","@id":"https:\/\/greenway-logistics.com\/sv\/faq\/#breadcrumb","itemListElement":[{"@type":"ListItem","position":1,"name":"Home","item":"https:\/\/greenway-logistics.com\/sv\/"},{"@type":"ListItem","position":2,"name":"FAQ"}]},{"@type":"WebSite","@id":"https:\/\/greenway-logistics.com\/sv\/#website","url":"https:\/\/greenway-logistics.com\/sv\/","name":"Greenway Logistics","description":"Sustainable Logistics","potentialAction":[{"@type":"SearchAction","target":{"@type":"EntryPoint","urlTemplate":"https:\/\/greenway-logistics.com\/sv\/?s={search_term_string}"},"query-input":{"@type":"PropertyValueSpecification","valueRequired":true,"valueName":"search_term_string"}}],"inLanguage":"sv-SE"}]}},"_links":{"self":[{"href":"https:\/\/greenway-logistics.com\/sv\/wp-json\/wp\/v2\/pages\/2331","targetHints":{"allow":["GET"]}}],"collection":[{"href":"https:\/\/greenway-logistics.com\/sv\/wp-json\/wp\/v2\/pages"}],"about":[{"href":"https:\/\/greenway-logistics.com\/sv\/wp-json\/wp\/v2\/types\/page"}],"author":[{"embeddable":true,"href":"https:\/\/greenway-logistics.com\/sv\/wp-json\/wp\/v2\/users\/5"}],"replies":[{"embeddable":true,"href":"https:\/\/greenway-logistics.com\/sv\/wp-json\/wp\/v2\/comments?post=2331"}],"version-history":[{"count":5,"href":"https:\/\/greenway-logistics.com\/sv\/wp-json\/wp\/v2\/pages\/2331\/revisions"}],"predecessor-version":[{"id":3273,"href":"https:\/\/greenway-logistics.com\/sv\/wp-json\/wp\/v2\/pages\/2331\/revisions\/3273"}],"wp:attachment":[{"href":"https:\/\/greenway-logistics.com\/sv\/wp-json\/wp\/v2\/media?parent=2331"}],"curies":[{"name":"wp","href":"https:\/\/api.w.org\/{rel}","templated":true}]}}