{"id":2321,"date":"2023-03-01T16:16:43","date_gmt":"2023-03-01T15:16:43","guid":{"rendered":"https:\/\/greenway-logistics.com\/partners\/"},"modified":"2026-03-09T15:43:44","modified_gmt":"2026-03-09T14:43:44","slug":"partners","status":"publish","type":"page","link":"https:\/\/greenway-logistics.com\/sv\/partners\/","title":{"rendered":"Partners"},"content":{"rendered":"<p>Greenway Logistics har en t\u00e4t relation med ett antal partner. Dessa \u00e4r mestadels branschorganisationer som Greenway Logistics uteslutande organiserar hela logistiken f\u00f6r. F\u00f6r dessa organisationer \u00e4r Greenway Logistics som en f\u00f6rl\u00e4ngning av deras egen organisation. \u00c4r du en branschorganisation inom sport, mode eller livsstil och vill att dina medlemmar ska dra nytta av v\u00e5ra logistiktj\u00e4nster och f\u00f6rdelar? <a href=\"https:\/\/greenway-logistics.com\/sv\/kontakt\/\">Kontakta<\/a> oss f\u00f6r att boka ett m\u00f6te.<\/p>\n<p>Dessutom samarbetar Greenway Logistics med olika logistikpartners i flera l\u00e4nder. Tillsammans med dessa partners kan Greenway Logistics ge sina kunder allt t\u00e4nkbart st\u00f6d och detta \u00e4r k\u00e4rnan v\u00e5r verksamhet. Med detta uppl\u00e4gg \u00e4r det m\u00f6jligt att erbjuda Greenway-tj\u00e4nster \u00f6verallt i v\u00e4rlden. Greenway Logistics har valt dessa partner strategiskt.<\/p>\n","protected":false},"excerpt":{"rendered":"<p>Greenway Logistics har en t\u00e4t relation med ett antal partner. Dessa \u00e4r mestadels branschorganisationer som Greenway Logistics uteslutande organiserar hela logistiken f\u00f6r. F\u00f6r dessa organisationer \u00e4r Greenway Logistics som en f\u00f6rl\u00e4ngning av deras egen organisation. \u00c4r du en branschorganisation inom sport, mode eller livsstil och vill att dina medlemmar ska dra nytta av v\u00e5ra logistiktj\u00e4nster [&hellip;]<\/p>\n","protected":false},"author":5,"featured_media":0,"parent":0,"menu_order":0,"comment_status":"closed","ping_status":"closed","template":"page-partners.php","meta":{"_acf_changed":false,"footnotes":""},"class_list":["post-2321","page","type-page","status-publish","hentry"],"acf":[],"yoast_head":"<!-- This site is optimized with the Yoast SEO plugin v27.4 - https:\/\/yoast.com\/product\/yoast-seo-wordpress\/ -->\n<title>Greenway Logistics - Partners<\/title>\n<meta name=\"description\" content=\"Greenway Logistics har en t\u00e4t relation med ett antal partner. Dessa \u00e4r mestadels branschorganisationer som Greenway Logistics uteslutande organiserar hela logistiken f\u00f6r. F\u00f6r dessa organisationer \u00e4r Greenway Logistics som en f\u00f6rl\u00e4ngning av deras egen organisation.\" \/>\n<meta name=\"robots\" content=\"index, follow, max-snippet:-1, max-image-preview:large, max-video-preview:-1\" \/>\n<link rel=\"canonical\" href=\"https:\/\/greenway-logistics.com\/sv\/partners\/\" \/>\n<meta property=\"og:locale\" content=\"sv_SE\" \/>\n<meta property=\"og:type\" content=\"article\" \/>\n<meta property=\"og:title\" content=\"Greenway Logistics - Partners\" \/>\n<meta property=\"og:description\" content=\"Greenway Logistics har en t\u00e4t relation med ett antal partner. Dessa \u00e4r mestadels branschorganisationer som Greenway Logistics uteslutande organiserar hela logistiken f\u00f6r. F\u00f6r dessa organisationer \u00e4r Greenway Logistics som en f\u00f6rl\u00e4ngning av deras egen organisation.\" \/>\n<meta property=\"og:url\" content=\"https:\/\/greenway-logistics.com\/sv\/partners\/\" \/>\n<meta property=\"og:site_name\" content=\"Greenway Logistics\" \/>\n<meta property=\"article:modified_time\" content=\"2026-03-09T14:43:44+00:00\" \/>\n<meta name=\"twitter:card\" content=\"summary_large_image\" \/>\n<meta name=\"twitter:label1\" content=\"Ber\u00e4knad l\u00e4stid\" \/>\n\t<meta name=\"twitter:data1\" content=\"1 minut\" \/>\n<!-- \/ Yoast SEO plugin. -->","yoast_head_json":{"title":"Greenway Logistics - Partners","description":"Greenway Logistics har en t\u00e4t relation med ett antal partner. Dessa \u00e4r mestadels branschorganisationer som Greenway Logistics uteslutande organiserar hela logistiken f\u00f6r. F\u00f6r dessa organisationer \u00e4r Greenway Logistics som en f\u00f6rl\u00e4ngning av deras egen organisation.","robots":{"index":"index","follow":"follow","max-snippet":"max-snippet:-1","max-image-preview":"max-image-preview:large","max-video-preview":"max-video-preview:-1"},"canonical":"https:\/\/greenway-logistics.com\/sv\/partners\/","og_locale":"sv_SE","og_type":"article","og_title":"Greenway Logistics - Partners","og_description":"Greenway Logistics har en t\u00e4t relation med ett antal partner. Dessa \u00e4r mestadels branschorganisationer som Greenway Logistics uteslutande organiserar hela logistiken f\u00f6r. F\u00f6r dessa organisationer \u00e4r Greenway Logistics som en f\u00f6rl\u00e4ngning av deras egen organisation.","og_url":"https:\/\/greenway-logistics.com\/sv\/partners\/","og_site_name":"Greenway Logistics","article_modified_time":"2026-03-09T14:43:44+00:00","twitter_card":"summary_large_image","twitter_misc":{"Ber\u00e4knad l\u00e4stid":"1 minut"},"schema":{"@context":"https:\/\/schema.org","@graph":[{"@type":"WebPage","@id":"https:\/\/greenway-logistics.com\/sv\/partners\/","url":"https:\/\/greenway-logistics.com\/sv\/partners\/","name":"Greenway Logistics - Partners","isPartOf":{"@id":"https:\/\/greenway-logistics.com\/sv\/#website"},"datePublished":"2023-03-01T15:16:43+00:00","dateModified":"2026-03-09T14:43:44+00:00","description":"Greenway Logistics har en t\u00e4t relation med ett antal partner. Dessa \u00e4r mestadels branschorganisationer som Greenway Logistics uteslutande organiserar hela logistiken f\u00f6r. F\u00f6r dessa organisationer \u00e4r Greenway Logistics som en f\u00f6rl\u00e4ngning av deras egen organisation.","breadcrumb":{"@id":"https:\/\/greenway-logistics.com\/sv\/partners\/#breadcrumb"},"inLanguage":"sv-SE","potentialAction":[{"@type":"ReadAction","target":["https:\/\/greenway-logistics.com\/sv\/partners\/"]}]},{"@type":"BreadcrumbList","@id":"https:\/\/greenway-logistics.com\/sv\/partners\/#breadcrumb","itemListElement":[{"@type":"ListItem","position":1,"name":"Home","item":"https:\/\/greenway-logistics.com\/sv\/"},{"@type":"ListItem","position":2,"name":"Partners"}]},{"@type":"WebSite","@id":"https:\/\/greenway-logistics.com\/sv\/#website","url":"https:\/\/greenway-logistics.com\/sv\/","name":"Greenway Logistics","description":"Sustainable Logistics","potentialAction":[{"@type":"SearchAction","target":{"@type":"EntryPoint","urlTemplate":"https:\/\/greenway-logistics.com\/sv\/?s={search_term_string}"},"query-input":{"@type":"PropertyValueSpecification","valueRequired":true,"valueName":"search_term_string"}}],"inLanguage":"sv-SE"}]}},"_links":{"self":[{"href":"https:\/\/greenway-logistics.com\/sv\/wp-json\/wp\/v2\/pages\/2321","targetHints":{"allow":["GET"]}}],"collection":[{"href":"https:\/\/greenway-logistics.com\/sv\/wp-json\/wp\/v2\/pages"}],"about":[{"href":"https:\/\/greenway-logistics.com\/sv\/wp-json\/wp\/v2\/types\/page"}],"author":[{"embeddable":true,"href":"https:\/\/greenway-logistics.com\/sv\/wp-json\/wp\/v2\/users\/5"}],"replies":[{"embeddable":true,"href":"https:\/\/greenway-logistics.com\/sv\/wp-json\/wp\/v2\/comments?post=2321"}],"version-history":[{"count":3,"href":"https:\/\/greenway-logistics.com\/sv\/wp-json\/wp\/v2\/pages\/2321\/revisions"}],"predecessor-version":[{"id":4574,"href":"https:\/\/greenway-logistics.com\/sv\/wp-json\/wp\/v2\/pages\/2321\/revisions\/4574"}],"wp:attachment":[{"href":"https:\/\/greenway-logistics.com\/sv\/wp-json\/wp\/v2\/media?parent=2321"}],"curies":[{"name":"wp","href":"https:\/\/api.w.org\/{rel}","templated":true}]}}