{"id":2311,"date":"2023-03-07T15:12:50","date_gmt":"2023-03-07T14:12:50","guid":{"rendered":"https:\/\/greenway-logistics.com\/services\/green-logistics\/"},"modified":"2025-10-08T10:07:07","modified_gmt":"2025-10-08T08:07:07","slug":"logistik-med-lagre-klimatpaverkan","status":"publish","type":"page","link":"https:\/\/greenway-logistics.com\/sv\/losningar\/logistik-med-lagre-klimatpaverkan\/","title":{"rendered":"Logistik med l\u00e4gre klimatp\u00e5verkan"},"content":{"rendered":"<p>Logistik har en nyckelroll i den globala ekonomin, vilket inneb\u00e4r att det \u00e4r mycket viktigt att organisationer uppm\u00e4rksammar gr\u00f6nare logistik. Inom transport handlar det om att spara kilometer, br\u00e4nsle och minska utsl\u00e4ppen av partiklar och koldioxid. Greenway Logistics har expertisen f\u00f6r att g\u00f6ra logistiken f\u00f6r mode-, sport-, textil- och lifestylesf\u00f6retag mer h\u00e5llbar. Alla logistikkoncept fr\u00e5n Greenway Logistics syftar till att minska f\u00f6retagens koldioxidavtryck.<\/p>\n<p>Greenway Logistics har utvecklat ett koncept: <a href=\"http:\/\/www.co2improve.com\">CO\u2082 Improve<\/a>. CO\u2082 Improve hj\u00e4lper f\u00f6retag att f\u00e5 en inblick i sitt koldioxidavtryck (med hj\u00e4lp av officiell, certifierad \u00f6vervakning) och hj\u00e4lper f\u00f6retagen att minska koldioxidutsl\u00e4ppen fr\u00e5n logistikverksamheten genom innovation och samarbete. Det handlar om att f\u00f6rb\u00e4ttra i st\u00e4llet f\u00f6r att kompensera. Det slutgiltiga m\u00e5let \u00e4r att f\u00f6rb\u00e4ttra den globala mode-, sport- och lifestylesindustrin n\u00e4r det g\u00e4ller CO\u2082-utsl\u00e4pp fr\u00e5n logistik.<\/p>\n<ul>\n<li><a href=\"https:\/\/greenway-logistics.com\/sv\/services\/transportavtal\/\">Transportavtal <\/a><\/li>\n<li><a href=\"https:\/\/greenway-logistics.com\/sv\/services\/export-marknader\/\">Export marknader <\/a><\/li>\n<li><a href=\"https:\/\/greenway-logistics.com\/sv\/services\/lagerhallning\/\">Lagerh\u00e5llning <\/a><\/li>\n<li><a href=\"https:\/\/greenway-logistics.com\/sv\/services\/innovation\/\">Innovativa logistikl\u00f6sningar<\/a><\/li>\n<\/ul>\n","protected":false},"excerpt":{"rendered":"<p>Logistik har en nyckelroll i den globala ekonomin, vilket inneb\u00e4r att det \u00e4r mycket viktigt att organisationer uppm\u00e4rksammar gr\u00f6nare logistik. Inom transport handlar det om att spara kilometer, br\u00e4nsle och minska utsl\u00e4ppen av partiklar och koldioxid. Greenway Logistics har expertisen f\u00f6r att g\u00f6ra logistiken f\u00f6r mode-, sport-, textil- och lifestylesf\u00f6retag mer h\u00e5llbar. Alla logistikkoncept fr\u00e5n [&hellip;]<\/p>\n","protected":false},"author":5,"featured_media":0,"parent":2301,"menu_order":0,"comment_status":"closed","ping_status":"closed","template":"","meta":{"_acf_changed":false,"footnotes":""},"class_list":["post-2311","page","type-page","status-publish","hentry"],"acf":[],"yoast_head":"<!-- This site is optimized with the Yoast SEO plugin v27.4 - https:\/\/yoast.com\/product\/yoast-seo-wordpress\/ -->\n<title>Greenway Logistics - Logistik med l\u00e4gre klimatp\u00e5verkan<\/title>\n<meta name=\"description\" content=\"Logistik har en nyckelroll i den globala ekonomin, vilket inneb\u00e4r att det \u00e4r mycket viktigt att organisationer uppm\u00e4rksammar gr\u00f6nare logistik.\" \/>\n<meta name=\"robots\" content=\"index, follow, max-snippet:-1, max-image-preview:large, max-video-preview:-1\" \/>\n<link rel=\"canonical\" href=\"https:\/\/greenway-logistics.com\/sv\/losningar\/logistik-med-lagre-klimatpaverkan\/\" \/>\n<meta property=\"og:locale\" content=\"sv_SE\" \/>\n<meta property=\"og:type\" content=\"article\" \/>\n<meta property=\"og:title\" content=\"Greenway Logistics - Logistik med l\u00e4gre klimatp\u00e5verkan\" \/>\n<meta property=\"og:description\" content=\"Logistik har en nyckelroll i den globala ekonomin, vilket inneb\u00e4r att det \u00e4r mycket viktigt att organisationer uppm\u00e4rksammar gr\u00f6nare logistik.\" \/>\n<meta property=\"og:url\" content=\"https:\/\/greenway-logistics.com\/sv\/losningar\/logistik-med-lagre-klimatpaverkan\/\" \/>\n<meta property=\"og:site_name\" content=\"Greenway Logistics\" \/>\n<meta property=\"article:modified_time\" content=\"2025-10-08T08:07:07+00:00\" \/>\n<meta name=\"twitter:card\" content=\"summary_large_image\" \/>\n<meta name=\"twitter:label1\" content=\"Ber\u00e4knad l\u00e4stid\" \/>\n\t<meta name=\"twitter:data1\" content=\"1 minut\" \/>\n<!-- \/ Yoast SEO plugin. -->","yoast_head_json":{"title":"Greenway Logistics - Logistik med l\u00e4gre klimatp\u00e5verkan","description":"Logistik har en nyckelroll i den globala ekonomin, vilket inneb\u00e4r att det \u00e4r mycket viktigt att organisationer uppm\u00e4rksammar gr\u00f6nare logistik.","robots":{"index":"index","follow":"follow","max-snippet":"max-snippet:-1","max-image-preview":"max-image-preview:large","max-video-preview":"max-video-preview:-1"},"canonical":"https:\/\/greenway-logistics.com\/sv\/losningar\/logistik-med-lagre-klimatpaverkan\/","og_locale":"sv_SE","og_type":"article","og_title":"Greenway Logistics - Logistik med l\u00e4gre klimatp\u00e5verkan","og_description":"Logistik har en nyckelroll i den globala ekonomin, vilket inneb\u00e4r att det \u00e4r mycket viktigt att organisationer uppm\u00e4rksammar gr\u00f6nare logistik.","og_url":"https:\/\/greenway-logistics.com\/sv\/losningar\/logistik-med-lagre-klimatpaverkan\/","og_site_name":"Greenway Logistics","article_modified_time":"2025-10-08T08:07:07+00:00","twitter_card":"summary_large_image","twitter_misc":{"Ber\u00e4knad l\u00e4stid":"1 minut"},"schema":{"@context":"https:\/\/schema.org","@graph":[{"@type":"WebPage","@id":"https:\/\/greenway-logistics.com\/sv\/losningar\/logistik-med-lagre-klimatpaverkan\/","url":"https:\/\/greenway-logistics.com\/sv\/losningar\/logistik-med-lagre-klimatpaverkan\/","name":"Greenway Logistics - Logistik med l\u00e4gre klimatp\u00e5verkan","isPartOf":{"@id":"https:\/\/greenway-logistics.com\/sv\/#website"},"datePublished":"2023-03-07T14:12:50+00:00","dateModified":"2025-10-08T08:07:07+00:00","description":"Logistik har en nyckelroll i den globala ekonomin, vilket inneb\u00e4r att det \u00e4r mycket viktigt att organisationer uppm\u00e4rksammar gr\u00f6nare logistik.","breadcrumb":{"@id":"https:\/\/greenway-logistics.com\/sv\/losningar\/logistik-med-lagre-klimatpaverkan\/#breadcrumb"},"inLanguage":"sv-SE","potentialAction":[{"@type":"ReadAction","target":["https:\/\/greenway-logistics.com\/sv\/losningar\/logistik-med-lagre-klimatpaverkan\/"]}]},{"@type":"BreadcrumbList","@id":"https:\/\/greenway-logistics.com\/sv\/losningar\/logistik-med-lagre-klimatpaverkan\/#breadcrumb","itemListElement":[{"@type":"ListItem","position":1,"name":"Home","item":"https:\/\/greenway-logistics.com\/sv\/"},{"@type":"ListItem","position":2,"name":"L\u00f6sningar","item":"https:\/\/greenway-logistics.com\/sv\/losningar\/"},{"@type":"ListItem","position":3,"name":"Logistik med l\u00e4gre klimatp\u00e5verkan"}]},{"@type":"WebSite","@id":"https:\/\/greenway-logistics.com\/sv\/#website","url":"https:\/\/greenway-logistics.com\/sv\/","name":"Greenway Logistics","description":"Sustainable Logistics","potentialAction":[{"@type":"SearchAction","target":{"@type":"EntryPoint","urlTemplate":"https:\/\/greenway-logistics.com\/sv\/?s={search_term_string}"},"query-input":{"@type":"PropertyValueSpecification","valueRequired":true,"valueName":"search_term_string"}}],"inLanguage":"sv-SE"}]}},"_links":{"self":[{"href":"https:\/\/greenway-logistics.com\/sv\/wp-json\/wp\/v2\/pages\/2311","targetHints":{"allow":["GET"]}}],"collection":[{"href":"https:\/\/greenway-logistics.com\/sv\/wp-json\/wp\/v2\/pages"}],"about":[{"href":"https:\/\/greenway-logistics.com\/sv\/wp-json\/wp\/v2\/types\/page"}],"author":[{"embeddable":true,"href":"https:\/\/greenway-logistics.com\/sv\/wp-json\/wp\/v2\/users\/5"}],"replies":[{"embeddable":true,"href":"https:\/\/greenway-logistics.com\/sv\/wp-json\/wp\/v2\/comments?post=2311"}],"version-history":[{"count":8,"href":"https:\/\/greenway-logistics.com\/sv\/wp-json\/wp\/v2\/pages\/2311\/revisions"}],"predecessor-version":[{"id":4450,"href":"https:\/\/greenway-logistics.com\/sv\/wp-json\/wp\/v2\/pages\/2311\/revisions\/4450"}],"up":[{"embeddable":true,"href":"https:\/\/greenway-logistics.com\/sv\/wp-json\/wp\/v2\/pages\/2301"}],"wp:attachment":[{"href":"https:\/\/greenway-logistics.com\/sv\/wp-json\/wp\/v2\/media?parent=2311"}],"curies":[{"name":"wp","href":"https:\/\/api.w.org\/{rel}","templated":true}]}}