{"id":2301,"date":"2023-03-01T16:18:41","date_gmt":"2023-03-01T15:18:41","guid":{"rendered":"https:\/\/greenway-logistics.com\/services\/"},"modified":"2023-08-18T09:10:43","modified_gmt":"2023-08-18T07:10:43","slug":"losningar","status":"publish","type":"page","link":"https:\/\/greenway-logistics.com\/sv\/losningar\/","title":{"rendered":"L\u00f6sningar"},"content":{"rendered":"<p>Greenway Logistics sparar kostnader och g\u00f6r logistiken mer h\u00e5llbar f\u00f6r f\u00f6retag inom mode, sport, textil och lifestyle. F\u00f6retaget erbjuder logistikr\u00e5dgivning och st\u00f6d fr\u00e5n sin egna experter och sitt eget n\u00e4tverk inom f\u00f6ljande omr\u00e5den:<\/p>\n<ul>\n<li><a href=\"https:\/\/greenway-logistics.com\/sv\/services\/transportavtal\/\">Transportavtal <\/a><\/li>\n<li><a href=\"https:\/\/greenway-logistics.com\/sv\/services\/gron-logistik\/\">Gr\u00f6n logistik <\/a><\/li>\n<li><a href=\"https:\/\/greenway-logistics.com\/sv\/services\/export-marknader\/\">Exportmarknader <\/a><\/li>\n<li><a href=\"https:\/\/greenway-logistics.com\/sv\/services\/lagerhallning\/\">Lagerh\u00e5llning <\/a><\/li>\n<li><a href=\"https:\/\/greenway-logistics.com\/sv\/services\/innovation\/\">Innovativa logistikl\u00f6sningar<\/a><\/li>\n<\/ul>\n<p>Greenway Logistics har ett n\u00e4ra samarbete med m\u00e5nga olika logistikf\u00f6retag. Dessa samarbeten \u00e4r i sj\u00e4lva verket k\u00e4rnan i kollektiv logistik. Greenway Logistics v\u00e4ljer alltid f\u00f6retag som, f\u00f6rutom att tillhandah\u00e5lla kvalitetsarbete &amp; tj\u00e4nster, f\u00f6rst\u00e5r och omfamnar vikten av samarbete.<\/p>\n","protected":false},"excerpt":{"rendered":"<p>Greenway Logistics sparar kostnader och g\u00f6r logistiken mer h\u00e5llbar f\u00f6r f\u00f6retag inom mode, sport, textil och lifestyle. F\u00f6retaget erbjuder logistikr\u00e5dgivning och st\u00f6d fr\u00e5n sin egna experter och sitt eget n\u00e4tverk inom f\u00f6ljande omr\u00e5den: Transportavtal Gr\u00f6n logistik Exportmarknader Lagerh\u00e5llning Innovativa logistikl\u00f6sningar Greenway Logistics har ett n\u00e4ra samarbete med m\u00e5nga olika logistikf\u00f6retag. Dessa samarbeten \u00e4r i sj\u00e4lva [&hellip;]<\/p>\n","protected":false},"author":5,"featured_media":1373,"parent":0,"menu_order":0,"comment_status":"closed","ping_status":"closed","template":"","meta":{"_acf_changed":false,"footnotes":""},"class_list":["post-2301","page","type-page","status-publish","has-post-thumbnail","hentry"],"acf":[],"yoast_head":"<!-- This site is optimized with the Yoast SEO plugin v27.4 - https:\/\/yoast.com\/product\/yoast-seo-wordpress\/ -->\n<title>Greenway Logistics - L\u00f6sningar<\/title>\n<meta name=\"description\" content=\"Greenway Logistics sparar kostnader och g\u00f6r logistiken mer h\u00e5llbar f\u00f6r f\u00f6retag inom mode, sport, textil och lifestyle. F\u00f6retaget erbjuder logistikr\u00e5dgivning och st\u00f6d fr\u00e5n sin egna experter och sitt eget n\u00e4tverk inom f\u00f6ljande omr\u00e5den:\" \/>\n<meta name=\"robots\" content=\"index, follow, max-snippet:-1, max-image-preview:large, max-video-preview:-1\" \/>\n<link rel=\"canonical\" href=\"https:\/\/greenway-logistics.com\/sv\/losningar\/\" \/>\n<meta property=\"og:locale\" content=\"sv_SE\" \/>\n<meta property=\"og:type\" content=\"article\" \/>\n<meta property=\"og:title\" content=\"Greenway Logistics - L\u00f6sningar\" \/>\n<meta property=\"og:description\" content=\"Greenway Logistics sparar kostnader och g\u00f6r logistiken mer h\u00e5llbar f\u00f6r f\u00f6retag inom mode, sport, textil och lifestyle. F\u00f6retaget erbjuder logistikr\u00e5dgivning och st\u00f6d fr\u00e5n sin egna experter och sitt eget n\u00e4tverk inom f\u00f6ljande omr\u00e5den:\" \/>\n<meta property=\"og:url\" content=\"https:\/\/greenway-logistics.com\/sv\/losningar\/\" \/>\n<meta property=\"og:site_name\" content=\"Greenway Logistics\" \/>\n<meta property=\"article:modified_time\" content=\"2023-08-18T07:10:43+00:00\" \/>\n<meta property=\"og:image\" content=\"https:\/\/greenway-logistics.com\/wp-content\/uploads\/2023\/03\/greeway_hero_ship_1775x770-1600x460-1.jpeg\" \/>\n\t<meta property=\"og:image:width\" content=\"1600\" \/>\n\t<meta property=\"og:image:height\" content=\"460\" \/>\n\t<meta property=\"og:image:type\" content=\"image\/jpeg\" \/>\n<meta name=\"twitter:card\" content=\"summary_large_image\" \/>\n<meta name=\"twitter:label1\" content=\"Ber\u00e4knad l\u00e4stid\" \/>\n\t<meta name=\"twitter:data1\" content=\"1 minut\" \/>\n<!-- \/ Yoast SEO plugin. -->","yoast_head_json":{"title":"Greenway Logistics - L\u00f6sningar","description":"Greenway Logistics sparar kostnader och g\u00f6r logistiken mer h\u00e5llbar f\u00f6r f\u00f6retag inom mode, sport, textil och lifestyle. F\u00f6retaget erbjuder logistikr\u00e5dgivning och st\u00f6d fr\u00e5n sin egna experter och sitt eget n\u00e4tverk inom f\u00f6ljande omr\u00e5den:","robots":{"index":"index","follow":"follow","max-snippet":"max-snippet:-1","max-image-preview":"max-image-preview:large","max-video-preview":"max-video-preview:-1"},"canonical":"https:\/\/greenway-logistics.com\/sv\/losningar\/","og_locale":"sv_SE","og_type":"article","og_title":"Greenway Logistics - L\u00f6sningar","og_description":"Greenway Logistics sparar kostnader och g\u00f6r logistiken mer h\u00e5llbar f\u00f6r f\u00f6retag inom mode, sport, textil och lifestyle. F\u00f6retaget erbjuder logistikr\u00e5dgivning och st\u00f6d fr\u00e5n sin egna experter och sitt eget n\u00e4tverk inom f\u00f6ljande omr\u00e5den:","og_url":"https:\/\/greenway-logistics.com\/sv\/losningar\/","og_site_name":"Greenway Logistics","article_modified_time":"2023-08-18T07:10:43+00:00","og_image":[{"width":1600,"height":460,"url":"https:\/\/greenway-logistics.com\/wp-content\/uploads\/2023\/03\/greeway_hero_ship_1775x770-1600x460-1.jpeg","type":"image\/jpeg"}],"twitter_card":"summary_large_image","twitter_misc":{"Ber\u00e4knad l\u00e4stid":"1 minut"},"schema":{"@context":"https:\/\/schema.org","@graph":[{"@type":"WebPage","@id":"https:\/\/greenway-logistics.com\/sv\/losningar\/","url":"https:\/\/greenway-logistics.com\/sv\/losningar\/","name":"Greenway Logistics - L\u00f6sningar","isPartOf":{"@id":"https:\/\/greenway-logistics.com\/sv\/#website"},"primaryImageOfPage":{"@id":"https:\/\/greenway-logistics.com\/sv\/losningar\/#primaryimage"},"image":{"@id":"https:\/\/greenway-logistics.com\/sv\/losningar\/#primaryimage"},"thumbnailUrl":"https:\/\/greenway-logistics.com\/wp-content\/uploads\/2023\/03\/greeway_hero_ship_1775x770-1600x460-1.jpeg","datePublished":"2023-03-01T15:18:41+00:00","dateModified":"2023-08-18T07:10:43+00:00","description":"Greenway Logistics sparar kostnader och g\u00f6r logistiken mer h\u00e5llbar f\u00f6r f\u00f6retag inom mode, sport, textil och lifestyle. F\u00f6retaget erbjuder logistikr\u00e5dgivning och st\u00f6d fr\u00e5n sin egna experter och sitt eget n\u00e4tverk inom f\u00f6ljande omr\u00e5den:","breadcrumb":{"@id":"https:\/\/greenway-logistics.com\/sv\/losningar\/#breadcrumb"},"inLanguage":"sv-SE","potentialAction":[{"@type":"ReadAction","target":["https:\/\/greenway-logistics.com\/sv\/losningar\/"]}]},{"@type":"ImageObject","inLanguage":"sv-SE","@id":"https:\/\/greenway-logistics.com\/sv\/losningar\/#primaryimage","url":"https:\/\/greenway-logistics.com\/wp-content\/uploads\/2023\/03\/greeway_hero_ship_1775x770-1600x460-1.jpeg","contentUrl":"https:\/\/greenway-logistics.com\/wp-content\/uploads\/2023\/03\/greeway_hero_ship_1775x770-1600x460-1.jpeg","width":1600,"height":460,"caption":"Effici\u00ebnte logistieke oplossingen op maat."},{"@type":"BreadcrumbList","@id":"https:\/\/greenway-logistics.com\/sv\/losningar\/#breadcrumb","itemListElement":[{"@type":"ListItem","position":1,"name":"Home","item":"https:\/\/greenway-logistics.com\/sv\/"},{"@type":"ListItem","position":2,"name":"L\u00f6sningar"}]},{"@type":"WebSite","@id":"https:\/\/greenway-logistics.com\/sv\/#website","url":"https:\/\/greenway-logistics.com\/sv\/","name":"Greenway Logistics","description":"Sustainable Logistics","potentialAction":[{"@type":"SearchAction","target":{"@type":"EntryPoint","urlTemplate":"https:\/\/greenway-logistics.com\/sv\/?s={search_term_string}"},"query-input":{"@type":"PropertyValueSpecification","valueRequired":true,"valueName":"search_term_string"}}],"inLanguage":"sv-SE"}]}},"_links":{"self":[{"href":"https:\/\/greenway-logistics.com\/sv\/wp-json\/wp\/v2\/pages\/2301","targetHints":{"allow":["GET"]}}],"collection":[{"href":"https:\/\/greenway-logistics.com\/sv\/wp-json\/wp\/v2\/pages"}],"about":[{"href":"https:\/\/greenway-logistics.com\/sv\/wp-json\/wp\/v2\/types\/page"}],"author":[{"embeddable":true,"href":"https:\/\/greenway-logistics.com\/sv\/wp-json\/wp\/v2\/users\/5"}],"replies":[{"embeddable":true,"href":"https:\/\/greenway-logistics.com\/sv\/wp-json\/wp\/v2\/comments?post=2301"}],"version-history":[{"count":9,"href":"https:\/\/greenway-logistics.com\/sv\/wp-json\/wp\/v2\/pages\/2301\/revisions"}],"predecessor-version":[{"id":3485,"href":"https:\/\/greenway-logistics.com\/sv\/wp-json\/wp\/v2\/pages\/2301\/revisions\/3485"}],"wp:featuredmedia":[{"embeddable":true,"href":"https:\/\/greenway-logistics.com\/sv\/wp-json\/wp\/v2\/media\/1373"}],"wp:attachment":[{"href":"https:\/\/greenway-logistics.com\/sv\/wp-json\/wp\/v2\/media?parent=2301"}],"curies":[{"name":"wp","href":"https:\/\/api.w.org\/{rel}","templated":true}]}}