{"id":2291,"date":"2023-03-07T15:24:58","date_gmt":"2023-03-07T14:24:58","guid":{"rendered":"https:\/\/greenway-logistics.com\/entering-external-markets\/"},"modified":"2024-12-09T14:38:29","modified_gmt":"2024-12-09T13:38:29","slug":"exportmarknader","status":"publish","type":"page","link":"https:\/\/greenway-logistics.com\/sv\/losningar\/exportmarknader\/","title":{"rendered":"Exportmarknader"},"content":{"rendered":"<p>Greenway Logistics hj\u00e4lper f\u00f6retag att ta sig in p\u00e5 nya exportmarknader. F\u00f6r att utveckla internationella marknader kr\u00e4vs logistikinfrastruktur utomlands.<\/p>\n<p><strong>Gateway to Europe<\/strong><br \/>\nSom v\u00e4rldens st\u00f6rsta ekonomi med mer \u00e4n 500 miljoner konsumenter erbjuder Europeiska unionen sp\u00e4nnande m\u00f6jligheter f\u00f6r f\u00f6retag inom mode, sport och lifestyle. Att komma in i Europa eller Storbritannien som ett icke-europeiskt f\u00f6retag kan vara en stor utmaning; det \u00e4r viktigt att f\u00f6rst\u00e5 hur man f\u00e5r tilltr\u00e4de till den europeiska marknaden samt vilka eventuella hinder som kan finnas.<\/p>\n<p>Greenway Logistics har utvecklat en tj\u00e4nst som kombinerar alla expertomr\u00e5den. Denna fullservicel\u00f6sning &#8221;<strong>Gateway to Europe<\/strong>&#8221; syftar till att hj\u00e4lpa stora, sm\u00e5 och medelstora varum\u00e4rken med b\u00e5de direkta fr\u00e5gest\u00e4llningar och l\u00e5ngsiktiga \u00f6verv\u00e4ganden om export och distributionsuppl\u00e4gg. Tj\u00e4nsten kombinerar b\u00e4sta tillg\u00e4ngliga information med praktisk, handlingsinriktad r\u00e5dgivning.<\/p>\n<p>K\u00e4rnan i v\u00e5rt koncept f\u00f6r att hj\u00e4lpa dig att komma in p\u00e5 den brittiska och europeiska marknaden \u00e4r ett brett och integrerat st\u00f6d i de mest relevanta fr\u00e5gorna: marknadsf\u00f6ring och f\u00f6rs\u00e4ljning, logistik och leverans, tull och moms, finansiell organisation samt efterlevnad och regler.<\/p>\n<p>Vi har redan framg\u00e5ngsrikt st\u00f6ttat m\u00e5nga f\u00f6retag. Genom din branschorganisation kan du ocks\u00e5 l\u00e4tt f\u00e5 tillg\u00e5ng till dessa tj\u00e4nster. Vill du ut\u00f6ka ditt varum\u00e4rke interkontinentalt? Vi hj\u00e4lper g\u00e4rna till.<\/p>\n","protected":false},"excerpt":{"rendered":"<p>Greenway Logistics hj\u00e4lper f\u00f6retag att ta sig in p\u00e5 nya exportmarknader. F\u00f6r att utveckla internationella marknader kr\u00e4vs logistikinfrastruktur utomlands. Gateway to Europe Som v\u00e4rldens st\u00f6rsta ekonomi med mer \u00e4n 500 miljoner konsumenter erbjuder Europeiska unionen sp\u00e4nnande m\u00f6jligheter f\u00f6r f\u00f6retag inom mode, sport och lifestyle. Att komma in i Europa eller Storbritannien som ett icke-europeiskt f\u00f6retag [&hellip;]<\/p>\n","protected":false},"author":5,"featured_media":0,"parent":2301,"menu_order":0,"comment_status":"closed","ping_status":"closed","template":"","meta":{"_acf_changed":false,"footnotes":""},"class_list":["post-2291","page","type-page","status-publish","hentry"],"acf":[],"yoast_head":"<!-- This site is optimized with the Yoast SEO plugin v27.3 - https:\/\/yoast.com\/product\/yoast-seo-wordpress\/ -->\n<title>Greenway Logistics - Exportmarknader<\/title>\n<meta name=\"description\" content=\"Greenway Logistics hj\u00e4lper f\u00f6retag att ta sig in p\u00e5 nya exportmarknader. F\u00f6r att utveckla internationella marknader kr\u00e4vs logistikinfrastruktur utomlands.\" \/>\n<meta name=\"robots\" content=\"index, follow, max-snippet:-1, max-image-preview:large, max-video-preview:-1\" \/>\n<link rel=\"canonical\" href=\"https:\/\/greenway-logistics.com\/sv\/losningar\/exportmarknader\/\" \/>\n<meta property=\"og:locale\" content=\"sv_SE\" \/>\n<meta property=\"og:type\" content=\"article\" \/>\n<meta property=\"og:title\" content=\"Greenway Logistics - Exportmarknader\" \/>\n<meta property=\"og:description\" content=\"Greenway Logistics hj\u00e4lper f\u00f6retag att ta sig in p\u00e5 nya exportmarknader. F\u00f6r att utveckla internationella marknader kr\u00e4vs logistikinfrastruktur utomlands.\" \/>\n<meta property=\"og:url\" content=\"https:\/\/greenway-logistics.com\/sv\/losningar\/exportmarknader\/\" \/>\n<meta property=\"og:site_name\" content=\"Greenway Logistics\" \/>\n<meta property=\"article:modified_time\" content=\"2024-12-09T13:38:29+00:00\" \/>\n<meta name=\"twitter:card\" content=\"summary_large_image\" \/>\n<meta name=\"twitter:label1\" content=\"Ber\u00e4knad l\u00e4stid\" \/>\n\t<meta name=\"twitter:data1\" content=\"1 minut\" \/>\n<!-- \/ Yoast SEO plugin. -->","yoast_head_json":{"title":"Greenway Logistics - Exportmarknader","description":"Greenway Logistics hj\u00e4lper f\u00f6retag att ta sig in p\u00e5 nya exportmarknader. F\u00f6r att utveckla internationella marknader kr\u00e4vs logistikinfrastruktur utomlands.","robots":{"index":"index","follow":"follow","max-snippet":"max-snippet:-1","max-image-preview":"max-image-preview:large","max-video-preview":"max-video-preview:-1"},"canonical":"https:\/\/greenway-logistics.com\/sv\/losningar\/exportmarknader\/","og_locale":"sv_SE","og_type":"article","og_title":"Greenway Logistics - Exportmarknader","og_description":"Greenway Logistics hj\u00e4lper f\u00f6retag att ta sig in p\u00e5 nya exportmarknader. F\u00f6r att utveckla internationella marknader kr\u00e4vs logistikinfrastruktur utomlands.","og_url":"https:\/\/greenway-logistics.com\/sv\/losningar\/exportmarknader\/","og_site_name":"Greenway Logistics","article_modified_time":"2024-12-09T13:38:29+00:00","twitter_card":"summary_large_image","twitter_misc":{"Ber\u00e4knad l\u00e4stid":"1 minut"},"schema":{"@context":"https:\/\/schema.org","@graph":[{"@type":"WebPage","@id":"https:\/\/greenway-logistics.com\/sv\/losningar\/exportmarknader\/","url":"https:\/\/greenway-logistics.com\/sv\/losningar\/exportmarknader\/","name":"Greenway Logistics - Exportmarknader","isPartOf":{"@id":"https:\/\/greenway-logistics.com\/sv\/#website"},"datePublished":"2023-03-07T14:24:58+00:00","dateModified":"2024-12-09T13:38:29+00:00","description":"Greenway Logistics hj\u00e4lper f\u00f6retag att ta sig in p\u00e5 nya exportmarknader. F\u00f6r att utveckla internationella marknader kr\u00e4vs logistikinfrastruktur utomlands.","breadcrumb":{"@id":"https:\/\/greenway-logistics.com\/sv\/losningar\/exportmarknader\/#breadcrumb"},"inLanguage":"sv-SE","potentialAction":[{"@type":"ReadAction","target":["https:\/\/greenway-logistics.com\/sv\/losningar\/exportmarknader\/"]}]},{"@type":"BreadcrumbList","@id":"https:\/\/greenway-logistics.com\/sv\/losningar\/exportmarknader\/#breadcrumb","itemListElement":[{"@type":"ListItem","position":1,"name":"Home","item":"https:\/\/greenway-logistics.com\/sv\/"},{"@type":"ListItem","position":2,"name":"L\u00f6sningar","item":"https:\/\/greenway-logistics.com\/sv\/losningar\/"},{"@type":"ListItem","position":3,"name":"Exportmarknader"}]},{"@type":"WebSite","@id":"https:\/\/greenway-logistics.com\/sv\/#website","url":"https:\/\/greenway-logistics.com\/sv\/","name":"Greenway Logistics","description":"Sustainable Logistics","potentialAction":[{"@type":"SearchAction","target":{"@type":"EntryPoint","urlTemplate":"https:\/\/greenway-logistics.com\/sv\/?s={search_term_string}"},"query-input":{"@type":"PropertyValueSpecification","valueRequired":true,"valueName":"search_term_string"}}],"inLanguage":"sv-SE"}]}},"_links":{"self":[{"href":"https:\/\/greenway-logistics.com\/sv\/wp-json\/wp\/v2\/pages\/2291","targetHints":{"allow":["GET"]}}],"collection":[{"href":"https:\/\/greenway-logistics.com\/sv\/wp-json\/wp\/v2\/pages"}],"about":[{"href":"https:\/\/greenway-logistics.com\/sv\/wp-json\/wp\/v2\/types\/page"}],"author":[{"embeddable":true,"href":"https:\/\/greenway-logistics.com\/sv\/wp-json\/wp\/v2\/users\/5"}],"replies":[{"embeddable":true,"href":"https:\/\/greenway-logistics.com\/sv\/wp-json\/wp\/v2\/comments?post=2291"}],"version-history":[{"count":13,"href":"https:\/\/greenway-logistics.com\/sv\/wp-json\/wp\/v2\/pages\/2291\/revisions"}],"predecessor-version":[{"id":4193,"href":"https:\/\/greenway-logistics.com\/sv\/wp-json\/wp\/v2\/pages\/2291\/revisions\/4193"}],"up":[{"embeddable":true,"href":"https:\/\/greenway-logistics.com\/sv\/wp-json\/wp\/v2\/pages\/2301"}],"wp:attachment":[{"href":"https:\/\/greenway-logistics.com\/sv\/wp-json\/wp\/v2\/media?parent=2291"}],"curies":[{"name":"wp","href":"https:\/\/api.w.org\/{rel}","templated":true}]}}