{"id":2281,"date":"2023-03-07T15:23:24","date_gmt":"2023-03-07T14:23:24","guid":{"rendered":"https:\/\/greenway-logistics.com\/carrier-contracts\/"},"modified":"2023-06-02T14:21:36","modified_gmt":"2023-06-02T12:21:36","slug":"transportavtal","status":"publish","type":"page","link":"https:\/\/greenway-logistics.com\/sv\/losningar\/transportavtal\/","title":{"rendered":"Transportavtal"},"content":{"rendered":"<p>Greenway Logistics samarbetar lokalt och globalt med transport\u00f6rer f\u00f6r att erbjuda kollektiva transport\u00f6rsavtal och d\u00e4rmed stordriftsf\u00f6rdelar.<\/p>\n<p>Greenway Logistics har kollektiva avtal med partners inom sj\u00f6- och flygfrakt, expresstransporter, f\u00f6r paket- och palldistribution samt j\u00e4rnv\u00e4gs- och v\u00e4gtransport. Tack vare att transportfl\u00f6dena samlas och konsolideras kan man spara kostnader och koldioxidutsl\u00e4pp.<\/p>\n","protected":false},"excerpt":{"rendered":"<p>Greenway Logistics samarbetar lokalt och globalt med transport\u00f6rer f\u00f6r att erbjuda kollektiva transport\u00f6rsavtal och d\u00e4rmed stordriftsf\u00f6rdelar. Greenway Logistics har kollektiva avtal med partners inom sj\u00f6- och flygfrakt, expresstransporter, f\u00f6r paket- och palldistribution samt j\u00e4rnv\u00e4gs- och v\u00e4gtransport. Tack vare att transportfl\u00f6dena samlas och konsolideras kan man spara kostnader och koldioxidutsl\u00e4pp.<\/p>\n","protected":false},"author":5,"featured_media":0,"parent":2301,"menu_order":0,"comment_status":"closed","ping_status":"closed","template":"","meta":{"_acf_changed":false,"footnotes":""},"class_list":["post-2281","page","type-page","status-publish","hentry"],"acf":[],"yoast_head":"<!-- This site is optimized with the Yoast SEO plugin v27.4 - https:\/\/yoast.com\/product\/yoast-seo-wordpress\/ -->\n<title>Greenway Logistics - Transportavtal<\/title>\n<meta name=\"description\" content=\"Greenway Logistics samarbetar lokalt och globalt med transport\u00f6rer f\u00f6r att erbjuda kollektiva transport\u00f6rsavtal och d\u00e4rmed stordriftsf\u00f6rdelar.Greenway Logistics har kollektiva avtal med partners inom sj\u00f6- och luftfrakt, expresstransporter, f\u00f6r paket- och palldistribution samt j\u00e4rnv\u00e4gs- och v\u00e4gtransport. Tack vare att transportfl\u00f6dena samlas och konsolideras kan man spara kostnader och koldioxidutsl\u00e4pp.\" \/>\n<meta name=\"robots\" content=\"index, follow, max-snippet:-1, max-image-preview:large, max-video-preview:-1\" \/>\n<link rel=\"canonical\" href=\"https:\/\/greenway-logistics.com\/sv\/losningar\/transportavtal\/\" \/>\n<meta property=\"og:locale\" content=\"sv_SE\" \/>\n<meta property=\"og:type\" content=\"article\" \/>\n<meta property=\"og:title\" content=\"Greenway Logistics - Transportavtal\" \/>\n<meta property=\"og:description\" content=\"Greenway Logistics samarbetar lokalt och globalt med transport\u00f6rer f\u00f6r att erbjuda kollektiva transport\u00f6rsavtal och d\u00e4rmed stordriftsf\u00f6rdelar.Greenway Logistics har kollektiva avtal med partners inom sj\u00f6- och luftfrakt, expresstransporter, f\u00f6r paket- och palldistribution samt j\u00e4rnv\u00e4gs- och v\u00e4gtransport. Tack vare att transportfl\u00f6dena samlas och konsolideras kan man spara kostnader och koldioxidutsl\u00e4pp.\" \/>\n<meta property=\"og:url\" content=\"https:\/\/greenway-logistics.com\/sv\/losningar\/transportavtal\/\" \/>\n<meta property=\"og:site_name\" content=\"Greenway Logistics\" \/>\n<meta property=\"article:modified_time\" content=\"2023-06-02T12:21:36+00:00\" \/>\n<meta name=\"twitter:card\" content=\"summary_large_image\" \/>\n<meta name=\"twitter:label1\" content=\"Ber\u00e4knad l\u00e4stid\" \/>\n\t<meta name=\"twitter:data1\" content=\"1 minut\" \/>\n<!-- \/ Yoast SEO plugin. -->","yoast_head_json":{"title":"Greenway Logistics - Transportavtal","description":"Greenway Logistics samarbetar lokalt och globalt med transport\u00f6rer f\u00f6r att erbjuda kollektiva transport\u00f6rsavtal och d\u00e4rmed stordriftsf\u00f6rdelar.Greenway Logistics har kollektiva avtal med partners inom sj\u00f6- och luftfrakt, expresstransporter, f\u00f6r paket- och palldistribution samt j\u00e4rnv\u00e4gs- och v\u00e4gtransport. Tack vare att transportfl\u00f6dena samlas och konsolideras kan man spara kostnader och koldioxidutsl\u00e4pp.","robots":{"index":"index","follow":"follow","max-snippet":"max-snippet:-1","max-image-preview":"max-image-preview:large","max-video-preview":"max-video-preview:-1"},"canonical":"https:\/\/greenway-logistics.com\/sv\/losningar\/transportavtal\/","og_locale":"sv_SE","og_type":"article","og_title":"Greenway Logistics - Transportavtal","og_description":"Greenway Logistics samarbetar lokalt och globalt med transport\u00f6rer f\u00f6r att erbjuda kollektiva transport\u00f6rsavtal och d\u00e4rmed stordriftsf\u00f6rdelar.Greenway Logistics har kollektiva avtal med partners inom sj\u00f6- och luftfrakt, expresstransporter, f\u00f6r paket- och palldistribution samt j\u00e4rnv\u00e4gs- och v\u00e4gtransport. Tack vare att transportfl\u00f6dena samlas och konsolideras kan man spara kostnader och koldioxidutsl\u00e4pp.","og_url":"https:\/\/greenway-logistics.com\/sv\/losningar\/transportavtal\/","og_site_name":"Greenway Logistics","article_modified_time":"2023-06-02T12:21:36+00:00","twitter_card":"summary_large_image","twitter_misc":{"Ber\u00e4knad l\u00e4stid":"1 minut"},"schema":{"@context":"https:\/\/schema.org","@graph":[{"@type":"WebPage","@id":"https:\/\/greenway-logistics.com\/sv\/losningar\/transportavtal\/","url":"https:\/\/greenway-logistics.com\/sv\/losningar\/transportavtal\/","name":"Greenway Logistics - Transportavtal","isPartOf":{"@id":"https:\/\/greenway-logistics.com\/sv\/#website"},"datePublished":"2023-03-07T14:23:24+00:00","dateModified":"2023-06-02T12:21:36+00:00","description":"Greenway Logistics samarbetar lokalt och globalt med transport\u00f6rer f\u00f6r att erbjuda kollektiva transport\u00f6rsavtal och d\u00e4rmed stordriftsf\u00f6rdelar.Greenway Logistics har kollektiva avtal med partners inom sj\u00f6- och luftfrakt, expresstransporter, f\u00f6r paket- och palldistribution samt j\u00e4rnv\u00e4gs- och v\u00e4gtransport. Tack vare att transportfl\u00f6dena samlas och konsolideras kan man spara kostnader och koldioxidutsl\u00e4pp.","breadcrumb":{"@id":"https:\/\/greenway-logistics.com\/sv\/losningar\/transportavtal\/#breadcrumb"},"inLanguage":"sv-SE","potentialAction":[{"@type":"ReadAction","target":["https:\/\/greenway-logistics.com\/sv\/losningar\/transportavtal\/"]}]},{"@type":"BreadcrumbList","@id":"https:\/\/greenway-logistics.com\/sv\/losningar\/transportavtal\/#breadcrumb","itemListElement":[{"@type":"ListItem","position":1,"name":"Home","item":"https:\/\/greenway-logistics.com\/sv\/"},{"@type":"ListItem","position":2,"name":"L\u00f6sningar","item":"https:\/\/greenway-logistics.com\/sv\/losningar\/"},{"@type":"ListItem","position":3,"name":"Transportavtal"}]},{"@type":"WebSite","@id":"https:\/\/greenway-logistics.com\/sv\/#website","url":"https:\/\/greenway-logistics.com\/sv\/","name":"Greenway Logistics","description":"Sustainable Logistics","potentialAction":[{"@type":"SearchAction","target":{"@type":"EntryPoint","urlTemplate":"https:\/\/greenway-logistics.com\/sv\/?s={search_term_string}"},"query-input":{"@type":"PropertyValueSpecification","valueRequired":true,"valueName":"search_term_string"}}],"inLanguage":"sv-SE"}]}},"_links":{"self":[{"href":"https:\/\/greenway-logistics.com\/sv\/wp-json\/wp\/v2\/pages\/2281","targetHints":{"allow":["GET"]}}],"collection":[{"href":"https:\/\/greenway-logistics.com\/sv\/wp-json\/wp\/v2\/pages"}],"about":[{"href":"https:\/\/greenway-logistics.com\/sv\/wp-json\/wp\/v2\/types\/page"}],"author":[{"embeddable":true,"href":"https:\/\/greenway-logistics.com\/sv\/wp-json\/wp\/v2\/users\/5"}],"replies":[{"embeddable":true,"href":"https:\/\/greenway-logistics.com\/sv\/wp-json\/wp\/v2\/comments?post=2281"}],"version-history":[{"count":11,"href":"https:\/\/greenway-logistics.com\/sv\/wp-json\/wp\/v2\/pages\/2281\/revisions"}],"predecessor-version":[{"id":3423,"href":"https:\/\/greenway-logistics.com\/sv\/wp-json\/wp\/v2\/pages\/2281\/revisions\/3423"}],"up":[{"embeddable":true,"href":"https:\/\/greenway-logistics.com\/sv\/wp-json\/wp\/v2\/pages\/2301"}],"wp:attachment":[{"href":"https:\/\/greenway-logistics.com\/sv\/wp-json\/wp\/v2\/media?parent=2281"}],"curies":[{"name":"wp","href":"https:\/\/api.w.org\/{rel}","templated":true}]}}