{"id":2266,"date":"2023-03-07T15:24:10","date_gmt":"2023-03-07T14:24:10","guid":{"rendered":"https:\/\/greenway-logistics.com\/warehousing\/"},"modified":"2025-03-19T14:33:28","modified_gmt":"2025-03-19T13:33:28","slug":"warehousing","status":"publish","type":"page","link":"https:\/\/greenway-logistics.com\/sv\/losningar\/warehousing\/","title":{"rendered":"Lagerh\u00e5llning"},"content":{"rendered":"<p>Greenway Logistics har ett n\u00e4ra samarbete med olika (logistik)parter i flertalet l\u00e4nder f\u00f6r outsourcing av logistik. Outsourcing av logistik \u00e4r ett sv\u00e5rt beslut f\u00f6r m\u00e5nga f\u00f6retag. Greenway Logistics anser att outsourcing i m\u00e5nga fall \u00e4r en bra l\u00f6sning, i samband med flexibla och l\u00e4gre kostnader, hantering av s\u00e4songstoppar, m\u00f6jligheter till f\u00f6rb\u00e4ttring av leveransernaskvalitet och tillg\u00e5ng till nya marknader. Greenway Logistics hj\u00e4lper f\u00f6retag att g\u00f6ra ett business case f\u00f6r att inkludera r\u00e4tt variabler och f\u00e5 en transparent syn p\u00e5 outsourcing av logistik.<\/p>\n<ul>\n<li><a href=\"https:\/\/greenway-logistics.com\/sv\/services\/transportavtal\/\">Transportavtal <\/a><\/li>\n<li><a href=\"https:\/\/greenway-logistics.com\/sv\/services\/gron-logistik\/\">Gr\u00f6n logistik <\/a><\/li>\n<li><a href=\"https:\/\/greenway-logistics.com\/sv\/services\/export-marknader\/\">Export marknader <\/a><\/li>\n<li><a href=\"https:\/\/greenway-logistics.com\/sv\/services\/innovation\/\">Innovativa logistikl\u00f6sningar<\/a><\/li>\n<\/ul>\n","protected":false},"excerpt":{"rendered":"<p>Greenway Logistics har ett n\u00e4ra samarbete med olika (logistik)parter i flertalet l\u00e4nder f\u00f6r outsourcing av logistik. Outsourcing av logistik \u00e4r ett sv\u00e5rt beslut f\u00f6r m\u00e5nga f\u00f6retag. Greenway Logistics anser att outsourcing i m\u00e5nga fall \u00e4r en bra l\u00f6sning, i samband med flexibla och l\u00e4gre kostnader, hantering av s\u00e4songstoppar, m\u00f6jligheter till f\u00f6rb\u00e4ttring av leveransernaskvalitet och tillg\u00e5ng [&hellip;]<\/p>\n","protected":false},"author":5,"featured_media":0,"parent":2301,"menu_order":0,"comment_status":"closed","ping_status":"closed","template":"","meta":{"_acf_changed":false,"footnotes":""},"class_list":["post-2266","page","type-page","status-publish","hentry"],"acf":[],"yoast_head":"<!-- This site is optimized with the Yoast SEO plugin v27.3 - https:\/\/yoast.com\/product\/yoast-seo-wordpress\/ -->\n<title>Greenway Logistics - Lagerh\u00e5llning<\/title>\n<meta name=\"description\" content=\"Greenway Logistics har ett n\u00e4ra samarbete med olika (logistik)parter i flertalet l\u00e4nder f\u00f6r outsourcing av logistik.\" \/>\n<meta name=\"robots\" content=\"index, follow, max-snippet:-1, max-image-preview:large, max-video-preview:-1\" \/>\n<link rel=\"canonical\" href=\"https:\/\/greenway-logistics.com\/sv\/losningar\/warehousing\/\" \/>\n<meta property=\"og:locale\" content=\"sv_SE\" \/>\n<meta property=\"og:type\" content=\"article\" \/>\n<meta property=\"og:title\" content=\"Greenway Logistics - Lagerh\u00e5llning\" \/>\n<meta property=\"og:description\" content=\"Greenway Logistics har ett n\u00e4ra samarbete med olika (logistik)parter i flertalet l\u00e4nder f\u00f6r outsourcing av logistik.\" \/>\n<meta property=\"og:url\" content=\"https:\/\/greenway-logistics.com\/sv\/losningar\/warehousing\/\" \/>\n<meta property=\"og:site_name\" content=\"Greenway Logistics\" \/>\n<meta property=\"article:modified_time\" content=\"2025-03-19T13:33:28+00:00\" \/>\n<meta name=\"twitter:card\" content=\"summary_large_image\" \/>\n<meta name=\"twitter:label1\" content=\"Ber\u00e4knad l\u00e4stid\" \/>\n\t<meta name=\"twitter:data1\" content=\"1 minut\" \/>\n<!-- \/ Yoast SEO plugin. -->","yoast_head_json":{"title":"Greenway Logistics - Lagerh\u00e5llning","description":"Greenway Logistics har ett n\u00e4ra samarbete med olika (logistik)parter i flertalet l\u00e4nder f\u00f6r outsourcing av logistik.","robots":{"index":"index","follow":"follow","max-snippet":"max-snippet:-1","max-image-preview":"max-image-preview:large","max-video-preview":"max-video-preview:-1"},"canonical":"https:\/\/greenway-logistics.com\/sv\/losningar\/warehousing\/","og_locale":"sv_SE","og_type":"article","og_title":"Greenway Logistics - Lagerh\u00e5llning","og_description":"Greenway Logistics har ett n\u00e4ra samarbete med olika (logistik)parter i flertalet l\u00e4nder f\u00f6r outsourcing av logistik.","og_url":"https:\/\/greenway-logistics.com\/sv\/losningar\/warehousing\/","og_site_name":"Greenway Logistics","article_modified_time":"2025-03-19T13:33:28+00:00","twitter_card":"summary_large_image","twitter_misc":{"Ber\u00e4knad l\u00e4stid":"1 minut"},"schema":{"@context":"https:\/\/schema.org","@graph":[{"@type":"WebPage","@id":"https:\/\/greenway-logistics.com\/sv\/losningar\/warehousing\/","url":"https:\/\/greenway-logistics.com\/sv\/losningar\/warehousing\/","name":"Greenway Logistics - Lagerh\u00e5llning","isPartOf":{"@id":"https:\/\/greenway-logistics.com\/sv\/#website"},"datePublished":"2023-03-07T14:24:10+00:00","dateModified":"2025-03-19T13:33:28+00:00","description":"Greenway Logistics har ett n\u00e4ra samarbete med olika (logistik)parter i flertalet l\u00e4nder f\u00f6r outsourcing av logistik.","breadcrumb":{"@id":"https:\/\/greenway-logistics.com\/sv\/losningar\/warehousing\/#breadcrumb"},"inLanguage":"sv-SE","potentialAction":[{"@type":"ReadAction","target":["https:\/\/greenway-logistics.com\/sv\/losningar\/warehousing\/"]}]},{"@type":"BreadcrumbList","@id":"https:\/\/greenway-logistics.com\/sv\/losningar\/warehousing\/#breadcrumb","itemListElement":[{"@type":"ListItem","position":1,"name":"Home","item":"https:\/\/greenway-logistics.com\/sv\/"},{"@type":"ListItem","position":2,"name":"L\u00f6sningar","item":"https:\/\/greenway-logistics.com\/sv\/losningar\/"},{"@type":"ListItem","position":3,"name":"Lagerh\u00e5llning"}]},{"@type":"WebSite","@id":"https:\/\/greenway-logistics.com\/sv\/#website","url":"https:\/\/greenway-logistics.com\/sv\/","name":"Greenway Logistics","description":"Sustainable Logistics","potentialAction":[{"@type":"SearchAction","target":{"@type":"EntryPoint","urlTemplate":"https:\/\/greenway-logistics.com\/sv\/?s={search_term_string}"},"query-input":{"@type":"PropertyValueSpecification","valueRequired":true,"valueName":"search_term_string"}}],"inLanguage":"sv-SE"}]}},"_links":{"self":[{"href":"https:\/\/greenway-logistics.com\/sv\/wp-json\/wp\/v2\/pages\/2266","targetHints":{"allow":["GET"]}}],"collection":[{"href":"https:\/\/greenway-logistics.com\/sv\/wp-json\/wp\/v2\/pages"}],"about":[{"href":"https:\/\/greenway-logistics.com\/sv\/wp-json\/wp\/v2\/types\/page"}],"author":[{"embeddable":true,"href":"https:\/\/greenway-logistics.com\/sv\/wp-json\/wp\/v2\/users\/5"}],"replies":[{"embeddable":true,"href":"https:\/\/greenway-logistics.com\/sv\/wp-json\/wp\/v2\/comments?post=2266"}],"version-history":[{"count":23,"href":"https:\/\/greenway-logistics.com\/sv\/wp-json\/wp\/v2\/pages\/2266\/revisions"}],"predecessor-version":[{"id":3435,"href":"https:\/\/greenway-logistics.com\/sv\/wp-json\/wp\/v2\/pages\/2266\/revisions\/3435"}],"up":[{"embeddable":true,"href":"https:\/\/greenway-logistics.com\/sv\/wp-json\/wp\/v2\/pages\/2301"}],"wp:attachment":[{"href":"https:\/\/greenway-logistics.com\/sv\/wp-json\/wp\/v2\/media?parent=2266"}],"curies":[{"name":"wp","href":"https:\/\/api.w.org\/{rel}","templated":true}]}}