{"id":1776,"date":"2021-12-22T09:35:09","date_gmt":"2021-12-22T08:35:09","guid":{"rendered":"https:\/\/greenway-logistics.com\/341-2\/"},"modified":"2026-03-09T19:00:13","modified_gmt":"2026-03-09T18:00:13","slug":"341-2","status":"publish","type":"page","link":"https:\/\/greenway-logistics.com\/sv\/","title":{"rendered":"KOSTNADSBESPARINGAR OCH LOGISTIK MED L\u00c4GRE KLIMATP\u00c5VERKAN"},"content":{"rendered":"<p>Greenway Logistics supportar textil -, sport-, mode- och lifestylef\u00f6retag \u00f6ver hela v\u00e4rlden inom logistikomr\u00e5det i syfte att spara kostnader, f\u00f6rnya och g\u00f6ra den globala mode-, sport- och lifestyleindustrin mer h\u00e5llbar n\u00e4r det g\u00e4ller koldioxidutsl\u00e4pp fr\u00e5n logistiken.<\/p>\n<p>Genom att samarbeta med mer \u00e4n 15 branschorganisationer \u00f6ver hela v\u00e4rlden kan Greenway Logistics skapa storskalef\u00f6rdelar till medlemmar i dessa organisationer.<\/p>\n<p>Greenway Logistics st\u00e5r f\u00f6r <a href=\"https:\/\/greenway-logistics.com\/sv\/services\/transportavtal\/\">kostnadsbesparingar<\/a>, <a href=\"https:\/\/greenway-logistics.com\/sv\/services\/gron-logistik\/\">h\u00e5llbarhet<\/a>, <a href=\"https:\/\/greenway-logistics.com\/sv\/services\/innovation\/\">innovation<\/a> och samarbete.<\/p>\n","protected":false},"excerpt":{"rendered":"<p>Greenway Logistics supportar textil -, sport-, mode- och lifestylef\u00f6retag \u00f6ver hela v\u00e4rlden inom logistikomr\u00e5det i syfte att spara kostnader, f\u00f6rnya och g\u00f6ra den globala mode-, sport- och lifestyleindustrin mer h\u00e5llbar n\u00e4r det g\u00e4ller koldioxidutsl\u00e4pp fr\u00e5n logistiken. Genom att samarbeta med mer \u00e4n 15 branschorganisationer \u00f6ver hela v\u00e4rlden kan Greenway Logistics skapa storskalef\u00f6rdelar till medlemmar i [&hellip;]<\/p>\n","protected":false},"author":5,"featured_media":0,"parent":0,"menu_order":0,"comment_status":"closed","ping_status":"open","template":"page-home.php","meta":{"_acf_changed":false,"footnotes":""},"class_list":["post-1776","page","type-page","status-publish","hentry"],"acf":[],"yoast_head":"<!-- This site is optimized with the Yoast SEO plugin v27.4 - https:\/\/yoast.com\/product\/yoast-seo-wordpress\/ -->\n<title>Greenway Logistics - KOSTNADSBESPARINGAR OCH LOGISTIK MED L\u00c4GRE KLIMATP\u00c5VERKAN<\/title>\n<meta name=\"description\" content=\"Greenway Logistics supportar textil -, sport-, mode- och lifestylef\u00f6retag \u00f6ver hela v\u00e4rlden inom logistikomr\u00e5det i syfte att spara kostnader.\" \/>\n<meta name=\"robots\" content=\"index, follow, max-snippet:-1, max-image-preview:large, max-video-preview:-1\" \/>\n<link rel=\"canonical\" href=\"https:\/\/greenway-logistics.com\/sv\/\" \/>\n<meta property=\"og:locale\" content=\"sv_SE\" \/>\n<meta property=\"og:type\" content=\"article\" \/>\n<meta property=\"og:title\" content=\"Greenway Logistics - KOSTNADSBESPARINGAR OCH LOGISTIK MED L\u00c4GRE KLIMATP\u00c5VERKAN\" \/>\n<meta property=\"og:description\" content=\"Greenway Logistics supportar textil -, sport-, mode- och lifestylef\u00f6retag \u00f6ver hela v\u00e4rlden inom logistikomr\u00e5det i syfte att spara kostnader.\" \/>\n<meta property=\"og:url\" content=\"https:\/\/greenway-logistics.com\/sv\/\" \/>\n<meta property=\"og:site_name\" content=\"Greenway Logistics\" \/>\n<meta property=\"article:modified_time\" content=\"2026-03-09T18:00:13+00:00\" \/>\n<meta name=\"twitter:card\" content=\"summary_large_image\" \/>\n<meta name=\"twitter:label1\" content=\"Ber\u00e4knad l\u00e4stid\" \/>\n\t<meta name=\"twitter:data1\" content=\"1 minut\" \/>\n<!-- \/ Yoast SEO plugin. -->","yoast_head_json":{"title":"Greenway Logistics - KOSTNADSBESPARINGAR OCH LOGISTIK MED L\u00c4GRE KLIMATP\u00c5VERKAN","description":"Greenway Logistics supportar textil -, sport-, mode- och lifestylef\u00f6retag \u00f6ver hela v\u00e4rlden inom logistikomr\u00e5det i syfte att spara kostnader.","robots":{"index":"index","follow":"follow","max-snippet":"max-snippet:-1","max-image-preview":"max-image-preview:large","max-video-preview":"max-video-preview:-1"},"canonical":"https:\/\/greenway-logistics.com\/sv\/","og_locale":"sv_SE","og_type":"article","og_title":"Greenway Logistics - KOSTNADSBESPARINGAR OCH LOGISTIK MED L\u00c4GRE KLIMATP\u00c5VERKAN","og_description":"Greenway Logistics supportar textil -, sport-, mode- och lifestylef\u00f6retag \u00f6ver hela v\u00e4rlden inom logistikomr\u00e5det i syfte att spara kostnader.","og_url":"https:\/\/greenway-logistics.com\/sv\/","og_site_name":"Greenway Logistics","article_modified_time":"2026-03-09T18:00:13+00:00","twitter_card":"summary_large_image","twitter_misc":{"Ber\u00e4knad l\u00e4stid":"1 minut"},"schema":{"@context":"https:\/\/schema.org","@graph":[{"@type":"WebPage","@id":"https:\/\/greenway-logistics.com\/sv\/","url":"https:\/\/greenway-logistics.com\/sv\/","name":"Greenway Logistics - KOSTNADSBESPARINGAR OCH LOGISTIK MED L\u00c4GRE KLIMATP\u00c5VERKAN","isPartOf":{"@id":"https:\/\/greenway-logistics.com\/sv\/#website"},"datePublished":"2021-12-22T08:35:09+00:00","dateModified":"2026-03-09T18:00:13+00:00","description":"Greenway Logistics supportar textil -, sport-, mode- och lifestylef\u00f6retag \u00f6ver hela v\u00e4rlden inom logistikomr\u00e5det i syfte att spara kostnader.","breadcrumb":{"@id":"https:\/\/greenway-logistics.com\/sv\/#breadcrumb"},"inLanguage":"sv-SE","potentialAction":[{"@type":"ReadAction","target":["https:\/\/greenway-logistics.com\/sv\/"]}]},{"@type":"BreadcrumbList","@id":"https:\/\/greenway-logistics.com\/sv\/#breadcrumb","itemListElement":[{"@type":"ListItem","position":1,"name":"Home","item":"https:\/\/greenway-logistics.com\/sv\/"},{"@type":"ListItem","position":2,"name":"KOSTNADSBESPARINGAR OCH LOGISTIK MED L\u00c4GRE KLIMATP\u00c5VERKAN"}]},{"@type":"WebSite","@id":"https:\/\/greenway-logistics.com\/sv\/#website","url":"https:\/\/greenway-logistics.com\/sv\/","name":"Greenway Logistics","description":"Sustainable Logistics","potentialAction":[{"@type":"SearchAction","target":{"@type":"EntryPoint","urlTemplate":"https:\/\/greenway-logistics.com\/sv\/?s={search_term_string}"},"query-input":{"@type":"PropertyValueSpecification","valueRequired":true,"valueName":"search_term_string"}}],"inLanguage":"sv-SE"}]}},"_links":{"self":[{"href":"https:\/\/greenway-logistics.com\/sv\/wp-json\/wp\/v2\/pages\/1776","targetHints":{"allow":["GET"]}}],"collection":[{"href":"https:\/\/greenway-logistics.com\/sv\/wp-json\/wp\/v2\/pages"}],"about":[{"href":"https:\/\/greenway-logistics.com\/sv\/wp-json\/wp\/v2\/types\/page"}],"author":[{"embeddable":true,"href":"https:\/\/greenway-logistics.com\/sv\/wp-json\/wp\/v2\/users\/5"}],"replies":[{"embeddable":true,"href":"https:\/\/greenway-logistics.com\/sv\/wp-json\/wp\/v2\/comments?post=1776"}],"version-history":[{"count":39,"href":"https:\/\/greenway-logistics.com\/sv\/wp-json\/wp\/v2\/pages\/1776\/revisions"}],"predecessor-version":[{"id":4596,"href":"https:\/\/greenway-logistics.com\/sv\/wp-json\/wp\/v2\/pages\/1776\/revisions\/4596"}],"wp:attachment":[{"href":"https:\/\/greenway-logistics.com\/sv\/wp-json\/wp\/v2\/media?parent=1776"}],"curies":[{"name":"wp","href":"https:\/\/api.w.org\/{rel}","templated":true}]}}