{"id":1723,"date":"2023-03-07T15:26:12","date_gmt":"2023-03-07T14:26:12","guid":{"rendered":"https:\/\/greenway-logistics.com\/innovation\/"},"modified":"2024-04-25T15:02:19","modified_gmt":"2024-04-25T13:02:19","slug":"innovation","status":"publish","type":"page","link":"https:\/\/greenway-logistics.com\/sv\/losningar\/innovation\/","title":{"rendered":"Innovativa logistikl\u00f6sningar"},"content":{"rendered":"<p>Greenway Logistics tillhandah\u00e5ller innovativa l\u00f6sningar f\u00f6r sina kunder d\u00e4r kostnadsbesparingar och Gr\u00f6nt \u00e4r nyckelorden. Nya tj\u00e4nster utvecklas utifr\u00e5n industrins \u00f6nskelista.<\/p>\n<p>Projekt som &#8221;<a href=\"https:\/\/youtu.be\/7I5oLklWSEs?si=3-wTHkkCy1AKkpPP\">Bundling at the Source<\/a>&#8221;, &#8221;<a href=\"https:\/\/greenway-logistics.com\/sv\/losningar\/provkonsolidering\/\">Provkonsolidering<\/a>&#8221;, &#8221;<a href=\"https:\/\/greenway-logistics.com\/sv\/losningar\/consol-box\/\">Consol Box<\/a>&#8221; och &#8221;<a href=\"https:\/\/co2improve.com\/concepts\/\" target=\"_blank\" rel=\"noopener\">Delivery Time Harmonization<\/a>&#8221; \u00e4r exempel p\u00e5 framg\u00e5ngsrika innovationer fr\u00e5n Greenway Logistics. Begrepp som helhetssl\u00f6sningar och kombinerade transporttj\u00e4nster mellan vissa l\u00e4nder passar ocks\u00e5 in i denna lista. Dessa innovationer leder till kostnadsbesparingar och <a href=\"https:\/\/greenway-logistics.com\/sv\/tjanster\/gron-logistik\/\">gr\u00f6nare logistik<\/a> och \u00e4r d\u00e4rf\u00f6r \u00e4nnu mer intressanta.<\/p>\n<ul>\n<li><a href=\"https:\/\/greenway-logistics.com\/sv\/services\/transportavtal\/\">Transportavtal <\/a><\/li>\n<li><a href=\"https:\/\/greenway-logistics.com\/sv\/services\/gron-logistik\/\">Gr\u00f6n logistik <\/a><\/li>\n<li><a href=\"https:\/\/greenway-logistics.com\/sv\/services\/export-marknader\/\">Export marknader <\/a><\/li>\n<li><a href=\"https:\/\/greenway-logistics.com\/sv\/services\/lagerhallning\/\">Lagerh\u00e5llning<\/a><\/li>\n<li><a href=\"https:\/\/greenway-logistics.com\/sv\/losningar\/provkonsolidering\/\">Provkonsolidering<\/a><\/li>\n<li><a href=\"https:\/\/greenway-logistics.com\/sv\/losningar\/consol-box\/\">Consol Box<\/a><\/li>\n<\/ul>\n","protected":false},"excerpt":{"rendered":"<p>Greenway Logistics tillhandah\u00e5ller innovativa l\u00f6sningar f\u00f6r sina kunder d\u00e4r kostnadsbesparingar och Gr\u00f6nt \u00e4r nyckelorden. Nya tj\u00e4nster utvecklas utifr\u00e5n industrins \u00f6nskelista. Projekt som &#8221;Bundling at the Source&#8221;, &#8221;Provkonsolidering&#8221;, &#8221;Consol Box&#8221; och &#8221;Delivery Time Harmonization&#8221; \u00e4r exempel p\u00e5 framg\u00e5ngsrika innovationer fr\u00e5n Greenway Logistics. Begrepp som helhetssl\u00f6sningar och kombinerade transporttj\u00e4nster mellan vissa l\u00e4nder passar ocks\u00e5 in i denna [&hellip;]<\/p>\n","protected":false},"author":5,"featured_media":0,"parent":2301,"menu_order":0,"comment_status":"closed","ping_status":"closed","template":"","meta":{"_acf_changed":false,"footnotes":""},"class_list":["post-1723","page","type-page","status-publish","hentry"],"acf":[],"yoast_head":"<!-- This site is optimized with the Yoast SEO plugin v27.3 - https:\/\/yoast.com\/product\/yoast-seo-wordpress\/ -->\n<title>Greenway Logistics - Innovativa logistikl\u00f6sningar<\/title>\n<meta name=\"description\" content=\"Greenway Logistics tillhandah\u00e5ller innovativa l\u00f6sningar f\u00f6r sina kunder d\u00e4r kostnadsbesparingar och Gr\u00f6nt \u00e4r nyckelorden. Nya tj\u00e4nster utvecklas utifr\u00e5n industrins \u00f6nskelista.\" \/>\n<meta name=\"robots\" content=\"index, follow, max-snippet:-1, max-image-preview:large, max-video-preview:-1\" \/>\n<link rel=\"canonical\" href=\"https:\/\/greenway-logistics.com\/sv\/losningar\/innovation\/\" \/>\n<meta property=\"og:locale\" content=\"sv_SE\" \/>\n<meta property=\"og:type\" content=\"article\" \/>\n<meta property=\"og:title\" content=\"Greenway Logistics - Innovativa logistikl\u00f6sningar\" \/>\n<meta property=\"og:description\" content=\"Greenway Logistics tillhandah\u00e5ller innovativa l\u00f6sningar f\u00f6r sina kunder d\u00e4r kostnadsbesparingar och Gr\u00f6nt \u00e4r nyckelorden. Nya tj\u00e4nster utvecklas utifr\u00e5n industrins \u00f6nskelista.\" \/>\n<meta property=\"og:url\" content=\"https:\/\/greenway-logistics.com\/sv\/losningar\/innovation\/\" \/>\n<meta property=\"og:site_name\" content=\"Greenway Logistics\" \/>\n<meta property=\"article:modified_time\" content=\"2024-04-25T13:02:19+00:00\" \/>\n<meta name=\"twitter:card\" content=\"summary_large_image\" \/>\n<meta name=\"twitter:label1\" content=\"Ber\u00e4knad l\u00e4stid\" \/>\n\t<meta name=\"twitter:data1\" content=\"1 minut\" \/>\n<!-- \/ Yoast SEO plugin. -->","yoast_head_json":{"title":"Greenway Logistics - Innovativa logistikl\u00f6sningar","description":"Greenway Logistics tillhandah\u00e5ller innovativa l\u00f6sningar f\u00f6r sina kunder d\u00e4r kostnadsbesparingar och Gr\u00f6nt \u00e4r nyckelorden. Nya tj\u00e4nster utvecklas utifr\u00e5n industrins \u00f6nskelista.","robots":{"index":"index","follow":"follow","max-snippet":"max-snippet:-1","max-image-preview":"max-image-preview:large","max-video-preview":"max-video-preview:-1"},"canonical":"https:\/\/greenway-logistics.com\/sv\/losningar\/innovation\/","og_locale":"sv_SE","og_type":"article","og_title":"Greenway Logistics - Innovativa logistikl\u00f6sningar","og_description":"Greenway Logistics tillhandah\u00e5ller innovativa l\u00f6sningar f\u00f6r sina kunder d\u00e4r kostnadsbesparingar och Gr\u00f6nt \u00e4r nyckelorden. Nya tj\u00e4nster utvecklas utifr\u00e5n industrins \u00f6nskelista.","og_url":"https:\/\/greenway-logistics.com\/sv\/losningar\/innovation\/","og_site_name":"Greenway Logistics","article_modified_time":"2024-04-25T13:02:19+00:00","twitter_card":"summary_large_image","twitter_misc":{"Ber\u00e4knad l\u00e4stid":"1 minut"},"schema":{"@context":"https:\/\/schema.org","@graph":[{"@type":"WebPage","@id":"https:\/\/greenway-logistics.com\/sv\/losningar\/innovation\/","url":"https:\/\/greenway-logistics.com\/sv\/losningar\/innovation\/","name":"Greenway Logistics - Innovativa logistikl\u00f6sningar","isPartOf":{"@id":"https:\/\/greenway-logistics.com\/sv\/#website"},"datePublished":"2023-03-07T14:26:12+00:00","dateModified":"2024-04-25T13:02:19+00:00","description":"Greenway Logistics tillhandah\u00e5ller innovativa l\u00f6sningar f\u00f6r sina kunder d\u00e4r kostnadsbesparingar och Gr\u00f6nt \u00e4r nyckelorden. Nya tj\u00e4nster utvecklas utifr\u00e5n industrins \u00f6nskelista.","breadcrumb":{"@id":"https:\/\/greenway-logistics.com\/sv\/losningar\/innovation\/#breadcrumb"},"inLanguage":"sv-SE","potentialAction":[{"@type":"ReadAction","target":["https:\/\/greenway-logistics.com\/sv\/losningar\/innovation\/"]}]},{"@type":"BreadcrumbList","@id":"https:\/\/greenway-logistics.com\/sv\/losningar\/innovation\/#breadcrumb","itemListElement":[{"@type":"ListItem","position":1,"name":"Home","item":"https:\/\/greenway-logistics.com\/sv\/"},{"@type":"ListItem","position":2,"name":"L\u00f6sningar","item":"https:\/\/greenway-logistics.com\/sv\/losningar\/"},{"@type":"ListItem","position":3,"name":"Innovativa logistikl\u00f6sningar"}]},{"@type":"WebSite","@id":"https:\/\/greenway-logistics.com\/sv\/#website","url":"https:\/\/greenway-logistics.com\/sv\/","name":"Greenway Logistics","description":"Sustainable Logistics","potentialAction":[{"@type":"SearchAction","target":{"@type":"EntryPoint","urlTemplate":"https:\/\/greenway-logistics.com\/sv\/?s={search_term_string}"},"query-input":{"@type":"PropertyValueSpecification","valueRequired":true,"valueName":"search_term_string"}}],"inLanguage":"sv-SE"}]}},"_links":{"self":[{"href":"https:\/\/greenway-logistics.com\/sv\/wp-json\/wp\/v2\/pages\/1723","targetHints":{"allow":["GET"]}}],"collection":[{"href":"https:\/\/greenway-logistics.com\/sv\/wp-json\/wp\/v2\/pages"}],"about":[{"href":"https:\/\/greenway-logistics.com\/sv\/wp-json\/wp\/v2\/types\/page"}],"author":[{"embeddable":true,"href":"https:\/\/greenway-logistics.com\/sv\/wp-json\/wp\/v2\/users\/5"}],"replies":[{"embeddable":true,"href":"https:\/\/greenway-logistics.com\/sv\/wp-json\/wp\/v2\/comments?post=1723"}],"version-history":[{"count":16,"href":"https:\/\/greenway-logistics.com\/sv\/wp-json\/wp\/v2\/pages\/1723\/revisions"}],"predecessor-version":[{"id":3943,"href":"https:\/\/greenway-logistics.com\/sv\/wp-json\/wp\/v2\/pages\/1723\/revisions\/3943"}],"up":[{"embeddable":true,"href":"https:\/\/greenway-logistics.com\/sv\/wp-json\/wp\/v2\/pages\/2301"}],"wp:attachment":[{"href":"https:\/\/greenway-logistics.com\/sv\/wp-json\/wp\/v2\/media?parent=1723"}],"curies":[{"name":"wp","href":"https:\/\/api.w.org\/{rel}","templated":true}]}}