{"id":3862,"date":"2024-04-09T10:14:26","date_gmt":"2024-04-09T08:14:26","guid":{"rendered":"https:\/\/greenway-logistics.com\/?page_id=3862"},"modified":"2024-04-11T11:23:44","modified_gmt":"2024-04-11T09:23:44","slug":"consol-box","status":"publish","type":"page","link":"https:\/\/greenway-logistics.com\/fr\/services\/consol-box\/","title":{"rendered":"Consol Box"},"content":{"rendered":"<h2>\u00c0 PROPOS<\/h2>\n<p>Pour optimiser le flux de marchandises en provenance d&#8217;Asie et r\u00e9duire le nombre de mouvements de transport, Greenway Logistics combine des exp\u00e9ditions de charges inf\u00e9rieures \u00e0 un conteneur (LCL) provenant des membres de l&#8217;organisation industrielle en des charges compl\u00e8tes de conteneurs (FCL). Le Consol Box est la r\u00e9ponse de Greenway Logistics au probl\u00e8me des faibles taux de chargement (le taux de chargement moyen d&#8217;un conteneur n&#8217;est que de 60%) et est organis\u00e9 avec succ\u00e8s par Greenway Logistics depuis des ann\u00e9es \u00e0 partir des ports au Bangladesh, en Chine et en Inde. Le Consol Box propose des d\u00e9parts hebdomadaires garantis et des temps de transit stables vers l&#8217;Europe. De plus, les co\u00fbts sont pr\u00e9sent\u00e9s de mani\u00e8re transparente \u00e0 travers le tarif &#8220;Port-to-door&#8221;.<\/p>\n<p>Apr\u00e8s leur arriv\u00e9e en Europe, les conteneurs sont d\u00e9mont\u00e9s dans notre propre emplacement 3PL, permettant divers services \u00e0 valeur ajout\u00e9e (VAS). Cela inclut le tri, l&#8217;emballage, l&#8217;\u00e9tiquetage ou d&#8217;autres demandes sp\u00e9ciales. Nous avons \u00e9galement un partenaire qui g\u00e8re les activit\u00e9s li\u00e9es aux douanes en interne, telles que le d\u00e9douanement et la possibilit\u00e9 de diff\u00e9rer la TVA. La livraison peut \u00eatre organis\u00e9e \u00e0 votre, au client ou \u00e0 notre emplacement sur rendez-vous.<\/p>\n<h2>Avantages<\/h2>\n<ul>\n<li>D\u00e9part hebdomadaire garanti<\/li>\n<li>D\u00e9lais courts<\/li>\n<li>Approche de service complet<\/li>\n<li>Attention personnalis\u00e9e, excellent service, qualit\u00e9 \u00e9prouv\u00e9e<\/li>\n<li>Manutentionnaire europ\u00e9en avec un bilan \u00e9prouv\u00e9<\/li>\n<\/ul>\n<p>Si vous souhaitez en savoir plus sur le Consol Box de Greenway ou demander une analyse de votre flux logistique, n&#8217;h\u00e9sitez pas \u00e0 <a href=\"https:\/\/greenway-logistics.com\/fr\/contact\/\">nous contacter.<\/a><\/p>\n","protected":false},"excerpt":{"rendered":"<p>\u00c0 PROPOS Pour optimiser le flux de marchandises en provenance d&#8217;Asie et r\u00e9duire le nombre de mouvements de transport, Greenway Logistics combine des exp\u00e9ditions de charges inf\u00e9rieures \u00e0 un conteneur (LCL) provenant des membres de l&#8217;organisation industrielle en des charges compl\u00e8tes de conteneurs (FCL). Le Consol Box est la r\u00e9ponse de Greenway Logistics au probl\u00e8me [&hellip;]<\/p>\n","protected":false},"author":4,"featured_media":3868,"parent":2299,"menu_order":0,"comment_status":"closed","ping_status":"closed","template":"","meta":{"_acf_changed":false,"footnotes":""},"class_list":["post-3862","page","type-page","status-publish","has-post-thumbnail","hentry"],"acf":[],"yoast_head":"<!-- This site is optimized with the Yoast SEO plugin v27.4 - https:\/\/yoast.com\/product\/yoast-seo-wordpress\/ -->\n<title>Greenway Logistics - Consol Box<\/title>\n<meta name=\"description\" content=\"Pour optimiser le flux de marchandises en provenance d&#039;Asie et r\u00e9duire le nombre de mouvements de transport, Greenway Logistics combine des exp\u00e9ditions de charges inf\u00e9rieures \u00e0 un conteneur (LCL) provenant des membres de l&#039;organisation industrielle en des charges compl\u00e8tes de conteneurs (FCL).\" \/>\n<meta name=\"robots\" content=\"index, follow, max-snippet:-1, max-image-preview:large, max-video-preview:-1\" \/>\n<link rel=\"canonical\" href=\"https:\/\/greenway-logistics.com\/fr\/services\/consol-box\/\" \/>\n<meta property=\"og:locale\" content=\"fr_FR\" \/>\n<meta property=\"og:type\" content=\"article\" \/>\n<meta property=\"og:title\" content=\"Greenway Logistics - Consol Box\" \/>\n<meta property=\"og:description\" content=\"Pour optimiser le flux de marchandises en provenance d&#039;Asie et r\u00e9duire le nombre de mouvements de transport, Greenway Logistics combine des exp\u00e9ditions de charges inf\u00e9rieures \u00e0 un conteneur (LCL) provenant des membres de l&#039;organisation industrielle en des charges compl\u00e8tes de conteneurs (FCL).\" \/>\n<meta property=\"og:url\" content=\"https:\/\/greenway-logistics.com\/fr\/services\/consol-box\/\" \/>\n<meta property=\"og:site_name\" content=\"Greenway Logistics\" \/>\n<meta property=\"article:modified_time\" content=\"2024-04-11T09:23:44+00:00\" \/>\n<meta property=\"og:image\" content=\"https:\/\/greenway-logistics.com\/wp-content\/uploads\/2024\/04\/Greenway-Consol-Box-sustainable-fashion-logistics-e1712650342341.jpg\" \/>\n\t<meta property=\"og:image:width\" content=\"1920\" \/>\n\t<meta property=\"og:image:height\" content=\"1080\" \/>\n\t<meta property=\"og:image:type\" content=\"image\/jpeg\" \/>\n<meta name=\"twitter:card\" content=\"summary_large_image\" \/>\n<meta name=\"twitter:label1\" content=\"Dur\u00e9e de lecture estim\u00e9e\" \/>\n\t<meta name=\"twitter:data1\" content=\"2 minutes\" \/>\n<!-- \/ Yoast SEO plugin. -->","yoast_head_json":{"title":"Greenway Logistics - Consol Box","description":"Pour optimiser le flux de marchandises en provenance d'Asie et r\u00e9duire le nombre de mouvements de transport, Greenway Logistics combine des exp\u00e9ditions de charges inf\u00e9rieures \u00e0 un conteneur (LCL) provenant des membres de l'organisation industrielle en des charges compl\u00e8tes de conteneurs (FCL).","robots":{"index":"index","follow":"follow","max-snippet":"max-snippet:-1","max-image-preview":"max-image-preview:large","max-video-preview":"max-video-preview:-1"},"canonical":"https:\/\/greenway-logistics.com\/fr\/services\/consol-box\/","og_locale":"fr_FR","og_type":"article","og_title":"Greenway Logistics - Consol Box","og_description":"Pour optimiser le flux de marchandises en provenance d'Asie et r\u00e9duire le nombre de mouvements de transport, Greenway Logistics combine des exp\u00e9ditions de charges inf\u00e9rieures \u00e0 un conteneur (LCL) provenant des membres de l'organisation industrielle en des charges compl\u00e8tes de conteneurs (FCL).","og_url":"https:\/\/greenway-logistics.com\/fr\/services\/consol-box\/","og_site_name":"Greenway Logistics","article_modified_time":"2024-04-11T09:23:44+00:00","og_image":[{"width":1920,"height":1080,"url":"https:\/\/greenway-logistics.com\/wp-content\/uploads\/2024\/04\/Greenway-Consol-Box-sustainable-fashion-logistics-e1712650342341.jpg","type":"image\/jpeg"}],"twitter_card":"summary_large_image","twitter_misc":{"Dur\u00e9e de lecture estim\u00e9e":"2 minutes"},"schema":{"@context":"https:\/\/schema.org","@graph":[{"@type":"WebPage","@id":"https:\/\/greenway-logistics.com\/fr\/services\/consol-box\/","url":"https:\/\/greenway-logistics.com\/fr\/services\/consol-box\/","name":"Greenway Logistics - Consol Box","isPartOf":{"@id":"https:\/\/greenway-logistics.com\/fr\/#website"},"primaryImageOfPage":{"@id":"https:\/\/greenway-logistics.com\/fr\/services\/consol-box\/#primaryimage"},"image":{"@id":"https:\/\/greenway-logistics.com\/fr\/services\/consol-box\/#primaryimage"},"thumbnailUrl":"https:\/\/greenway-logistics.com\/wp-content\/uploads\/2024\/04\/Greenway-Consol-Box-sustainable-fashion-logistics-e1712650342341.jpg","datePublished":"2024-04-09T08:14:26+00:00","dateModified":"2024-04-11T09:23:44+00:00","description":"Pour optimiser le flux de marchandises en provenance d'Asie et r\u00e9duire le nombre de mouvements de transport, Greenway Logistics combine des exp\u00e9ditions de charges inf\u00e9rieures \u00e0 un conteneur (LCL) provenant des membres de l'organisation industrielle en des charges compl\u00e8tes de conteneurs (FCL).","breadcrumb":{"@id":"https:\/\/greenway-logistics.com\/fr\/services\/consol-box\/#breadcrumb"},"inLanguage":"fr-FR","potentialAction":[{"@type":"ReadAction","target":["https:\/\/greenway-logistics.com\/fr\/services\/consol-box\/"]}]},{"@type":"ImageObject","inLanguage":"fr-FR","@id":"https:\/\/greenway-logistics.com\/fr\/services\/consol-box\/#primaryimage","url":"https:\/\/greenway-logistics.com\/wp-content\/uploads\/2024\/04\/Greenway-Consol-Box-sustainable-fashion-logistics-e1712650342341.jpg","contentUrl":"https:\/\/greenway-logistics.com\/wp-content\/uploads\/2024\/04\/Greenway-Consol-Box-sustainable-fashion-logistics-e1712650342341.jpg","width":1920,"height":1080,"caption":"Greenway Consol Box sustainable fashion logistics"},{"@type":"BreadcrumbList","@id":"https:\/\/greenway-logistics.com\/fr\/services\/consol-box\/#breadcrumb","itemListElement":[{"@type":"ListItem","position":1,"name":"Home","item":"https:\/\/greenway-logistics.com\/fr\/"},{"@type":"ListItem","position":2,"name":"Services","item":"https:\/\/greenway-logistics.com\/fr\/services\/"},{"@type":"ListItem","position":3,"name":"Consol Box"}]},{"@type":"WebSite","@id":"https:\/\/greenway-logistics.com\/fr\/#website","url":"https:\/\/greenway-logistics.com\/fr\/","name":"Greenway Logistics","description":"Sustainable Logistics","potentialAction":[{"@type":"SearchAction","target":{"@type":"EntryPoint","urlTemplate":"https:\/\/greenway-logistics.com\/fr\/?s={search_term_string}"},"query-input":{"@type":"PropertyValueSpecification","valueRequired":true,"valueName":"search_term_string"}}],"inLanguage":"fr-FR"}]}},"_links":{"self":[{"href":"https:\/\/greenway-logistics.com\/fr\/wp-json\/wp\/v2\/pages\/3862","targetHints":{"allow":["GET"]}}],"collection":[{"href":"https:\/\/greenway-logistics.com\/fr\/wp-json\/wp\/v2\/pages"}],"about":[{"href":"https:\/\/greenway-logistics.com\/fr\/wp-json\/wp\/v2\/types\/page"}],"author":[{"embeddable":true,"href":"https:\/\/greenway-logistics.com\/fr\/wp-json\/wp\/v2\/users\/4"}],"replies":[{"embeddable":true,"href":"https:\/\/greenway-logistics.com\/fr\/wp-json\/wp\/v2\/comments?post=3862"}],"version-history":[{"count":1,"href":"https:\/\/greenway-logistics.com\/fr\/wp-json\/wp\/v2\/pages\/3862\/revisions"}],"predecessor-version":[{"id":3904,"href":"https:\/\/greenway-logistics.com\/fr\/wp-json\/wp\/v2\/pages\/3862\/revisions\/3904"}],"up":[{"embeddable":true,"href":"https:\/\/greenway-logistics.com\/fr\/wp-json\/wp\/v2\/pages\/2299"}],"wp:featuredmedia":[{"embeddable":true,"href":"https:\/\/greenway-logistics.com\/fr\/wp-json\/wp\/v2\/media\/3868"}],"wp:attachment":[{"href":"https:\/\/greenway-logistics.com\/fr\/wp-json\/wp\/v2\/media?parent=3862"}],"curies":[{"name":"wp","href":"https:\/\/api.w.org\/{rel}","templated":true}]}}