{"id":3664,"date":"2024-02-09T14:04:24","date_gmt":"2024-02-09T13:04:24","guid":{"rendered":"https:\/\/greenway-logistics.com\/?page_id=3664"},"modified":"2024-03-11T16:26:52","modified_gmt":"2024-03-11T15:26:52","slug":"consolidation-dechantillons","status":"publish","type":"page","link":"https:\/\/greenway-logistics.com\/fr\/services\/consolidation-dechantillons\/","title":{"rendered":"CONSOLIDATION D&#8217;\u00c9CHANTILLONS"},"content":{"rendered":"<h2>\u00c0 PROPOS<\/h2>\n<p>L&#8217;exp\u00e9dition d&#8217;\u00e9chantillons des usines vers l&#8217;Europe a \u00e9t\u00e9 l&#8217;une des parties les plus co\u00fbteuses et polluantes de la cha\u00eene d&#8217;approvisionnement. Les \u00e9chantillons de production et de vente sont g\u00e9n\u00e9ralement exp\u00e9di\u00e9s avec des services de messagerie rapide. Un nouveau processus a \u00e9t\u00e9 cr\u00e9\u00e9 dans lequel une partie des \u00e9chantillons est &#8220;ralentie&#8221; et plac\u00e9e dans une exp\u00e9dition a\u00e9rienne r\u00e9guli\u00e8re consolid\u00e9e. Ce processus est une mani\u00e8re plus intelligente de g\u00e9rer les exp\u00e9ditions, r\u00e9duisant les co\u00fbts et l&#8217;impact environnemental.<\/p>\n","protected":false},"excerpt":{"rendered":"<p>\u00c0 PROPOS L&#8217;exp\u00e9dition d&#8217;\u00e9chantillons des usines vers l&#8217;Europe a \u00e9t\u00e9 l&#8217;une des parties les plus co\u00fbteuses et polluantes de la cha\u00eene d&#8217;approvisionnement. Les \u00e9chantillons de production et de vente sont g\u00e9n\u00e9ralement exp\u00e9di\u00e9s avec des services de messagerie rapide. Un nouveau processus a \u00e9t\u00e9 cr\u00e9\u00e9 dans lequel une partie des \u00e9chantillons est &#8220;ralentie&#8221; et plac\u00e9e dans [&hellip;]<\/p>\n","protected":false},"author":5,"featured_media":0,"parent":2299,"menu_order":0,"comment_status":"closed","ping_status":"closed","template":"","meta":{"_acf_changed":false,"footnotes":""},"class_list":["post-3664","page","type-page","status-publish","hentry"],"acf":[],"yoast_head":"<!-- This site is optimized with the Yoast SEO plugin v27.3 - https:\/\/yoast.com\/product\/yoast-seo-wordpress\/ -->\n<title>Greenway Logistics - CONSOLIDATION D&#039;\u00c9CHANTILLONS<\/title>\n<meta name=\"description\" content=\"L&#039;exp\u00e9dition d&#039;\u00e9chantillons des usines vers l&#039;Europe a \u00e9t\u00e9 l&#039;une des parties les plus co\u00fbteuses et polluantes de la cha\u00eene d&#039;approvisionnement. Les \u00e9chantillons de production et de vente sont g\u00e9n\u00e9ralement exp\u00e9di\u00e9s avec des services de messagerie rapide. Un nouveau processus a \u00e9t\u00e9 cr\u00e9\u00e9 dans lequel une partie des \u00e9chantillons est &quot;ralentie&quot; et plac\u00e9e dans une exp\u00e9dition a\u00e9rienne r\u00e9guli\u00e8re consolid\u00e9e. Ce processus est une mani\u00e8re plus intelligente de g\u00e9rer les exp\u00e9ditions, r\u00e9duisant les co\u00fbts et l&#039;impact environnemental.\" \/>\n<meta name=\"robots\" content=\"index, follow, max-snippet:-1, max-image-preview:large, max-video-preview:-1\" \/>\n<link rel=\"canonical\" href=\"https:\/\/greenway-logistics.com\/fr\/services\/consolidation-dechantillons\/\" \/>\n<meta property=\"og:locale\" content=\"fr_FR\" \/>\n<meta property=\"og:type\" content=\"article\" \/>\n<meta property=\"og:title\" content=\"Greenway Logistics - CONSOLIDATION D&#039;\u00c9CHANTILLONS\" \/>\n<meta property=\"og:description\" content=\"L&#039;exp\u00e9dition d&#039;\u00e9chantillons des usines vers l&#039;Europe a \u00e9t\u00e9 l&#039;une des parties les plus co\u00fbteuses et polluantes de la cha\u00eene d&#039;approvisionnement. Les \u00e9chantillons de production et de vente sont g\u00e9n\u00e9ralement exp\u00e9di\u00e9s avec des services de messagerie rapide. Un nouveau processus a \u00e9t\u00e9 cr\u00e9\u00e9 dans lequel une partie des \u00e9chantillons est &quot;ralentie&quot; et plac\u00e9e dans une exp\u00e9dition a\u00e9rienne r\u00e9guli\u00e8re consolid\u00e9e. Ce processus est une mani\u00e8re plus intelligente de g\u00e9rer les exp\u00e9ditions, r\u00e9duisant les co\u00fbts et l&#039;impact environnemental.\" \/>\n<meta property=\"og:url\" content=\"https:\/\/greenway-logistics.com\/fr\/services\/consolidation-dechantillons\/\" \/>\n<meta property=\"og:site_name\" content=\"Greenway Logistics\" \/>\n<meta property=\"article:modified_time\" content=\"2024-03-11T15:26:52+00:00\" \/>\n<meta name=\"twitter:card\" content=\"summary_large_image\" \/>\n<meta name=\"twitter:label1\" content=\"Dur\u00e9e de lecture estim\u00e9e\" \/>\n\t<meta name=\"twitter:data1\" content=\"1 minute\" \/>\n<!-- \/ Yoast SEO plugin. -->","yoast_head_json":{"title":"Greenway Logistics - CONSOLIDATION D'\u00c9CHANTILLONS","description":"L'exp\u00e9dition d'\u00e9chantillons des usines vers l'Europe a \u00e9t\u00e9 l'une des parties les plus co\u00fbteuses et polluantes de la cha\u00eene d'approvisionnement. Les \u00e9chantillons de production et de vente sont g\u00e9n\u00e9ralement exp\u00e9di\u00e9s avec des services de messagerie rapide. Un nouveau processus a \u00e9t\u00e9 cr\u00e9\u00e9 dans lequel une partie des \u00e9chantillons est \"ralentie\" et plac\u00e9e dans une exp\u00e9dition a\u00e9rienne r\u00e9guli\u00e8re consolid\u00e9e. Ce processus est une mani\u00e8re plus intelligente de g\u00e9rer les exp\u00e9ditions, r\u00e9duisant les co\u00fbts et l'impact environnemental.","robots":{"index":"index","follow":"follow","max-snippet":"max-snippet:-1","max-image-preview":"max-image-preview:large","max-video-preview":"max-video-preview:-1"},"canonical":"https:\/\/greenway-logistics.com\/fr\/services\/consolidation-dechantillons\/","og_locale":"fr_FR","og_type":"article","og_title":"Greenway Logistics - CONSOLIDATION D'\u00c9CHANTILLONS","og_description":"L'exp\u00e9dition d'\u00e9chantillons des usines vers l'Europe a \u00e9t\u00e9 l'une des parties les plus co\u00fbteuses et polluantes de la cha\u00eene d'approvisionnement. Les \u00e9chantillons de production et de vente sont g\u00e9n\u00e9ralement exp\u00e9di\u00e9s avec des services de messagerie rapide. Un nouveau processus a \u00e9t\u00e9 cr\u00e9\u00e9 dans lequel une partie des \u00e9chantillons est \"ralentie\" et plac\u00e9e dans une exp\u00e9dition a\u00e9rienne r\u00e9guli\u00e8re consolid\u00e9e. Ce processus est une mani\u00e8re plus intelligente de g\u00e9rer les exp\u00e9ditions, r\u00e9duisant les co\u00fbts et l'impact environnemental.","og_url":"https:\/\/greenway-logistics.com\/fr\/services\/consolidation-dechantillons\/","og_site_name":"Greenway Logistics","article_modified_time":"2024-03-11T15:26:52+00:00","twitter_card":"summary_large_image","twitter_misc":{"Dur\u00e9e de lecture estim\u00e9e":"1 minute"},"schema":{"@context":"https:\/\/schema.org","@graph":[{"@type":"WebPage","@id":"https:\/\/greenway-logistics.com\/fr\/services\/consolidation-dechantillons\/","url":"https:\/\/greenway-logistics.com\/fr\/services\/consolidation-dechantillons\/","name":"Greenway Logistics - CONSOLIDATION D'\u00c9CHANTILLONS","isPartOf":{"@id":"https:\/\/greenway-logistics.com\/fr\/#website"},"datePublished":"2024-02-09T13:04:24+00:00","dateModified":"2024-03-11T15:26:52+00:00","description":"L'exp\u00e9dition d'\u00e9chantillons des usines vers l'Europe a \u00e9t\u00e9 l'une des parties les plus co\u00fbteuses et polluantes de la cha\u00eene d'approvisionnement. Les \u00e9chantillons de production et de vente sont g\u00e9n\u00e9ralement exp\u00e9di\u00e9s avec des services de messagerie rapide. Un nouveau processus a \u00e9t\u00e9 cr\u00e9\u00e9 dans lequel une partie des \u00e9chantillons est \"ralentie\" et plac\u00e9e dans une exp\u00e9dition a\u00e9rienne r\u00e9guli\u00e8re consolid\u00e9e. Ce processus est une mani\u00e8re plus intelligente de g\u00e9rer les exp\u00e9ditions, r\u00e9duisant les co\u00fbts et l'impact environnemental.","breadcrumb":{"@id":"https:\/\/greenway-logistics.com\/fr\/services\/consolidation-dechantillons\/#breadcrumb"},"inLanguage":"fr-FR","potentialAction":[{"@type":"ReadAction","target":["https:\/\/greenway-logistics.com\/fr\/services\/consolidation-dechantillons\/"]}]},{"@type":"BreadcrumbList","@id":"https:\/\/greenway-logistics.com\/fr\/services\/consolidation-dechantillons\/#breadcrumb","itemListElement":[{"@type":"ListItem","position":1,"name":"Home","item":"https:\/\/greenway-logistics.com\/fr\/"},{"@type":"ListItem","position":2,"name":"Services","item":"https:\/\/greenway-logistics.com\/fr\/services\/"},{"@type":"ListItem","position":3,"name":"CONSOLIDATION D&#8217;\u00c9CHANTILLONS"}]},{"@type":"WebSite","@id":"https:\/\/greenway-logistics.com\/fr\/#website","url":"https:\/\/greenway-logistics.com\/fr\/","name":"Greenway Logistics","description":"Sustainable Logistics","potentialAction":[{"@type":"SearchAction","target":{"@type":"EntryPoint","urlTemplate":"https:\/\/greenway-logistics.com\/fr\/?s={search_term_string}"},"query-input":{"@type":"PropertyValueSpecification","valueRequired":true,"valueName":"search_term_string"}}],"inLanguage":"fr-FR"}]}},"_links":{"self":[{"href":"https:\/\/greenway-logistics.com\/fr\/wp-json\/wp\/v2\/pages\/3664","targetHints":{"allow":["GET"]}}],"collection":[{"href":"https:\/\/greenway-logistics.com\/fr\/wp-json\/wp\/v2\/pages"}],"about":[{"href":"https:\/\/greenway-logistics.com\/fr\/wp-json\/wp\/v2\/types\/page"}],"author":[{"embeddable":true,"href":"https:\/\/greenway-logistics.com\/fr\/wp-json\/wp\/v2\/users\/5"}],"replies":[{"embeddable":true,"href":"https:\/\/greenway-logistics.com\/fr\/wp-json\/wp\/v2\/comments?post=3664"}],"version-history":[{"count":5,"href":"https:\/\/greenway-logistics.com\/fr\/wp-json\/wp\/v2\/pages\/3664\/revisions"}],"predecessor-version":[{"id":3807,"href":"https:\/\/greenway-logistics.com\/fr\/wp-json\/wp\/v2\/pages\/3664\/revisions\/3807"}],"up":[{"embeddable":true,"href":"https:\/\/greenway-logistics.com\/fr\/wp-json\/wp\/v2\/pages\/2299"}],"wp:attachment":[{"href":"https:\/\/greenway-logistics.com\/fr\/wp-json\/wp\/v2\/media?parent=3664"}],"curies":[{"name":"wp","href":"https:\/\/api.w.org\/{rel}","templated":true}]}}