{"id":2339,"date":"2023-03-01T16:15:06","date_gmt":"2023-03-01T15:15:06","guid":{"rendered":"https:\/\/greenway-logistics.com\/about\/"},"modified":"2026-01-27T16:34:07","modified_gmt":"2026-01-27T15:34:07","slug":"a-propos","status":"publish","type":"page","link":"https:\/\/greenway-logistics.com\/fr\/a-propos\/","title":{"rendered":"A propos"},"content":{"rendered":"<p>Greenway Logistics coop\u00e8re avec plus de 15 associations industrielles dans le monde entier, dans les secteurs de la mode, du sport, du textile et de l&#8217;art de vivre. Ces associations sectorielles ont confi\u00e9 leur logistique exclusivement \u00e0 Greenway Logistics afin d&#8217;offrir \u00e0 leurs membres des conseils, des solutions, des innovations et des arrangements collectifs en mati\u00e8re de logistique. Cette coop\u00e9ration permet \u00e0 Greenway Logistics de r\u00e9aliser des \u00e9conomies d&#8217;\u00e9chelle dans le domaine de la logistique.<\/p>\n<p>Greenway Logistics a conclu des contrats collectifs avec des prestataires de services logistiques du monde entier pour diff\u00e9rents modes de transport et est consid\u00e9r\u00e9e comme la tour de contr\u00f4le qui coordonne la cha\u00eene d&#8217;approvisionnement des fournisseurs. Le concept a d\u00e9but\u00e9 avec l&#8217;objectif de r\u00e9duire les co\u00fbts logistiques pour les membres de l&#8217;association de branche et maintenant ils vont plus loin et mettent en \u0153uvre la durabilit\u00e9 dans la logistique avec le concept <a href=\"http:\/\/www.co2improve.com\" target=\"_blank\" rel=\"noopener\">CO\u2082 Improve<\/a>.<\/p>\n<p>Greenway Logistics est implant\u00e9 en Belgique, en Chine, au Danemark, I &#8216;Angleterre aux Pays-Bas et en Su\u00e8de avec sa propre \u00e9quipe de professionnels de la logistique et op\u00e8re \u00e9galement au Royaume-Uni, au Canada et en Australie, entre autres. Greenway Logistics a de nombreuses ann\u00e9es d&#8217;exp\u00e9rience en logistique et dispose d&#8217;un vaste r\u00e9seau d&#8217;experts en logistique.<\/p>\n<p>Greenway Logistics est synonyme de regroupement du transport et de la logistique (<a href=\"https:\/\/greenway-logistics.com\/fr\/services\/contrats-de-transport\/\">COST SAVING<\/a>), d&#8217;approche \u00e9cologique (<a href=\"https:\/\/greenway-logistics.com\/fr\/services\/logistique-verte\/\">SUSTAINABILITY<\/a>) et de processus logistiques innovants (<a href=\"https:\/\/greenway-logistics.com\/fr\/services\/innovation\/\">INNOVATION<\/a>).<\/p>\n<p>Consultez la brochure Greenway Logistics <a href=\"file:\/\/\/C:\/Users\/MarleenVriesenga\/AppData\/Local\/Microsoft\/Windows\/INetCache\/Content.Outlook\/KZ80W7TQ\/Greenway%20Logistics%20company%20brochure.pdf\">ICI<\/a>.<\/p>\n","protected":false},"excerpt":{"rendered":"<p>Greenway Logistics coop\u00e8re avec plus de 15 associations industrielles dans le monde entier, dans les secteurs de la mode, du sport, du textile et de l&#8217;art de vivre. Ces associations sectorielles ont confi\u00e9 leur logistique exclusivement \u00e0 Greenway Logistics afin d&#8217;offrir \u00e0 leurs membres des conseils, des solutions, des innovations et des arrangements collectifs en [&hellip;]<\/p>\n","protected":false},"author":5,"featured_media":1383,"parent":0,"menu_order":0,"comment_status":"closed","ping_status":"closed","template":"","meta":{"_acf_changed":false,"footnotes":""},"class_list":["post-2339","page","type-page","status-publish","has-post-thumbnail","hentry"],"acf":[],"yoast_head":"<!-- This site is optimized with the Yoast SEO plugin v27.4 - https:\/\/yoast.com\/product\/yoast-seo-wordpress\/ -->\n<title>Greenway Logistics - A propos<\/title>\n<meta name=\"description\" content=\"Greenway Logistics coop\u00e8re avec plus de 15 associations industrielles dans le monde entier, dans les secteurs de la mode, du sport, du textile et de l&#039;art de vivre.\" \/>\n<meta name=\"robots\" content=\"index, follow, max-snippet:-1, max-image-preview:large, max-video-preview:-1\" \/>\n<link rel=\"canonical\" href=\"https:\/\/greenway-logistics.com\/fr\/a-propos\/\" \/>\n<meta property=\"og:locale\" content=\"fr_FR\" \/>\n<meta property=\"og:type\" content=\"article\" \/>\n<meta property=\"og:title\" content=\"Greenway Logistics - A propos\" \/>\n<meta property=\"og:description\" content=\"Greenway Logistics coop\u00e8re avec plus de 15 associations industrielles dans le monde entier, dans les secteurs de la mode, du sport, du textile et de l&#039;art de vivre.\" \/>\n<meta property=\"og:url\" content=\"https:\/\/greenway-logistics.com\/fr\/a-propos\/\" \/>\n<meta property=\"og:site_name\" content=\"Greenway Logistics\" \/>\n<meta property=\"article:modified_time\" content=\"2026-01-27T15:34:07+00:00\" \/>\n<meta property=\"og:image\" content=\"https:\/\/greenway-logistics.com\/wp-content\/uploads\/2023\/03\/greeway_hero_flight_1775x770-1600x460-1.jpeg\" \/>\n\t<meta property=\"og:image:width\" content=\"1600\" \/>\n\t<meta property=\"og:image:height\" content=\"460\" \/>\n\t<meta property=\"og:image:type\" content=\"image\/jpeg\" \/>\n<meta name=\"twitter:card\" content=\"summary_large_image\" \/>\n<meta name=\"twitter:label1\" content=\"Dur\u00e9e de lecture estim\u00e9e\" \/>\n\t<meta name=\"twitter:data1\" content=\"2 minutes\" \/>\n<!-- \/ Yoast SEO plugin. -->","yoast_head_json":{"title":"Greenway Logistics - A propos","description":"Greenway Logistics coop\u00e8re avec plus de 15 associations industrielles dans le monde entier, dans les secteurs de la mode, du sport, du textile et de l'art de vivre.","robots":{"index":"index","follow":"follow","max-snippet":"max-snippet:-1","max-image-preview":"max-image-preview:large","max-video-preview":"max-video-preview:-1"},"canonical":"https:\/\/greenway-logistics.com\/fr\/a-propos\/","og_locale":"fr_FR","og_type":"article","og_title":"Greenway Logistics - A propos","og_description":"Greenway Logistics coop\u00e8re avec plus de 15 associations industrielles dans le monde entier, dans les secteurs de la mode, du sport, du textile et de l'art de vivre.","og_url":"https:\/\/greenway-logistics.com\/fr\/a-propos\/","og_site_name":"Greenway Logistics","article_modified_time":"2026-01-27T15:34:07+00:00","og_image":[{"width":1600,"height":460,"url":"https:\/\/greenway-logistics.com\/wp-content\/uploads\/2023\/03\/greeway_hero_flight_1775x770-1600x460-1.jpeg","type":"image\/jpeg"}],"twitter_card":"summary_large_image","twitter_misc":{"Dur\u00e9e de lecture estim\u00e9e":"2 minutes"},"schema":{"@context":"https:\/\/schema.org","@graph":[{"@type":"WebPage","@id":"https:\/\/greenway-logistics.com\/fr\/a-propos\/","url":"https:\/\/greenway-logistics.com\/fr\/a-propos\/","name":"Greenway Logistics - A propos","isPartOf":{"@id":"https:\/\/greenway-logistics.com\/fr\/#website"},"primaryImageOfPage":{"@id":"https:\/\/greenway-logistics.com\/fr\/a-propos\/#primaryimage"},"image":{"@id":"https:\/\/greenway-logistics.com\/fr\/a-propos\/#primaryimage"},"thumbnailUrl":"https:\/\/greenway-logistics.com\/wp-content\/uploads\/2023\/03\/greeway_hero_flight_1775x770-1600x460-1.jpeg","datePublished":"2023-03-01T15:15:06+00:00","dateModified":"2026-01-27T15:34:07+00:00","description":"Greenway Logistics coop\u00e8re avec plus de 15 associations industrielles dans le monde entier, dans les secteurs de la mode, du sport, du textile et de l'art de vivre.","breadcrumb":{"@id":"https:\/\/greenway-logistics.com\/fr\/a-propos\/#breadcrumb"},"inLanguage":"fr-FR","potentialAction":[{"@type":"ReadAction","target":["https:\/\/greenway-logistics.com\/fr\/a-propos\/"]}]},{"@type":"ImageObject","inLanguage":"fr-FR","@id":"https:\/\/greenway-logistics.com\/fr\/a-propos\/#primaryimage","url":"https:\/\/greenway-logistics.com\/wp-content\/uploads\/2023\/03\/greeway_hero_flight_1775x770-1600x460-1.jpeg","contentUrl":"https:\/\/greenway-logistics.com\/wp-content\/uploads\/2023\/03\/greeway_hero_flight_1775x770-1600x460-1.jpeg","width":1600,"height":460,"caption":"Fashion Logistics"},{"@type":"BreadcrumbList","@id":"https:\/\/greenway-logistics.com\/fr\/a-propos\/#breadcrumb","itemListElement":[{"@type":"ListItem","position":1,"name":"Home","item":"https:\/\/greenway-logistics.com\/fr\/"},{"@type":"ListItem","position":2,"name":"A propos"}]},{"@type":"WebSite","@id":"https:\/\/greenway-logistics.com\/fr\/#website","url":"https:\/\/greenway-logistics.com\/fr\/","name":"Greenway Logistics","description":"Sustainable Logistics","potentialAction":[{"@type":"SearchAction","target":{"@type":"EntryPoint","urlTemplate":"https:\/\/greenway-logistics.com\/fr\/?s={search_term_string}"},"query-input":{"@type":"PropertyValueSpecification","valueRequired":true,"valueName":"search_term_string"}}],"inLanguage":"fr-FR"}]}},"_links":{"self":[{"href":"https:\/\/greenway-logistics.com\/fr\/wp-json\/wp\/v2\/pages\/2339","targetHints":{"allow":["GET"]}}],"collection":[{"href":"https:\/\/greenway-logistics.com\/fr\/wp-json\/wp\/v2\/pages"}],"about":[{"href":"https:\/\/greenway-logistics.com\/fr\/wp-json\/wp\/v2\/types\/page"}],"author":[{"embeddable":true,"href":"https:\/\/greenway-logistics.com\/fr\/wp-json\/wp\/v2\/users\/5"}],"replies":[{"embeddable":true,"href":"https:\/\/greenway-logistics.com\/fr\/wp-json\/wp\/v2\/comments?post=2339"}],"version-history":[{"count":13,"href":"https:\/\/greenway-logistics.com\/fr\/wp-json\/wp\/v2\/pages\/2339\/revisions"}],"predecessor-version":[{"id":4530,"href":"https:\/\/greenway-logistics.com\/fr\/wp-json\/wp\/v2\/pages\/2339\/revisions\/4530"}],"wp:featuredmedia":[{"embeddable":true,"href":"https:\/\/greenway-logistics.com\/fr\/wp-json\/wp\/v2\/media\/1383"}],"wp:attachment":[{"href":"https:\/\/greenway-logistics.com\/fr\/wp-json\/wp\/v2\/media?parent=2339"}],"curies":[{"name":"wp","href":"https:\/\/api.w.org\/{rel}","templated":true}]}}