{"id":2319,"date":"2023-03-01T16:16:43","date_gmt":"2023-03-01T15:16:43","guid":{"rendered":"https:\/\/greenway-logistics.com\/partners\/"},"modified":"2026-03-09T15:38:19","modified_gmt":"2026-03-09T14:38:19","slug":"partners","status":"publish","type":"page","link":"https:\/\/greenway-logistics.com\/fr\/partners\/","title":{"rendered":"Partenaires"},"content":{"rendered":"<p>Greenway Logistics entretient des relations \u00e9troites avec un certain nombre de partenaires. Il s&#8217;agit principalement d&#8217;organisations industrielles pour lesquelles Greenway Logistics organise exclusivement l&#8217;ensemble de la logistique. Pour ces organisations, Greenway Logistics est comme une extension de leur propre organisation. \u00cates-vous une organisation sectorielle dans les domaines du sport, de la mode ou du lifestyle et souhaitez-vous faire profiter vos membres de nos services et avantages logistiques ? <a href=\"https:\/\/greenway-logistics.com\/fr\/contact\/\">Contactez<\/a>-nous pour convenir d\u2019un rendez-vous.<\/p>\n<p>En outre, Greenway Logistics collabore avec divers partenaires logistiques dans plusieurs pays. Gr\u00e2ce \u00e0 ces partenaires, Greenway Logistics est en mesure d&#8217;apporter tout le soutien possible \u00e0 ses clients, ce qui constitue le c\u0153ur de la logistique collective. En outre, cette structure permet d&#8217;offrir les services Greenway partout dans le monde. Greenway Logistics a choisi ces partenaires de mani\u00e8re strat\u00e9gique.<\/p>\n","protected":false},"excerpt":{"rendered":"<p>Greenway Logistics entretient des relations \u00e9troites avec un certain nombre de partenaires. Il s&#8217;agit principalement d&#8217;organisations industrielles pour lesquelles Greenway Logistics organise exclusivement l&#8217;ensemble de la logistique. Pour ces organisations, Greenway Logistics est comme une extension de leur propre organisation. \u00cates-vous une organisation sectorielle dans les domaines du sport, de la mode ou du lifestyle [&hellip;]<\/p>\n","protected":false},"author":5,"featured_media":0,"parent":0,"menu_order":0,"comment_status":"closed","ping_status":"closed","template":"page-partners.php","meta":{"_acf_changed":false,"footnotes":""},"class_list":["post-2319","page","type-page","status-publish","hentry"],"acf":[],"yoast_head":"<!-- This site is optimized with the Yoast SEO plugin v27.3 - https:\/\/yoast.com\/product\/yoast-seo-wordpress\/ -->\n<title>Greenway Logistics - Partenaires<\/title>\n<meta name=\"description\" content=\"Greenway Logistics entretient des relations \u00e9troites avec un certain nombre de partenaires. Il s&#039;agit principalement d&#039;organisations industrielles pour lesquelles Greenway Logistics organise exclusivement l&#039;ensemble de la logistique. Pour ces organisations, Greenway Logistics est comme une extension de leur propre organisation.\" \/>\n<meta name=\"robots\" content=\"index, follow, max-snippet:-1, max-image-preview:large, max-video-preview:-1\" \/>\n<link rel=\"canonical\" href=\"https:\/\/greenway-logistics.com\/fr\/partners\/\" \/>\n<meta property=\"og:locale\" content=\"fr_FR\" \/>\n<meta property=\"og:type\" content=\"article\" \/>\n<meta property=\"og:title\" content=\"Greenway Logistics - Partenaires\" \/>\n<meta property=\"og:description\" content=\"Greenway Logistics entretient des relations \u00e9troites avec un certain nombre de partenaires. Il s&#039;agit principalement d&#039;organisations industrielles pour lesquelles Greenway Logistics organise exclusivement l&#039;ensemble de la logistique. Pour ces organisations, Greenway Logistics est comme une extension de leur propre organisation.\" \/>\n<meta property=\"og:url\" content=\"https:\/\/greenway-logistics.com\/fr\/partners\/\" \/>\n<meta property=\"og:site_name\" content=\"Greenway Logistics\" \/>\n<meta property=\"article:modified_time\" content=\"2026-03-09T14:38:19+00:00\" \/>\n<meta name=\"twitter:card\" content=\"summary_large_image\" \/>\n<meta name=\"twitter:label1\" content=\"Dur\u00e9e de lecture estim\u00e9e\" \/>\n\t<meta name=\"twitter:data1\" content=\"1 minute\" \/>\n<!-- \/ Yoast SEO plugin. -->","yoast_head_json":{"title":"Greenway Logistics - Partenaires","description":"Greenway Logistics entretient des relations \u00e9troites avec un certain nombre de partenaires. Il s'agit principalement d'organisations industrielles pour lesquelles Greenway Logistics organise exclusivement l'ensemble de la logistique. Pour ces organisations, Greenway Logistics est comme une extension de leur propre organisation.","robots":{"index":"index","follow":"follow","max-snippet":"max-snippet:-1","max-image-preview":"max-image-preview:large","max-video-preview":"max-video-preview:-1"},"canonical":"https:\/\/greenway-logistics.com\/fr\/partners\/","og_locale":"fr_FR","og_type":"article","og_title":"Greenway Logistics - Partenaires","og_description":"Greenway Logistics entretient des relations \u00e9troites avec un certain nombre de partenaires. Il s'agit principalement d'organisations industrielles pour lesquelles Greenway Logistics organise exclusivement l'ensemble de la logistique. Pour ces organisations, Greenway Logistics est comme une extension de leur propre organisation.","og_url":"https:\/\/greenway-logistics.com\/fr\/partners\/","og_site_name":"Greenway Logistics","article_modified_time":"2026-03-09T14:38:19+00:00","twitter_card":"summary_large_image","twitter_misc":{"Dur\u00e9e de lecture estim\u00e9e":"1 minute"},"schema":{"@context":"https:\/\/schema.org","@graph":[{"@type":"WebPage","@id":"https:\/\/greenway-logistics.com\/fr\/partners\/","url":"https:\/\/greenway-logistics.com\/fr\/partners\/","name":"Greenway Logistics - Partenaires","isPartOf":{"@id":"https:\/\/greenway-logistics.com\/fr\/#website"},"datePublished":"2023-03-01T15:16:43+00:00","dateModified":"2026-03-09T14:38:19+00:00","description":"Greenway Logistics entretient des relations \u00e9troites avec un certain nombre de partenaires. Il s'agit principalement d'organisations industrielles pour lesquelles Greenway Logistics organise exclusivement l'ensemble de la logistique. Pour ces organisations, Greenway Logistics est comme une extension de leur propre organisation.","breadcrumb":{"@id":"https:\/\/greenway-logistics.com\/fr\/partners\/#breadcrumb"},"inLanguage":"fr-FR","potentialAction":[{"@type":"ReadAction","target":["https:\/\/greenway-logistics.com\/fr\/partners\/"]}]},{"@type":"BreadcrumbList","@id":"https:\/\/greenway-logistics.com\/fr\/partners\/#breadcrumb","itemListElement":[{"@type":"ListItem","position":1,"name":"Home","item":"https:\/\/greenway-logistics.com\/fr\/"},{"@type":"ListItem","position":2,"name":"Partenaires"}]},{"@type":"WebSite","@id":"https:\/\/greenway-logistics.com\/fr\/#website","url":"https:\/\/greenway-logistics.com\/fr\/","name":"Greenway Logistics","description":"Sustainable Logistics","potentialAction":[{"@type":"SearchAction","target":{"@type":"EntryPoint","urlTemplate":"https:\/\/greenway-logistics.com\/fr\/?s={search_term_string}"},"query-input":{"@type":"PropertyValueSpecification","valueRequired":true,"valueName":"search_term_string"}}],"inLanguage":"fr-FR"}]}},"_links":{"self":[{"href":"https:\/\/greenway-logistics.com\/fr\/wp-json\/wp\/v2\/pages\/2319","targetHints":{"allow":["GET"]}}],"collection":[{"href":"https:\/\/greenway-logistics.com\/fr\/wp-json\/wp\/v2\/pages"}],"about":[{"href":"https:\/\/greenway-logistics.com\/fr\/wp-json\/wp\/v2\/types\/page"}],"author":[{"embeddable":true,"href":"https:\/\/greenway-logistics.com\/fr\/wp-json\/wp\/v2\/users\/5"}],"replies":[{"embeddable":true,"href":"https:\/\/greenway-logistics.com\/fr\/wp-json\/wp\/v2\/comments?post=2319"}],"version-history":[{"count":4,"href":"https:\/\/greenway-logistics.com\/fr\/wp-json\/wp\/v2\/pages\/2319\/revisions"}],"predecessor-version":[{"id":4572,"href":"https:\/\/greenway-logistics.com\/fr\/wp-json\/wp\/v2\/pages\/2319\/revisions\/4572"}],"wp:attachment":[{"href":"https:\/\/greenway-logistics.com\/fr\/wp-json\/wp\/v2\/media?parent=2319"}],"curies":[{"name":"wp","href":"https:\/\/api.w.org\/{rel}","templated":true}]}}