{"id":2309,"date":"2023-03-07T15:12:50","date_gmt":"2023-03-07T14:12:50","guid":{"rendered":"https:\/\/greenway-logistics.com\/services\/green-logistics\/"},"modified":"2024-12-09T14:20:51","modified_gmt":"2024-12-09T13:20:51","slug":"logistique-verte","status":"publish","type":"page","link":"https:\/\/greenway-logistics.com\/fr\/services\/logistique-verte\/","title":{"rendered":"Logistique verte"},"content":{"rendered":"<p>La logistique joue un r\u00f4le cl\u00e9 dans l&#8217;\u00e9conomie mondiale, ce qui signifie qu&#8217;il est tr\u00e8s important que les organisations pr\u00eatent attention \u00e0 une logistique plus verte. Dans le domaine du transport, il s&#8217;agit d&#8217;\u00e9conomiser des kilom\u00e8tres et du carburant et de r\u00e9duire les \u00e9missions de particules, de suie et de CO\u2082. Greenway Logistics poss\u00e8de l&#8217;expertise n\u00e9cessaire pour rendre la logistique des entreprises de mode, de sport, de textile et de l\u2019art de vivre plus durable. Tous les concepts logistiques de Greenway Logistics visent \u00e0 r\u00e9duire l&#8217;empreinte CO\u2082 des entreprises.<\/p>\n<p>Greenway Logistics a d\u00e9velopp\u00e9 un concept: CO\u2082 Improve. <a href=\"http:\/\/www.co2improve.com\">CO\u2082 Improve<\/a> aide les entreprises \u00e0 mieux conna\u00eetre leur empreinte CO\u2082 (\u00e0 l&#8217;aide d&#8217;un contr\u00f4le officiel et certifi\u00e9) et les aide \u00e0 r\u00e9duire les \u00e9missions de CO\u2082 des activit\u00e9s logistiques en innovant et en travaillant ensemble. Il s&#8217;agit d&#8217;am\u00e9liorer plut\u00f4t que de compenser. L&#8217;objectif ultime est d&#8217;am\u00e9liorer l&#8217;industrie mondiale de la mode, du sport et de l&#8217;art de vivre en ce qui concerne les \u00e9missions de CO\u2082 li\u00e9es \u00e0 la logistique.<\/p>\n<ul>\n<li><a href=\"https:\/\/greenway-logistics.com\/fr\/services\/contrats-de-transport\/\">Contrats de transport<\/a><\/li>\n<li><a href=\"https:\/\/greenway-logistics.com\/fr\/services\/marches-dexportation\/\">March\u00e9s d&#8217;exportation<\/a><\/li>\n<li><a href=\"https:\/\/greenway-logistics.com\/fr\/services\/entreposage\/\">Entreposage<\/a><\/li>\n<li><a href=\"https:\/\/greenway-logistics.com\/fr\/services\/innovation\/\">Solutions logistiques innovantes<\/a><\/li>\n<\/ul>\n","protected":false},"excerpt":{"rendered":"<p>La logistique joue un r\u00f4le cl\u00e9 dans l&#8217;\u00e9conomie mondiale, ce qui signifie qu&#8217;il est tr\u00e8s important que les organisations pr\u00eatent attention \u00e0 une logistique plus verte. Dans le domaine du transport, il s&#8217;agit d&#8217;\u00e9conomiser des kilom\u00e8tres et du carburant et de r\u00e9duire les \u00e9missions de particules, de suie et de CO\u2082. Greenway Logistics poss\u00e8de l&#8217;expertise [&hellip;]<\/p>\n","protected":false},"author":5,"featured_media":0,"parent":2299,"menu_order":0,"comment_status":"closed","ping_status":"closed","template":"","meta":{"_acf_changed":false,"footnotes":""},"class_list":["post-2309","page","type-page","status-publish","hentry"],"acf":[],"yoast_head":"<!-- This site is optimized with the Yoast SEO plugin v27.4 - https:\/\/yoast.com\/product\/yoast-seo-wordpress\/ -->\n<title>Greenway Logistics - Logistique verte<\/title>\n<meta name=\"description\" content=\"La logistique joue un r\u00f4le cl\u00e9 dans l&#039;\u00e9conomie mondiale, ce qui signifie qu&#039;il est tr\u00e8s important que les organisations pr\u00eatent attention \u00e0 une logistique plus verte. Dans le domaine du transport, il s&#039;agit d&#039;\u00e9conomiser des kilom\u00e8tres et du carburant et de r\u00e9duire les \u00e9missions de particules, de suie et de CO\u2082.\" \/>\n<meta name=\"robots\" content=\"index, follow, max-snippet:-1, max-image-preview:large, max-video-preview:-1\" \/>\n<link rel=\"canonical\" href=\"https:\/\/greenway-logistics.com\/fr\/services\/logistique-verte\/\" \/>\n<meta property=\"og:locale\" content=\"fr_FR\" \/>\n<meta property=\"og:type\" content=\"article\" \/>\n<meta property=\"og:title\" content=\"Greenway Logistics - Logistique verte\" \/>\n<meta property=\"og:description\" content=\"La logistique joue un r\u00f4le cl\u00e9 dans l&#039;\u00e9conomie mondiale, ce qui signifie qu&#039;il est tr\u00e8s important que les organisations pr\u00eatent attention \u00e0 une logistique plus verte. Dans le domaine du transport, il s&#039;agit d&#039;\u00e9conomiser des kilom\u00e8tres et du carburant et de r\u00e9duire les \u00e9missions de particules, de suie et de CO\u2082.\" \/>\n<meta property=\"og:url\" content=\"https:\/\/greenway-logistics.com\/fr\/services\/logistique-verte\/\" \/>\n<meta property=\"og:site_name\" content=\"Greenway Logistics\" \/>\n<meta property=\"article:modified_time\" content=\"2024-12-09T13:20:51+00:00\" \/>\n<meta name=\"twitter:card\" content=\"summary_large_image\" \/>\n<meta name=\"twitter:label1\" content=\"Dur\u00e9e de lecture estim\u00e9e\" \/>\n\t<meta name=\"twitter:data1\" content=\"1 minute\" \/>\n<!-- \/ Yoast SEO plugin. -->","yoast_head_json":{"title":"Greenway Logistics - Logistique verte","description":"La logistique joue un r\u00f4le cl\u00e9 dans l'\u00e9conomie mondiale, ce qui signifie qu'il est tr\u00e8s important que les organisations pr\u00eatent attention \u00e0 une logistique plus verte. Dans le domaine du transport, il s'agit d'\u00e9conomiser des kilom\u00e8tres et du carburant et de r\u00e9duire les \u00e9missions de particules, de suie et de CO\u2082.","robots":{"index":"index","follow":"follow","max-snippet":"max-snippet:-1","max-image-preview":"max-image-preview:large","max-video-preview":"max-video-preview:-1"},"canonical":"https:\/\/greenway-logistics.com\/fr\/services\/logistique-verte\/","og_locale":"fr_FR","og_type":"article","og_title":"Greenway Logistics - Logistique verte","og_description":"La logistique joue un r\u00f4le cl\u00e9 dans l'\u00e9conomie mondiale, ce qui signifie qu'il est tr\u00e8s important que les organisations pr\u00eatent attention \u00e0 une logistique plus verte. Dans le domaine du transport, il s'agit d'\u00e9conomiser des kilom\u00e8tres et du carburant et de r\u00e9duire les \u00e9missions de particules, de suie et de CO\u2082.","og_url":"https:\/\/greenway-logistics.com\/fr\/services\/logistique-verte\/","og_site_name":"Greenway Logistics","article_modified_time":"2024-12-09T13:20:51+00:00","twitter_card":"summary_large_image","twitter_misc":{"Dur\u00e9e de lecture estim\u00e9e":"1 minute"},"schema":{"@context":"https:\/\/schema.org","@graph":[{"@type":"WebPage","@id":"https:\/\/greenway-logistics.com\/fr\/services\/logistique-verte\/","url":"https:\/\/greenway-logistics.com\/fr\/services\/logistique-verte\/","name":"Greenway Logistics - Logistique verte","isPartOf":{"@id":"https:\/\/greenway-logistics.com\/fr\/#website"},"datePublished":"2023-03-07T14:12:50+00:00","dateModified":"2024-12-09T13:20:51+00:00","description":"La logistique joue un r\u00f4le cl\u00e9 dans l'\u00e9conomie mondiale, ce qui signifie qu'il est tr\u00e8s important que les organisations pr\u00eatent attention \u00e0 une logistique plus verte. Dans le domaine du transport, il s'agit d'\u00e9conomiser des kilom\u00e8tres et du carburant et de r\u00e9duire les \u00e9missions de particules, de suie et de CO\u2082.","breadcrumb":{"@id":"https:\/\/greenway-logistics.com\/fr\/services\/logistique-verte\/#breadcrumb"},"inLanguage":"fr-FR","potentialAction":[{"@type":"ReadAction","target":["https:\/\/greenway-logistics.com\/fr\/services\/logistique-verte\/"]}]},{"@type":"BreadcrumbList","@id":"https:\/\/greenway-logistics.com\/fr\/services\/logistique-verte\/#breadcrumb","itemListElement":[{"@type":"ListItem","position":1,"name":"Home","item":"https:\/\/greenway-logistics.com\/fr\/"},{"@type":"ListItem","position":2,"name":"Services","item":"https:\/\/greenway-logistics.com\/fr\/services\/"},{"@type":"ListItem","position":3,"name":"Logistique verte"}]},{"@type":"WebSite","@id":"https:\/\/greenway-logistics.com\/fr\/#website","url":"https:\/\/greenway-logistics.com\/fr\/","name":"Greenway Logistics","description":"Sustainable Logistics","potentialAction":[{"@type":"SearchAction","target":{"@type":"EntryPoint","urlTemplate":"https:\/\/greenway-logistics.com\/fr\/?s={search_term_string}"},"query-input":{"@type":"PropertyValueSpecification","valueRequired":true,"valueName":"search_term_string"}}],"inLanguage":"fr-FR"}]}},"_links":{"self":[{"href":"https:\/\/greenway-logistics.com\/fr\/wp-json\/wp\/v2\/pages\/2309","targetHints":{"allow":["GET"]}}],"collection":[{"href":"https:\/\/greenway-logistics.com\/fr\/wp-json\/wp\/v2\/pages"}],"about":[{"href":"https:\/\/greenway-logistics.com\/fr\/wp-json\/wp\/v2\/types\/page"}],"author":[{"embeddable":true,"href":"https:\/\/greenway-logistics.com\/fr\/wp-json\/wp\/v2\/users\/5"}],"replies":[{"embeddable":true,"href":"https:\/\/greenway-logistics.com\/fr\/wp-json\/wp\/v2\/comments?post=2309"}],"version-history":[{"count":6,"href":"https:\/\/greenway-logistics.com\/fr\/wp-json\/wp\/v2\/pages\/2309\/revisions"}],"predecessor-version":[{"id":4184,"href":"https:\/\/greenway-logistics.com\/fr\/wp-json\/wp\/v2\/pages\/2309\/revisions\/4184"}],"up":[{"embeddable":true,"href":"https:\/\/greenway-logistics.com\/fr\/wp-json\/wp\/v2\/pages\/2299"}],"wp:attachment":[{"href":"https:\/\/greenway-logistics.com\/fr\/wp-json\/wp\/v2\/media?parent=2309"}],"curies":[{"name":"wp","href":"https:\/\/api.w.org\/{rel}","templated":true}]}}