{"id":2299,"date":"2023-03-01T16:18:41","date_gmt":"2023-03-01T15:18:41","guid":{"rendered":"https:\/\/greenway-logistics.com\/services\/"},"modified":"2023-04-21T13:27:48","modified_gmt":"2023-04-21T11:27:48","slug":"services","status":"publish","type":"page","link":"https:\/\/greenway-logistics.com\/fr\/services\/","title":{"rendered":"Services"},"content":{"rendered":"<p>Greenway Logistics r\u00e9duit les co\u00fbts et rend la logistique plus durable pour les entreprises des secteurs de la mode, du sport, du textile et de l&#8217;art de vivre. L&#8217;entreprise offre des conseils et un soutien logistique gr\u00e2ce \u00e0 son expertise et \u00e0 son r\u00e9seau dans le domaine de la logistique:<\/p>\n<ul>\n<li><a href=\"https:\/\/greenway-logistics.com\/fr\/services\/contrats-de-transport\/\">Contrats de transport &gt;<\/a><\/li>\n<li><a href=\"https:\/\/greenway-logistics.com\/fr\/services\/logistique-verte\/\">Logistique verte &gt;<\/a><\/li>\n<li><a href=\"https:\/\/greenway-logistics.com\/fr\/services\/marches-dexportation\/\">March\u00e9s d&#8217;exportation&gt;<\/a><\/li>\n<li><a href=\"https:\/\/greenway-logistics.com\/fr\/services\/entreposage\/\">Entreposage &gt;<\/a><\/li>\n<li><a href=\"https:\/\/greenway-logistics.com\/fr\/services\/innovation\/\">Solutions logistiques innovantes &gt;<\/a><\/li>\n<\/ul>\n<p>Greenway Logistics travaille en \u00e9troite collaboration avec de nombreuses entreprises de logistique. Ces collaborations sont en fait le c\u0153ur de la logistique collective. Greenway Logistics choisit toujours des entreprises qui, en plus de fournir un travail et des services de qualit\u00e9, comprennent et adoptent l&#8217;importance de la coop\u00e9ration.<\/p>\n","protected":false},"excerpt":{"rendered":"<p>Greenway Logistics r\u00e9duit les co\u00fbts et rend la logistique plus durable pour les entreprises des secteurs de la mode, du sport, du textile et de l&#8217;art de vivre. L&#8217;entreprise offre des conseils et un soutien logistique gr\u00e2ce \u00e0 son expertise et \u00e0 son r\u00e9seau dans le domaine de la logistique: Contrats de transport &gt; Logistique [&hellip;]<\/p>\n","protected":false},"author":5,"featured_media":1371,"parent":0,"menu_order":0,"comment_status":"closed","ping_status":"closed","template":"","meta":{"_acf_changed":false,"footnotes":""},"class_list":["post-2299","page","type-page","status-publish","has-post-thumbnail","hentry"],"acf":[],"yoast_head":"<!-- This site is optimized with the Yoast SEO plugin v27.3 - https:\/\/yoast.com\/product\/yoast-seo-wordpress\/ -->\n<title>Greenway Logistics - Services<\/title>\n<meta name=\"description\" content=\"Greenway Logistics r\u00e9duit les co\u00fbts et rend la logistique plus durable pour les entreprises des secteurs de la mode, du sport, du textile et de l&#039;art de vivre. L&#039;entreprise offre des conseils et un soutien logistique gr\u00e2ce \u00e0 son expertise et \u00e0 son r\u00e9seau\" \/>\n<meta name=\"robots\" content=\"index, follow, max-snippet:-1, max-image-preview:large, max-video-preview:-1\" \/>\n<link rel=\"canonical\" href=\"https:\/\/greenway-logistics.com\/fr\/services\/\" \/>\n<meta property=\"og:locale\" content=\"fr_FR\" \/>\n<meta property=\"og:type\" content=\"article\" \/>\n<meta property=\"og:title\" content=\"Greenway Logistics - Services\" \/>\n<meta property=\"og:description\" content=\"Greenway Logistics r\u00e9duit les co\u00fbts et rend la logistique plus durable pour les entreprises des secteurs de la mode, du sport, du textile et de l&#039;art de vivre. L&#039;entreprise offre des conseils et un soutien logistique gr\u00e2ce \u00e0 son expertise et \u00e0 son r\u00e9seau\" \/>\n<meta property=\"og:url\" content=\"https:\/\/greenway-logistics.com\/fr\/services\/\" \/>\n<meta property=\"og:site_name\" content=\"Greenway Logistics\" \/>\n<meta property=\"article:modified_time\" content=\"2023-04-21T11:27:48+00:00\" \/>\n<meta property=\"og:image\" content=\"https:\/\/greenway-logistics.com\/wp-content\/uploads\/2023\/03\/greeway_hero_ship_1775x770-1600x460-1.jpeg\" \/>\n\t<meta property=\"og:image:width\" content=\"1600\" \/>\n\t<meta property=\"og:image:height\" content=\"460\" \/>\n\t<meta property=\"og:image:type\" content=\"image\/jpeg\" \/>\n<meta name=\"twitter:card\" content=\"summary_large_image\" \/>\n<meta name=\"twitter:label1\" content=\"Dur\u00e9e de lecture estim\u00e9e\" \/>\n\t<meta name=\"twitter:data1\" content=\"1 minute\" \/>\n<!-- \/ Yoast SEO plugin. -->","yoast_head_json":{"title":"Greenway Logistics - Services","description":"Greenway Logistics r\u00e9duit les co\u00fbts et rend la logistique plus durable pour les entreprises des secteurs de la mode, du sport, du textile et de l'art de vivre. L'entreprise offre des conseils et un soutien logistique gr\u00e2ce \u00e0 son expertise et \u00e0 son r\u00e9seau","robots":{"index":"index","follow":"follow","max-snippet":"max-snippet:-1","max-image-preview":"max-image-preview:large","max-video-preview":"max-video-preview:-1"},"canonical":"https:\/\/greenway-logistics.com\/fr\/services\/","og_locale":"fr_FR","og_type":"article","og_title":"Greenway Logistics - Services","og_description":"Greenway Logistics r\u00e9duit les co\u00fbts et rend la logistique plus durable pour les entreprises des secteurs de la mode, du sport, du textile et de l'art de vivre. L'entreprise offre des conseils et un soutien logistique gr\u00e2ce \u00e0 son expertise et \u00e0 son r\u00e9seau","og_url":"https:\/\/greenway-logistics.com\/fr\/services\/","og_site_name":"Greenway Logistics","article_modified_time":"2023-04-21T11:27:48+00:00","og_image":[{"width":1600,"height":460,"url":"https:\/\/greenway-logistics.com\/wp-content\/uploads\/2023\/03\/greeway_hero_ship_1775x770-1600x460-1.jpeg","type":"image\/jpeg"}],"twitter_card":"summary_large_image","twitter_misc":{"Dur\u00e9e de lecture estim\u00e9e":"1 minute"},"schema":{"@context":"https:\/\/schema.org","@graph":[{"@type":"WebPage","@id":"https:\/\/greenway-logistics.com\/fr\/services\/","url":"https:\/\/greenway-logistics.com\/fr\/services\/","name":"Greenway Logistics - Services","isPartOf":{"@id":"https:\/\/greenway-logistics.com\/fr\/#website"},"primaryImageOfPage":{"@id":"https:\/\/greenway-logistics.com\/fr\/services\/#primaryimage"},"image":{"@id":"https:\/\/greenway-logistics.com\/fr\/services\/#primaryimage"},"thumbnailUrl":"https:\/\/greenway-logistics.com\/wp-content\/uploads\/2023\/03\/greeway_hero_ship_1775x770-1600x460-1.jpeg","datePublished":"2023-03-01T15:18:41+00:00","dateModified":"2023-04-21T11:27:48+00:00","description":"Greenway Logistics r\u00e9duit les co\u00fbts et rend la logistique plus durable pour les entreprises des secteurs de la mode, du sport, du textile et de l'art de vivre. L'entreprise offre des conseils et un soutien logistique gr\u00e2ce \u00e0 son expertise et \u00e0 son r\u00e9seau","breadcrumb":{"@id":"https:\/\/greenway-logistics.com\/fr\/services\/#breadcrumb"},"inLanguage":"fr-FR","potentialAction":[{"@type":"ReadAction","target":["https:\/\/greenway-logistics.com\/fr\/services\/"]}]},{"@type":"ImageObject","inLanguage":"fr-FR","@id":"https:\/\/greenway-logistics.com\/fr\/services\/#primaryimage","url":"https:\/\/greenway-logistics.com\/wp-content\/uploads\/2023\/03\/greeway_hero_ship_1775x770-1600x460-1.jpeg","contentUrl":"https:\/\/greenway-logistics.com\/wp-content\/uploads\/2023\/03\/greeway_hero_ship_1775x770-1600x460-1.jpeg","width":1600,"height":460,"caption":"Effici\u00ebnte logistieke oplossingen op maat."},{"@type":"BreadcrumbList","@id":"https:\/\/greenway-logistics.com\/fr\/services\/#breadcrumb","itemListElement":[{"@type":"ListItem","position":1,"name":"Home","item":"https:\/\/greenway-logistics.com\/fr\/"},{"@type":"ListItem","position":2,"name":"Services"}]},{"@type":"WebSite","@id":"https:\/\/greenway-logistics.com\/fr\/#website","url":"https:\/\/greenway-logistics.com\/fr\/","name":"Greenway Logistics","description":"Sustainable Logistics","potentialAction":[{"@type":"SearchAction","target":{"@type":"EntryPoint","urlTemplate":"https:\/\/greenway-logistics.com\/fr\/?s={search_term_string}"},"query-input":{"@type":"PropertyValueSpecification","valueRequired":true,"valueName":"search_term_string"}}],"inLanguage":"fr-FR"}]}},"_links":{"self":[{"href":"https:\/\/greenway-logistics.com\/fr\/wp-json\/wp\/v2\/pages\/2299","targetHints":{"allow":["GET"]}}],"collection":[{"href":"https:\/\/greenway-logistics.com\/fr\/wp-json\/wp\/v2\/pages"}],"about":[{"href":"https:\/\/greenway-logistics.com\/fr\/wp-json\/wp\/v2\/types\/page"}],"author":[{"embeddable":true,"href":"https:\/\/greenway-logistics.com\/fr\/wp-json\/wp\/v2\/users\/5"}],"replies":[{"embeddable":true,"href":"https:\/\/greenway-logistics.com\/fr\/wp-json\/wp\/v2\/comments?post=2299"}],"version-history":[{"count":10,"href":"https:\/\/greenway-logistics.com\/fr\/wp-json\/wp\/v2\/pages\/2299\/revisions"}],"predecessor-version":[{"id":3225,"href":"https:\/\/greenway-logistics.com\/fr\/wp-json\/wp\/v2\/pages\/2299\/revisions\/3225"}],"wp:featuredmedia":[{"embeddable":true,"href":"https:\/\/greenway-logistics.com\/fr\/wp-json\/wp\/v2\/media\/1371"}],"wp:attachment":[{"href":"https:\/\/greenway-logistics.com\/fr\/wp-json\/wp\/v2\/media?parent=2299"}],"curies":[{"name":"wp","href":"https:\/\/api.w.org\/{rel}","templated":true}]}}