{"id":2289,"date":"2023-03-07T15:24:58","date_gmt":"2023-03-07T14:24:58","guid":{"rendered":"https:\/\/greenway-logistics.com\/entering-external-markets\/"},"modified":"2024-12-09T14:37:40","modified_gmt":"2024-12-09T13:37:40","slug":"marches-dexportation","status":"publish","type":"page","link":"https:\/\/greenway-logistics.com\/fr\/services\/marches-dexportation\/","title":{"rendered":"March\u00e9s d&#8217;exportation"},"content":{"rendered":"<p>Greenway Logistics aide les entreprises \u00e0 p\u00e9n\u00e9trer les march\u00e9s ext\u00e9rieurs. Le d\u00e9veloppement des march\u00e9s internationaux n\u00e9cessite une infrastructure logistique \u00e0 l&#8217;\u00e9tranger.<\/p>\n<p><strong>Porte d&#8217;entr\u00e9e vers l&#8217;Europe<\/strong><br \/>\nPremi\u00e8re \u00e9conomie mondiale avec plus de 500 millions de consommateurs, l&#8217;Union europ\u00e9enne offre des opportunit\u00e9s passionnantes aux entreprises de mode, de sport et de l\u2019art de vivre. Entrer en Europe ou au Royaume-Uni en tant qu&#8217;entreprise non europ\u00e9enne peut \u00eatre un grand d\u00e9fi ; il est important de comprendre comment acc\u00e9der au march\u00e9 europ\u00e9en ainsi que les barri\u00e8res potentielles qui peuvent exister.<\/p>\n<p>Greenway Logistics a mis au point un service qui combine tous les domaines d&#8217;expertise. Ce service complet, intitul\u00e9 &#8220;<strong>Gateway to Europe<\/strong>&#8220;, vise \u00e0 aider les grandes marques et les PME \u00e0 r\u00e9soudre leurs probl\u00e8mes imm\u00e9diats et \u00e0 prendre en compte les consid\u00e9rations \u00e0 long terme en mati\u00e8re d&#8217;exportation et de distribution. Elle associe les meilleures informations disponibles \u00e0 des conseils pratiques et orient\u00e9s vers l&#8217;action.<\/p>\n<p>L&#8217;\u00e9l\u00e9ment central de notre concept pour vous aider \u00e0 p\u00e9n\u00e9trer le march\u00e9 britannique et europ\u00e9en est l&#8217;assistance \u00e9tendue et int\u00e9gr\u00e9e sur les sujets les plus pertinents : marketing et ventes, logistique et ex\u00e9cution, douanes et TVA, organisation financi\u00e8re et conformit\u00e9 et r\u00e9glementation.<\/p>\n<p>Nous avons d\u00e9j\u00e0 soutenu avec succ\u00e8s de nombreuses entreprises. Par l&#8217;interm\u00e9diaire de votre association sectorielle, vous pouvez \u00e9galement acc\u00e9der facilement \u00e0 cet ensemble de services. Vous souhaitez \u00e9tendre votre marque \u00e0 l&#8217;\u00e9chelle intercontinentale ? Nous sommes heureux de vous aider.<\/p>\n<ul>\n<li><a href=\"https:\/\/greenway-logistics.com\/fr\/services\/contrats-de-transport\/\">Contrats de transport &gt;<\/a><\/li>\n<li><a href=\"https:\/\/greenway-logistics.com\/fr\/services\/logistique-verte\/\">Logistique verte &gt;<\/a><\/li>\n<li><a href=\"https:\/\/greenway-logistics.com\/fr\/services\/entreposage\/\">Entreposage &gt;<\/a><\/li>\n<li><a href=\"https:\/\/greenway-logistics.com\/fr\/services\/innovation\/\">Solutions logistiques innovantes &gt;<\/a><\/li>\n<\/ul>\n<p>&nbsp;<\/p>\n","protected":false},"excerpt":{"rendered":"<p>Greenway Logistics aide les entreprises \u00e0 p\u00e9n\u00e9trer les march\u00e9s ext\u00e9rieurs. Le d\u00e9veloppement des march\u00e9s internationaux n\u00e9cessite une infrastructure logistique \u00e0 l&#8217;\u00e9tranger. Porte d&#8217;entr\u00e9e vers l&#8217;Europe Premi\u00e8re \u00e9conomie mondiale avec plus de 500 millions de consommateurs, l&#8217;Union europ\u00e9enne offre des opportunit\u00e9s passionnantes aux entreprises de mode, de sport et de l\u2019art de vivre. Entrer en Europe [&hellip;]<\/p>\n","protected":false},"author":5,"featured_media":0,"parent":2299,"menu_order":0,"comment_status":"closed","ping_status":"closed","template":"","meta":{"_acf_changed":false,"footnotes":""},"class_list":["post-2289","page","type-page","status-publish","hentry"],"acf":[],"yoast_head":"<!-- This site is optimized with the Yoast SEO plugin v27.3 - https:\/\/yoast.com\/product\/yoast-seo-wordpress\/ -->\n<title>Greenway Logistics - March\u00e9s d&#039;exportation<\/title>\n<meta name=\"description\" content=\"Greenway Logistics aide les entreprises \u00e0 p\u00e9n\u00e9trer les march\u00e9s ext\u00e9rieurs. Le d\u00e9veloppement des march\u00e9s internationaux n\u00e9cessite une infrastructure logistique \u00e0 l&#039;\u00e9tranger.\" \/>\n<meta name=\"robots\" content=\"index, follow, max-snippet:-1, max-image-preview:large, max-video-preview:-1\" \/>\n<link rel=\"canonical\" href=\"https:\/\/greenway-logistics.com\/fr\/services\/marches-dexportation\/\" \/>\n<meta property=\"og:locale\" content=\"fr_FR\" \/>\n<meta property=\"og:type\" content=\"article\" \/>\n<meta property=\"og:title\" content=\"Greenway Logistics - March\u00e9s d&#039;exportation\" \/>\n<meta property=\"og:description\" content=\"Greenway Logistics aide les entreprises \u00e0 p\u00e9n\u00e9trer les march\u00e9s ext\u00e9rieurs. Le d\u00e9veloppement des march\u00e9s internationaux n\u00e9cessite une infrastructure logistique \u00e0 l&#039;\u00e9tranger.\" \/>\n<meta property=\"og:url\" content=\"https:\/\/greenway-logistics.com\/fr\/services\/marches-dexportation\/\" \/>\n<meta property=\"og:site_name\" content=\"Greenway Logistics\" \/>\n<meta property=\"article:modified_time\" content=\"2024-12-09T13:37:40+00:00\" \/>\n<meta name=\"twitter:card\" content=\"summary_large_image\" \/>\n<meta name=\"twitter:label1\" content=\"Dur\u00e9e de lecture estim\u00e9e\" \/>\n\t<meta name=\"twitter:data1\" content=\"2 minutes\" \/>\n<!-- \/ Yoast SEO plugin. -->","yoast_head_json":{"title":"Greenway Logistics - March\u00e9s d'exportation","description":"Greenway Logistics aide les entreprises \u00e0 p\u00e9n\u00e9trer les march\u00e9s ext\u00e9rieurs. Le d\u00e9veloppement des march\u00e9s internationaux n\u00e9cessite une infrastructure logistique \u00e0 l'\u00e9tranger.","robots":{"index":"index","follow":"follow","max-snippet":"max-snippet:-1","max-image-preview":"max-image-preview:large","max-video-preview":"max-video-preview:-1"},"canonical":"https:\/\/greenway-logistics.com\/fr\/services\/marches-dexportation\/","og_locale":"fr_FR","og_type":"article","og_title":"Greenway Logistics - March\u00e9s d'exportation","og_description":"Greenway Logistics aide les entreprises \u00e0 p\u00e9n\u00e9trer les march\u00e9s ext\u00e9rieurs. Le d\u00e9veloppement des march\u00e9s internationaux n\u00e9cessite une infrastructure logistique \u00e0 l'\u00e9tranger.","og_url":"https:\/\/greenway-logistics.com\/fr\/services\/marches-dexportation\/","og_site_name":"Greenway Logistics","article_modified_time":"2024-12-09T13:37:40+00:00","twitter_card":"summary_large_image","twitter_misc":{"Dur\u00e9e de lecture estim\u00e9e":"2 minutes"},"schema":{"@context":"https:\/\/schema.org","@graph":[{"@type":"WebPage","@id":"https:\/\/greenway-logistics.com\/fr\/services\/marches-dexportation\/","url":"https:\/\/greenway-logistics.com\/fr\/services\/marches-dexportation\/","name":"Greenway Logistics - March\u00e9s d'exportation","isPartOf":{"@id":"https:\/\/greenway-logistics.com\/fr\/#website"},"datePublished":"2023-03-07T14:24:58+00:00","dateModified":"2024-12-09T13:37:40+00:00","description":"Greenway Logistics aide les entreprises \u00e0 p\u00e9n\u00e9trer les march\u00e9s ext\u00e9rieurs. Le d\u00e9veloppement des march\u00e9s internationaux n\u00e9cessite une infrastructure logistique \u00e0 l'\u00e9tranger.","breadcrumb":{"@id":"https:\/\/greenway-logistics.com\/fr\/services\/marches-dexportation\/#breadcrumb"},"inLanguage":"fr-FR","potentialAction":[{"@type":"ReadAction","target":["https:\/\/greenway-logistics.com\/fr\/services\/marches-dexportation\/"]}]},{"@type":"BreadcrumbList","@id":"https:\/\/greenway-logistics.com\/fr\/services\/marches-dexportation\/#breadcrumb","itemListElement":[{"@type":"ListItem","position":1,"name":"Home","item":"https:\/\/greenway-logistics.com\/fr\/"},{"@type":"ListItem","position":2,"name":"Services","item":"https:\/\/greenway-logistics.com\/fr\/services\/"},{"@type":"ListItem","position":3,"name":"March\u00e9s d&#8217;exportation"}]},{"@type":"WebSite","@id":"https:\/\/greenway-logistics.com\/fr\/#website","url":"https:\/\/greenway-logistics.com\/fr\/","name":"Greenway Logistics","description":"Sustainable Logistics","potentialAction":[{"@type":"SearchAction","target":{"@type":"EntryPoint","urlTemplate":"https:\/\/greenway-logistics.com\/fr\/?s={search_term_string}"},"query-input":{"@type":"PropertyValueSpecification","valueRequired":true,"valueName":"search_term_string"}}],"inLanguage":"fr-FR"}]}},"_links":{"self":[{"href":"https:\/\/greenway-logistics.com\/fr\/wp-json\/wp\/v2\/pages\/2289","targetHints":{"allow":["GET"]}}],"collection":[{"href":"https:\/\/greenway-logistics.com\/fr\/wp-json\/wp\/v2\/pages"}],"about":[{"href":"https:\/\/greenway-logistics.com\/fr\/wp-json\/wp\/v2\/types\/page"}],"author":[{"embeddable":true,"href":"https:\/\/greenway-logistics.com\/fr\/wp-json\/wp\/v2\/users\/5"}],"replies":[{"embeddable":true,"href":"https:\/\/greenway-logistics.com\/fr\/wp-json\/wp\/v2\/comments?post=2289"}],"version-history":[{"count":11,"href":"https:\/\/greenway-logistics.com\/fr\/wp-json\/wp\/v2\/pages\/2289\/revisions"}],"predecessor-version":[{"id":4192,"href":"https:\/\/greenway-logistics.com\/fr\/wp-json\/wp\/v2\/pages\/2289\/revisions\/4192"}],"up":[{"embeddable":true,"href":"https:\/\/greenway-logistics.com\/fr\/wp-json\/wp\/v2\/pages\/2299"}],"wp:attachment":[{"href":"https:\/\/greenway-logistics.com\/fr\/wp-json\/wp\/v2\/media?parent=2289"}],"curies":[{"name":"wp","href":"https:\/\/api.w.org\/{rel}","templated":true}]}}