{"id":2279,"date":"2023-03-07T15:23:24","date_gmt":"2023-03-07T14:23:24","guid":{"rendered":"https:\/\/greenway-logistics.com\/carrier-contracts\/"},"modified":"2024-12-11T10:52:40","modified_gmt":"2024-12-11T09:52:40","slug":"contrats-de-transport","status":"publish","type":"page","link":"https:\/\/greenway-logistics.com\/fr\/services\/contrats-de-transport\/","title":{"rendered":"Contrats de transport"},"content":{"rendered":"<p>Greenway Logistics travaille localement et globalement avec des transporteurs pour offrir des accords collectifs de transport et donc des \u00e9conomies d&#8217;\u00e9chelle. Greenway Logistics a conclu des accords collectifs avec des partenaires dans le domaine du fret maritime et a\u00e9rien, du transport express, de la distribution de colis et de palettes et du transport ferroviaire et routier. Le regroupement des flux de transport et la consolidation permettent de r\u00e9duire les co\u00fbts et les \u00e9missions de CO\u2082. Greenway Logistics soutient les entreprises des secteurs de la mode, du sport, du textile et de l&#8217;art de vivre dans leurs activit\u00e9s internationales et les aide \u00e0 importer et \u00e0 exporter dans le monde entier, tant en B2B qu&#8217;en B2C.<\/p>\n","protected":false},"excerpt":{"rendered":"<p>Greenway Logistics travaille localement et globalement avec des transporteurs pour offrir des accords collectifs de transport et donc des \u00e9conomies d&#8217;\u00e9chelle. Greenway Logistics a conclu des accords collectifs avec des partenaires dans le domaine du fret maritime et a\u00e9rien, du transport express, de la distribution de colis et de palettes et du transport ferroviaire et [&hellip;]<\/p>\n","protected":false},"author":5,"featured_media":0,"parent":2299,"menu_order":0,"comment_status":"closed","ping_status":"closed","template":"","meta":{"_acf_changed":false,"footnotes":""},"class_list":["post-2279","page","type-page","status-publish","hentry"],"acf":[],"yoast_head":"<!-- This site is optimized with the Yoast SEO plugin v27.5 - https:\/\/yoast.com\/product\/yoast-seo-wordpress\/ -->\n<title>Greenway Logistics - Contrats de transport<\/title>\n<meta name=\"description\" content=\"Greenway Logistics travaille localement et globalement avec des transporteurs pour offrir des accords collectifs de transport et donc des \u00e9conomies d&#039;\u00e9chelle.\" \/>\n<meta name=\"robots\" content=\"index, follow, max-snippet:-1, max-image-preview:large, max-video-preview:-1\" \/>\n<link rel=\"canonical\" href=\"https:\/\/greenway-logistics.com\/fr\/services\/contrats-de-transport\/\" \/>\n<meta property=\"og:locale\" content=\"fr_FR\" \/>\n<meta property=\"og:type\" content=\"article\" \/>\n<meta property=\"og:title\" content=\"Greenway Logistics - Contrats de transport\" \/>\n<meta property=\"og:description\" content=\"Greenway Logistics travaille localement et globalement avec des transporteurs pour offrir des accords collectifs de transport et donc des \u00e9conomies d&#039;\u00e9chelle.\" \/>\n<meta property=\"og:url\" content=\"https:\/\/greenway-logistics.com\/fr\/services\/contrats-de-transport\/\" \/>\n<meta property=\"og:site_name\" content=\"Greenway Logistics\" \/>\n<meta property=\"article:modified_time\" content=\"2024-12-11T09:52:40+00:00\" \/>\n<meta name=\"twitter:card\" content=\"summary_large_image\" \/>\n<meta name=\"twitter:label1\" content=\"Dur\u00e9e de lecture estim\u00e9e\" \/>\n\t<meta name=\"twitter:data1\" content=\"1 minute\" \/>\n<!-- \/ Yoast SEO plugin. -->","yoast_head_json":{"title":"Greenway Logistics - Contrats de transport","description":"Greenway Logistics travaille localement et globalement avec des transporteurs pour offrir des accords collectifs de transport et donc des \u00e9conomies d'\u00e9chelle.","robots":{"index":"index","follow":"follow","max-snippet":"max-snippet:-1","max-image-preview":"max-image-preview:large","max-video-preview":"max-video-preview:-1"},"canonical":"https:\/\/greenway-logistics.com\/fr\/services\/contrats-de-transport\/","og_locale":"fr_FR","og_type":"article","og_title":"Greenway Logistics - Contrats de transport","og_description":"Greenway Logistics travaille localement et globalement avec des transporteurs pour offrir des accords collectifs de transport et donc des \u00e9conomies d'\u00e9chelle.","og_url":"https:\/\/greenway-logistics.com\/fr\/services\/contrats-de-transport\/","og_site_name":"Greenway Logistics","article_modified_time":"2024-12-11T09:52:40+00:00","twitter_card":"summary_large_image","twitter_misc":{"Dur\u00e9e de lecture estim\u00e9e":"1 minute"},"schema":{"@context":"https:\/\/schema.org","@graph":[{"@type":"WebPage","@id":"https:\/\/greenway-logistics.com\/fr\/services\/contrats-de-transport\/","url":"https:\/\/greenway-logistics.com\/fr\/services\/contrats-de-transport\/","name":"Greenway Logistics - Contrats de transport","isPartOf":{"@id":"https:\/\/greenway-logistics.com\/fr\/#website"},"datePublished":"2023-03-07T14:23:24+00:00","dateModified":"2024-12-11T09:52:40+00:00","description":"Greenway Logistics travaille localement et globalement avec des transporteurs pour offrir des accords collectifs de transport et donc des \u00e9conomies d'\u00e9chelle.","breadcrumb":{"@id":"https:\/\/greenway-logistics.com\/fr\/services\/contrats-de-transport\/#breadcrumb"},"inLanguage":"fr-FR","potentialAction":[{"@type":"ReadAction","target":["https:\/\/greenway-logistics.com\/fr\/services\/contrats-de-transport\/"]}]},{"@type":"BreadcrumbList","@id":"https:\/\/greenway-logistics.com\/fr\/services\/contrats-de-transport\/#breadcrumb","itemListElement":[{"@type":"ListItem","position":1,"name":"Home","item":"https:\/\/greenway-logistics.com\/fr\/"},{"@type":"ListItem","position":2,"name":"Services","item":"https:\/\/greenway-logistics.com\/fr\/services\/"},{"@type":"ListItem","position":3,"name":"Contrats de transport"}]},{"@type":"WebSite","@id":"https:\/\/greenway-logistics.com\/fr\/#website","url":"https:\/\/greenway-logistics.com\/fr\/","name":"Greenway Logistics","description":"Sustainable Logistics","potentialAction":[{"@type":"SearchAction","target":{"@type":"EntryPoint","urlTemplate":"https:\/\/greenway-logistics.com\/fr\/?s={search_term_string}"},"query-input":{"@type":"PropertyValueSpecification","valueRequired":true,"valueName":"search_term_string"}}],"inLanguage":"fr-FR"}]}},"_links":{"self":[{"href":"https:\/\/greenway-logistics.com\/fr\/wp-json\/wp\/v2\/pages\/2279","targetHints":{"allow":["GET"]}}],"collection":[{"href":"https:\/\/greenway-logistics.com\/fr\/wp-json\/wp\/v2\/pages"}],"about":[{"href":"https:\/\/greenway-logistics.com\/fr\/wp-json\/wp\/v2\/types\/page"}],"author":[{"embeddable":true,"href":"https:\/\/greenway-logistics.com\/fr\/wp-json\/wp\/v2\/users\/5"}],"replies":[{"embeddable":true,"href":"https:\/\/greenway-logistics.com\/fr\/wp-json\/wp\/v2\/comments?post=2279"}],"version-history":[{"count":6,"href":"https:\/\/greenway-logistics.com\/fr\/wp-json\/wp\/v2\/pages\/2279\/revisions"}],"predecessor-version":[{"id":3415,"href":"https:\/\/greenway-logistics.com\/fr\/wp-json\/wp\/v2\/pages\/2279\/revisions\/3415"}],"up":[{"embeddable":true,"href":"https:\/\/greenway-logistics.com\/fr\/wp-json\/wp\/v2\/pages\/2299"}],"wp:attachment":[{"href":"https:\/\/greenway-logistics.com\/fr\/wp-json\/wp\/v2\/media?parent=2279"}],"curies":[{"name":"wp","href":"https:\/\/api.w.org\/{rel}","templated":true}]}}