{"id":2264,"date":"2023-03-07T15:24:10","date_gmt":"2023-03-07T14:24:10","guid":{"rendered":"https:\/\/greenway-logistics.com\/warehousing\/"},"modified":"2023-04-14T13:40:02","modified_gmt":"2023-04-14T11:40:02","slug":"entreposage","status":"publish","type":"page","link":"https:\/\/greenway-logistics.com\/fr\/services\/entreposage\/","title":{"rendered":"Entreposage"},"content":{"rendered":"<p>Greenway Logistics travaille en \u00e9troite collaboration avec diverses parties (logistiques) dans plusieurs pays pour l&#8217;externalisation de la logistique. L&#8217;externalisation de la logistique est une d\u00e9cision difficile \u00e0 prendre pour de nombreuses entreprises. Greenway Logistics estime que l&#8217;externalisation est dans de nombreux cas une bonne solution, en ce qui concerne la flexibilit\u00e9 et la r\u00e9duction des co\u00fbts, la gestion des pics saisonniers, les possibilit\u00e9s d&#8217;am\u00e9lioration de la qualit\u00e9 des livraisons et l&#8217;acc\u00e8s \u00e0 de nouveaux march\u00e9s. Greenway Logistics aide les entreprises \u00e0 r\u00e9aliser une analyse de rentabilit\u00e9, \u00e0 inclure les bonnes variables et \u00e0 obtenir une vision transparente de l&#8217;externalisation de la logistique.<\/p>\n<ul>\n<li><a href=\"https:\/\/greenway-logistics.com\/fr\/services\/contrats-de-transport\/\">Contrats de transport &gt;<\/a><\/li>\n<li><a href=\"https:\/\/greenway-logistics.com\/fr\/services\/logistique-verte\/\">Logistique verte &gt;<\/a><\/li>\n<li><a href=\"https:\/\/greenway-logistics.com\/fr\/services\/marches-dexportation\/\">March\u00e9s d&#8217;exportation&gt;<\/a><\/li>\n<li><a href=\"https:\/\/greenway-logistics.com\/fr\/services\/innovation\/\">Solutions logistiques innovantes &gt;<\/a><\/li>\n<\/ul>\n<p>&nbsp;<\/p>\n","protected":false},"excerpt":{"rendered":"<p>Greenway Logistics travaille en \u00e9troite collaboration avec diverses parties (logistiques) dans plusieurs pays pour l&#8217;externalisation de la logistique. L&#8217;externalisation de la logistique est une d\u00e9cision difficile \u00e0 prendre pour de nombreuses entreprises. Greenway Logistics estime que l&#8217;externalisation est dans de nombreux cas une bonne solution, en ce qui concerne la flexibilit\u00e9 et la r\u00e9duction des [&hellip;]<\/p>\n","protected":false},"author":5,"featured_media":0,"parent":2299,"menu_order":0,"comment_status":"closed","ping_status":"closed","template":"","meta":{"_acf_changed":false,"footnotes":""},"class_list":["post-2264","page","type-page","status-publish","hentry"],"acf":[],"yoast_head":"<!-- This site is optimized with the Yoast SEO plugin v27.4 - https:\/\/yoast.com\/product\/yoast-seo-wordpress\/ -->\n<title>Greenway Logistics - Entreposage<\/title>\n<meta name=\"description\" content=\"Greenway Logistics travaille en \u00e9troite collaboration avec diverses parties (logistiques) dans plusieurs pays pour l&#039;externalisation de la logistique. L&#039;externalisation de la logistique est une d\u00e9cision difficile \u00e0 prendre pour de nombreuses entreprises.\" \/>\n<meta name=\"robots\" content=\"index, follow, max-snippet:-1, max-image-preview:large, max-video-preview:-1\" \/>\n<link rel=\"canonical\" href=\"https:\/\/greenway-logistics.com\/fr\/services\/entreposage\/\" \/>\n<meta property=\"og:locale\" content=\"fr_FR\" \/>\n<meta property=\"og:type\" content=\"article\" \/>\n<meta property=\"og:title\" content=\"Greenway Logistics - Entreposage\" \/>\n<meta property=\"og:description\" content=\"Greenway Logistics travaille en \u00e9troite collaboration avec diverses parties (logistiques) dans plusieurs pays pour l&#039;externalisation de la logistique. L&#039;externalisation de la logistique est une d\u00e9cision difficile \u00e0 prendre pour de nombreuses entreprises.\" \/>\n<meta property=\"og:url\" content=\"https:\/\/greenway-logistics.com\/fr\/services\/entreposage\/\" \/>\n<meta property=\"og:site_name\" content=\"Greenway Logistics\" \/>\n<meta property=\"article:modified_time\" content=\"2023-04-14T11:40:02+00:00\" \/>\n<meta name=\"twitter:card\" content=\"summary_large_image\" \/>\n<meta name=\"twitter:label1\" content=\"Dur\u00e9e de lecture estim\u00e9e\" \/>\n\t<meta name=\"twitter:data1\" content=\"1 minute\" \/>\n<!-- \/ Yoast SEO plugin. -->","yoast_head_json":{"title":"Greenway Logistics - Entreposage","description":"Greenway Logistics travaille en \u00e9troite collaboration avec diverses parties (logistiques) dans plusieurs pays pour l'externalisation de la logistique. L'externalisation de la logistique est une d\u00e9cision difficile \u00e0 prendre pour de nombreuses entreprises.","robots":{"index":"index","follow":"follow","max-snippet":"max-snippet:-1","max-image-preview":"max-image-preview:large","max-video-preview":"max-video-preview:-1"},"canonical":"https:\/\/greenway-logistics.com\/fr\/services\/entreposage\/","og_locale":"fr_FR","og_type":"article","og_title":"Greenway Logistics - Entreposage","og_description":"Greenway Logistics travaille en \u00e9troite collaboration avec diverses parties (logistiques) dans plusieurs pays pour l'externalisation de la logistique. L'externalisation de la logistique est une d\u00e9cision difficile \u00e0 prendre pour de nombreuses entreprises.","og_url":"https:\/\/greenway-logistics.com\/fr\/services\/entreposage\/","og_site_name":"Greenway Logistics","article_modified_time":"2023-04-14T11:40:02+00:00","twitter_card":"summary_large_image","twitter_misc":{"Dur\u00e9e de lecture estim\u00e9e":"1 minute"},"schema":{"@context":"https:\/\/schema.org","@graph":[{"@type":"WebPage","@id":"https:\/\/greenway-logistics.com\/fr\/services\/entreposage\/","url":"https:\/\/greenway-logistics.com\/fr\/services\/entreposage\/","name":"Greenway Logistics - Entreposage","isPartOf":{"@id":"https:\/\/greenway-logistics.com\/fr\/#website"},"datePublished":"2023-03-07T14:24:10+00:00","dateModified":"2023-04-14T11:40:02+00:00","description":"Greenway Logistics travaille en \u00e9troite collaboration avec diverses parties (logistiques) dans plusieurs pays pour l'externalisation de la logistique. L'externalisation de la logistique est une d\u00e9cision difficile \u00e0 prendre pour de nombreuses entreprises.","breadcrumb":{"@id":"https:\/\/greenway-logistics.com\/fr\/services\/entreposage\/#breadcrumb"},"inLanguage":"fr-FR","potentialAction":[{"@type":"ReadAction","target":["https:\/\/greenway-logistics.com\/fr\/services\/entreposage\/"]}]},{"@type":"BreadcrumbList","@id":"https:\/\/greenway-logistics.com\/fr\/services\/entreposage\/#breadcrumb","itemListElement":[{"@type":"ListItem","position":1,"name":"Home","item":"https:\/\/greenway-logistics.com\/fr\/"},{"@type":"ListItem","position":2,"name":"Services","item":"https:\/\/greenway-logistics.com\/fr\/services\/"},{"@type":"ListItem","position":3,"name":"Entreposage"}]},{"@type":"WebSite","@id":"https:\/\/greenway-logistics.com\/fr\/#website","url":"https:\/\/greenway-logistics.com\/fr\/","name":"Greenway Logistics","description":"Sustainable Logistics","potentialAction":[{"@type":"SearchAction","target":{"@type":"EntryPoint","urlTemplate":"https:\/\/greenway-logistics.com\/fr\/?s={search_term_string}"},"query-input":{"@type":"PropertyValueSpecification","valueRequired":true,"valueName":"search_term_string"}}],"inLanguage":"fr-FR"}]}},"_links":{"self":[{"href":"https:\/\/greenway-logistics.com\/fr\/wp-json\/wp\/v2\/pages\/2264","targetHints":{"allow":["GET"]}}],"collection":[{"href":"https:\/\/greenway-logistics.com\/fr\/wp-json\/wp\/v2\/pages"}],"about":[{"href":"https:\/\/greenway-logistics.com\/fr\/wp-json\/wp\/v2\/types\/page"}],"author":[{"embeddable":true,"href":"https:\/\/greenway-logistics.com\/fr\/wp-json\/wp\/v2\/users\/5"}],"replies":[{"embeddable":true,"href":"https:\/\/greenway-logistics.com\/fr\/wp-json\/wp\/v2\/comments?post=2264"}],"version-history":[{"count":7,"href":"https:\/\/greenway-logistics.com\/fr\/wp-json\/wp\/v2\/pages\/2264\/revisions"}],"predecessor-version":[{"id":3107,"href":"https:\/\/greenway-logistics.com\/fr\/wp-json\/wp\/v2\/pages\/2264\/revisions\/3107"}],"up":[{"embeddable":true,"href":"https:\/\/greenway-logistics.com\/fr\/wp-json\/wp\/v2\/pages\/2299"}],"wp:attachment":[{"href":"https:\/\/greenway-logistics.com\/fr\/wp-json\/wp\/v2\/media?parent=2264"}],"curies":[{"name":"wp","href":"https:\/\/api.w.org\/{rel}","templated":true}]}}