{"id":1774,"date":"2021-12-22T09:35:09","date_gmt":"2021-12-22T08:35:09","guid":{"rendered":"https:\/\/greenway-logistics.com\/341-2\/"},"modified":"2026-03-09T16:16:34","modified_gmt":"2026-03-09T15:16:34","slug":"341-2","status":"publish","type":"page","link":"https:\/\/greenway-logistics.com\/fr\/","title":{"rendered":"R\u00c9DUCTION DES CO\u00dbTS ET LOGISTIQUE VERTE"},"content":{"rendered":"<p>Greenway Logistics soutient les entreprises de mode, de sport, de textile et de l\u2019art de vivre du monde entier dans le domaine de la logistique, dans le but de r\u00e9duire les co\u00fbts, d&#8217;innover et de rendre l&#8217;industrie mondiale de la mode, du sport et du l\u2019art de vivre plus durable en ce qui concerne les \u00e9missions de CO\u2082 li\u00e9es \u00e0 la logistique.<\/p>\n<p>En coop\u00e9rant avec plus de 15 organisations industrielles dans le monde, Greenway Logistics est en mesure de r\u00e9aliser des \u00e9conomies d&#8217;\u00e9chelle.<\/p>\n<p>Greenway Logistics est synonyme de <a href=\"https:\/\/greenway-logistics.com\/fr\/services\/contrats-de-transport\/\">r\u00e9duction des co\u00fbts<\/a>, <a href=\"https:\/\/greenway-logistics.com\/fr\/services\/logistique-verte\/\">de durabilit\u00e9<\/a>, <a href=\"https:\/\/greenway-logistics.com\/fr\/services\/innovation\/\">d&#8217;innovation<\/a> et de coop\u00e9ration industrielle.<\/p>\n","protected":false},"excerpt":{"rendered":"<p>Greenway Logistics soutient les entreprises de mode, de sport, de textile et de l\u2019art de vivre du monde entier dans le domaine de la logistique, dans le but de r\u00e9duire les co\u00fbts, d&#8217;innover et de rendre l&#8217;industrie mondiale de la mode, du sport et du l\u2019art de vivre plus durable en ce qui concerne les [&hellip;]<\/p>\n","protected":false},"author":5,"featured_media":0,"parent":0,"menu_order":0,"comment_status":"closed","ping_status":"open","template":"page-home.php","meta":{"_acf_changed":false,"footnotes":""},"class_list":["post-1774","page","type-page","status-publish","hentry"],"acf":[],"yoast_head":"<!-- This site is optimized with the Yoast SEO plugin v27.4 - https:\/\/yoast.com\/product\/yoast-seo-wordpress\/ -->\n<title>Greenway Logistics - R\u00c9DUCTION DES CO\u00dbTS ET LOGISTIQUE VERTE<\/title>\n<meta name=\"description\" content=\"Greenway Logistics soutient les entreprises de mode, de sport, de textile et de l\u2019art de vivre du monde entier dans le domaine de la logistique, dans le but de r\u00e9duire les co\u00fbts, d&#039;innover et de rendre l&#039;industrie mondiale de la mode, du sport et du l\u2019art de vivre plus durable en ce qui concerne les \u00e9missions de CO\u2082 li\u00e9es \u00e0 la logistique.\" \/>\n<meta name=\"robots\" content=\"index, follow, max-snippet:-1, max-image-preview:large, max-video-preview:-1\" \/>\n<link rel=\"canonical\" href=\"https:\/\/greenway-logistics.com\/fr\/\" \/>\n<meta property=\"og:locale\" content=\"fr_FR\" \/>\n<meta property=\"og:type\" content=\"article\" \/>\n<meta property=\"og:title\" content=\"Greenway Logistics - R\u00c9DUCTION DES CO\u00dbTS ET LOGISTIQUE VERTE\" \/>\n<meta property=\"og:description\" content=\"Greenway Logistics soutient les entreprises de mode, de sport, de textile et de l\u2019art de vivre du monde entier dans le domaine de la logistique, dans le but de r\u00e9duire les co\u00fbts, d&#039;innover et de rendre l&#039;industrie mondiale de la mode, du sport et du l\u2019art de vivre plus durable en ce qui concerne les \u00e9missions de CO\u2082 li\u00e9es \u00e0 la logistique.\" \/>\n<meta property=\"og:url\" content=\"https:\/\/greenway-logistics.com\/fr\/\" \/>\n<meta property=\"og:site_name\" content=\"Greenway Logistics\" \/>\n<meta property=\"article:modified_time\" content=\"2026-03-09T15:16:34+00:00\" \/>\n<meta name=\"twitter:card\" content=\"summary_large_image\" \/>\n<meta name=\"twitter:label1\" content=\"Dur\u00e9e de lecture estim\u00e9e\" \/>\n\t<meta name=\"twitter:data1\" content=\"1 minute\" \/>\n<!-- \/ Yoast SEO plugin. -->","yoast_head_json":{"title":"Greenway Logistics - R\u00c9DUCTION DES CO\u00dbTS ET LOGISTIQUE VERTE","description":"Greenway Logistics soutient les entreprises de mode, de sport, de textile et de l\u2019art de vivre du monde entier dans le domaine de la logistique, dans le but de r\u00e9duire les co\u00fbts, d'innover et de rendre l'industrie mondiale de la mode, du sport et du l\u2019art de vivre plus durable en ce qui concerne les \u00e9missions de CO\u2082 li\u00e9es \u00e0 la logistique.","robots":{"index":"index","follow":"follow","max-snippet":"max-snippet:-1","max-image-preview":"max-image-preview:large","max-video-preview":"max-video-preview:-1"},"canonical":"https:\/\/greenway-logistics.com\/fr\/","og_locale":"fr_FR","og_type":"article","og_title":"Greenway Logistics - R\u00c9DUCTION DES CO\u00dbTS ET LOGISTIQUE VERTE","og_description":"Greenway Logistics soutient les entreprises de mode, de sport, de textile et de l\u2019art de vivre du monde entier dans le domaine de la logistique, dans le but de r\u00e9duire les co\u00fbts, d'innover et de rendre l'industrie mondiale de la mode, du sport et du l\u2019art de vivre plus durable en ce qui concerne les \u00e9missions de CO\u2082 li\u00e9es \u00e0 la logistique.","og_url":"https:\/\/greenway-logistics.com\/fr\/","og_site_name":"Greenway Logistics","article_modified_time":"2026-03-09T15:16:34+00:00","twitter_card":"summary_large_image","twitter_misc":{"Dur\u00e9e de lecture estim\u00e9e":"1 minute"},"schema":{"@context":"https:\/\/schema.org","@graph":[{"@type":"WebPage","@id":"https:\/\/greenway-logistics.com\/fr\/","url":"https:\/\/greenway-logistics.com\/fr\/","name":"Greenway Logistics - R\u00c9DUCTION DES CO\u00dbTS ET LOGISTIQUE VERTE","isPartOf":{"@id":"https:\/\/greenway-logistics.com\/fr\/#website"},"datePublished":"2021-12-22T08:35:09+00:00","dateModified":"2026-03-09T15:16:34+00:00","description":"Greenway Logistics soutient les entreprises de mode, de sport, de textile et de l\u2019art de vivre du monde entier dans le domaine de la logistique, dans le but de r\u00e9duire les co\u00fbts, d'innover et de rendre l'industrie mondiale de la mode, du sport et du l\u2019art de vivre plus durable en ce qui concerne les \u00e9missions de CO\u2082 li\u00e9es \u00e0 la logistique.","breadcrumb":{"@id":"https:\/\/greenway-logistics.com\/fr\/#breadcrumb"},"inLanguage":"fr-FR","potentialAction":[{"@type":"ReadAction","target":["https:\/\/greenway-logistics.com\/fr\/"]}]},{"@type":"BreadcrumbList","@id":"https:\/\/greenway-logistics.com\/fr\/#breadcrumb","itemListElement":[{"@type":"ListItem","position":1,"name":"Home","item":"https:\/\/greenway-logistics.com\/fr\/"},{"@type":"ListItem","position":2,"name":"R\u00c9DUCTION DES CO\u00dbTS ET LOGISTIQUE VERTE"}]},{"@type":"WebSite","@id":"https:\/\/greenway-logistics.com\/fr\/#website","url":"https:\/\/greenway-logistics.com\/fr\/","name":"Greenway Logistics","description":"Sustainable Logistics","potentialAction":[{"@type":"SearchAction","target":{"@type":"EntryPoint","urlTemplate":"https:\/\/greenway-logistics.com\/fr\/?s={search_term_string}"},"query-input":{"@type":"PropertyValueSpecification","valueRequired":true,"valueName":"search_term_string"}}],"inLanguage":"fr-FR"}]}},"_links":{"self":[{"href":"https:\/\/greenway-logistics.com\/fr\/wp-json\/wp\/v2\/pages\/1774","targetHints":{"allow":["GET"]}}],"collection":[{"href":"https:\/\/greenway-logistics.com\/fr\/wp-json\/wp\/v2\/pages"}],"about":[{"href":"https:\/\/greenway-logistics.com\/fr\/wp-json\/wp\/v2\/types\/page"}],"author":[{"embeddable":true,"href":"https:\/\/greenway-logistics.com\/fr\/wp-json\/wp\/v2\/users\/5"}],"replies":[{"embeddable":true,"href":"https:\/\/greenway-logistics.com\/fr\/wp-json\/wp\/v2\/comments?post=1774"}],"version-history":[{"count":28,"href":"https:\/\/greenway-logistics.com\/fr\/wp-json\/wp\/v2\/pages\/1774\/revisions"}],"predecessor-version":[{"id":4586,"href":"https:\/\/greenway-logistics.com\/fr\/wp-json\/wp\/v2\/pages\/1774\/revisions\/4586"}],"wp:attachment":[{"href":"https:\/\/greenway-logistics.com\/fr\/wp-json\/wp\/v2\/media?parent=1774"}],"curies":[{"name":"wp","href":"https:\/\/api.w.org\/{rel}","templated":true}]}}