{"id":1721,"date":"2023-03-07T15:26:12","date_gmt":"2023-03-07T14:26:12","guid":{"rendered":"https:\/\/greenway-logistics.com\/innovation\/"},"modified":"2024-06-19T09:53:37","modified_gmt":"2024-06-19T07:53:37","slug":"innovation","status":"publish","type":"page","link":"https:\/\/greenway-logistics.com\/fr\/services\/innovation\/","title":{"rendered":"Innovation"},"content":{"rendered":"<p>Greenway Logistics propose \u00e0 ses clients des solutions innovantes o\u00f9 les mots cl\u00e9s sont &#8220;\u00e9conomies&#8221; et &#8220;\u00e9cologie&#8221;. De nouveaux services sont d\u00e9velopp\u00e9s \u00e0 partir de la liste des souhaits de l&#8217;industrie. Des projets tels que &#8220;<a href=\"https:\/\/youtu.be\/7I5oLklWSEs?si=3-wTHkkCy1AKkpPP\">Bundling at the Source<\/a>&#8220;, &#8220;<a href=\"https:\/\/greenway-logistics.com\/fr\/services\/consolidation-dechantillons\/\">Sample Consolidation<\/a>&#8220;, &#8220;<a href=\"https:\/\/greenway-logistics.com\/fr\/services\/consol-box\/\">Consol Box<\/a>&#8221; et &#8220;Delivery Time Harmonization&#8221; sont des exemples d&#8217;innovations r\u00e9ussies de Greenway Logistics. Des concepts tels que le d\u00e9lestage total et les services de transport combin\u00e9s entre certains pays s&#8217;inscrivent \u00e9galement dans cette liste. Ces innovations permettent de r\u00e9aliser des \u00e9conomies et de rendre la logistique plus \u00e9cologique, ce qui les rend d&#8217;autant plus int\u00e9ressantes.<\/p>\n<ul>\n<li><a href=\"https:\/\/greenway-logistics.com\/fr\/services\/contrats-de-transport\/\">Contrats de transport <\/a><\/li>\n<li><a href=\"https:\/\/greenway-logistics.com\/fr\/services\/logistique-verte\/\">Logistique verte <\/a><\/li>\n<li><a href=\"https:\/\/greenway-logistics.com\/fr\/services\/marches-dexportation\/\">March\u00e9s d&#8217;exportation<\/a><\/li>\n<li><a href=\"https:\/\/greenway-logistics.com\/fr\/services\/entreposage\/\">Entreposage <\/a><\/li>\n<li><a href=\"https:\/\/greenway-logistics.com\/fr\/services\/consolidation-dechantillons\/\">Sample Consolidatie<\/a><\/li>\n<li><a href=\"https:\/\/greenway-logistics.com\/fr\/services\/consol-box\/\">Consol Box<\/a><\/li>\n<\/ul>\n<p>&nbsp;<\/p>\n<p>&nbsp;<\/p>\n","protected":false},"excerpt":{"rendered":"<p>Greenway Logistics propose \u00e0 ses clients des solutions innovantes o\u00f9 les mots cl\u00e9s sont &#8220;\u00e9conomies&#8221; et &#8220;\u00e9cologie&#8221;. De nouveaux services sont d\u00e9velopp\u00e9s \u00e0 partir de la liste des souhaits de l&#8217;industrie. Des projets tels que &#8220;Bundling at the Source&#8220;, &#8220;Sample Consolidation&#8220;, &#8220;Consol Box&#8221; et &#8220;Delivery Time Harmonization&#8221; sont des exemples d&#8217;innovations r\u00e9ussies de Greenway Logistics. [&hellip;]<\/p>\n","protected":false},"author":5,"featured_media":0,"parent":2299,"menu_order":0,"comment_status":"closed","ping_status":"closed","template":"","meta":{"_acf_changed":false,"footnotes":""},"class_list":["post-1721","page","type-page","status-publish","hentry"],"acf":[],"yoast_head":"<!-- This site is optimized with the Yoast SEO plugin v27.3 - https:\/\/yoast.com\/product\/yoast-seo-wordpress\/ -->\n<title>Greenway Logistics - Innovation<\/title>\n<meta name=\"description\" content=\"Greenway Logistics propose \u00e0 ses clients des solutions innovantes o\u00f9 les mots cl\u00e9s sont &quot;\u00e9conomies&quot; et &quot;\u00e9cologie&quot;. De nouveaux services sont d\u00e9velopp\u00e9s \u00e0 partir de la liste des souhaits de l&#039;industrie. Des projets tels que &quot;Bundling at the Source&quot;, &quot;Sample Consolidation&quot; et &quot;Delivery Time Harmonization&quot; sont des exemples d&#039;innovations r\u00e9ussies de Greenway Logistics.\" \/>\n<meta name=\"robots\" content=\"index, follow, max-snippet:-1, max-image-preview:large, max-video-preview:-1\" \/>\n<link rel=\"canonical\" href=\"https:\/\/greenway-logistics.com\/fr\/services\/innovation\/\" \/>\n<meta property=\"og:locale\" content=\"fr_FR\" \/>\n<meta property=\"og:type\" content=\"article\" \/>\n<meta property=\"og:title\" content=\"Greenway Logistics - Innovation\" \/>\n<meta property=\"og:description\" content=\"Greenway Logistics propose \u00e0 ses clients des solutions innovantes o\u00f9 les mots cl\u00e9s sont &quot;\u00e9conomies&quot; et &quot;\u00e9cologie&quot;. De nouveaux services sont d\u00e9velopp\u00e9s \u00e0 partir de la liste des souhaits de l&#039;industrie. Des projets tels que &quot;Bundling at the Source&quot;, &quot;Sample Consolidation&quot; et &quot;Delivery Time Harmonization&quot; sont des exemples d&#039;innovations r\u00e9ussies de Greenway Logistics.\" \/>\n<meta property=\"og:url\" content=\"https:\/\/greenway-logistics.com\/fr\/services\/innovation\/\" \/>\n<meta property=\"og:site_name\" content=\"Greenway Logistics\" \/>\n<meta property=\"article:modified_time\" content=\"2024-06-19T07:53:37+00:00\" \/>\n<meta name=\"twitter:card\" content=\"summary_large_image\" \/>\n<meta name=\"twitter:label1\" content=\"Dur\u00e9e de lecture estim\u00e9e\" \/>\n\t<meta name=\"twitter:data1\" content=\"1 minute\" \/>\n<!-- \/ Yoast SEO plugin. -->","yoast_head_json":{"title":"Greenway Logistics - Innovation","description":"Greenway Logistics propose \u00e0 ses clients des solutions innovantes o\u00f9 les mots cl\u00e9s sont \"\u00e9conomies\" et \"\u00e9cologie\". De nouveaux services sont d\u00e9velopp\u00e9s \u00e0 partir de la liste des souhaits de l'industrie. Des projets tels que \"Bundling at the Source\", \"Sample Consolidation\" et \"Delivery Time Harmonization\" sont des exemples d'innovations r\u00e9ussies de Greenway Logistics.","robots":{"index":"index","follow":"follow","max-snippet":"max-snippet:-1","max-image-preview":"max-image-preview:large","max-video-preview":"max-video-preview:-1"},"canonical":"https:\/\/greenway-logistics.com\/fr\/services\/innovation\/","og_locale":"fr_FR","og_type":"article","og_title":"Greenway Logistics - Innovation","og_description":"Greenway Logistics propose \u00e0 ses clients des solutions innovantes o\u00f9 les mots cl\u00e9s sont \"\u00e9conomies\" et \"\u00e9cologie\". De nouveaux services sont d\u00e9velopp\u00e9s \u00e0 partir de la liste des souhaits de l'industrie. Des projets tels que \"Bundling at the Source\", \"Sample Consolidation\" et \"Delivery Time Harmonization\" sont des exemples d'innovations r\u00e9ussies de Greenway Logistics.","og_url":"https:\/\/greenway-logistics.com\/fr\/services\/innovation\/","og_site_name":"Greenway Logistics","article_modified_time":"2024-06-19T07:53:37+00:00","twitter_card":"summary_large_image","twitter_misc":{"Dur\u00e9e de lecture estim\u00e9e":"1 minute"},"schema":{"@context":"https:\/\/schema.org","@graph":[{"@type":"WebPage","@id":"https:\/\/greenway-logistics.com\/fr\/services\/innovation\/","url":"https:\/\/greenway-logistics.com\/fr\/services\/innovation\/","name":"Greenway Logistics - Innovation","isPartOf":{"@id":"https:\/\/greenway-logistics.com\/fr\/#website"},"datePublished":"2023-03-07T14:26:12+00:00","dateModified":"2024-06-19T07:53:37+00:00","description":"Greenway Logistics propose \u00e0 ses clients des solutions innovantes o\u00f9 les mots cl\u00e9s sont \"\u00e9conomies\" et \"\u00e9cologie\". De nouveaux services sont d\u00e9velopp\u00e9s \u00e0 partir de la liste des souhaits de l'industrie. Des projets tels que \"Bundling at the Source\", \"Sample Consolidation\" et \"Delivery Time Harmonization\" sont des exemples d'innovations r\u00e9ussies de Greenway Logistics.","breadcrumb":{"@id":"https:\/\/greenway-logistics.com\/fr\/services\/innovation\/#breadcrumb"},"inLanguage":"fr-FR","potentialAction":[{"@type":"ReadAction","target":["https:\/\/greenway-logistics.com\/fr\/services\/innovation\/"]}]},{"@type":"BreadcrumbList","@id":"https:\/\/greenway-logistics.com\/fr\/services\/innovation\/#breadcrumb","itemListElement":[{"@type":"ListItem","position":1,"name":"Home","item":"https:\/\/greenway-logistics.com\/fr\/"},{"@type":"ListItem","position":2,"name":"Services","item":"https:\/\/greenway-logistics.com\/fr\/services\/"},{"@type":"ListItem","position":3,"name":"Innovation"}]},{"@type":"WebSite","@id":"https:\/\/greenway-logistics.com\/fr\/#website","url":"https:\/\/greenway-logistics.com\/fr\/","name":"Greenway Logistics","description":"Sustainable Logistics","potentialAction":[{"@type":"SearchAction","target":{"@type":"EntryPoint","urlTemplate":"https:\/\/greenway-logistics.com\/fr\/?s={search_term_string}"},"query-input":{"@type":"PropertyValueSpecification","valueRequired":true,"valueName":"search_term_string"}}],"inLanguage":"fr-FR"}]}},"_links":{"self":[{"href":"https:\/\/greenway-logistics.com\/fr\/wp-json\/wp\/v2\/pages\/1721","targetHints":{"allow":["GET"]}}],"collection":[{"href":"https:\/\/greenway-logistics.com\/fr\/wp-json\/wp\/v2\/pages"}],"about":[{"href":"https:\/\/greenway-logistics.com\/fr\/wp-json\/wp\/v2\/types\/page"}],"author":[{"embeddable":true,"href":"https:\/\/greenway-logistics.com\/fr\/wp-json\/wp\/v2\/users\/5"}],"replies":[{"embeddable":true,"href":"https:\/\/greenway-logistics.com\/fr\/wp-json\/wp\/v2\/comments?post=1721"}],"version-history":[{"count":13,"href":"https:\/\/greenway-logistics.com\/fr\/wp-json\/wp\/v2\/pages\/1721\/revisions"}],"predecessor-version":[{"id":3986,"href":"https:\/\/greenway-logistics.com\/fr\/wp-json\/wp\/v2\/pages\/1721\/revisions\/3986"}],"up":[{"embeddable":true,"href":"https:\/\/greenway-logistics.com\/fr\/wp-json\/wp\/v2\/pages\/2299"}],"wp:attachment":[{"href":"https:\/\/greenway-logistics.com\/fr\/wp-json\/wp\/v2\/media?parent=1721"}],"curies":[{"name":"wp","href":"https:\/\/api.w.org\/{rel}","templated":true}]}}