{"id":4692,"date":"2026-05-04T14:48:39","date_gmt":"2026-05-04T12:48:39","guid":{"rendered":"https:\/\/greenway-logistics.com\/?page_id=4692"},"modified":"2026-05-04T14:50:33","modified_gmt":"2026-05-04T12:50:33","slug":"break-bulk-loesung","status":"publish","type":"page","link":"https:\/\/greenway-logistics.com\/de\/break-bulk-loesung\/","title":{"rendered":"Break-Bulk-L\u00f6sung"},"content":{"rendered":"<h2>\u00dcBER<\/h2>\n<p>Internationale B2B- und B2C-Sendungen in die EU k\u00f6nnen komplex und kostspielig sein. Greenway Logistics vereinfacht den Prozess mit der <strong data-start=\"136\" data-end=\"157\">Break-Bulk-L\u00f6sung<\/strong>; einem effizienten Cross-Docking-Service, der von einem europ\u00e4ischen Lager in den Niederlanden aus betrieben wird. Diese L\u00f6sung wurde speziell f\u00fcr Unternehmen au\u00dferhalb Europas entwickelt, die ihre Produkte schnell und kosteneffizient auf mehrere EU-Ziele verteilen m\u00f6chten.<\/p>\n","protected":false},"excerpt":{"rendered":"<p>\u00dcBER Internationale B2B- und B2C-Sendungen in die EU k\u00f6nnen komplex und kostspielig sein. Greenway Logistics vereinfacht den Prozess mit der Break-Bulk-L\u00f6sung; einem effizienten Cross-Docking-Service, der von einem europ\u00e4ischen Lager in den Niederlanden aus betrieben wird. Diese L\u00f6sung wurde speziell f\u00fcr Unternehmen au\u00dferhalb Europas entwickelt, die ihre Produkte schnell und kosteneffizient auf mehrere EU-Ziele verteilen m\u00f6chten.<\/p>\n","protected":false},"author":4,"featured_media":0,"parent":0,"menu_order":0,"comment_status":"closed","ping_status":"closed","template":"","meta":{"_acf_changed":false,"footnotes":""},"class_list":["post-4692","page","type-page","status-publish","hentry"],"acf":[],"yoast_head":"<!-- This site is optimized with the Yoast SEO plugin v27.5 - https:\/\/yoast.com\/product\/yoast-seo-wordpress\/ -->\n<title>Greenway Logistics - Break-Bulk-L\u00f6sung<\/title>\n<meta name=\"description\" content=\"Diese L\u00f6sung wurde speziell f\u00fcr Unternehmen au\u00dferhalb Europas entwickelt, die ihre Produkte schnell und kosteneffizient auf mehrere EU-Ziele verteilen m\u00f6chten.\" \/>\n<meta name=\"robots\" content=\"index, follow, max-snippet:-1, max-image-preview:large, max-video-preview:-1\" \/>\n<link rel=\"canonical\" href=\"https:\/\/greenway-logistics.com\/de\/break-bulk-loesung\/\" \/>\n<meta property=\"og:locale\" content=\"de_DE\" \/>\n<meta property=\"og:type\" content=\"article\" \/>\n<meta property=\"og:title\" content=\"Greenway Logistics - Break-Bulk-L\u00f6sung\" \/>\n<meta property=\"og:description\" content=\"Diese L\u00f6sung wurde speziell f\u00fcr Unternehmen au\u00dferhalb Europas entwickelt, die ihre Produkte schnell und kosteneffizient auf mehrere EU-Ziele verteilen m\u00f6chten.\" \/>\n<meta property=\"og:url\" content=\"https:\/\/greenway-logistics.com\/de\/break-bulk-loesung\/\" \/>\n<meta property=\"og:site_name\" content=\"Greenway Logistics\" \/>\n<meta property=\"article:modified_time\" content=\"2026-05-04T12:50:33+00:00\" \/>\n<meta name=\"twitter:card\" content=\"summary_large_image\" \/>\n<meta name=\"twitter:label1\" content=\"Gesch\u00e4tzte Lesezeit\" \/>\n\t<meta name=\"twitter:data1\" content=\"1\u00a0Minute\" \/>\n<!-- \/ Yoast SEO plugin. -->","yoast_head_json":{"title":"Greenway Logistics - Break-Bulk-L\u00f6sung","description":"Diese L\u00f6sung wurde speziell f\u00fcr Unternehmen au\u00dferhalb Europas entwickelt, die ihre Produkte schnell und kosteneffizient auf mehrere EU-Ziele verteilen m\u00f6chten.","robots":{"index":"index","follow":"follow","max-snippet":"max-snippet:-1","max-image-preview":"max-image-preview:large","max-video-preview":"max-video-preview:-1"},"canonical":"https:\/\/greenway-logistics.com\/de\/break-bulk-loesung\/","og_locale":"de_DE","og_type":"article","og_title":"Greenway Logistics - Break-Bulk-L\u00f6sung","og_description":"Diese L\u00f6sung wurde speziell f\u00fcr Unternehmen au\u00dferhalb Europas entwickelt, die ihre Produkte schnell und kosteneffizient auf mehrere EU-Ziele verteilen m\u00f6chten.","og_url":"https:\/\/greenway-logistics.com\/de\/break-bulk-loesung\/","og_site_name":"Greenway Logistics","article_modified_time":"2026-05-04T12:50:33+00:00","twitter_card":"summary_large_image","twitter_misc":{"Gesch\u00e4tzte Lesezeit":"1\u00a0Minute"},"schema":{"@context":"https:\/\/schema.org","@graph":[{"@type":"WebPage","@id":"https:\/\/greenway-logistics.com\/de\/break-bulk-loesung\/","url":"https:\/\/greenway-logistics.com\/de\/break-bulk-loesung\/","name":"Greenway Logistics - Break-Bulk-L\u00f6sung","isPartOf":{"@id":"https:\/\/greenway-logistics.com\/de\/#website"},"datePublished":"2026-05-04T12:48:39+00:00","dateModified":"2026-05-04T12:50:33+00:00","description":"Diese L\u00f6sung wurde speziell f\u00fcr Unternehmen au\u00dferhalb Europas entwickelt, die ihre Produkte schnell und kosteneffizient auf mehrere EU-Ziele verteilen m\u00f6chten.","breadcrumb":{"@id":"https:\/\/greenway-logistics.com\/de\/break-bulk-loesung\/#breadcrumb"},"inLanguage":"de","potentialAction":[{"@type":"ReadAction","target":["https:\/\/greenway-logistics.com\/de\/break-bulk-loesung\/"]}]},{"@type":"BreadcrumbList","@id":"https:\/\/greenway-logistics.com\/de\/break-bulk-loesung\/#breadcrumb","itemListElement":[{"@type":"ListItem","position":1,"name":"Home","item":"https:\/\/greenway-logistics.com\/de\/"},{"@type":"ListItem","position":2,"name":"Break-Bulk-L\u00f6sung"}]},{"@type":"WebSite","@id":"https:\/\/greenway-logistics.com\/de\/#website","url":"https:\/\/greenway-logistics.com\/de\/","name":"Greenway Logistics","description":"Sustainable Logistics","potentialAction":[{"@type":"SearchAction","target":{"@type":"EntryPoint","urlTemplate":"https:\/\/greenway-logistics.com\/de\/?s={search_term_string}"},"query-input":{"@type":"PropertyValueSpecification","valueRequired":true,"valueName":"search_term_string"}}],"inLanguage":"de"}]}},"_links":{"self":[{"href":"https:\/\/greenway-logistics.com\/de\/wp-json\/wp\/v2\/pages\/4692","targetHints":{"allow":["GET"]}}],"collection":[{"href":"https:\/\/greenway-logistics.com\/de\/wp-json\/wp\/v2\/pages"}],"about":[{"href":"https:\/\/greenway-logistics.com\/de\/wp-json\/wp\/v2\/types\/page"}],"author":[{"embeddable":true,"href":"https:\/\/greenway-logistics.com\/de\/wp-json\/wp\/v2\/users\/4"}],"replies":[{"embeddable":true,"href":"https:\/\/greenway-logistics.com\/de\/wp-json\/wp\/v2\/comments?post=4692"}],"version-history":[{"count":3,"href":"https:\/\/greenway-logistics.com\/de\/wp-json\/wp\/v2\/pages\/4692\/revisions"}],"predecessor-version":[{"id":4702,"href":"https:\/\/greenway-logistics.com\/de\/wp-json\/wp\/v2\/pages\/4692\/revisions\/4702"}],"wp:attachment":[{"href":"https:\/\/greenway-logistics.com\/de\/wp-json\/wp\/v2\/media?parent=4692"}],"curies":[{"name":"wp","href":"https:\/\/api.w.org\/{rel}","templated":true}]}}