{"id":3861,"date":"2024-04-09T10:14:26","date_gmt":"2024-04-09T08:14:26","guid":{"rendered":"https:\/\/greenway-logistics.com\/?page_id=3861"},"modified":"2024-04-11T17:17:46","modified_gmt":"2024-04-11T15:17:46","slug":"consol-box","status":"publish","type":"page","link":"https:\/\/greenway-logistics.com\/de\/dienste\/consol-box\/","title":{"rendered":"Consol Box"},"content":{"rendered":"<h2>\u00dcBER<\/h2>\n<p>Um den Warenfluss aus Asien zu optimieren und die Anzahl der Transportbewegungen zu reduzieren, kombiniert Greenway Logistics Teilcontainerladungen (LCL) von Mitgliedern der Industrieorganisation zu Vollcontainerladungen (FCL). Die Consol Box ist die Antwort von Greenway Logistics auf das Problem niedriger Auslastungsfaktoren (der durchschnittliche Auslastungsfaktor eines Containers betr\u00e4gt nur 60%) und wird seit Jahren erfolgreich von Greenway Logistics von H\u00e4fen in Bangladesch, China und Indien organisiert. Die Consol Box bietet garantierte w\u00f6chentliche Abfahrten und stabile Transitzeiten nach Europa. Dar\u00fcber hinaus werden die Kosten transparent durch den &#8222;Hafen-zu-T\u00fcr&#8220;-Tarif dargestellt.<\/p>\n<p>Nach der Ankunft in Europa werden die Container an unserem eigenen Standort f\u00fcr Drittanbieterlogistik (3PL) aufgebrochen, was verschiedene Value-Added-Services (VAS) erm\u00f6glicht. Dazu geh\u00f6ren Sortierung, Verpackung, Etikettierung oder andere spezielle Anfragen. Wir haben auch einen Partner, der Zollaktivit\u00e4ten intern abwickelt, wie z. B. Zollabfertigung und die M\u00f6glichkeit der Umsatzsteuerstundung. Die Lieferung kann nach Terminvereinbarung an Ihren, den Standort des Kunden oder unseren Standort arrangiert werden.<\/p>\n<h2>Vorteile<\/h2>\n<ul>\n<li>Garantierte w\u00f6chentliche Abfahrten<\/li>\n<li>Kurze Vorlaufzeiten<\/li>\n<li>Full-Service-Ansatz<\/li>\n<li>Pers\u00f6nliche Aufmerksamkeit, hervorragender Service, bew\u00e4hrte Qualit\u00e4t<\/li>\n<li>Europ\u00e4ischer Dienstleister mit nachgewiesener Erfolgsbilanz<\/li>\n<\/ul>\n<p>Wenn Sie mehr \u00fcber die Greenway Consol Box erfahren oder eine Analyse Ihres Logistikflusses anfordern m\u00f6chten, kontaktieren Sie uns bitte.<\/p>\n","protected":false},"excerpt":{"rendered":"<p>\u00dcBER Um den Warenfluss aus Asien zu optimieren und die Anzahl der Transportbewegungen zu reduzieren, kombiniert Greenway Logistics Teilcontainerladungen (LCL) von Mitgliedern der Industrieorganisation zu Vollcontainerladungen (FCL). Die Consol Box ist die Antwort von Greenway Logistics auf das Problem niedriger Auslastungsfaktoren (der durchschnittliche Auslastungsfaktor eines Containers betr\u00e4gt nur 60%) und wird seit Jahren erfolgreich von [&hellip;]<\/p>\n","protected":false},"author":4,"featured_media":3869,"parent":2300,"menu_order":0,"comment_status":"closed","ping_status":"closed","template":"","meta":{"_acf_changed":false,"footnotes":""},"class_list":["post-3861","page","type-page","status-publish","has-post-thumbnail","hentry"],"acf":[],"yoast_head":"<!-- This site is optimized with the Yoast SEO plugin v27.4 - https:\/\/yoast.com\/product\/yoast-seo-wordpress\/ -->\n<title>Greenway Logistics - Consol Box<\/title>\n<meta name=\"description\" content=\"Um den Warenfluss aus Asien zu optimieren und die Anzahl der Transportbewegungen zu reduzieren, kombiniert Greenway Logistics Teilcontainerladungen (LCL) von Mitgliedern der Industrieorganisation zu Vollcontainerladungen (FCL). Die Consol Box ist die Antwort von Greenway Logistics auf das Problem niedriger Auslastungsfaktoren\" \/>\n<meta name=\"robots\" content=\"index, follow, max-snippet:-1, max-image-preview:large, max-video-preview:-1\" \/>\n<link rel=\"canonical\" href=\"https:\/\/greenway-logistics.com\/de\/dienste\/consol-box\/\" \/>\n<meta property=\"og:locale\" content=\"de_DE\" \/>\n<meta property=\"og:type\" content=\"article\" \/>\n<meta property=\"og:title\" content=\"Greenway Logistics - Consol Box\" \/>\n<meta property=\"og:description\" content=\"Um den Warenfluss aus Asien zu optimieren und die Anzahl der Transportbewegungen zu reduzieren, kombiniert Greenway Logistics Teilcontainerladungen (LCL) von Mitgliedern der Industrieorganisation zu Vollcontainerladungen (FCL). Die Consol Box ist die Antwort von Greenway Logistics auf das Problem niedriger Auslastungsfaktoren\" \/>\n<meta property=\"og:url\" content=\"https:\/\/greenway-logistics.com\/de\/dienste\/consol-box\/\" \/>\n<meta property=\"og:site_name\" content=\"Greenway Logistics\" \/>\n<meta property=\"article:modified_time\" content=\"2024-04-11T15:17:46+00:00\" \/>\n<meta property=\"og:image\" content=\"https:\/\/greenway-logistics.com\/wp-content\/uploads\/2024\/04\/Greenway-Consol-Box-sustainable-fashion-logistics-e1712650342341.jpg\" \/>\n\t<meta property=\"og:image:width\" content=\"1920\" \/>\n\t<meta property=\"og:image:height\" content=\"1080\" \/>\n\t<meta property=\"og:image:type\" content=\"image\/jpeg\" \/>\n<meta name=\"twitter:card\" content=\"summary_large_image\" \/>\n<meta name=\"twitter:label1\" content=\"Gesch\u00e4tzte Lesezeit\" \/>\n\t<meta name=\"twitter:data1\" content=\"2\u00a0Minuten\" \/>\n<!-- \/ Yoast SEO plugin. -->","yoast_head_json":{"title":"Greenway Logistics - Consol Box","description":"Um den Warenfluss aus Asien zu optimieren und die Anzahl der Transportbewegungen zu reduzieren, kombiniert Greenway Logistics Teilcontainerladungen (LCL) von Mitgliedern der Industrieorganisation zu Vollcontainerladungen (FCL). Die Consol Box ist die Antwort von Greenway Logistics auf das Problem niedriger Auslastungsfaktoren","robots":{"index":"index","follow":"follow","max-snippet":"max-snippet:-1","max-image-preview":"max-image-preview:large","max-video-preview":"max-video-preview:-1"},"canonical":"https:\/\/greenway-logistics.com\/de\/dienste\/consol-box\/","og_locale":"de_DE","og_type":"article","og_title":"Greenway Logistics - Consol Box","og_description":"Um den Warenfluss aus Asien zu optimieren und die Anzahl der Transportbewegungen zu reduzieren, kombiniert Greenway Logistics Teilcontainerladungen (LCL) von Mitgliedern der Industrieorganisation zu Vollcontainerladungen (FCL). Die Consol Box ist die Antwort von Greenway Logistics auf das Problem niedriger Auslastungsfaktoren","og_url":"https:\/\/greenway-logistics.com\/de\/dienste\/consol-box\/","og_site_name":"Greenway Logistics","article_modified_time":"2024-04-11T15:17:46+00:00","og_image":[{"width":1920,"height":1080,"url":"https:\/\/greenway-logistics.com\/wp-content\/uploads\/2024\/04\/Greenway-Consol-Box-sustainable-fashion-logistics-e1712650342341.jpg","type":"image\/jpeg"}],"twitter_card":"summary_large_image","twitter_misc":{"Gesch\u00e4tzte Lesezeit":"2\u00a0Minuten"},"schema":{"@context":"https:\/\/schema.org","@graph":[{"@type":"WebPage","@id":"https:\/\/greenway-logistics.com\/de\/dienste\/consol-box\/","url":"https:\/\/greenway-logistics.com\/de\/dienste\/consol-box\/","name":"Greenway Logistics - Consol Box","isPartOf":{"@id":"https:\/\/greenway-logistics.com\/de\/#website"},"primaryImageOfPage":{"@id":"https:\/\/greenway-logistics.com\/de\/dienste\/consol-box\/#primaryimage"},"image":{"@id":"https:\/\/greenway-logistics.com\/de\/dienste\/consol-box\/#primaryimage"},"thumbnailUrl":"https:\/\/greenway-logistics.com\/wp-content\/uploads\/2024\/04\/Greenway-Consol-Box-sustainable-fashion-logistics-e1712650342341.jpg","datePublished":"2024-04-09T08:14:26+00:00","dateModified":"2024-04-11T15:17:46+00:00","description":"Um den Warenfluss aus Asien zu optimieren und die Anzahl der Transportbewegungen zu reduzieren, kombiniert Greenway Logistics Teilcontainerladungen (LCL) von Mitgliedern der Industrieorganisation zu Vollcontainerladungen (FCL). Die Consol Box ist die Antwort von Greenway Logistics auf das Problem niedriger Auslastungsfaktoren","breadcrumb":{"@id":"https:\/\/greenway-logistics.com\/de\/dienste\/consol-box\/#breadcrumb"},"inLanguage":"de","potentialAction":[{"@type":"ReadAction","target":["https:\/\/greenway-logistics.com\/de\/dienste\/consol-box\/"]}]},{"@type":"ImageObject","inLanguage":"de","@id":"https:\/\/greenway-logistics.com\/de\/dienste\/consol-box\/#primaryimage","url":"https:\/\/greenway-logistics.com\/wp-content\/uploads\/2024\/04\/Greenway-Consol-Box-sustainable-fashion-logistics-e1712650342341.jpg","contentUrl":"https:\/\/greenway-logistics.com\/wp-content\/uploads\/2024\/04\/Greenway-Consol-Box-sustainable-fashion-logistics-e1712650342341.jpg","width":1920,"height":1080,"caption":"Greenway Consol Box sustainable fashion logistics"},{"@type":"BreadcrumbList","@id":"https:\/\/greenway-logistics.com\/de\/dienste\/consol-box\/#breadcrumb","itemListElement":[{"@type":"ListItem","position":1,"name":"Home","item":"https:\/\/greenway-logistics.com\/de\/"},{"@type":"ListItem","position":2,"name":"Dienste","item":"https:\/\/greenway-logistics.com\/de\/dienste\/"},{"@type":"ListItem","position":3,"name":"Consol Box"}]},{"@type":"WebSite","@id":"https:\/\/greenway-logistics.com\/de\/#website","url":"https:\/\/greenway-logistics.com\/de\/","name":"Greenway Logistics","description":"Sustainable Logistics","potentialAction":[{"@type":"SearchAction","target":{"@type":"EntryPoint","urlTemplate":"https:\/\/greenway-logistics.com\/de\/?s={search_term_string}"},"query-input":{"@type":"PropertyValueSpecification","valueRequired":true,"valueName":"search_term_string"}}],"inLanguage":"de"}]}},"_links":{"self":[{"href":"https:\/\/greenway-logistics.com\/de\/wp-json\/wp\/v2\/pages\/3861","targetHints":{"allow":["GET"]}}],"collection":[{"href":"https:\/\/greenway-logistics.com\/de\/wp-json\/wp\/v2\/pages"}],"about":[{"href":"https:\/\/greenway-logistics.com\/de\/wp-json\/wp\/v2\/types\/page"}],"author":[{"embeddable":true,"href":"https:\/\/greenway-logistics.com\/de\/wp-json\/wp\/v2\/users\/4"}],"replies":[{"embeddable":true,"href":"https:\/\/greenway-logistics.com\/de\/wp-json\/wp\/v2\/comments?post=3861"}],"version-history":[{"count":1,"href":"https:\/\/greenway-logistics.com\/de\/wp-json\/wp\/v2\/pages\/3861\/revisions"}],"predecessor-version":[{"id":3906,"href":"https:\/\/greenway-logistics.com\/de\/wp-json\/wp\/v2\/pages\/3861\/revisions\/3906"}],"up":[{"embeddable":true,"href":"https:\/\/greenway-logistics.com\/de\/wp-json\/wp\/v2\/pages\/2300"}],"wp:featuredmedia":[{"embeddable":true,"href":"https:\/\/greenway-logistics.com\/de\/wp-json\/wp\/v2\/media\/3869"}],"wp:attachment":[{"href":"https:\/\/greenway-logistics.com\/de\/wp-json\/wp\/v2\/media?parent=3861"}],"curies":[{"name":"wp","href":"https:\/\/api.w.org\/{rel}","templated":true}]}}