{"id":2891,"date":"2021-12-27T10:07:55","date_gmt":"2021-12-27T09:07:55","guid":{"rendered":"https:\/\/greenway-logistics.com\/contact\/"},"modified":"2024-07-31T17:09:37","modified_gmt":"2024-07-31T15:09:37","slug":"kontakt","status":"publish","type":"page","link":"https:\/\/greenway-logistics.com\/de\/kontakt\/","title":{"rendered":"Kontakt"},"content":{"rendered":"<p>Wie k\u00f6nnen wir Ihnen helfen? Lassen Sie es uns wissen, wenn Sie Fragen haben oder einen Schnellscan anfordern m\u00f6chten.<\/p>\n<p>M\u00f6chten Sie, dass wir Sie kontaktieren? Bitte hinterlassen Sie Ihre Kontaktdaten und wir werden uns so schnell wie m\u00f6glich bei Ihnen melden.<\/p>\n<p>Weitere Informationen finden Sie in unseren <a href=\"https:\/\/greenway-logistics.com\/de\/faq\/\">FAQ<\/a>.<\/p>\n","protected":false},"excerpt":{"rendered":"<p>Wie k\u00f6nnen wir Ihnen helfen? Lassen Sie es uns wissen, wenn Sie Fragen haben oder einen Schnellscan anfordern m\u00f6chten. M\u00f6chten Sie, dass wir Sie kontaktieren? Bitte hinterlassen Sie Ihre Kontaktdaten und wir werden uns so schnell wie m\u00f6glich bei Ihnen melden. Weitere Informationen finden Sie in unseren FAQ.<\/p>\n","protected":false},"author":5,"featured_media":0,"parent":0,"menu_order":0,"comment_status":"closed","ping_status":"closed","template":"page-contact.php","meta":{"_acf_changed":false,"footnotes":""},"class_list":["post-2891","page","type-page","status-publish","hentry"],"acf":[],"yoast_head":"<!-- This site is optimized with the Yoast SEO plugin v27.3 - https:\/\/yoast.com\/product\/yoast-seo-wordpress\/ -->\n<title>Greenway Logistics - Kontakt<\/title>\n<meta name=\"description\" content=\"Wie k\u00f6nnen wir Ihnen helfen? Lassen Sie es uns wissen, wenn Sie Fragen haben oder einen Schnellscan anfordern m\u00f6chten.\" \/>\n<meta name=\"robots\" content=\"index, follow, max-snippet:-1, max-image-preview:large, max-video-preview:-1\" \/>\n<link rel=\"canonical\" href=\"https:\/\/greenway-logistics.com\/de\/kontakt\/\" \/>\n<meta property=\"og:locale\" content=\"de_DE\" \/>\n<meta property=\"og:type\" content=\"article\" \/>\n<meta property=\"og:title\" content=\"Greenway Logistics - Kontakt\" \/>\n<meta property=\"og:description\" content=\"Wie k\u00f6nnen wir Ihnen helfen? Lassen Sie es uns wissen, wenn Sie Fragen haben oder einen Schnellscan anfordern m\u00f6chten.\" \/>\n<meta property=\"og:url\" content=\"https:\/\/greenway-logistics.com\/de\/kontakt\/\" \/>\n<meta property=\"og:site_name\" content=\"Greenway Logistics\" \/>\n<meta property=\"article:modified_time\" content=\"2024-07-31T15:09:37+00:00\" \/>\n<meta name=\"twitter:card\" content=\"summary_large_image\" \/>\n<meta name=\"twitter:label1\" content=\"Gesch\u00e4tzte Lesezeit\" \/>\n\t<meta name=\"twitter:data1\" content=\"1\u00a0Minute\" \/>\n<!-- \/ Yoast SEO plugin. -->","yoast_head_json":{"title":"Greenway Logistics - Kontakt","description":"Wie k\u00f6nnen wir Ihnen helfen? Lassen Sie es uns wissen, wenn Sie Fragen haben oder einen Schnellscan anfordern m\u00f6chten.","robots":{"index":"index","follow":"follow","max-snippet":"max-snippet:-1","max-image-preview":"max-image-preview:large","max-video-preview":"max-video-preview:-1"},"canonical":"https:\/\/greenway-logistics.com\/de\/kontakt\/","og_locale":"de_DE","og_type":"article","og_title":"Greenway Logistics - Kontakt","og_description":"Wie k\u00f6nnen wir Ihnen helfen? Lassen Sie es uns wissen, wenn Sie Fragen haben oder einen Schnellscan anfordern m\u00f6chten.","og_url":"https:\/\/greenway-logistics.com\/de\/kontakt\/","og_site_name":"Greenway Logistics","article_modified_time":"2024-07-31T15:09:37+00:00","twitter_card":"summary_large_image","twitter_misc":{"Gesch\u00e4tzte Lesezeit":"1\u00a0Minute"},"schema":{"@context":"https:\/\/schema.org","@graph":[{"@type":"WebPage","@id":"https:\/\/greenway-logistics.com\/de\/kontakt\/","url":"https:\/\/greenway-logistics.com\/de\/kontakt\/","name":"Greenway Logistics - Kontakt","isPartOf":{"@id":"https:\/\/greenway-logistics.com\/de\/#website"},"datePublished":"2021-12-27T09:07:55+00:00","dateModified":"2024-07-31T15:09:37+00:00","description":"Wie k\u00f6nnen wir Ihnen helfen? Lassen Sie es uns wissen, wenn Sie Fragen haben oder einen Schnellscan anfordern m\u00f6chten.","breadcrumb":{"@id":"https:\/\/greenway-logistics.com\/de\/kontakt\/#breadcrumb"},"inLanguage":"de","potentialAction":[{"@type":"ReadAction","target":["https:\/\/greenway-logistics.com\/de\/kontakt\/"]}]},{"@type":"BreadcrumbList","@id":"https:\/\/greenway-logistics.com\/de\/kontakt\/#breadcrumb","itemListElement":[{"@type":"ListItem","position":1,"name":"Home","item":"https:\/\/greenway-logistics.com\/de\/"},{"@type":"ListItem","position":2,"name":"Kontakt"}]},{"@type":"WebSite","@id":"https:\/\/greenway-logistics.com\/de\/#website","url":"https:\/\/greenway-logistics.com\/de\/","name":"Greenway Logistics","description":"Sustainable Logistics","potentialAction":[{"@type":"SearchAction","target":{"@type":"EntryPoint","urlTemplate":"https:\/\/greenway-logistics.com\/de\/?s={search_term_string}"},"query-input":{"@type":"PropertyValueSpecification","valueRequired":true,"valueName":"search_term_string"}}],"inLanguage":"de"}]}},"_links":{"self":[{"href":"https:\/\/greenway-logistics.com\/de\/wp-json\/wp\/v2\/pages\/2891","targetHints":{"allow":["GET"]}}],"collection":[{"href":"https:\/\/greenway-logistics.com\/de\/wp-json\/wp\/v2\/pages"}],"about":[{"href":"https:\/\/greenway-logistics.com\/de\/wp-json\/wp\/v2\/types\/page"}],"author":[{"embeddable":true,"href":"https:\/\/greenway-logistics.com\/de\/wp-json\/wp\/v2\/users\/5"}],"replies":[{"embeddable":true,"href":"https:\/\/greenway-logistics.com\/de\/wp-json\/wp\/v2\/comments?post=2891"}],"version-history":[{"count":3,"href":"https:\/\/greenway-logistics.com\/de\/wp-json\/wp\/v2\/pages\/2891\/revisions"}],"predecessor-version":[{"id":3214,"href":"https:\/\/greenway-logistics.com\/de\/wp-json\/wp\/v2\/pages\/2891\/revisions\/3214"}],"wp:attachment":[{"href":"https:\/\/greenway-logistics.com\/de\/wp-json\/wp\/v2\/media?parent=2891"}],"curies":[{"name":"wp","href":"https:\/\/api.w.org\/{rel}","templated":true}]}}