{"id":2340,"date":"2023-03-01T16:15:06","date_gmt":"2023-03-01T15:15:06","guid":{"rendered":"https:\/\/greenway-logistics.com\/about\/"},"modified":"2026-01-27T16:35:10","modified_gmt":"2026-01-27T15:35:10","slug":"ueber-uns","status":"publish","type":"page","link":"https:\/\/greenway-logistics.com\/de\/ueber-uns\/","title":{"rendered":"\u00dcber uns"},"content":{"rendered":"<p>Greenway Logistics arbeitet weltweit mit mehr als 11 Branchenverb\u00e4nden aus den Bereichen Mode, Sport, Textil und Lifestyle zusammen. Diese Branchenverb\u00e4nde haben ihre Logistik exklusiv an Greenway Logistics ausgelagert, um ihren Mitgliedern logistische Beratung, L\u00f6sungen, Innovationen und kollektive Vorteilsregelungen zu bieten. Durch diese Art der Zusammenarbeit kann Greenway Logistics Gr\u00f6\u00dfenvorteile im Bereich der Logistik realisieren.<\/p>\n<p>Greenway Logistics hat Kollektivvertr\u00e4ge mit Logistikdienstleistern in der ganzen Welt f\u00fcr verschiedene Transportarten abgeschlossen und versteht sich als Kontrollturm, der die Lieferkette der Lieferanten koordiniert. Das Konzept begann mit dem Ziel, die Logistikkosten f\u00fcr die Mitglieder des Branchenverbands zu senken, und nun geht man einen Schritt weiter und setzt mit dem <a href=\"https:\/\/co2improve.com\/\">CO\u2082-Improve<\/a>-Konzept Nachhaltigkeit in der Logistik um.<\/p>\n<p>In Belgien, China, D\u00e4nemark, England, den Niederlanden und Schweden ist Greenway Logistics mit eigenen Teams von Logistikfachkr\u00e4ften vertreten und zudem auch in Gro\u00dfbritannien, Kanada und Australien aktiv. Dank langj\u00e4hriger Erfahrung in der Logistik und einem weitreichenden Netzwerk von Experten bietet das Unternehmen umfassende L\u00f6sungen f\u00fcr internationale M\u00e4rkte.<\/p>\n<p>Greenway Logistics steht f\u00fcr die b\u00fcndelung von Transport und Logistik (<a href=\"https:\/\/greenway-logistics.com\/de\/dienste\/speditionsvertraege\/\">COST SAVINGS<\/a>), einen gr\u00fcnen Ansatz (<a href=\"https:\/\/greenway-logistics.com\/de\/dienste\/gruene-logistik\/\">SUSTAINABILITY<\/a>) und innovative Logistikprozesse (<a href=\"https:\/\/greenway-logistics.com\/de\/dienste\/innovation\/\">INNOVATION<\/a>).<\/p>\n<p>Sehen Sie sich <a href=\"file:\/\/\/C:\/Users\/MarleenVriesenga\/AppData\/Local\/Microsoft\/Windows\/INetCache\/Content.Outlook\/KZ80W7TQ\/Greenway%20Logistics%20company%20brochure.pdf\">HIER<\/a> die Greenway Logistics-Brosch\u00fcre an.<\/p>\n","protected":false},"excerpt":{"rendered":"<p>Greenway Logistics arbeitet weltweit mit mehr als 11 Branchenverb\u00e4nden aus den Bereichen Mode, Sport, Textil und Lifestyle zusammen. Diese Branchenverb\u00e4nde haben ihre Logistik exklusiv an Greenway Logistics ausgelagert, um ihren Mitgliedern logistische Beratung, L\u00f6sungen, Innovationen und kollektive Vorteilsregelungen zu bieten. Durch diese Art der Zusammenarbeit kann Greenway Logistics Gr\u00f6\u00dfenvorteile im Bereich der Logistik realisieren. Greenway [&hellip;]<\/p>\n","protected":false},"author":5,"featured_media":1384,"parent":0,"menu_order":0,"comment_status":"closed","ping_status":"closed","template":"","meta":{"_acf_changed":false,"footnotes":""},"class_list":["post-2340","page","type-page","status-publish","has-post-thumbnail","hentry"],"acf":[],"yoast_head":"<!-- This site is optimized with the Yoast SEO plugin v27.3 - https:\/\/yoast.com\/product\/yoast-seo-wordpress\/ -->\n<title>\u00dcber uns - Greenway Logistics<\/title>\n<meta name=\"description\" content=\"\u00dcber uns: Greenway Logistics arbeitet weltweit mit mehr als 15 Branchenverb\u00e4nden aus den Bereichen Mode, Sport, Textil und Lifestyle zusammen.\" \/>\n<meta name=\"robots\" content=\"index, follow, max-snippet:-1, max-image-preview:large, max-video-preview:-1\" \/>\n<link rel=\"canonical\" href=\"https:\/\/greenway-logistics.com\/de\/ueber-uns\/\" \/>\n<meta property=\"og:locale\" content=\"de_DE\" \/>\n<meta property=\"og:type\" content=\"article\" \/>\n<meta property=\"og:title\" content=\"\u00dcber uns - Greenway Logistics\" \/>\n<meta property=\"og:description\" content=\"\u00dcber uns: Greenway Logistics arbeitet weltweit mit mehr als 15 Branchenverb\u00e4nden aus den Bereichen Mode, Sport, Textil und Lifestyle zusammen.\" \/>\n<meta property=\"og:url\" content=\"https:\/\/greenway-logistics.com\/de\/ueber-uns\/\" \/>\n<meta property=\"og:site_name\" content=\"Greenway Logistics\" \/>\n<meta property=\"article:modified_time\" content=\"2026-01-27T15:35:10+00:00\" \/>\n<meta property=\"og:image\" content=\"https:\/\/greenway-logistics.com\/wp-content\/uploads\/2023\/03\/greeway_hero_flight_1775x770-1600x460-1.jpeg\" \/>\n\t<meta property=\"og:image:width\" content=\"1600\" \/>\n\t<meta property=\"og:image:height\" content=\"460\" \/>\n\t<meta property=\"og:image:type\" content=\"image\/jpeg\" \/>\n<meta name=\"twitter:card\" content=\"summary_large_image\" \/>\n<meta name=\"twitter:label1\" content=\"Gesch\u00e4tzte Lesezeit\" \/>\n\t<meta name=\"twitter:data1\" content=\"2\u00a0Minuten\" \/>\n<!-- \/ Yoast SEO plugin. -->","yoast_head_json":{"title":"\u00dcber uns - Greenway Logistics","description":"\u00dcber uns: Greenway Logistics arbeitet weltweit mit mehr als 15 Branchenverb\u00e4nden aus den Bereichen Mode, Sport, Textil und Lifestyle zusammen.","robots":{"index":"index","follow":"follow","max-snippet":"max-snippet:-1","max-image-preview":"max-image-preview:large","max-video-preview":"max-video-preview:-1"},"canonical":"https:\/\/greenway-logistics.com\/de\/ueber-uns\/","og_locale":"de_DE","og_type":"article","og_title":"\u00dcber uns - Greenway Logistics","og_description":"\u00dcber uns: Greenway Logistics arbeitet weltweit mit mehr als 15 Branchenverb\u00e4nden aus den Bereichen Mode, Sport, Textil und Lifestyle zusammen.","og_url":"https:\/\/greenway-logistics.com\/de\/ueber-uns\/","og_site_name":"Greenway Logistics","article_modified_time":"2026-01-27T15:35:10+00:00","og_image":[{"width":1600,"height":460,"url":"https:\/\/greenway-logistics.com\/wp-content\/uploads\/2023\/03\/greeway_hero_flight_1775x770-1600x460-1.jpeg","type":"image\/jpeg"}],"twitter_card":"summary_large_image","twitter_misc":{"Gesch\u00e4tzte Lesezeit":"2\u00a0Minuten"},"schema":{"@context":"https:\/\/schema.org","@graph":[{"@type":"WebPage","@id":"https:\/\/greenway-logistics.com\/de\/ueber-uns\/","url":"https:\/\/greenway-logistics.com\/de\/ueber-uns\/","name":"\u00dcber uns - Greenway Logistics","isPartOf":{"@id":"https:\/\/greenway-logistics.com\/de\/#website"},"primaryImageOfPage":{"@id":"https:\/\/greenway-logistics.com\/de\/ueber-uns\/#primaryimage"},"image":{"@id":"https:\/\/greenway-logistics.com\/de\/ueber-uns\/#primaryimage"},"thumbnailUrl":"https:\/\/greenway-logistics.com\/wp-content\/uploads\/2023\/03\/greeway_hero_flight_1775x770-1600x460-1.jpeg","datePublished":"2023-03-01T15:15:06+00:00","dateModified":"2026-01-27T15:35:10+00:00","description":"\u00dcber uns: Greenway Logistics arbeitet weltweit mit mehr als 15 Branchenverb\u00e4nden aus den Bereichen Mode, Sport, Textil und Lifestyle zusammen.","breadcrumb":{"@id":"https:\/\/greenway-logistics.com\/de\/ueber-uns\/#breadcrumb"},"inLanguage":"de","potentialAction":[{"@type":"ReadAction","target":["https:\/\/greenway-logistics.com\/de\/ueber-uns\/"]}]},{"@type":"ImageObject","inLanguage":"de","@id":"https:\/\/greenway-logistics.com\/de\/ueber-uns\/#primaryimage","url":"https:\/\/greenway-logistics.com\/wp-content\/uploads\/2023\/03\/greeway_hero_flight_1775x770-1600x460-1.jpeg","contentUrl":"https:\/\/greenway-logistics.com\/wp-content\/uploads\/2023\/03\/greeway_hero_flight_1775x770-1600x460-1.jpeg","width":1600,"height":460,"caption":"Fashion Logistics"},{"@type":"BreadcrumbList","@id":"https:\/\/greenway-logistics.com\/de\/ueber-uns\/#breadcrumb","itemListElement":[{"@type":"ListItem","position":1,"name":"Home","item":"https:\/\/greenway-logistics.com\/de\/"},{"@type":"ListItem","position":2,"name":"\u00dcber uns"}]},{"@type":"WebSite","@id":"https:\/\/greenway-logistics.com\/de\/#website","url":"https:\/\/greenway-logistics.com\/de\/","name":"Greenway Logistics","description":"Sustainable Logistics","potentialAction":[{"@type":"SearchAction","target":{"@type":"EntryPoint","urlTemplate":"https:\/\/greenway-logistics.com\/de\/?s={search_term_string}"},"query-input":{"@type":"PropertyValueSpecification","valueRequired":true,"valueName":"search_term_string"}}],"inLanguage":"de"}]}},"_links":{"self":[{"href":"https:\/\/greenway-logistics.com\/de\/wp-json\/wp\/v2\/pages\/2340","targetHints":{"allow":["GET"]}}],"collection":[{"href":"https:\/\/greenway-logistics.com\/de\/wp-json\/wp\/v2\/pages"}],"about":[{"href":"https:\/\/greenway-logistics.com\/de\/wp-json\/wp\/v2\/types\/page"}],"author":[{"embeddable":true,"href":"https:\/\/greenway-logistics.com\/de\/wp-json\/wp\/v2\/users\/5"}],"replies":[{"embeddable":true,"href":"https:\/\/greenway-logistics.com\/de\/wp-json\/wp\/v2\/comments?post=2340"}],"version-history":[{"count":12,"href":"https:\/\/greenway-logistics.com\/de\/wp-json\/wp\/v2\/pages\/2340\/revisions"}],"predecessor-version":[{"id":4531,"href":"https:\/\/greenway-logistics.com\/de\/wp-json\/wp\/v2\/pages\/2340\/revisions\/4531"}],"wp:featuredmedia":[{"embeddable":true,"href":"https:\/\/greenway-logistics.com\/de\/wp-json\/wp\/v2\/media\/1384"}],"wp:attachment":[{"href":"https:\/\/greenway-logistics.com\/de\/wp-json\/wp\/v2\/media?parent=2340"}],"curies":[{"name":"wp","href":"https:\/\/api.w.org\/{rel}","templated":true}]}}