{"id":2320,"date":"2023-03-01T16:16:43","date_gmt":"2023-03-01T15:16:43","guid":{"rendered":"https:\/\/greenway-logistics.com\/partners\/"},"modified":"2026-03-09T15:39:28","modified_gmt":"2026-03-09T14:39:28","slug":"partner","status":"publish","type":"page","link":"https:\/\/greenway-logistics.com\/de\/partner\/","title":{"rendered":"Partner"},"content":{"rendered":"<p>Greenway Logistics unterh\u00e4lt eine intensive Beziehung zu einer Reihe von Partnern. Dabei handelt es sich meist um Branchenorganisationen, f\u00fcr die Greenway Logistics exklusiv die gesamte Logistik organisiert. F\u00fcr diese Organisationen ist Greenway Logistics wie eine Erweiterung ihrer eigenen Organisation. Sind Sie ein Branchenverband in den Bereichen Sport, Mode oder Lifestyle und m\u00f6chten Sie, dass Ihre Mitglieder von unseren Logistikdienstleistungen und Vorteilen profitieren? Dann nehmen Sie <a href=\"https:\/\/greenway-logistics.com\/de\/kontakt\/\">Kontakt<\/a> mit uns auf, um einen Termin zu vereinbaren.<\/p>\n<p>Dar\u00fcber hinaus arbeitet Greenway Logistics mit verschiedenen Logistikpartnern in mehreren L\u00e4ndern zusammen. Mit diesen Partnern ist Greenway Logistics in der Lage, seinen Kunden jede erdenkliche Unterst\u00fctzung zu bieten, und das ist der Kern der kollektiven Logistik. Diese Struktur erm\u00f6glicht es au\u00dferdem, Greenway-Dienstleistungen \u00fcberall auf der Welt anzubieten. Greenway Logistics hat diese Partner strategisch ausgew\u00e4hlt.<\/p>\n","protected":false},"excerpt":{"rendered":"<p>Greenway Logistics unterh\u00e4lt eine intensive Beziehung zu einer Reihe von Partnern. Dabei handelt es sich meist um Branchenorganisationen, f\u00fcr die Greenway Logistics exklusiv die gesamte Logistik organisiert. F\u00fcr diese Organisationen ist Greenway Logistics wie eine Erweiterung ihrer eigenen Organisation. Sind Sie ein Branchenverband in den Bereichen Sport, Mode oder Lifestyle und m\u00f6chten Sie, dass Ihre [&hellip;]<\/p>\n","protected":false},"author":5,"featured_media":0,"parent":0,"menu_order":0,"comment_status":"closed","ping_status":"closed","template":"page-partners.php","meta":{"_acf_changed":false,"footnotes":""},"class_list":["post-2320","page","type-page","status-publish","hentry"],"acf":[],"yoast_head":"<!-- This site is optimized with the Yoast SEO plugin v27.4 - https:\/\/yoast.com\/product\/yoast-seo-wordpress\/ -->\n<title>Partner - Greenway Logistics<\/title>\n<meta name=\"description\" content=\"Als verl\u00e4sslicher Partner arbeitet Greenway Logistics eng mit Branchenorganisationen zusammen und er\u00f6ffnet Unternehmen neue Chancen in Europa.\" \/>\n<meta name=\"robots\" content=\"index, follow, max-snippet:-1, max-image-preview:large, max-video-preview:-1\" \/>\n<link rel=\"canonical\" href=\"https:\/\/greenway-logistics.com\/de\/partner\/\" \/>\n<meta property=\"og:locale\" content=\"de_DE\" \/>\n<meta property=\"og:type\" content=\"article\" \/>\n<meta property=\"og:title\" content=\"Partner - Greenway Logistics\" \/>\n<meta property=\"og:description\" content=\"Als verl\u00e4sslicher Partner arbeitet Greenway Logistics eng mit Branchenorganisationen zusammen und er\u00f6ffnet Unternehmen neue Chancen in Europa.\" \/>\n<meta property=\"og:url\" content=\"https:\/\/greenway-logistics.com\/de\/partner\/\" \/>\n<meta property=\"og:site_name\" content=\"Greenway Logistics\" \/>\n<meta property=\"article:modified_time\" content=\"2026-03-09T14:39:28+00:00\" \/>\n<meta name=\"twitter:card\" content=\"summary_large_image\" \/>\n<meta name=\"twitter:label1\" content=\"Gesch\u00e4tzte Lesezeit\" \/>\n\t<meta name=\"twitter:data1\" content=\"1\u00a0Minute\" \/>\n<!-- \/ Yoast SEO plugin. -->","yoast_head_json":{"title":"Partner - Greenway Logistics","description":"Als verl\u00e4sslicher Partner arbeitet Greenway Logistics eng mit Branchenorganisationen zusammen und er\u00f6ffnet Unternehmen neue Chancen in Europa.","robots":{"index":"index","follow":"follow","max-snippet":"max-snippet:-1","max-image-preview":"max-image-preview:large","max-video-preview":"max-video-preview:-1"},"canonical":"https:\/\/greenway-logistics.com\/de\/partner\/","og_locale":"de_DE","og_type":"article","og_title":"Partner - Greenway Logistics","og_description":"Als verl\u00e4sslicher Partner arbeitet Greenway Logistics eng mit Branchenorganisationen zusammen und er\u00f6ffnet Unternehmen neue Chancen in Europa.","og_url":"https:\/\/greenway-logistics.com\/de\/partner\/","og_site_name":"Greenway Logistics","article_modified_time":"2026-03-09T14:39:28+00:00","twitter_card":"summary_large_image","twitter_misc":{"Gesch\u00e4tzte Lesezeit":"1\u00a0Minute"},"schema":{"@context":"https:\/\/schema.org","@graph":[{"@type":"WebPage","@id":"https:\/\/greenway-logistics.com\/de\/partner\/","url":"https:\/\/greenway-logistics.com\/de\/partner\/","name":"Partner - Greenway Logistics","isPartOf":{"@id":"https:\/\/greenway-logistics.com\/de\/#website"},"datePublished":"2023-03-01T15:16:43+00:00","dateModified":"2026-03-09T14:39:28+00:00","description":"Als verl\u00e4sslicher Partner arbeitet Greenway Logistics eng mit Branchenorganisationen zusammen und er\u00f6ffnet Unternehmen neue Chancen in Europa.","breadcrumb":{"@id":"https:\/\/greenway-logistics.com\/de\/partner\/#breadcrumb"},"inLanguage":"de","potentialAction":[{"@type":"ReadAction","target":["https:\/\/greenway-logistics.com\/de\/partner\/"]}]},{"@type":"BreadcrumbList","@id":"https:\/\/greenway-logistics.com\/de\/partner\/#breadcrumb","itemListElement":[{"@type":"ListItem","position":1,"name":"Home","item":"https:\/\/greenway-logistics.com\/de\/"},{"@type":"ListItem","position":2,"name":"Partner"}]},{"@type":"WebSite","@id":"https:\/\/greenway-logistics.com\/de\/#website","url":"https:\/\/greenway-logistics.com\/de\/","name":"Greenway Logistics","description":"Sustainable Logistics","potentialAction":[{"@type":"SearchAction","target":{"@type":"EntryPoint","urlTemplate":"https:\/\/greenway-logistics.com\/de\/?s={search_term_string}"},"query-input":{"@type":"PropertyValueSpecification","valueRequired":true,"valueName":"search_term_string"}}],"inLanguage":"de"}]}},"_links":{"self":[{"href":"https:\/\/greenway-logistics.com\/de\/wp-json\/wp\/v2\/pages\/2320","targetHints":{"allow":["GET"]}}],"collection":[{"href":"https:\/\/greenway-logistics.com\/de\/wp-json\/wp\/v2\/pages"}],"about":[{"href":"https:\/\/greenway-logistics.com\/de\/wp-json\/wp\/v2\/types\/page"}],"author":[{"embeddable":true,"href":"https:\/\/greenway-logistics.com\/de\/wp-json\/wp\/v2\/users\/5"}],"replies":[{"embeddable":true,"href":"https:\/\/greenway-logistics.com\/de\/wp-json\/wp\/v2\/comments?post=2320"}],"version-history":[{"count":4,"href":"https:\/\/greenway-logistics.com\/de\/wp-json\/wp\/v2\/pages\/2320\/revisions"}],"predecessor-version":[{"id":4573,"href":"https:\/\/greenway-logistics.com\/de\/wp-json\/wp\/v2\/pages\/2320\/revisions\/4573"}],"wp:attachment":[{"href":"https:\/\/greenway-logistics.com\/de\/wp-json\/wp\/v2\/media?parent=2320"}],"curies":[{"name":"wp","href":"https:\/\/api.w.org\/{rel}","templated":true}]}}