{"id":2310,"date":"2023-03-07T15:12:50","date_gmt":"2023-03-07T14:12:50","guid":{"rendered":"https:\/\/greenway-logistics.com\/services\/green-logistics\/"},"modified":"2025-08-19T15:38:22","modified_gmt":"2025-08-19T13:38:22","slug":"gruene-logistik","status":"publish","type":"page","link":"https:\/\/greenway-logistics.com\/de\/dienste\/gruene-logistik\/","title":{"rendered":"Gr\u00fcne Logistik"},"content":{"rendered":"<p>Die Logistik spielt eine Schl\u00fcsselrolle in der globalen Wirtschaft, was bedeutet, dass es sehr wichtig ist, dass Unternehmen auf eine gr\u00fcnere Logistik achten. Im Transportwesen geht es dabei um die Einsparung von Kilometern, Kraftstoff und die Reduzierung von Feinstaub-, Ru\u00df- und CO\u2082-Emissionen. Greenway Logistics verf\u00fcgt \u00fcber das Know-how, um die Logistik von Mode-, Sport-, Textil- und Lifestyle-Unternehmen nachhaltiger zu gestalten. Alle Logistikkonzepte von Greenway Logistics sind darauf ausgerichtet, den CO\u2082-Fu\u00dfabdruck von Unternehmen zu reduzieren.<\/p>\n<p>Greenway Logistics hat ein Konzept entwickelt: CO\u2082 Improve. CO\u2082 Improve hilft Unternehmen, einen Einblick in ihren CO\u2082-Fu\u00dfabdruck zu gewinnen (mit Hilfe eines offiziellen, zertifizierten Monitorings) und unterst\u00fctzt sie dabei, die CO\u2082-Emissionen von Logistikaktivit\u00e4ten durch Innovation und Zusammenarbeit zu reduzieren. Es geht darum, zu verbessern statt zu kompensieren. Das ultimative Ziel ist es, die globale Mode-, Sport- und Lifestyle-Branche in Bezug auf die CO\u2082-Emissionen der Logistik zu verbessern.<\/p>\n","protected":false},"excerpt":{"rendered":"<p>Die Logistik spielt eine Schl\u00fcsselrolle in der globalen Wirtschaft, was bedeutet, dass es sehr wichtig ist, dass Unternehmen auf eine gr\u00fcnere Logistik achten. Im Transportwesen geht es dabei um die Einsparung von Kilometern, Kraftstoff und die Reduzierung von Feinstaub-, Ru\u00df- und CO\u2082-Emissionen. Greenway Logistics verf\u00fcgt \u00fcber das Know-how, um die Logistik von Mode-, Sport-, Textil- [&hellip;]<\/p>\n","protected":false},"author":5,"featured_media":0,"parent":2300,"menu_order":0,"comment_status":"closed","ping_status":"closed","template":"","meta":{"_acf_changed":false,"footnotes":""},"class_list":["post-2310","page","type-page","status-publish","hentry"],"acf":[],"yoast_head":"<!-- This site is optimized with the Yoast SEO plugin v27.4 - https:\/\/yoast.com\/product\/yoast-seo-wordpress\/ -->\n<title>Greenway Logistics - Gr\u00fcne Logistik<\/title>\n<meta name=\"description\" content=\"Die Logistik spielt eine Schl\u00fcsselrolle in der globalen Wirtschaft, was bedeutet, dass es sehr wichtig ist, dass Unternehmen auf eine gr\u00fcne Logistik achten.\" \/>\n<meta name=\"robots\" content=\"index, follow, max-snippet:-1, max-image-preview:large, max-video-preview:-1\" \/>\n<link rel=\"canonical\" href=\"https:\/\/greenway-logistics.com\/de\/dienste\/gruene-logistik\/\" \/>\n<meta property=\"og:locale\" content=\"de_DE\" \/>\n<meta property=\"og:type\" content=\"article\" \/>\n<meta property=\"og:title\" content=\"Greenway Logistics - Gr\u00fcne Logistik\" \/>\n<meta property=\"og:description\" content=\"Die Logistik spielt eine Schl\u00fcsselrolle in der globalen Wirtschaft, was bedeutet, dass es sehr wichtig ist, dass Unternehmen auf eine gr\u00fcne Logistik achten.\" \/>\n<meta property=\"og:url\" content=\"https:\/\/greenway-logistics.com\/de\/dienste\/gruene-logistik\/\" \/>\n<meta property=\"og:site_name\" content=\"Greenway Logistics\" \/>\n<meta property=\"article:modified_time\" content=\"2025-08-19T13:38:22+00:00\" \/>\n<meta name=\"twitter:card\" content=\"summary_large_image\" \/>\n<meta name=\"twitter:label1\" content=\"Gesch\u00e4tzte Lesezeit\" \/>\n\t<meta name=\"twitter:data1\" content=\"1\u00a0Minute\" \/>\n<!-- \/ Yoast SEO plugin. -->","yoast_head_json":{"title":"Greenway Logistics - Gr\u00fcne Logistik","description":"Die Logistik spielt eine Schl\u00fcsselrolle in der globalen Wirtschaft, was bedeutet, dass es sehr wichtig ist, dass Unternehmen auf eine gr\u00fcne Logistik achten.","robots":{"index":"index","follow":"follow","max-snippet":"max-snippet:-1","max-image-preview":"max-image-preview:large","max-video-preview":"max-video-preview:-1"},"canonical":"https:\/\/greenway-logistics.com\/de\/dienste\/gruene-logistik\/","og_locale":"de_DE","og_type":"article","og_title":"Greenway Logistics - Gr\u00fcne Logistik","og_description":"Die Logistik spielt eine Schl\u00fcsselrolle in der globalen Wirtschaft, was bedeutet, dass es sehr wichtig ist, dass Unternehmen auf eine gr\u00fcne Logistik achten.","og_url":"https:\/\/greenway-logistics.com\/de\/dienste\/gruene-logistik\/","og_site_name":"Greenway Logistics","article_modified_time":"2025-08-19T13:38:22+00:00","twitter_card":"summary_large_image","twitter_misc":{"Gesch\u00e4tzte Lesezeit":"1\u00a0Minute"},"schema":{"@context":"https:\/\/schema.org","@graph":[{"@type":"WebPage","@id":"https:\/\/greenway-logistics.com\/de\/dienste\/gruene-logistik\/","url":"https:\/\/greenway-logistics.com\/de\/dienste\/gruene-logistik\/","name":"Greenway Logistics - Gr\u00fcne Logistik","isPartOf":{"@id":"https:\/\/greenway-logistics.com\/de\/#website"},"datePublished":"2023-03-07T14:12:50+00:00","dateModified":"2025-08-19T13:38:22+00:00","description":"Die Logistik spielt eine Schl\u00fcsselrolle in der globalen Wirtschaft, was bedeutet, dass es sehr wichtig ist, dass Unternehmen auf eine gr\u00fcne Logistik achten.","breadcrumb":{"@id":"https:\/\/greenway-logistics.com\/de\/dienste\/gruene-logistik\/#breadcrumb"},"inLanguage":"de","potentialAction":[{"@type":"ReadAction","target":["https:\/\/greenway-logistics.com\/de\/dienste\/gruene-logistik\/"]}]},{"@type":"BreadcrumbList","@id":"https:\/\/greenway-logistics.com\/de\/dienste\/gruene-logistik\/#breadcrumb","itemListElement":[{"@type":"ListItem","position":1,"name":"Home","item":"https:\/\/greenway-logistics.com\/de\/"},{"@type":"ListItem","position":2,"name":"Dienste","item":"https:\/\/greenway-logistics.com\/de\/dienste\/"},{"@type":"ListItem","position":3,"name":"Gr\u00fcne Logistik"}]},{"@type":"WebSite","@id":"https:\/\/greenway-logistics.com\/de\/#website","url":"https:\/\/greenway-logistics.com\/de\/","name":"Greenway Logistics","description":"Sustainable Logistics","potentialAction":[{"@type":"SearchAction","target":{"@type":"EntryPoint","urlTemplate":"https:\/\/greenway-logistics.com\/de\/?s={search_term_string}"},"query-input":{"@type":"PropertyValueSpecification","valueRequired":true,"valueName":"search_term_string"}}],"inLanguage":"de"}]}},"_links":{"self":[{"href":"https:\/\/greenway-logistics.com\/de\/wp-json\/wp\/v2\/pages\/2310","targetHints":{"allow":["GET"]}}],"collection":[{"href":"https:\/\/greenway-logistics.com\/de\/wp-json\/wp\/v2\/pages"}],"about":[{"href":"https:\/\/greenway-logistics.com\/de\/wp-json\/wp\/v2\/types\/page"}],"author":[{"embeddable":true,"href":"https:\/\/greenway-logistics.com\/de\/wp-json\/wp\/v2\/users\/5"}],"replies":[{"embeddable":true,"href":"https:\/\/greenway-logistics.com\/de\/wp-json\/wp\/v2\/comments?post=2310"}],"version-history":[{"count":7,"href":"https:\/\/greenway-logistics.com\/de\/wp-json\/wp\/v2\/pages\/2310\/revisions"}],"predecessor-version":[{"id":4182,"href":"https:\/\/greenway-logistics.com\/de\/wp-json\/wp\/v2\/pages\/2310\/revisions\/4182"}],"up":[{"embeddable":true,"href":"https:\/\/greenway-logistics.com\/de\/wp-json\/wp\/v2\/pages\/2300"}],"wp:attachment":[{"href":"https:\/\/greenway-logistics.com\/de\/wp-json\/wp\/v2\/media?parent=2310"}],"curies":[{"name":"wp","href":"https:\/\/api.w.org\/{rel}","templated":true}]}}