{"id":2300,"date":"2023-03-01T16:18:41","date_gmt":"2023-03-01T15:18:41","guid":{"rendered":"https:\/\/greenway-logistics.com\/services\/"},"modified":"2023-04-21T13:33:46","modified_gmt":"2023-04-21T11:33:46","slug":"dienste","status":"publish","type":"page","link":"https:\/\/greenway-logistics.com\/de\/dienste\/","title":{"rendered":"Dienste"},"content":{"rendered":"<p>Greenway Logistics spart Kosten und macht die Logistik f\u00fcr Mode-, Sport-, Textil- und Lifestyle-Unternehmen nachhaltiger. Das Unternehmen bietet logistische Beratung und unterst\u00fctzt mit eigenem Fachwissen und Netzwerk im Bereich der:<\/p>\n<ul>\n<li><a href=\"https:\/\/greenway-logistics.com\/de\/dienste\/speditionsvertraege\/\">Speditionsvertr\u00e4ge &gt;<\/a><\/li>\n<li><a href=\"https:\/\/greenway-logistics.com\/de\/dienste\/gruene-logistik\/\">Gr\u00fcne Logistik &gt;<\/a><\/li>\n<li><a href=\"https:\/\/greenway-logistics.com\/de\/dienste\/exportmaerkte\/\">Exportm\u00e4rkte &gt;<\/a><\/li>\n<li><a href=\"https:\/\/greenway-logistics.com\/de\/dienste\/lagerhaltung\/\">Lagerhaltung &gt;<\/a><\/li>\n<li><a href=\"https:\/\/greenway-logistics.com\/de\/dienste\/innovation\/\">Innovative Logistikl\u00f6sungen &gt;<\/a><\/li>\n<\/ul>\n<p>Greenway Logistics arbeitet eng mit vielen verschiedenen Logistikunternehmen zusammen. Diese Kooperationen sind das Herzst\u00fcck der kollektiven Logistik. Greenway Logistics w\u00e4hlt immer Unternehmen aus, die nicht nur qualitativ hochwertige Arbeit und Dienstleistungen anbieten, sondern auch die Bedeutung der Zusammenarbeit verstehen und annehmen.<\/p>\n","protected":false},"excerpt":{"rendered":"<p>Greenway Logistics spart Kosten und macht die Logistik f\u00fcr Mode-, Sport-, Textil- und Lifestyle-Unternehmen nachhaltiger. Das Unternehmen bietet logistische Beratung und unterst\u00fctzt mit eigenem Fachwissen und Netzwerk im Bereich der: Speditionsvertr\u00e4ge &gt; Gr\u00fcne Logistik &gt; Exportm\u00e4rkte &gt; Lagerhaltung &gt; Innovative Logistikl\u00f6sungen &gt; Greenway Logistics arbeitet eng mit vielen verschiedenen Logistikunternehmen zusammen. Diese Kooperationen sind das [&hellip;]<\/p>\n","protected":false},"author":5,"featured_media":1372,"parent":0,"menu_order":0,"comment_status":"closed","ping_status":"closed","template":"","meta":{"_acf_changed":false,"footnotes":""},"class_list":["post-2300","page","type-page","status-publish","has-post-thumbnail","hentry"],"acf":[],"yoast_head":"<!-- This site is optimized with the Yoast SEO plugin v27.4 - https:\/\/yoast.com\/product\/yoast-seo-wordpress\/ -->\n<title>Greenway Logistics - Dienste<\/title>\n<meta name=\"description\" content=\"Greenway Logistics spart Kosten und macht die Logistik f\u00fcr Mode-, Sport-, Textil- und Lifestyle-Unternehmen nachhaltiger. Das Unternehmen bietet logistische Beratung und unterst\u00fctzt mit eigenem Fachwissen und Netzwerk im Bereich der:\" \/>\n<meta name=\"robots\" content=\"index, follow, max-snippet:-1, max-image-preview:large, max-video-preview:-1\" \/>\n<link rel=\"canonical\" href=\"https:\/\/greenway-logistics.com\/de\/dienste\/\" \/>\n<meta property=\"og:locale\" content=\"de_DE\" \/>\n<meta property=\"og:type\" content=\"article\" \/>\n<meta property=\"og:title\" content=\"Greenway Logistics - Dienste\" \/>\n<meta property=\"og:description\" content=\"Greenway Logistics spart Kosten und macht die Logistik f\u00fcr Mode-, Sport-, Textil- und Lifestyle-Unternehmen nachhaltiger. Das Unternehmen bietet logistische Beratung und unterst\u00fctzt mit eigenem Fachwissen und Netzwerk im Bereich der:\" \/>\n<meta property=\"og:url\" content=\"https:\/\/greenway-logistics.com\/de\/dienste\/\" \/>\n<meta property=\"og:site_name\" content=\"Greenway Logistics\" \/>\n<meta property=\"article:modified_time\" content=\"2023-04-21T11:33:46+00:00\" \/>\n<meta property=\"og:image\" content=\"https:\/\/greenway-logistics.com\/wp-content\/uploads\/2023\/03\/greeway_hero_ship_1775x770-1600x460-1.jpeg\" \/>\n\t<meta property=\"og:image:width\" content=\"1600\" \/>\n\t<meta property=\"og:image:height\" content=\"460\" \/>\n\t<meta property=\"og:image:type\" content=\"image\/jpeg\" \/>\n<meta name=\"twitter:card\" content=\"summary_large_image\" \/>\n<meta name=\"twitter:label1\" content=\"Gesch\u00e4tzte Lesezeit\" \/>\n\t<meta name=\"twitter:data1\" content=\"1\u00a0Minute\" \/>\n<!-- \/ Yoast SEO plugin. -->","yoast_head_json":{"title":"Greenway Logistics - Dienste","description":"Greenway Logistics spart Kosten und macht die Logistik f\u00fcr Mode-, Sport-, Textil- und Lifestyle-Unternehmen nachhaltiger. Das Unternehmen bietet logistische Beratung und unterst\u00fctzt mit eigenem Fachwissen und Netzwerk im Bereich der:","robots":{"index":"index","follow":"follow","max-snippet":"max-snippet:-1","max-image-preview":"max-image-preview:large","max-video-preview":"max-video-preview:-1"},"canonical":"https:\/\/greenway-logistics.com\/de\/dienste\/","og_locale":"de_DE","og_type":"article","og_title":"Greenway Logistics - Dienste","og_description":"Greenway Logistics spart Kosten und macht die Logistik f\u00fcr Mode-, Sport-, Textil- und Lifestyle-Unternehmen nachhaltiger. Das Unternehmen bietet logistische Beratung und unterst\u00fctzt mit eigenem Fachwissen und Netzwerk im Bereich der:","og_url":"https:\/\/greenway-logistics.com\/de\/dienste\/","og_site_name":"Greenway Logistics","article_modified_time":"2023-04-21T11:33:46+00:00","og_image":[{"width":1600,"height":460,"url":"https:\/\/greenway-logistics.com\/wp-content\/uploads\/2023\/03\/greeway_hero_ship_1775x770-1600x460-1.jpeg","type":"image\/jpeg"}],"twitter_card":"summary_large_image","twitter_misc":{"Gesch\u00e4tzte Lesezeit":"1\u00a0Minute"},"schema":{"@context":"https:\/\/schema.org","@graph":[{"@type":"WebPage","@id":"https:\/\/greenway-logistics.com\/de\/dienste\/","url":"https:\/\/greenway-logistics.com\/de\/dienste\/","name":"Greenway Logistics - Dienste","isPartOf":{"@id":"https:\/\/greenway-logistics.com\/de\/#website"},"primaryImageOfPage":{"@id":"https:\/\/greenway-logistics.com\/de\/dienste\/#primaryimage"},"image":{"@id":"https:\/\/greenway-logistics.com\/de\/dienste\/#primaryimage"},"thumbnailUrl":"https:\/\/greenway-logistics.com\/wp-content\/uploads\/2023\/03\/greeway_hero_ship_1775x770-1600x460-1.jpeg","datePublished":"2023-03-01T15:18:41+00:00","dateModified":"2023-04-21T11:33:46+00:00","description":"Greenway Logistics spart Kosten und macht die Logistik f\u00fcr Mode-, Sport-, Textil- und Lifestyle-Unternehmen nachhaltiger. Das Unternehmen bietet logistische Beratung und unterst\u00fctzt mit eigenem Fachwissen und Netzwerk im Bereich der:","breadcrumb":{"@id":"https:\/\/greenway-logistics.com\/de\/dienste\/#breadcrumb"},"inLanguage":"de","potentialAction":[{"@type":"ReadAction","target":["https:\/\/greenway-logistics.com\/de\/dienste\/"]}]},{"@type":"ImageObject","inLanguage":"de","@id":"https:\/\/greenway-logistics.com\/de\/dienste\/#primaryimage","url":"https:\/\/greenway-logistics.com\/wp-content\/uploads\/2023\/03\/greeway_hero_ship_1775x770-1600x460-1.jpeg","contentUrl":"https:\/\/greenway-logistics.com\/wp-content\/uploads\/2023\/03\/greeway_hero_ship_1775x770-1600x460-1.jpeg","width":1600,"height":460,"caption":"Effici\u00ebnte logistieke oplossingen op maat."},{"@type":"BreadcrumbList","@id":"https:\/\/greenway-logistics.com\/de\/dienste\/#breadcrumb","itemListElement":[{"@type":"ListItem","position":1,"name":"Home","item":"https:\/\/greenway-logistics.com\/de\/"},{"@type":"ListItem","position":2,"name":"Dienste"}]},{"@type":"WebSite","@id":"https:\/\/greenway-logistics.com\/de\/#website","url":"https:\/\/greenway-logistics.com\/de\/","name":"Greenway Logistics","description":"Sustainable Logistics","potentialAction":[{"@type":"SearchAction","target":{"@type":"EntryPoint","urlTemplate":"https:\/\/greenway-logistics.com\/de\/?s={search_term_string}"},"query-input":{"@type":"PropertyValueSpecification","valueRequired":true,"valueName":"search_term_string"}}],"inLanguage":"de"}]}},"_links":{"self":[{"href":"https:\/\/greenway-logistics.com\/de\/wp-json\/wp\/v2\/pages\/2300","targetHints":{"allow":["GET"]}}],"collection":[{"href":"https:\/\/greenway-logistics.com\/de\/wp-json\/wp\/v2\/pages"}],"about":[{"href":"https:\/\/greenway-logistics.com\/de\/wp-json\/wp\/v2\/types\/page"}],"author":[{"embeddable":true,"href":"https:\/\/greenway-logistics.com\/de\/wp-json\/wp\/v2\/users\/5"}],"replies":[{"embeddable":true,"href":"https:\/\/greenway-logistics.com\/de\/wp-json\/wp\/v2\/comments?post=2300"}],"version-history":[{"count":6,"href":"https:\/\/greenway-logistics.com\/de\/wp-json\/wp\/v2\/pages\/2300\/revisions"}],"predecessor-version":[{"id":3227,"href":"https:\/\/greenway-logistics.com\/de\/wp-json\/wp\/v2\/pages\/2300\/revisions\/3227"}],"wp:featuredmedia":[{"embeddable":true,"href":"https:\/\/greenway-logistics.com\/de\/wp-json\/wp\/v2\/media\/1372"}],"wp:attachment":[{"href":"https:\/\/greenway-logistics.com\/de\/wp-json\/wp\/v2\/media?parent=2300"}],"curies":[{"name":"wp","href":"https:\/\/api.w.org\/{rel}","templated":true}]}}