{"id":2290,"date":"2023-03-07T15:24:58","date_gmt":"2023-03-07T14:24:58","guid":{"rendered":"https:\/\/greenway-logistics.com\/entering-external-markets\/"},"modified":"2025-08-19T15:04:52","modified_gmt":"2025-08-19T13:04:52","slug":"exportmaerkte","status":"publish","type":"page","link":"https:\/\/greenway-logistics.com\/de\/dienste\/exportmaerkte\/","title":{"rendered":"Exportm\u00e4rkte"},"content":{"rendered":"<p>Greenway Logistics hilft Unternehmen bei der Erschlie\u00dfung von Auslandsm\u00e4rkten. Die Entwicklung internationaler M\u00e4rkte erfordert eine logistische Infrastruktur im Ausland.<\/p>\n<p><strong>Das Tor zu Europa<\/strong><br \/>\nAls gr\u00f6\u00dfte Volkswirtschaft der Welt, mit mehr als 500 Millionen Verbrauchern bietet die Europ\u00e4ische Union spannende M\u00f6glichkeiten f\u00fcr Mode-, Sport- und Lifestyle-Unternehmen. Als au\u00dfereurop\u00e4isches Unternehmen in Europa oder im Vereinigten K\u00f6nigreich Fu\u00df zu fassen, kann eine gro\u00dfe Herausforderung sein; es ist wichtig zu verstehen, wie man Zugang zum europ\u00e4ischen Markt erh\u00e4lt und welche potenziellen Hindernisse bestehen.<\/p>\n<p>Greenway Logistics hat einen Service entwickelt, der alle Fachbereiche vereint. Diese umfassende Servicel\u00f6sung &#8222;<strong>Gateway to Europe<\/strong>&#8220; soll gro\u00dfen und mittelst\u00e4ndischen Marken sowohl bei unmittelbaren Problemen als auch bei langfristigen \u00dcberlegungen zum Aufbau von Export und Vertrieb helfen. Dabei werden die besten verf\u00fcgbaren Informationen mit praktischer, handlungsorientierter Beratung kombiniert.<\/p>\n<p>Das Kernelement unseres Konzepts f\u00fcr den Markteintritt in Gro\u00dfbritannien und Europa ist die umfassende und integrierte Unterst\u00fctzung bei den wichtigsten Themen: Marketing und Vertrieb, Logistik und Fulfillment, Zoll und Mehrwertsteuer, Finanzorganisation und Einhaltung von Vorschriften.<\/p>\n<p>Wir haben bereits viele Unternehmen erfolgreich unterst\u00fctzt. \u00dcber Ihren Industrieverband haben Sie ebenfalls einfachen Zugang zu diesem Dienstleistungspaket. Sie m\u00f6chten Ihre Marke interkontinental ausbauen? Wir helfen Ihnen gerne dabei.<\/p>\n<p>&nbsp;<\/p>\n","protected":false},"excerpt":{"rendered":"<p>Greenway Logistics hilft Unternehmen bei der Erschlie\u00dfung von Auslandsm\u00e4rkten. Die Entwicklung internationaler M\u00e4rkte erfordert eine logistische Infrastruktur im Ausland. Das Tor zu Europa Als gr\u00f6\u00dfte Volkswirtschaft der Welt, mit mehr als 500 Millionen Verbrauchern bietet die Europ\u00e4ische Union spannende M\u00f6glichkeiten f\u00fcr Mode-, Sport- und Lifestyle-Unternehmen. Als au\u00dfereurop\u00e4isches Unternehmen in Europa oder im Vereinigten K\u00f6nigreich Fu\u00df [&hellip;]<\/p>\n","protected":false},"author":5,"featured_media":0,"parent":2300,"menu_order":0,"comment_status":"closed","ping_status":"closed","template":"","meta":{"_acf_changed":false,"footnotes":""},"class_list":["post-2290","page","type-page","status-publish","hentry"],"acf":[],"yoast_head":"<!-- This site is optimized with the Yoast SEO plugin v27.3 - https:\/\/yoast.com\/product\/yoast-seo-wordpress\/ -->\n<title>Exportm\u00e4rkte - Greenway Logistics<\/title>\n<meta name=\"description\" content=\"Gateway to Europe\u201c von Greenway Logistics vereint alle Services und er\u00f6ffnet einfachen Zugang zu europ\u00e4ischen Exportm\u00e4rkte.\" \/>\n<meta name=\"robots\" content=\"index, follow, max-snippet:-1, max-image-preview:large, max-video-preview:-1\" \/>\n<link rel=\"canonical\" href=\"https:\/\/greenway-logistics.com\/de\/dienste\/exportmaerkte\/\" \/>\n<meta property=\"og:locale\" content=\"de_DE\" \/>\n<meta property=\"og:type\" content=\"article\" \/>\n<meta property=\"og:title\" content=\"Exportm\u00e4rkte - Greenway Logistics\" \/>\n<meta property=\"og:description\" content=\"Gateway to Europe\u201c von Greenway Logistics vereint alle Services und er\u00f6ffnet einfachen Zugang zu europ\u00e4ischen Exportm\u00e4rkte.\" \/>\n<meta property=\"og:url\" content=\"https:\/\/greenway-logistics.com\/de\/dienste\/exportmaerkte\/\" \/>\n<meta property=\"og:site_name\" content=\"Greenway Logistics\" \/>\n<meta property=\"article:modified_time\" content=\"2025-08-19T13:04:52+00:00\" \/>\n<meta name=\"twitter:card\" content=\"summary_large_image\" \/>\n<meta name=\"twitter:label1\" content=\"Gesch\u00e4tzte Lesezeit\" \/>\n\t<meta name=\"twitter:data1\" content=\"1\u00a0Minute\" \/>\n<!-- \/ Yoast SEO plugin. -->","yoast_head_json":{"title":"Exportm\u00e4rkte - Greenway Logistics","description":"Gateway to Europe\u201c von Greenway Logistics vereint alle Services und er\u00f6ffnet einfachen Zugang zu europ\u00e4ischen Exportm\u00e4rkte.","robots":{"index":"index","follow":"follow","max-snippet":"max-snippet:-1","max-image-preview":"max-image-preview:large","max-video-preview":"max-video-preview:-1"},"canonical":"https:\/\/greenway-logistics.com\/de\/dienste\/exportmaerkte\/","og_locale":"de_DE","og_type":"article","og_title":"Exportm\u00e4rkte - Greenway Logistics","og_description":"Gateway to Europe\u201c von Greenway Logistics vereint alle Services und er\u00f6ffnet einfachen Zugang zu europ\u00e4ischen Exportm\u00e4rkte.","og_url":"https:\/\/greenway-logistics.com\/de\/dienste\/exportmaerkte\/","og_site_name":"Greenway Logistics","article_modified_time":"2025-08-19T13:04:52+00:00","twitter_card":"summary_large_image","twitter_misc":{"Gesch\u00e4tzte Lesezeit":"1\u00a0Minute"},"schema":{"@context":"https:\/\/schema.org","@graph":[{"@type":"WebPage","@id":"https:\/\/greenway-logistics.com\/de\/dienste\/exportmaerkte\/","url":"https:\/\/greenway-logistics.com\/de\/dienste\/exportmaerkte\/","name":"Exportm\u00e4rkte - Greenway Logistics","isPartOf":{"@id":"https:\/\/greenway-logistics.com\/de\/#website"},"datePublished":"2023-03-07T14:24:58+00:00","dateModified":"2025-08-19T13:04:52+00:00","description":"Gateway to Europe\u201c von Greenway Logistics vereint alle Services und er\u00f6ffnet einfachen Zugang zu europ\u00e4ischen Exportm\u00e4rkte.","breadcrumb":{"@id":"https:\/\/greenway-logistics.com\/de\/dienste\/exportmaerkte\/#breadcrumb"},"inLanguage":"de","potentialAction":[{"@type":"ReadAction","target":["https:\/\/greenway-logistics.com\/de\/dienste\/exportmaerkte\/"]}]},{"@type":"BreadcrumbList","@id":"https:\/\/greenway-logistics.com\/de\/dienste\/exportmaerkte\/#breadcrumb","itemListElement":[{"@type":"ListItem","position":1,"name":"Home","item":"https:\/\/greenway-logistics.com\/de\/"},{"@type":"ListItem","position":2,"name":"Dienste","item":"https:\/\/greenway-logistics.com\/de\/dienste\/"},{"@type":"ListItem","position":3,"name":"Exportm\u00e4rkte"}]},{"@type":"WebSite","@id":"https:\/\/greenway-logistics.com\/de\/#website","url":"https:\/\/greenway-logistics.com\/de\/","name":"Greenway Logistics","description":"Sustainable Logistics","potentialAction":[{"@type":"SearchAction","target":{"@type":"EntryPoint","urlTemplate":"https:\/\/greenway-logistics.com\/de\/?s={search_term_string}"},"query-input":{"@type":"PropertyValueSpecification","valueRequired":true,"valueName":"search_term_string"}}],"inLanguage":"de"}]}},"_links":{"self":[{"href":"https:\/\/greenway-logistics.com\/de\/wp-json\/wp\/v2\/pages\/2290","targetHints":{"allow":["GET"]}}],"collection":[{"href":"https:\/\/greenway-logistics.com\/de\/wp-json\/wp\/v2\/pages"}],"about":[{"href":"https:\/\/greenway-logistics.com\/de\/wp-json\/wp\/v2\/types\/page"}],"author":[{"embeddable":true,"href":"https:\/\/greenway-logistics.com\/de\/wp-json\/wp\/v2\/users\/5"}],"replies":[{"embeddable":true,"href":"https:\/\/greenway-logistics.com\/de\/wp-json\/wp\/v2\/comments?post=2290"}],"version-history":[{"count":10,"href":"https:\/\/greenway-logistics.com\/de\/wp-json\/wp\/v2\/pages\/2290\/revisions"}],"predecessor-version":[{"id":4429,"href":"https:\/\/greenway-logistics.com\/de\/wp-json\/wp\/v2\/pages\/2290\/revisions\/4429"}],"up":[{"embeddable":true,"href":"https:\/\/greenway-logistics.com\/de\/wp-json\/wp\/v2\/pages\/2300"}],"wp:attachment":[{"href":"https:\/\/greenway-logistics.com\/de\/wp-json\/wp\/v2\/media?parent=2290"}],"curies":[{"name":"wp","href":"https:\/\/api.w.org\/{rel}","templated":true}]}}