{"id":2280,"date":"2023-03-07T15:23:24","date_gmt":"2023-03-07T14:23:24","guid":{"rendered":"https:\/\/greenway-logistics.com\/carrier-contracts\/"},"modified":"2024-12-11T10:55:01","modified_gmt":"2024-12-11T09:55:01","slug":"speditionsvertraege","status":"publish","type":"page","link":"https:\/\/greenway-logistics.com\/de\/dienste\/speditionsvertraege\/","title":{"rendered":"Speditionsvertr\u00e4ge"},"content":{"rendered":"<p>Greenway Logistics arbeitet auf lokaler und globaler Ebene mit Spediteuren zusammen, um kollektive Speditionsvereinbarungen und damit Gr\u00f6\u00dfenvorteile zu erzielen.<\/p>\n<p>Greenway Logistics hat kollektive Vertr\u00e4ge mit Partnern in der See- und Luftfracht, im Expressverkehr, in der Paket- und Paletten Verteilung und im Schienen- und Stra\u00dfentransport. Dank der B\u00fcndelung von Transportstr\u00f6men und der Konsolidierung k\u00f6nnen Kosten und CO\u2082 eingespart werden.<\/p>\n<p>Greenway Logistics unterst\u00fctzt Mode-, Sport-, Textil- und Lifestyle-Unternehmen im internationalen Gesch\u00e4ft und hilft beim Import und Export, weltweit, sowohl B2B als auch B2C.<\/p>\n","protected":false},"excerpt":{"rendered":"<p>Greenway Logistics arbeitet auf lokaler und globaler Ebene mit Spediteuren zusammen, um kollektive Speditionsvereinbarungen und damit Gr\u00f6\u00dfenvorteile zu erzielen. Greenway Logistics hat kollektive Vertr\u00e4ge mit Partnern in der See- und Luftfracht, im Expressverkehr, in der Paket- und Paletten Verteilung und im Schienen- und Stra\u00dfentransport. Dank der B\u00fcndelung von Transportstr\u00f6men und der Konsolidierung k\u00f6nnen Kosten und [&hellip;]<\/p>\n","protected":false},"author":5,"featured_media":0,"parent":2300,"menu_order":0,"comment_status":"closed","ping_status":"closed","template":"","meta":{"_acf_changed":false,"footnotes":""},"class_list":["post-2280","page","type-page","status-publish","hentry"],"acf":[],"yoast_head":"<!-- This site is optimized with the Yoast SEO plugin v27.4 - https:\/\/yoast.com\/product\/yoast-seo-wordpress\/ -->\n<title>Greenway Logistics - Speditionsvertr\u00e4ge<\/title>\n<meta name=\"description\" content=\"Greenway Logistics arbeitet auf lokaler und globaler Ebene mit Spediteuren zusammen, um kollektive Speditionsvereinbarungen und damit Gr\u00f6\u00dfenvorteile zu erzielen.\" \/>\n<meta name=\"robots\" content=\"index, follow, max-snippet:-1, max-image-preview:large, max-video-preview:-1\" \/>\n<link rel=\"canonical\" href=\"https:\/\/greenway-logistics.com\/de\/dienste\/speditionsvertraege\/\" \/>\n<meta property=\"og:locale\" content=\"de_DE\" \/>\n<meta property=\"og:type\" content=\"article\" \/>\n<meta property=\"og:title\" content=\"Greenway Logistics - Speditionsvertr\u00e4ge\" \/>\n<meta property=\"og:description\" content=\"Greenway Logistics arbeitet auf lokaler und globaler Ebene mit Spediteuren zusammen, um kollektive Speditionsvereinbarungen und damit Gr\u00f6\u00dfenvorteile zu erzielen.\" \/>\n<meta property=\"og:url\" content=\"https:\/\/greenway-logistics.com\/de\/dienste\/speditionsvertraege\/\" \/>\n<meta property=\"og:site_name\" content=\"Greenway Logistics\" \/>\n<meta property=\"article:modified_time\" content=\"2024-12-11T09:55:01+00:00\" \/>\n<meta name=\"twitter:card\" content=\"summary_large_image\" \/>\n<meta name=\"twitter:label1\" content=\"Gesch\u00e4tzte Lesezeit\" \/>\n\t<meta name=\"twitter:data1\" content=\"1\u00a0Minute\" \/>\n<!-- \/ Yoast SEO plugin. -->","yoast_head_json":{"title":"Greenway Logistics - Speditionsvertr\u00e4ge","description":"Greenway Logistics arbeitet auf lokaler und globaler Ebene mit Spediteuren zusammen, um kollektive Speditionsvereinbarungen und damit Gr\u00f6\u00dfenvorteile zu erzielen.","robots":{"index":"index","follow":"follow","max-snippet":"max-snippet:-1","max-image-preview":"max-image-preview:large","max-video-preview":"max-video-preview:-1"},"canonical":"https:\/\/greenway-logistics.com\/de\/dienste\/speditionsvertraege\/","og_locale":"de_DE","og_type":"article","og_title":"Greenway Logistics - Speditionsvertr\u00e4ge","og_description":"Greenway Logistics arbeitet auf lokaler und globaler Ebene mit Spediteuren zusammen, um kollektive Speditionsvereinbarungen und damit Gr\u00f6\u00dfenvorteile zu erzielen.","og_url":"https:\/\/greenway-logistics.com\/de\/dienste\/speditionsvertraege\/","og_site_name":"Greenway Logistics","article_modified_time":"2024-12-11T09:55:01+00:00","twitter_card":"summary_large_image","twitter_misc":{"Gesch\u00e4tzte Lesezeit":"1\u00a0Minute"},"schema":{"@context":"https:\/\/schema.org","@graph":[{"@type":"WebPage","@id":"https:\/\/greenway-logistics.com\/de\/dienste\/speditionsvertraege\/","url":"https:\/\/greenway-logistics.com\/de\/dienste\/speditionsvertraege\/","name":"Greenway Logistics - Speditionsvertr\u00e4ge","isPartOf":{"@id":"https:\/\/greenway-logistics.com\/de\/#website"},"datePublished":"2023-03-07T14:23:24+00:00","dateModified":"2024-12-11T09:55:01+00:00","description":"Greenway Logistics arbeitet auf lokaler und globaler Ebene mit Spediteuren zusammen, um kollektive Speditionsvereinbarungen und damit Gr\u00f6\u00dfenvorteile zu erzielen.","breadcrumb":{"@id":"https:\/\/greenway-logistics.com\/de\/dienste\/speditionsvertraege\/#breadcrumb"},"inLanguage":"de","potentialAction":[{"@type":"ReadAction","target":["https:\/\/greenway-logistics.com\/de\/dienste\/speditionsvertraege\/"]}]},{"@type":"BreadcrumbList","@id":"https:\/\/greenway-logistics.com\/de\/dienste\/speditionsvertraege\/#breadcrumb","itemListElement":[{"@type":"ListItem","position":1,"name":"Home","item":"https:\/\/greenway-logistics.com\/de\/"},{"@type":"ListItem","position":2,"name":"Dienste","item":"https:\/\/greenway-logistics.com\/de\/dienste\/"},{"@type":"ListItem","position":3,"name":"Speditionsvertr\u00e4ge"}]},{"@type":"WebSite","@id":"https:\/\/greenway-logistics.com\/de\/#website","url":"https:\/\/greenway-logistics.com\/de\/","name":"Greenway Logistics","description":"Sustainable Logistics","potentialAction":[{"@type":"SearchAction","target":{"@type":"EntryPoint","urlTemplate":"https:\/\/greenway-logistics.com\/de\/?s={search_term_string}"},"query-input":{"@type":"PropertyValueSpecification","valueRequired":true,"valueName":"search_term_string"}}],"inLanguage":"de"}]}},"_links":{"self":[{"href":"https:\/\/greenway-logistics.com\/de\/wp-json\/wp\/v2\/pages\/2280","targetHints":{"allow":["GET"]}}],"collection":[{"href":"https:\/\/greenway-logistics.com\/de\/wp-json\/wp\/v2\/pages"}],"about":[{"href":"https:\/\/greenway-logistics.com\/de\/wp-json\/wp\/v2\/types\/page"}],"author":[{"embeddable":true,"href":"https:\/\/greenway-logistics.com\/de\/wp-json\/wp\/v2\/users\/5"}],"replies":[{"embeddable":true,"href":"https:\/\/greenway-logistics.com\/de\/wp-json\/wp\/v2\/comments?post=2280"}],"version-history":[{"count":7,"href":"https:\/\/greenway-logistics.com\/de\/wp-json\/wp\/v2\/pages\/2280\/revisions"}],"predecessor-version":[{"id":3422,"href":"https:\/\/greenway-logistics.com\/de\/wp-json\/wp\/v2\/pages\/2280\/revisions\/3422"}],"up":[{"embeddable":true,"href":"https:\/\/greenway-logistics.com\/de\/wp-json\/wp\/v2\/pages\/2300"}],"wp:attachment":[{"href":"https:\/\/greenway-logistics.com\/de\/wp-json\/wp\/v2\/media?parent=2280"}],"curies":[{"name":"wp","href":"https:\/\/api.w.org\/{rel}","templated":true}]}}