{"id":2265,"date":"2023-03-07T15:24:10","date_gmt":"2023-03-07T14:24:10","guid":{"rendered":"https:\/\/greenway-logistics.com\/warehousing\/"},"modified":"2023-06-30T12:34:25","modified_gmt":"2023-06-30T10:34:25","slug":"lagerhaltung","status":"publish","type":"page","link":"https:\/\/greenway-logistics.com\/de\/dienste\/lagerhaltung\/","title":{"rendered":"Lagerhaltung"},"content":{"rendered":"<p>Greenway Logistics arbeitet bei der Auslagerung der Logistik eng mit verschiedenen (Logistik-)Parteien in mehreren L\u00e4ndern zusammen. Die Auslagerung der Logistik ist f\u00fcr viele Unternehmen eine schwierige Entscheidung. Greenway Logistics ist der Meinung, dass Outsourcing in vielen F\u00e4llen eine gute L\u00f6sung ist, die mit flexiblen und niedrigeren Kosten, der Bew\u00e4ltigung von saisonalen Spitzen, den M\u00f6glichkeiten zur Verbesserung der Lieferqualit\u00e4t und dem Zugang zu neuen M\u00e4rkten verbunden ist. Greenway Logistics hilft Unternehmen, einen Business Case zu erstellen, um die richtigen Variablen einzubeziehen und eine transparente Sicht auf das Logistik-Outsourcing zu erhalten.<\/p>\n","protected":false},"excerpt":{"rendered":"<p>Greenway Logistics arbeitet bei der Auslagerung der Logistik eng mit verschiedenen (Logistik-)Parteien in mehreren L\u00e4ndern zusammen. Die Auslagerung der Logistik ist f\u00fcr viele Unternehmen eine schwierige Entscheidung. Greenway Logistics ist der Meinung, dass Outsourcing in vielen F\u00e4llen eine gute L\u00f6sung ist, die mit flexiblen und niedrigeren Kosten, der Bew\u00e4ltigung von saisonalen Spitzen, den M\u00f6glichkeiten zur [&hellip;]<\/p>\n","protected":false},"author":5,"featured_media":0,"parent":2300,"menu_order":0,"comment_status":"closed","ping_status":"closed","template":"","meta":{"_acf_changed":false,"footnotes":""},"class_list":["post-2265","page","type-page","status-publish","hentry"],"acf":[],"yoast_head":"<!-- This site is optimized with the Yoast SEO plugin v27.4 - https:\/\/yoast.com\/product\/yoast-seo-wordpress\/ -->\n<title>Greenway Logistics - Lagerhaltung<\/title>\n<meta name=\"description\" content=\"Greenway Logistics arbeitet bei der Auslagerung der Logistik eng mit verschiedenen (Logistik-)Parteien in mehreren L\u00e4ndern zusammen. Die Auslagerung der Logistik ist f\u00fcr viele Unternehmen eine schwierige Entscheidung.\" \/>\n<meta name=\"robots\" content=\"index, follow, max-snippet:-1, max-image-preview:large, max-video-preview:-1\" \/>\n<link rel=\"canonical\" href=\"https:\/\/greenway-logistics.com\/de\/dienste\/lagerhaltung\/\" \/>\n<meta property=\"og:locale\" content=\"de_DE\" \/>\n<meta property=\"og:type\" content=\"article\" \/>\n<meta property=\"og:title\" content=\"Greenway Logistics - Lagerhaltung\" \/>\n<meta property=\"og:description\" content=\"Greenway Logistics arbeitet bei der Auslagerung der Logistik eng mit verschiedenen (Logistik-)Parteien in mehreren L\u00e4ndern zusammen. Die Auslagerung der Logistik ist f\u00fcr viele Unternehmen eine schwierige Entscheidung.\" \/>\n<meta property=\"og:url\" content=\"https:\/\/greenway-logistics.com\/de\/dienste\/lagerhaltung\/\" \/>\n<meta property=\"og:site_name\" content=\"Greenway Logistics\" \/>\n<meta property=\"article:modified_time\" content=\"2023-06-30T10:34:25+00:00\" \/>\n<meta name=\"twitter:card\" content=\"summary_large_image\" \/>\n<meta name=\"twitter:label1\" content=\"Gesch\u00e4tzte Lesezeit\" \/>\n\t<meta name=\"twitter:data1\" content=\"1\u00a0Minute\" \/>\n<!-- \/ Yoast SEO plugin. -->","yoast_head_json":{"title":"Greenway Logistics - Lagerhaltung","description":"Greenway Logistics arbeitet bei der Auslagerung der Logistik eng mit verschiedenen (Logistik-)Parteien in mehreren L\u00e4ndern zusammen. Die Auslagerung der Logistik ist f\u00fcr viele Unternehmen eine schwierige Entscheidung.","robots":{"index":"index","follow":"follow","max-snippet":"max-snippet:-1","max-image-preview":"max-image-preview:large","max-video-preview":"max-video-preview:-1"},"canonical":"https:\/\/greenway-logistics.com\/de\/dienste\/lagerhaltung\/","og_locale":"de_DE","og_type":"article","og_title":"Greenway Logistics - Lagerhaltung","og_description":"Greenway Logistics arbeitet bei der Auslagerung der Logistik eng mit verschiedenen (Logistik-)Parteien in mehreren L\u00e4ndern zusammen. Die Auslagerung der Logistik ist f\u00fcr viele Unternehmen eine schwierige Entscheidung.","og_url":"https:\/\/greenway-logistics.com\/de\/dienste\/lagerhaltung\/","og_site_name":"Greenway Logistics","article_modified_time":"2023-06-30T10:34:25+00:00","twitter_card":"summary_large_image","twitter_misc":{"Gesch\u00e4tzte Lesezeit":"1\u00a0Minute"},"schema":{"@context":"https:\/\/schema.org","@graph":[{"@type":"WebPage","@id":"https:\/\/greenway-logistics.com\/de\/dienste\/lagerhaltung\/","url":"https:\/\/greenway-logistics.com\/de\/dienste\/lagerhaltung\/","name":"Greenway Logistics - Lagerhaltung","isPartOf":{"@id":"https:\/\/greenway-logistics.com\/de\/#website"},"datePublished":"2023-03-07T14:24:10+00:00","dateModified":"2023-06-30T10:34:25+00:00","description":"Greenway Logistics arbeitet bei der Auslagerung der Logistik eng mit verschiedenen (Logistik-)Parteien in mehreren L\u00e4ndern zusammen. Die Auslagerung der Logistik ist f\u00fcr viele Unternehmen eine schwierige Entscheidung.","breadcrumb":{"@id":"https:\/\/greenway-logistics.com\/de\/dienste\/lagerhaltung\/#breadcrumb"},"inLanguage":"de","potentialAction":[{"@type":"ReadAction","target":["https:\/\/greenway-logistics.com\/de\/dienste\/lagerhaltung\/"]}]},{"@type":"BreadcrumbList","@id":"https:\/\/greenway-logistics.com\/de\/dienste\/lagerhaltung\/#breadcrumb","itemListElement":[{"@type":"ListItem","position":1,"name":"Home","item":"https:\/\/greenway-logistics.com\/de\/"},{"@type":"ListItem","position":2,"name":"Dienste","item":"https:\/\/greenway-logistics.com\/de\/dienste\/"},{"@type":"ListItem","position":3,"name":"Lagerhaltung"}]},{"@type":"WebSite","@id":"https:\/\/greenway-logistics.com\/de\/#website","url":"https:\/\/greenway-logistics.com\/de\/","name":"Greenway Logistics","description":"Sustainable Logistics","potentialAction":[{"@type":"SearchAction","target":{"@type":"EntryPoint","urlTemplate":"https:\/\/greenway-logistics.com\/de\/?s={search_term_string}"},"query-input":{"@type":"PropertyValueSpecification","valueRequired":true,"valueName":"search_term_string"}}],"inLanguage":"de"}]}},"_links":{"self":[{"href":"https:\/\/greenway-logistics.com\/de\/wp-json\/wp\/v2\/pages\/2265","targetHints":{"allow":["GET"]}}],"collection":[{"href":"https:\/\/greenway-logistics.com\/de\/wp-json\/wp\/v2\/pages"}],"about":[{"href":"https:\/\/greenway-logistics.com\/de\/wp-json\/wp\/v2\/types\/page"}],"author":[{"embeddable":true,"href":"https:\/\/greenway-logistics.com\/de\/wp-json\/wp\/v2\/users\/5"}],"replies":[{"embeddable":true,"href":"https:\/\/greenway-logistics.com\/de\/wp-json\/wp\/v2\/comments?post=2265"}],"version-history":[{"count":21,"href":"https:\/\/greenway-logistics.com\/de\/wp-json\/wp\/v2\/pages\/2265\/revisions"}],"predecessor-version":[{"id":3436,"href":"https:\/\/greenway-logistics.com\/de\/wp-json\/wp\/v2\/pages\/2265\/revisions\/3436"}],"up":[{"embeddable":true,"href":"https:\/\/greenway-logistics.com\/de\/wp-json\/wp\/v2\/pages\/2300"}],"wp:attachment":[{"href":"https:\/\/greenway-logistics.com\/de\/wp-json\/wp\/v2\/media?parent=2265"}],"curies":[{"name":"wp","href":"https:\/\/api.w.org\/{rel}","templated":true}]}}