{"id":1775,"date":"2021-12-22T09:35:09","date_gmt":"2021-12-22T08:35:09","guid":{"rendered":"https:\/\/greenway-logistics.com\/341-2\/"},"modified":"2026-03-09T19:15:33","modified_gmt":"2026-03-09T18:15:33","slug":"341-2","status":"publish","type":"page","link":"https:\/\/greenway-logistics.com\/de\/","title":{"rendered":"KOSTENEINSPARUNGEN &#038; GR\u00dcNE LOGISTIK"},"content":{"rendered":"<p>Greenway Logistics unterst\u00fctzt Mode-, Sport-, Textil- und Lifestyle-Unternehmen auf der ganzen Welt im Bereich der Logistik mit dem Ziel, Kosten zu sparen, innovativ zu sein und die globale Mode-, Sport- und Lifestyle-Industrie nachhaltiger zu machen, was die CO\u2082-Emissionen der Logistik betrifft.<\/p>\n<p>Durch die Zusammenarbeit mit mehr als 15 Branchenverb\u00e4nden weltweit ist Greenway Logistics in der Lage, Gr\u00f6\u00dfenvorteile zu realisieren.<\/p>\n<p>Greenway Logistics steht f\u00fcr <a href=\"https:\/\/greenway-logistics.com\/de\/dienste\/speditionsvertraege\/\">Kosteneinsparungen<\/a>, <a href=\"https:\/\/greenway-logistics.com\/de\/dienste\/gruene-logistik\/\">Nachhaltigkeit<\/a>, <a href=\"https:\/\/greenway-logistics.com\/de\/dienste\/innovation\/\">Innovation<\/a> und <a href=\"https:\/\/greenway-logistics.com\/de\/partner\/\">Branchenkooperationen<\/a>.<\/p>\n","protected":false},"excerpt":{"rendered":"<p>Greenway Logistics unterst\u00fctzt Mode-, Sport-, Textil- und Lifestyle-Unternehmen auf der ganzen Welt im Bereich der Logistik mit dem Ziel, Kosten zu sparen, innovativ zu sein und die globale Mode-, Sport- und Lifestyle-Industrie nachhaltiger zu machen, was die CO\u2082-Emissionen der Logistik betrifft. Durch die Zusammenarbeit mit mehr als 15 Branchenverb\u00e4nden weltweit ist Greenway Logistics in der [&hellip;]<\/p>\n","protected":false},"author":5,"featured_media":0,"parent":0,"menu_order":0,"comment_status":"closed","ping_status":"open","template":"page-home.php","meta":{"_acf_changed":false,"footnotes":""},"class_list":["post-1775","page","type-page","status-publish","hentry"],"acf":[],"yoast_head":"<!-- This site is optimized with the Yoast SEO plugin v27.3 - https:\/\/yoast.com\/product\/yoast-seo-wordpress\/ -->\n<title>Greenway Logistics - KOSTENEINSPARUNGEN &amp; GR\u00dcNE LOGISTIK<\/title>\n<meta name=\"description\" content=\"Greenway Logistics unterst\u00fctzt Mode-, Sport-, Textil- und Lifestyle-Unternehmen auf der ganzen Welt im Bereich der Logistik mit dem Ziel, Kosten zu sparen, innovativ zu sein und die globale Mode-, Sport- und Lifestyle-Industrie nachhaltiger zu machen, was die CO\u2082-Emissionen der Logistik betrifft.\" \/>\n<meta name=\"robots\" content=\"index, follow, max-snippet:-1, max-image-preview:large, max-video-preview:-1\" \/>\n<link rel=\"canonical\" href=\"https:\/\/greenway-logistics.com\/de\/\" \/>\n<meta property=\"og:locale\" content=\"de_DE\" \/>\n<meta property=\"og:type\" content=\"article\" \/>\n<meta property=\"og:title\" content=\"Greenway Logistics - KOSTENEINSPARUNGEN &amp; GR\u00dcNE LOGISTIK\" \/>\n<meta property=\"og:description\" content=\"Greenway Logistics unterst\u00fctzt Mode-, Sport-, Textil- und Lifestyle-Unternehmen auf der ganzen Welt im Bereich der Logistik mit dem Ziel, Kosten zu sparen, innovativ zu sein und die globale Mode-, Sport- und Lifestyle-Industrie nachhaltiger zu machen, was die CO\u2082-Emissionen der Logistik betrifft.\" \/>\n<meta property=\"og:url\" content=\"https:\/\/greenway-logistics.com\/de\/\" \/>\n<meta property=\"og:site_name\" content=\"Greenway Logistics\" \/>\n<meta property=\"article:modified_time\" content=\"2026-03-09T18:15:33+00:00\" \/>\n<meta name=\"twitter:card\" content=\"summary_large_image\" \/>\n<meta name=\"twitter:label1\" content=\"Gesch\u00e4tzte Lesezeit\" \/>\n\t<meta name=\"twitter:data1\" content=\"1\u00a0Minute\" \/>\n<!-- \/ Yoast SEO plugin. -->","yoast_head_json":{"title":"Greenway Logistics - KOSTENEINSPARUNGEN & GR\u00dcNE LOGISTIK","description":"Greenway Logistics unterst\u00fctzt Mode-, Sport-, Textil- und Lifestyle-Unternehmen auf der ganzen Welt im Bereich der Logistik mit dem Ziel, Kosten zu sparen, innovativ zu sein und die globale Mode-, Sport- und Lifestyle-Industrie nachhaltiger zu machen, was die CO\u2082-Emissionen der Logistik betrifft.","robots":{"index":"index","follow":"follow","max-snippet":"max-snippet:-1","max-image-preview":"max-image-preview:large","max-video-preview":"max-video-preview:-1"},"canonical":"https:\/\/greenway-logistics.com\/de\/","og_locale":"de_DE","og_type":"article","og_title":"Greenway Logistics - KOSTENEINSPARUNGEN & GR\u00dcNE LOGISTIK","og_description":"Greenway Logistics unterst\u00fctzt Mode-, Sport-, Textil- und Lifestyle-Unternehmen auf der ganzen Welt im Bereich der Logistik mit dem Ziel, Kosten zu sparen, innovativ zu sein und die globale Mode-, Sport- und Lifestyle-Industrie nachhaltiger zu machen, was die CO\u2082-Emissionen der Logistik betrifft.","og_url":"https:\/\/greenway-logistics.com\/de\/","og_site_name":"Greenway Logistics","article_modified_time":"2026-03-09T18:15:33+00:00","twitter_card":"summary_large_image","twitter_misc":{"Gesch\u00e4tzte Lesezeit":"1\u00a0Minute"},"schema":{"@context":"https:\/\/schema.org","@graph":[{"@type":"WebPage","@id":"https:\/\/greenway-logistics.com\/de\/","url":"https:\/\/greenway-logistics.com\/de\/","name":"Greenway Logistics - KOSTENEINSPARUNGEN & GR\u00dcNE LOGISTIK","isPartOf":{"@id":"https:\/\/greenway-logistics.com\/de\/#website"},"datePublished":"2021-12-22T08:35:09+00:00","dateModified":"2026-03-09T18:15:33+00:00","description":"Greenway Logistics unterst\u00fctzt Mode-, Sport-, Textil- und Lifestyle-Unternehmen auf der ganzen Welt im Bereich der Logistik mit dem Ziel, Kosten zu sparen, innovativ zu sein und die globale Mode-, Sport- und Lifestyle-Industrie nachhaltiger zu machen, was die CO\u2082-Emissionen der Logistik betrifft.","breadcrumb":{"@id":"https:\/\/greenway-logistics.com\/de\/#breadcrumb"},"inLanguage":"de","potentialAction":[{"@type":"ReadAction","target":["https:\/\/greenway-logistics.com\/de\/"]}]},{"@type":"BreadcrumbList","@id":"https:\/\/greenway-logistics.com\/de\/#breadcrumb","itemListElement":[{"@type":"ListItem","position":1,"name":"Home","item":"https:\/\/greenway-logistics.com\/de\/"},{"@type":"ListItem","position":2,"name":"KOSTENEINSPARUNGEN &#038; GR\u00dcNE LOGISTIK"}]},{"@type":"WebSite","@id":"https:\/\/greenway-logistics.com\/de\/#website","url":"https:\/\/greenway-logistics.com\/de\/","name":"Greenway Logistics","description":"Sustainable Logistics","potentialAction":[{"@type":"SearchAction","target":{"@type":"EntryPoint","urlTemplate":"https:\/\/greenway-logistics.com\/de\/?s={search_term_string}"},"query-input":{"@type":"PropertyValueSpecification","valueRequired":true,"valueName":"search_term_string"}}],"inLanguage":"de"}]}},"_links":{"self":[{"href":"https:\/\/greenway-logistics.com\/de\/wp-json\/wp\/v2\/pages\/1775","targetHints":{"allow":["GET"]}}],"collection":[{"href":"https:\/\/greenway-logistics.com\/de\/wp-json\/wp\/v2\/pages"}],"about":[{"href":"https:\/\/greenway-logistics.com\/de\/wp-json\/wp\/v2\/types\/page"}],"author":[{"embeddable":true,"href":"https:\/\/greenway-logistics.com\/de\/wp-json\/wp\/v2\/users\/5"}],"replies":[{"embeddable":true,"href":"https:\/\/greenway-logistics.com\/de\/wp-json\/wp\/v2\/comments?post=1775"}],"version-history":[{"count":30,"href":"https:\/\/greenway-logistics.com\/de\/wp-json\/wp\/v2\/pages\/1775\/revisions"}],"predecessor-version":[{"id":4598,"href":"https:\/\/greenway-logistics.com\/de\/wp-json\/wp\/v2\/pages\/1775\/revisions\/4598"}],"wp:attachment":[{"href":"https:\/\/greenway-logistics.com\/de\/wp-json\/wp\/v2\/media?parent=1775"}],"curies":[{"name":"wp","href":"https:\/\/api.w.org\/{rel}","templated":true}]}}