{"id":1722,"date":"2023-03-07T15:26:12","date_gmt":"2023-03-07T14:26:12","guid":{"rendered":"https:\/\/greenway-logistics.com\/innovation\/"},"modified":"2025-08-19T15:18:12","modified_gmt":"2025-08-19T13:18:12","slug":"innovation","status":"publish","type":"page","link":"https:\/\/greenway-logistics.com\/de\/dienste\/innovation\/","title":{"rendered":"Innovation"},"content":{"rendered":"<p>Greenway Logistics bietet seinen Kunden innovative L\u00f6sungen, bei denen &#8222;Kosteneinsparung&#8220; und &#8222;gr\u00fcn&#8220; die Schl\u00fcsselw\u00f6rter sind. Neue Dienstleistungen werden auf der Grundlage der Wunschliste der Industrie entwickelt. Projekte wie &#8218;<a href=\"https:\/\/youtu.be\/7I5oLklWSEs?si=3-wTHkkCy1AKkpPP\">B\u00fcndelung an der Quelle<\/a>&#8218;, &#8218;<a href=\"https:\/\/greenway-logistics.com\/de\/dienste\/musterkonsolidierung\/\">Sample Consolidation<\/a>&#8218;, &#8218;<a href=\"https:\/\/greenway-logistics.com\/de\/dienste\/consol-box\/\">Consol Box<\/a>&#8218; und &#8218;Lieferzeitenharmonisierung&#8216; sind Beispiele f\u00fcr erfolgreiche <a href=\"https:\/\/co2improve.com\/concepts\/\" target=\"_blank\" rel=\"noopener\">Innovationen von Greenway Logistics<\/a>. Auch Konzepte wie die vollst\u00e4ndige Entlastung und kombinierte Transporte zwischen bestimmten L\u00e4ndern geh\u00f6ren zu dieser Liste. Diese Innovationen f\u00fchren zu Kosteneinsparungen und einer umweltfreundlicheren Logistik und sind daher noch interessanter.<\/p>\n<p>&nbsp;<\/p>\n<ul>\n<li><a href=\"https:\/\/greenway-logistics.com\/de\/dienste\/speditionsvertraege\/\">Speditionsvert\u00e4ge<\/a><\/li>\n<li><a href=\"https:\/\/greenway-logistics.com\/de\/dienste\/gruene-logistik\/\">Gr\u00fcne logistik<\/a><\/li>\n<li><a href=\"https:\/\/greenway-logistics.com\/de\/dienste\/exportmaerkte\/\">Exportm\u00e4rkte<\/a><\/li>\n<li><a href=\"https:\/\/greenway-logistics.com\/de\/dienste\/lagerhaltung\/\">Lagerhaltung<\/a><\/li>\n<li><a href=\"https:\/\/greenway-logistics.com\/de\/dienste\/musterkonsolidierung\/\">Sample Consolidation<\/a><\/li>\n<li><a href=\"https:\/\/greenway-logistics.com\/de\/dienste\/consol-box\/\">Consol Box<\/a><\/li>\n<\/ul>\n<p>&nbsp;<\/p>\n<p>&nbsp;<\/p>\n","protected":false},"excerpt":{"rendered":"<p>Greenway Logistics bietet seinen Kunden innovative L\u00f6sungen, bei denen &#8222;Kosteneinsparung&#8220; und &#8222;gr\u00fcn&#8220; die Schl\u00fcsselw\u00f6rter sind. Neue Dienstleistungen werden auf der Grundlage der Wunschliste der Industrie entwickelt. Projekte wie &#8218;B\u00fcndelung an der Quelle&#8218;, &#8218;Sample Consolidation&#8218;, &#8218;Consol Box&#8218; und &#8218;Lieferzeitenharmonisierung&#8216; sind Beispiele f\u00fcr erfolgreiche Innovationen von Greenway Logistics. Auch Konzepte wie die vollst\u00e4ndige Entlastung und kombinierte Transporte [&hellip;]<\/p>\n","protected":false},"author":5,"featured_media":0,"parent":2300,"menu_order":0,"comment_status":"closed","ping_status":"closed","template":"","meta":{"_acf_changed":false,"footnotes":""},"class_list":["post-1722","page","type-page","status-publish","hentry"],"acf":[],"yoast_head":"<!-- This site is optimized with the Yoast SEO plugin v27.3 - https:\/\/yoast.com\/product\/yoast-seo-wordpress\/ -->\n<title>Innovation - Greenway Logistics<\/title>\n<meta name=\"description\" content=\"Greenway Logistics bietet seinen Kunden innovative L\u00f6sungen, bei denen &quot;Kosteneinsparung&quot; und &quot;gr\u00fcn&quot; die Schl\u00fcsselw\u00f6rter sind.\" \/>\n<meta name=\"robots\" content=\"index, follow, max-snippet:-1, max-image-preview:large, max-video-preview:-1\" \/>\n<link rel=\"canonical\" href=\"https:\/\/greenway-logistics.com\/de\/dienste\/innovation\/\" \/>\n<meta property=\"og:locale\" content=\"de_DE\" \/>\n<meta property=\"og:type\" content=\"article\" \/>\n<meta property=\"og:title\" content=\"Innovation - Greenway Logistics\" \/>\n<meta property=\"og:description\" content=\"Greenway Logistics bietet seinen Kunden innovative L\u00f6sungen, bei denen &quot;Kosteneinsparung&quot; und &quot;gr\u00fcn&quot; die Schl\u00fcsselw\u00f6rter sind.\" \/>\n<meta property=\"og:url\" content=\"https:\/\/greenway-logistics.com\/de\/dienste\/innovation\/\" \/>\n<meta property=\"og:site_name\" content=\"Greenway Logistics\" \/>\n<meta property=\"article:modified_time\" content=\"2025-08-19T13:18:12+00:00\" \/>\n<meta name=\"twitter:card\" content=\"summary_large_image\" \/>\n<meta name=\"twitter:label1\" content=\"Gesch\u00e4tzte Lesezeit\" \/>\n\t<meta name=\"twitter:data1\" content=\"1\u00a0Minute\" \/>\n<!-- \/ Yoast SEO plugin. -->","yoast_head_json":{"title":"Innovation - Greenway Logistics","description":"Greenway Logistics bietet seinen Kunden innovative L\u00f6sungen, bei denen \"Kosteneinsparung\" und \"gr\u00fcn\" die Schl\u00fcsselw\u00f6rter sind.","robots":{"index":"index","follow":"follow","max-snippet":"max-snippet:-1","max-image-preview":"max-image-preview:large","max-video-preview":"max-video-preview:-1"},"canonical":"https:\/\/greenway-logistics.com\/de\/dienste\/innovation\/","og_locale":"de_DE","og_type":"article","og_title":"Innovation - Greenway Logistics","og_description":"Greenway Logistics bietet seinen Kunden innovative L\u00f6sungen, bei denen \"Kosteneinsparung\" und \"gr\u00fcn\" die Schl\u00fcsselw\u00f6rter sind.","og_url":"https:\/\/greenway-logistics.com\/de\/dienste\/innovation\/","og_site_name":"Greenway Logistics","article_modified_time":"2025-08-19T13:18:12+00:00","twitter_card":"summary_large_image","twitter_misc":{"Gesch\u00e4tzte Lesezeit":"1\u00a0Minute"},"schema":{"@context":"https:\/\/schema.org","@graph":[{"@type":"WebPage","@id":"https:\/\/greenway-logistics.com\/de\/dienste\/innovation\/","url":"https:\/\/greenway-logistics.com\/de\/dienste\/innovation\/","name":"Innovation - Greenway Logistics","isPartOf":{"@id":"https:\/\/greenway-logistics.com\/de\/#website"},"datePublished":"2023-03-07T14:26:12+00:00","dateModified":"2025-08-19T13:18:12+00:00","description":"Greenway Logistics bietet seinen Kunden innovative L\u00f6sungen, bei denen \"Kosteneinsparung\" und \"gr\u00fcn\" die Schl\u00fcsselw\u00f6rter sind.","breadcrumb":{"@id":"https:\/\/greenway-logistics.com\/de\/dienste\/innovation\/#breadcrumb"},"inLanguage":"de","potentialAction":[{"@type":"ReadAction","target":["https:\/\/greenway-logistics.com\/de\/dienste\/innovation\/"]}]},{"@type":"BreadcrumbList","@id":"https:\/\/greenway-logistics.com\/de\/dienste\/innovation\/#breadcrumb","itemListElement":[{"@type":"ListItem","position":1,"name":"Home","item":"https:\/\/greenway-logistics.com\/de\/"},{"@type":"ListItem","position":2,"name":"Dienste","item":"https:\/\/greenway-logistics.com\/de\/dienste\/"},{"@type":"ListItem","position":3,"name":"Innovation"}]},{"@type":"WebSite","@id":"https:\/\/greenway-logistics.com\/de\/#website","url":"https:\/\/greenway-logistics.com\/de\/","name":"Greenway Logistics","description":"Sustainable Logistics","potentialAction":[{"@type":"SearchAction","target":{"@type":"EntryPoint","urlTemplate":"https:\/\/greenway-logistics.com\/de\/?s={search_term_string}"},"query-input":{"@type":"PropertyValueSpecification","valueRequired":true,"valueName":"search_term_string"}}],"inLanguage":"de"}]}},"_links":{"self":[{"href":"https:\/\/greenway-logistics.com\/de\/wp-json\/wp\/v2\/pages\/1722","targetHints":{"allow":["GET"]}}],"collection":[{"href":"https:\/\/greenway-logistics.com\/de\/wp-json\/wp\/v2\/pages"}],"about":[{"href":"https:\/\/greenway-logistics.com\/de\/wp-json\/wp\/v2\/types\/page"}],"author":[{"embeddable":true,"href":"https:\/\/greenway-logistics.com\/de\/wp-json\/wp\/v2\/users\/5"}],"replies":[{"embeddable":true,"href":"https:\/\/greenway-logistics.com\/de\/wp-json\/wp\/v2\/comments?post=1722"}],"version-history":[{"count":15,"href":"https:\/\/greenway-logistics.com\/de\/wp-json\/wp\/v2\/pages\/1722\/revisions"}],"predecessor-version":[{"id":3984,"href":"https:\/\/greenway-logistics.com\/de\/wp-json\/wp\/v2\/pages\/1722\/revisions\/3984"}],"up":[{"embeddable":true,"href":"https:\/\/greenway-logistics.com\/de\/wp-json\/wp\/v2\/pages\/2300"}],"wp:attachment":[{"href":"https:\/\/greenway-logistics.com\/de\/wp-json\/wp\/v2\/media?parent=1722"}],"curies":[{"name":"wp","href":"https:\/\/api.w.org\/{rel}","templated":true}]}}