{"id":4645,"date":"2026-04-29T08:58:57","date_gmt":"2026-04-29T06:58:57","guid":{"rendered":"https:\/\/greenway-logistics.com\/?page_id=4645"},"modified":"2026-04-29T12:33:00","modified_gmt":"2026-04-29T10:33:00","slug":"break-bulk-loesning","status":"publish","type":"page","link":"https:\/\/greenway-logistics.com\/da\/loesninger\/break-bulk-loesning\/","title":{"rendered":"Break Bulk-L\u00f8sning"},"content":{"rendered":"<h2>Om<\/h2>\n<p>Internationale B2B- og B2C-forsendelser til EU kan v\u00e6re komplekse og omkostningstunge. Greenway Logistics forenkler processen med <strong data-start=\"130\" data-end=\"154\">Break Bulk-l\u00f8sningen<\/strong>; en effektiv cross-docking-service, der opereres fra et europ\u00e6isk lager i Holland. Denne l\u00f8sning er specifikt designet til virksomheder uden for Europa, som \u00f8nsker at distribuere produkter hurtigt og omkostningseffektivt til flere EU-destinationer.<\/p>\n","protected":false},"excerpt":{"rendered":"<p>Om Internationale B2B- og B2C-forsendelser til EU kan v\u00e6re komplekse og omkostningstunge. Greenway Logistics forenkler processen med Break Bulk-l\u00f8sningen; en effektiv cross-docking-service, der opereres fra et europ\u00e6isk lager i Holland. Denne l\u00f8sning er specifikt designet til virksomheder uden for Europa, som \u00f8nsker at distribuere produkter hurtigt og omkostningseffektivt til flere EU-destinationer.<\/p>\n","protected":false},"author":4,"featured_media":0,"parent":2297,"menu_order":0,"comment_status":"closed","ping_status":"closed","template":"","meta":{"_acf_changed":false,"footnotes":""},"class_list":["post-4645","page","type-page","status-publish","hentry"],"acf":[],"yoast_head":"<!-- This site is optimized with the Yoast SEO plugin v27.5 - https:\/\/yoast.com\/product\/yoast-seo-wordpress\/ -->\n<title>Greenway Logistics - Break Bulk-L\u00f8sning<\/title>\n<meta name=\"description\" content=\"Denne l\u00f8sning er specifikt designet til virksomheder uden for Europa, som \u00f8nsker at distribuere produkter hurtigt og omkostningseffektivt til flere EU-destinationer.\" \/>\n<meta name=\"robots\" content=\"index, follow, max-snippet:-1, max-image-preview:large, max-video-preview:-1\" \/>\n<link rel=\"canonical\" href=\"https:\/\/greenway-logistics.com\/da\/loesninger\/break-bulk-loesning\/\" \/>\n<meta property=\"og:locale\" content=\"da_DK\" \/>\n<meta property=\"og:type\" content=\"article\" \/>\n<meta property=\"og:title\" content=\"Greenway Logistics - Break Bulk-L\u00f8sning\" \/>\n<meta property=\"og:description\" content=\"Denne l\u00f8sning er specifikt designet til virksomheder uden for Europa, som \u00f8nsker at distribuere produkter hurtigt og omkostningseffektivt til flere EU-destinationer.\" \/>\n<meta property=\"og:url\" content=\"https:\/\/greenway-logistics.com\/da\/loesninger\/break-bulk-loesning\/\" \/>\n<meta property=\"og:site_name\" content=\"Greenway Logistics\" \/>\n<meta property=\"article:modified_time\" content=\"2026-04-29T10:33:00+00:00\" \/>\n<meta name=\"twitter:card\" content=\"summary_large_image\" \/>\n<meta name=\"twitter:label1\" content=\"Estimeret l\u00e6setid\" \/>\n\t<meta name=\"twitter:data1\" content=\"1 minut\" \/>\n<!-- \/ Yoast SEO plugin. -->","yoast_head_json":{"title":"Greenway Logistics - Break Bulk-L\u00f8sning","description":"Denne l\u00f8sning er specifikt designet til virksomheder uden for Europa, som \u00f8nsker at distribuere produkter hurtigt og omkostningseffektivt til flere EU-destinationer.","robots":{"index":"index","follow":"follow","max-snippet":"max-snippet:-1","max-image-preview":"max-image-preview:large","max-video-preview":"max-video-preview:-1"},"canonical":"https:\/\/greenway-logistics.com\/da\/loesninger\/break-bulk-loesning\/","og_locale":"da_DK","og_type":"article","og_title":"Greenway Logistics - Break Bulk-L\u00f8sning","og_description":"Denne l\u00f8sning er specifikt designet til virksomheder uden for Europa, som \u00f8nsker at distribuere produkter hurtigt og omkostningseffektivt til flere EU-destinationer.","og_url":"https:\/\/greenway-logistics.com\/da\/loesninger\/break-bulk-loesning\/","og_site_name":"Greenway Logistics","article_modified_time":"2026-04-29T10:33:00+00:00","twitter_card":"summary_large_image","twitter_misc":{"Estimeret l\u00e6setid":"1 minut"},"schema":{"@context":"https:\/\/schema.org","@graph":[{"@type":"WebPage","@id":"https:\/\/greenway-logistics.com\/da\/loesninger\/break-bulk-loesning\/","url":"https:\/\/greenway-logistics.com\/da\/loesninger\/break-bulk-loesning\/","name":"Greenway Logistics - Break Bulk-L\u00f8sning","isPartOf":{"@id":"https:\/\/greenway-logistics.com\/da\/#website"},"datePublished":"2026-04-29T06:58:57+00:00","dateModified":"2026-04-29T10:33:00+00:00","description":"Denne l\u00f8sning er specifikt designet til virksomheder uden for Europa, som \u00f8nsker at distribuere produkter hurtigt og omkostningseffektivt til flere EU-destinationer.","breadcrumb":{"@id":"https:\/\/greenway-logistics.com\/da\/loesninger\/break-bulk-loesning\/#breadcrumb"},"inLanguage":"da-DK","potentialAction":[{"@type":"ReadAction","target":["https:\/\/greenway-logistics.com\/da\/loesninger\/break-bulk-loesning\/"]}]},{"@type":"BreadcrumbList","@id":"https:\/\/greenway-logistics.com\/da\/loesninger\/break-bulk-loesning\/#breadcrumb","itemListElement":[{"@type":"ListItem","position":1,"name":"Home","item":"https:\/\/greenway-logistics.com\/da\/"},{"@type":"ListItem","position":2,"name":"L\u00f8sninger","item":"https:\/\/greenway-logistics.com\/da\/loesninger\/"},{"@type":"ListItem","position":3,"name":"Break Bulk-L\u00f8sning"}]},{"@type":"WebSite","@id":"https:\/\/greenway-logistics.com\/da\/#website","url":"https:\/\/greenway-logistics.com\/da\/","name":"Greenway Logistics","description":"Sustainable Logistics","potentialAction":[{"@type":"SearchAction","target":{"@type":"EntryPoint","urlTemplate":"https:\/\/greenway-logistics.com\/da\/?s={search_term_string}"},"query-input":{"@type":"PropertyValueSpecification","valueRequired":true,"valueName":"search_term_string"}}],"inLanguage":"da-DK"}]}},"_links":{"self":[{"href":"https:\/\/greenway-logistics.com\/da\/wp-json\/wp\/v2\/pages\/4645","targetHints":{"allow":["GET"]}}],"collection":[{"href":"https:\/\/greenway-logistics.com\/da\/wp-json\/wp\/v2\/pages"}],"about":[{"href":"https:\/\/greenway-logistics.com\/da\/wp-json\/wp\/v2\/types\/page"}],"author":[{"embeddable":true,"href":"https:\/\/greenway-logistics.com\/da\/wp-json\/wp\/v2\/users\/4"}],"replies":[{"embeddable":true,"href":"https:\/\/greenway-logistics.com\/da\/wp-json\/wp\/v2\/comments?post=4645"}],"version-history":[{"count":1,"href":"https:\/\/greenway-logistics.com\/da\/wp-json\/wp\/v2\/pages\/4645\/revisions"}],"predecessor-version":[{"id":4676,"href":"https:\/\/greenway-logistics.com\/da\/wp-json\/wp\/v2\/pages\/4645\/revisions\/4676"}],"up":[{"embeddable":true,"href":"https:\/\/greenway-logistics.com\/da\/wp-json\/wp\/v2\/pages\/2297"}],"wp:attachment":[{"href":"https:\/\/greenway-logistics.com\/da\/wp-json\/wp\/v2\/media?parent=4645"}],"curies":[{"name":"wp","href":"https:\/\/api.w.org\/{rel}","templated":true}]}}