{"id":3860,"date":"2024-04-09T10:14:26","date_gmt":"2024-04-09T08:14:26","guid":{"rendered":"https:\/\/greenway-logistics.com\/?page_id=3860"},"modified":"2024-04-15T16:32:24","modified_gmt":"2024-04-15T14:32:24","slug":"consol-box","status":"publish","type":"page","link":"https:\/\/greenway-logistics.com\/da\/loesninger\/consol-box\/","title":{"rendered":"Consol Box"},"content":{"rendered":"<h2>Om<\/h2>\n<p>For at effektivisere varestr\u00f8mmen fra Asien og minimere antallet af transportbev\u00e6gelser, samler Greenway Logistics mindre forsendelser (LCL) fra medlemmer af forskellige brancheforeninger til fulde containerl\u00e6s (FCL). Vores l\u00f8sning p\u00e5 problemet med lave lastfaktorer \u2013 den gennemsnitlige lastfaktor for en container er kun 60% &#8211; er Consol Box, som Greenway Logistics har organiseret succesfuldt i flere \u00e5r fra havne i Bangladesh, Kina og Indien. Consol Box sikrer ugentlige afgange med garanterede og stabile transittider til Europa.<\/p>\n<p>Efter ankomsten til Europa bliver containere h\u00e5ndteret p\u00e5 vores eget tredjepartslogistikcenter (3PL), hvor vi tilbyder forskellige v\u00e6rditilv\u00e6ksttjenester (VAS), som inkluderer sortering, emballering, m\u00e6rkning og opfyldelse af s\u00e6rlige kunde\u00f8nsker. Vi samarbejder desuden med en partner, der varetager alle toldrelaterede opgaver internt, herunder fortoldning og muligheden for momsuds\u00e6ttelse. Levering kan arrangeres til enten din, kundens eller vores egen lokation efter aftale.<\/p>\n<h2>Fordele<\/h2>\n<ul>\n<li>Ugentlig afgange<\/li>\n<li>Der t\u00f8mmes p\u00e5 eget lager i DK (undg\u00e5r evt. forsinkelser i HAM)<\/li>\n<li>Mulighed for opsplitning\/sortering p\u00e5 vores lager<\/li>\n<li>Direkte tracking af containere<\/li>\n<li>Transittid: 32-35 dage<\/li>\n<li>Personlig og god service<\/li>\n<li>Et forbedret CO2-fodaftryk<\/li>\n<\/ul>\n<p>Hvis du gerne vil vide mere om Greenway Consol Box eller anmode om en analyse af din logistikstr\u00f8m, er du velkommen til at <a href=\"https:\/\/greenway-logistics.com\/da\/kontakt\/\">kontakte os<\/a>.<\/p>\n","protected":false},"excerpt":{"rendered":"<p>Om For at effektivisere varestr\u00f8mmen fra Asien og minimere antallet af transportbev\u00e6gelser, samler Greenway Logistics mindre forsendelser (LCL) fra medlemmer af forskellige brancheforeninger til fulde containerl\u00e6s (FCL). Vores l\u00f8sning p\u00e5 problemet med lave lastfaktorer \u2013 den gennemsnitlige lastfaktor for en container er kun 60% &#8211; er Consol Box, som Greenway Logistics har organiseret succesfuldt i [&hellip;]<\/p>\n","protected":false},"author":4,"featured_media":3866,"parent":2297,"menu_order":0,"comment_status":"closed","ping_status":"closed","template":"","meta":{"_acf_changed":false,"footnotes":""},"class_list":["post-3860","page","type-page","status-publish","has-post-thumbnail","hentry"],"acf":[],"yoast_head":"<!-- This site is optimized with the Yoast SEO plugin v27.3 - https:\/\/yoast.com\/product\/yoast-seo-wordpress\/ -->\n<title>Greenway Logistics - Consol Box<\/title>\n<meta name=\"description\" content=\"For at optimere str\u00f8mmen af varer fra Asien og reducere antallet af transportbev\u00e6gelser kombinerer Greenway Logistics mindre end containerl\u00e6s (LCL) for medlemmer af brancheforeninger til fulde containerl\u00e6s (FCL). Consol Box er Greenway Logistics&#039; svar p\u00e5 problemet med lave lastfaktorer.\" \/>\n<meta name=\"robots\" content=\"index, follow, max-snippet:-1, max-image-preview:large, max-video-preview:-1\" \/>\n<link rel=\"canonical\" href=\"https:\/\/greenway-logistics.com\/da\/loesninger\/consol-box\/\" \/>\n<meta property=\"og:locale\" content=\"da_DK\" \/>\n<meta property=\"og:type\" content=\"article\" \/>\n<meta property=\"og:title\" content=\"Greenway Logistics - Consol Box\" \/>\n<meta property=\"og:description\" content=\"For at optimere str\u00f8mmen af varer fra Asien og reducere antallet af transportbev\u00e6gelser kombinerer Greenway Logistics mindre end containerl\u00e6s (LCL) for medlemmer af brancheforeninger til fulde containerl\u00e6s (FCL). Consol Box er Greenway Logistics&#039; svar p\u00e5 problemet med lave lastfaktorer.\" \/>\n<meta property=\"og:url\" content=\"https:\/\/greenway-logistics.com\/da\/loesninger\/consol-box\/\" \/>\n<meta property=\"og:site_name\" content=\"Greenway Logistics\" \/>\n<meta property=\"article:modified_time\" content=\"2024-04-15T14:32:24+00:00\" \/>\n<meta property=\"og:image\" content=\"https:\/\/greenway-logistics.com\/wp-content\/uploads\/2024\/04\/Greenway-Consol-Box-sustainable-fashion-logistics-e1712650342341.jpg\" \/>\n\t<meta property=\"og:image:width\" content=\"1920\" \/>\n\t<meta property=\"og:image:height\" content=\"1080\" \/>\n\t<meta property=\"og:image:type\" content=\"image\/jpeg\" \/>\n<meta name=\"twitter:card\" content=\"summary_large_image\" \/>\n<meta name=\"twitter:label1\" content=\"Estimeret l\u00e6setid\" \/>\n\t<meta name=\"twitter:data1\" content=\"2 minutter\" \/>\n<!-- \/ Yoast SEO plugin. -->","yoast_head_json":{"title":"Greenway Logistics - Consol Box","description":"For at optimere str\u00f8mmen af varer fra Asien og reducere antallet af transportbev\u00e6gelser kombinerer Greenway Logistics mindre end containerl\u00e6s (LCL) for medlemmer af brancheforeninger til fulde containerl\u00e6s (FCL). Consol Box er Greenway Logistics' svar p\u00e5 problemet med lave lastfaktorer.","robots":{"index":"index","follow":"follow","max-snippet":"max-snippet:-1","max-image-preview":"max-image-preview:large","max-video-preview":"max-video-preview:-1"},"canonical":"https:\/\/greenway-logistics.com\/da\/loesninger\/consol-box\/","og_locale":"da_DK","og_type":"article","og_title":"Greenway Logistics - Consol Box","og_description":"For at optimere str\u00f8mmen af varer fra Asien og reducere antallet af transportbev\u00e6gelser kombinerer Greenway Logistics mindre end containerl\u00e6s (LCL) for medlemmer af brancheforeninger til fulde containerl\u00e6s (FCL). Consol Box er Greenway Logistics' svar p\u00e5 problemet med lave lastfaktorer.","og_url":"https:\/\/greenway-logistics.com\/da\/loesninger\/consol-box\/","og_site_name":"Greenway Logistics","article_modified_time":"2024-04-15T14:32:24+00:00","og_image":[{"width":1920,"height":1080,"url":"https:\/\/greenway-logistics.com\/wp-content\/uploads\/2024\/04\/Greenway-Consol-Box-sustainable-fashion-logistics-e1712650342341.jpg","type":"image\/jpeg"}],"twitter_card":"summary_large_image","twitter_misc":{"Estimeret l\u00e6setid":"2 minutter"},"schema":{"@context":"https:\/\/schema.org","@graph":[{"@type":"WebPage","@id":"https:\/\/greenway-logistics.com\/da\/loesninger\/consol-box\/","url":"https:\/\/greenway-logistics.com\/da\/loesninger\/consol-box\/","name":"Greenway Logistics - Consol Box","isPartOf":{"@id":"https:\/\/greenway-logistics.com\/da\/#website"},"primaryImageOfPage":{"@id":"https:\/\/greenway-logistics.com\/da\/loesninger\/consol-box\/#primaryimage"},"image":{"@id":"https:\/\/greenway-logistics.com\/da\/loesninger\/consol-box\/#primaryimage"},"thumbnailUrl":"https:\/\/greenway-logistics.com\/wp-content\/uploads\/2024\/04\/Greenway-Consol-Box-sustainable-fashion-logistics-e1712650342341.jpg","datePublished":"2024-04-09T08:14:26+00:00","dateModified":"2024-04-15T14:32:24+00:00","description":"For at optimere str\u00f8mmen af varer fra Asien og reducere antallet af transportbev\u00e6gelser kombinerer Greenway Logistics mindre end containerl\u00e6s (LCL) for medlemmer af brancheforeninger til fulde containerl\u00e6s (FCL). Consol Box er Greenway Logistics' svar p\u00e5 problemet med lave lastfaktorer.","breadcrumb":{"@id":"https:\/\/greenway-logistics.com\/da\/loesninger\/consol-box\/#breadcrumb"},"inLanguage":"da-DK","potentialAction":[{"@type":"ReadAction","target":["https:\/\/greenway-logistics.com\/da\/loesninger\/consol-box\/"]}]},{"@type":"ImageObject","inLanguage":"da-DK","@id":"https:\/\/greenway-logistics.com\/da\/loesninger\/consol-box\/#primaryimage","url":"https:\/\/greenway-logistics.com\/wp-content\/uploads\/2024\/04\/Greenway-Consol-Box-sustainable-fashion-logistics-e1712650342341.jpg","contentUrl":"https:\/\/greenway-logistics.com\/wp-content\/uploads\/2024\/04\/Greenway-Consol-Box-sustainable-fashion-logistics-e1712650342341.jpg","width":1920,"height":1080,"caption":"Greenway Consol Box sustainable fashion logistics"},{"@type":"BreadcrumbList","@id":"https:\/\/greenway-logistics.com\/da\/loesninger\/consol-box\/#breadcrumb","itemListElement":[{"@type":"ListItem","position":1,"name":"Home","item":"https:\/\/greenway-logistics.com\/da\/"},{"@type":"ListItem","position":2,"name":"L\u00f8sninger","item":"https:\/\/greenway-logistics.com\/da\/loesninger\/"},{"@type":"ListItem","position":3,"name":"Consol Box"}]},{"@type":"WebSite","@id":"https:\/\/greenway-logistics.com\/da\/#website","url":"https:\/\/greenway-logistics.com\/da\/","name":"Greenway Logistics","description":"Sustainable Logistics","potentialAction":[{"@type":"SearchAction","target":{"@type":"EntryPoint","urlTemplate":"https:\/\/greenway-logistics.com\/da\/?s={search_term_string}"},"query-input":{"@type":"PropertyValueSpecification","valueRequired":true,"valueName":"search_term_string"}}],"inLanguage":"da-DK"}]}},"_links":{"self":[{"href":"https:\/\/greenway-logistics.com\/da\/wp-json\/wp\/v2\/pages\/3860","targetHints":{"allow":["GET"]}}],"collection":[{"href":"https:\/\/greenway-logistics.com\/da\/wp-json\/wp\/v2\/pages"}],"about":[{"href":"https:\/\/greenway-logistics.com\/da\/wp-json\/wp\/v2\/types\/page"}],"author":[{"embeddable":true,"href":"https:\/\/greenway-logistics.com\/da\/wp-json\/wp\/v2\/users\/4"}],"replies":[{"embeddable":true,"href":"https:\/\/greenway-logistics.com\/da\/wp-json\/wp\/v2\/comments?post=3860"}],"version-history":[{"count":7,"href":"https:\/\/greenway-logistics.com\/da\/wp-json\/wp\/v2\/pages\/3860\/revisions"}],"predecessor-version":[{"id":3918,"href":"https:\/\/greenway-logistics.com\/da\/wp-json\/wp\/v2\/pages\/3860\/revisions\/3918"}],"up":[{"embeddable":true,"href":"https:\/\/greenway-logistics.com\/da\/wp-json\/wp\/v2\/pages\/2297"}],"wp:featuredmedia":[{"embeddable":true,"href":"https:\/\/greenway-logistics.com\/da\/wp-json\/wp\/v2\/media\/3866"}],"wp:attachment":[{"href":"https:\/\/greenway-logistics.com\/da\/wp-json\/wp\/v2\/media?parent=3860"}],"curies":[{"name":"wp","href":"https:\/\/api.w.org\/{rel}","templated":true}]}}