{"id":2885,"date":"2021-12-27T10:07:55","date_gmt":"2021-12-27T09:07:55","guid":{"rendered":"https:\/\/greenway-logistics.com\/contact\/"},"modified":"2023-04-21T09:33:08","modified_gmt":"2023-04-21T07:33:08","slug":"kontakt","status":"publish","type":"page","link":"https:\/\/greenway-logistics.com\/da\/kontakt\/","title":{"rendered":"Kontakt"},"content":{"rendered":"<p>Hvordan kan vi hj\u00e6lpe dig? Kontakt os endelige, hvis du har nogle sp\u00f8rgsm\u00e5l eller vi skal foretage en hurtig vurdering. \u00d8nsker du, at vi skal kontakte dig? Efterlad dine kontaktinformationer og vi vil kontakte dig hurtigst muligt.<\/p>\n<p>Tjek vores <a href=\"https:\/\/greenway-logistics.com\/da\/faq\/\">FAQ<\/a> for mere information.<\/p>\n","protected":false},"excerpt":{"rendered":"<p>Hvordan kan vi hj\u00e6lpe dig? Kontakt os endelige, hvis du har nogle sp\u00f8rgsm\u00e5l eller vi skal foretage en hurtig vurdering. \u00d8nsker du, at vi skal kontakte dig? Efterlad dine kontaktinformationer og vi vil kontakte dig hurtigst muligt. Tjek vores FAQ for mere information.<\/p>\n","protected":false},"author":5,"featured_media":0,"parent":0,"menu_order":0,"comment_status":"closed","ping_status":"closed","template":"page-contact.php","meta":{"_acf_changed":false,"footnotes":""},"class_list":["post-2885","page","type-page","status-publish","hentry"],"acf":[],"yoast_head":"<!-- This site is optimized with the Yoast SEO plugin v27.4 - https:\/\/yoast.com\/product\/yoast-seo-wordpress\/ -->\n<title>Greenway Logistics - Kontakt<\/title>\n<meta name=\"description\" content=\"Hvordan kan vi hj\u00e6lpe dig? Kontakt os endelige, hvis du har nogle sp\u00f8rgsm\u00e5l eller vi skal foretage en hurtig vurdering. \u00d8nsker du, at vi skal kontakte dig? Efterlad dine kontaktinformationer og vi vil kontakte dig hurtigst muligt.\" \/>\n<meta name=\"robots\" content=\"index, follow, max-snippet:-1, max-image-preview:large, max-video-preview:-1\" \/>\n<link rel=\"canonical\" href=\"https:\/\/greenway-logistics.com\/da\/kontakt\/\" \/>\n<meta property=\"og:locale\" content=\"da_DK\" \/>\n<meta property=\"og:type\" content=\"article\" \/>\n<meta property=\"og:title\" content=\"Greenway Logistics - Kontakt\" \/>\n<meta property=\"og:description\" content=\"Hvordan kan vi hj\u00e6lpe dig? Kontakt os endelige, hvis du har nogle sp\u00f8rgsm\u00e5l eller vi skal foretage en hurtig vurdering. \u00d8nsker du, at vi skal kontakte dig? Efterlad dine kontaktinformationer og vi vil kontakte dig hurtigst muligt.\" \/>\n<meta property=\"og:url\" content=\"https:\/\/greenway-logistics.com\/da\/kontakt\/\" \/>\n<meta property=\"og:site_name\" content=\"Greenway Logistics\" \/>\n<meta property=\"article:modified_time\" content=\"2023-04-21T07:33:08+00:00\" \/>\n<meta name=\"twitter:card\" content=\"summary_large_image\" \/>\n<meta name=\"twitter:label1\" content=\"Estimeret l\u00e6setid\" \/>\n\t<meta name=\"twitter:data1\" content=\"1 minut\" \/>\n<!-- \/ Yoast SEO plugin. -->","yoast_head_json":{"title":"Greenway Logistics - Kontakt","description":"Hvordan kan vi hj\u00e6lpe dig? Kontakt os endelige, hvis du har nogle sp\u00f8rgsm\u00e5l eller vi skal foretage en hurtig vurdering. \u00d8nsker du, at vi skal kontakte dig? Efterlad dine kontaktinformationer og vi vil kontakte dig hurtigst muligt.","robots":{"index":"index","follow":"follow","max-snippet":"max-snippet:-1","max-image-preview":"max-image-preview:large","max-video-preview":"max-video-preview:-1"},"canonical":"https:\/\/greenway-logistics.com\/da\/kontakt\/","og_locale":"da_DK","og_type":"article","og_title":"Greenway Logistics - Kontakt","og_description":"Hvordan kan vi hj\u00e6lpe dig? Kontakt os endelige, hvis du har nogle sp\u00f8rgsm\u00e5l eller vi skal foretage en hurtig vurdering. \u00d8nsker du, at vi skal kontakte dig? Efterlad dine kontaktinformationer og vi vil kontakte dig hurtigst muligt.","og_url":"https:\/\/greenway-logistics.com\/da\/kontakt\/","og_site_name":"Greenway Logistics","article_modified_time":"2023-04-21T07:33:08+00:00","twitter_card":"summary_large_image","twitter_misc":{"Estimeret l\u00e6setid":"1 minut"},"schema":{"@context":"https:\/\/schema.org","@graph":[{"@type":"WebPage","@id":"https:\/\/greenway-logistics.com\/da\/kontakt\/","url":"https:\/\/greenway-logistics.com\/da\/kontakt\/","name":"Greenway Logistics - Kontakt","isPartOf":{"@id":"https:\/\/greenway-logistics.com\/da\/#website"},"datePublished":"2021-12-27T09:07:55+00:00","dateModified":"2023-04-21T07:33:08+00:00","description":"Hvordan kan vi hj\u00e6lpe dig? Kontakt os endelige, hvis du har nogle sp\u00f8rgsm\u00e5l eller vi skal foretage en hurtig vurdering. \u00d8nsker du, at vi skal kontakte dig? Efterlad dine kontaktinformationer og vi vil kontakte dig hurtigst muligt.","breadcrumb":{"@id":"https:\/\/greenway-logistics.com\/da\/kontakt\/#breadcrumb"},"inLanguage":"da-DK","potentialAction":[{"@type":"ReadAction","target":["https:\/\/greenway-logistics.com\/da\/kontakt\/"]}]},{"@type":"BreadcrumbList","@id":"https:\/\/greenway-logistics.com\/da\/kontakt\/#breadcrumb","itemListElement":[{"@type":"ListItem","position":1,"name":"Home","item":"https:\/\/greenway-logistics.com\/da\/"},{"@type":"ListItem","position":2,"name":"Kontakt"}]},{"@type":"WebSite","@id":"https:\/\/greenway-logistics.com\/da\/#website","url":"https:\/\/greenway-logistics.com\/da\/","name":"Greenway Logistics","description":"Sustainable Logistics","potentialAction":[{"@type":"SearchAction","target":{"@type":"EntryPoint","urlTemplate":"https:\/\/greenway-logistics.com\/da\/?s={search_term_string}"},"query-input":{"@type":"PropertyValueSpecification","valueRequired":true,"valueName":"search_term_string"}}],"inLanguage":"da-DK"}]}},"_links":{"self":[{"href":"https:\/\/greenway-logistics.com\/da\/wp-json\/wp\/v2\/pages\/2885","targetHints":{"allow":["GET"]}}],"collection":[{"href":"https:\/\/greenway-logistics.com\/da\/wp-json\/wp\/v2\/pages"}],"about":[{"href":"https:\/\/greenway-logistics.com\/da\/wp-json\/wp\/v2\/types\/page"}],"author":[{"embeddable":true,"href":"https:\/\/greenway-logistics.com\/da\/wp-json\/wp\/v2\/users\/5"}],"replies":[{"embeddable":true,"href":"https:\/\/greenway-logistics.com\/da\/wp-json\/wp\/v2\/comments?post=2885"}],"version-history":[{"count":4,"href":"https:\/\/greenway-logistics.com\/da\/wp-json\/wp\/v2\/pages\/2885\/revisions"}],"predecessor-version":[{"id":3172,"href":"https:\/\/greenway-logistics.com\/da\/wp-json\/wp\/v2\/pages\/2885\/revisions\/3172"}],"wp:attachment":[{"href":"https:\/\/greenway-logistics.com\/da\/wp-json\/wp\/v2\/media?parent=2885"}],"curies":[{"name":"wp","href":"https:\/\/api.w.org\/{rel}","templated":true}]}}