{"id":2369,"date":"2023-03-22T16:02:17","date_gmt":"2023-03-22T15:02:17","guid":{"rendered":"https:\/\/greenway-logistics.com\/privacy-statement\/"},"modified":"2025-03-12T13:18:01","modified_gmt":"2025-03-12T12:18:01","slug":"privacy-statement","status":"publish","type":"page","link":"https:\/\/greenway-logistics.com\/da\/privacy-statement\/","title":{"rendered":"Privacy Statement"},"content":{"rendered":"<p>DK<\/p>\n","protected":false},"excerpt":{"rendered":"<p>DK<\/p>\n","protected":false},"author":5,"featured_media":0,"parent":0,"menu_order":0,"comment_status":"closed","ping_status":"closed","template":"","meta":{"_acf_changed":false,"footnotes":""},"class_list":["post-2369","page","type-page","status-publish","hentry"],"acf":[],"yoast_head":"<!-- This site is optimized with the Yoast SEO plugin v27.5 - https:\/\/yoast.com\/product\/yoast-seo-wordpress\/ -->\n<title>Greenway Logistics - Privacy Statement<\/title>\n<meta name=\"description\" content=\"L\u00e6s Greenway Logistics&#039; Privacy Statement om at forst\u00e5, hvordan vi h\u00e5ndterer data og beskytter dine oplysninger.\" \/>\n<meta name=\"robots\" content=\"index, follow, max-snippet:-1, max-image-preview:large, max-video-preview:-1\" \/>\n<link rel=\"canonical\" href=\"https:\/\/greenway-logistics.com\/da\/privacy-statement\/\" \/>\n<meta property=\"og:locale\" content=\"da_DK\" \/>\n<meta property=\"og:type\" content=\"article\" \/>\n<meta property=\"og:title\" content=\"Greenway Logistics - Privacy Statement\" \/>\n<meta property=\"og:description\" content=\"L\u00e6s Greenway Logistics&#039; Privacy Statement om at forst\u00e5, hvordan vi h\u00e5ndterer data og beskytter dine oplysninger.\" \/>\n<meta property=\"og:url\" content=\"https:\/\/greenway-logistics.com\/da\/privacy-statement\/\" \/>\n<meta property=\"og:site_name\" content=\"Greenway Logistics\" \/>\n<meta property=\"article:modified_time\" content=\"2025-03-12T12:18:01+00:00\" \/>\n<meta name=\"twitter:card\" content=\"summary_large_image\" \/>\n<meta name=\"twitter:label1\" content=\"Estimeret l\u00e6setid\" \/>\n\t<meta name=\"twitter:data1\" content=\"1 minut\" \/>\n<!-- \/ Yoast SEO plugin. -->","yoast_head_json":{"title":"Greenway Logistics - Privacy Statement","description":"L\u00e6s Greenway Logistics' Privacy Statement om at forst\u00e5, hvordan vi h\u00e5ndterer data og beskytter dine oplysninger.","robots":{"index":"index","follow":"follow","max-snippet":"max-snippet:-1","max-image-preview":"max-image-preview:large","max-video-preview":"max-video-preview:-1"},"canonical":"https:\/\/greenway-logistics.com\/da\/privacy-statement\/","og_locale":"da_DK","og_type":"article","og_title":"Greenway Logistics - Privacy Statement","og_description":"L\u00e6s Greenway Logistics' Privacy Statement om at forst\u00e5, hvordan vi h\u00e5ndterer data og beskytter dine oplysninger.","og_url":"https:\/\/greenway-logistics.com\/da\/privacy-statement\/","og_site_name":"Greenway Logistics","article_modified_time":"2025-03-12T12:18:01+00:00","twitter_card":"summary_large_image","twitter_misc":{"Estimeret l\u00e6setid":"1 minut"},"schema":{"@context":"https:\/\/schema.org","@graph":[{"@type":"WebPage","@id":"https:\/\/greenway-logistics.com\/da\/privacy-statement\/","url":"https:\/\/greenway-logistics.com\/da\/privacy-statement\/","name":"Greenway Logistics - Privacy Statement","isPartOf":{"@id":"https:\/\/greenway-logistics.com\/da\/#website"},"datePublished":"2023-03-22T15:02:17+00:00","dateModified":"2025-03-12T12:18:01+00:00","description":"L\u00e6s Greenway Logistics' Privacy Statement om at forst\u00e5, hvordan vi h\u00e5ndterer data og beskytter dine oplysninger.","breadcrumb":{"@id":"https:\/\/greenway-logistics.com\/da\/privacy-statement\/#breadcrumb"},"inLanguage":"da-DK","potentialAction":[{"@type":"ReadAction","target":["https:\/\/greenway-logistics.com\/da\/privacy-statement\/"]}]},{"@type":"BreadcrumbList","@id":"https:\/\/greenway-logistics.com\/da\/privacy-statement\/#breadcrumb","itemListElement":[{"@type":"ListItem","position":1,"name":"Home","item":"https:\/\/greenway-logistics.com\/da\/"},{"@type":"ListItem","position":2,"name":"Privacy Statement"}]},{"@type":"WebSite","@id":"https:\/\/greenway-logistics.com\/da\/#website","url":"https:\/\/greenway-logistics.com\/da\/","name":"Greenway Logistics","description":"Sustainable Logistics","potentialAction":[{"@type":"SearchAction","target":{"@type":"EntryPoint","urlTemplate":"https:\/\/greenway-logistics.com\/da\/?s={search_term_string}"},"query-input":{"@type":"PropertyValueSpecification","valueRequired":true,"valueName":"search_term_string"}}],"inLanguage":"da-DK"}]}},"_links":{"self":[{"href":"https:\/\/greenway-logistics.com\/da\/wp-json\/wp\/v2\/pages\/2369","targetHints":{"allow":["GET"]}}],"collection":[{"href":"https:\/\/greenway-logistics.com\/da\/wp-json\/wp\/v2\/pages"}],"about":[{"href":"https:\/\/greenway-logistics.com\/da\/wp-json\/wp\/v2\/types\/page"}],"author":[{"embeddable":true,"href":"https:\/\/greenway-logistics.com\/da\/wp-json\/wp\/v2\/users\/5"}],"replies":[{"embeddable":true,"href":"https:\/\/greenway-logistics.com\/da\/wp-json\/wp\/v2\/comments?post=2369"}],"version-history":[{"count":2,"href":"https:\/\/greenway-logistics.com\/da\/wp-json\/wp\/v2\/pages\/2369\/revisions"}],"predecessor-version":[{"id":4062,"href":"https:\/\/greenway-logistics.com\/da\/wp-json\/wp\/v2\/pages\/2369\/revisions\/4062"}],"wp:attachment":[{"href":"https:\/\/greenway-logistics.com\/da\/wp-json\/wp\/v2\/media?parent=2369"}],"curies":[{"name":"wp","href":"https:\/\/api.w.org\/{rel}","templated":true}]}}