{"id":2337,"date":"2023-03-01T16:15:06","date_gmt":"2023-03-01T15:15:06","guid":{"rendered":"https:\/\/greenway-logistics.com\/about\/"},"modified":"2026-01-27T16:31:31","modified_gmt":"2026-01-27T15:31:31","slug":"om","status":"publish","type":"page","link":"https:\/\/greenway-logistics.com\/da\/om\/","title":{"rendered":"Om"},"content":{"rendered":"<p>Greenway Logistics samarbejder med mere end 15 <a href=\"https:\/\/greenway-logistics.com\/da\/partnere\/\">brancheforeninger<\/a> rundt om i verden indenfor mode-, sport-, tekstil- og livsstilsindustrien. Disse brancheforeninger har fuldt ud outsourcet deres logistik til Greenway Logistics for at tilbyde r\u00e5dgivning, l\u00f8sninger, innovation og kollektive fordele til medlemmerne. Ved at tilbyde samarbejde p\u00e5 denne m\u00e5de kan Greenway Logistics realisere forbedringer p\u00e5 logistikomr\u00e5det.<\/p>\n<p>Greenway Logistics har kollektive kontrakter med logistikserviceudbydere over hele verden for forskellige transportformer og ses som kontrolt\u00e5rnet, der koordinerer forsyningsk\u00e6den af leverand\u00f8rer. Konceptet startede med det form\u00e5l at reducere logistikomkostningerne for medlemmer af brancheforeningen, og nu g\u00e5r de et skridt videre og implementerer milj\u00f8hensyn i logistik med <a href=\"https:\/\/co2improve.com\/da\/\">CO\u2082 Improve<\/a> konceptet.<\/p>\n<p style=\"text-align: left;\">Greenway Logistics har egne teams af logistikprofessionelle i Belgien, Kina, Danmark, England, Holland og Sverige. Derudover opererer virksomheden i blandt andet Storbritannien, Canada og Australien. Med mange \u00e5rs logistikerfaring og et omfattende netv\u00e6rk af logistikeksperter tilbyder virksomheden om optimale logistiske l\u00f8sninger.<\/p>\n<p>Greenway Logistics st\u00e5r for konsolidering af transport og logistik (<a href=\"https:\/\/greenway-logistics.com\/da\/loesninger\/fragt-transportoer-aftaler\/\">COST SAVINGS<\/a>), en gr\u00f8nnere tilgang (<a href=\"https:\/\/greenway-logistics.com\/da\/loesninger\/groennere-logistik\/\">SUSTAINABILITY<\/a>) og innovative logistikprocesser (<a href=\"https:\/\/greenway-logistics.com\/da\/loesninger\/innovative-logistikloesninger\/\">INNOVATION<\/a>).<\/p>\n<p>Se Greenway Logistics-brochuren <a href=\"file:\/\/\/C:\/Users\/MarleenVriesenga\/AppData\/Local\/Microsoft\/Windows\/INetCache\/Content.Outlook\/KZ80W7TQ\/Greenway%20Logistics%20company%20brochure.pdf\">HER<\/a>.<\/p>\n","protected":false},"excerpt":{"rendered":"<p>Greenway Logistics samarbejder med mere end 15 brancheforeninger rundt om i verden indenfor mode-, sport-, tekstil- og livsstilsindustrien. Disse brancheforeninger har fuldt ud outsourcet deres logistik til Greenway Logistics for at tilbyde r\u00e5dgivning, l\u00f8sninger, innovation og kollektive fordele til medlemmerne. Ved at tilbyde samarbejde p\u00e5 denne m\u00e5de kan Greenway Logistics realisere forbedringer p\u00e5 logistikomr\u00e5det. Greenway [&hellip;]<\/p>\n","protected":false},"author":5,"featured_media":1381,"parent":0,"menu_order":0,"comment_status":"closed","ping_status":"closed","template":"","meta":{"_acf_changed":false,"footnotes":""},"class_list":["post-2337","page","type-page","status-publish","has-post-thumbnail","hentry"],"acf":[],"yoast_head":"<!-- This site is optimized with the Yoast SEO plugin v27.4 - https:\/\/yoast.com\/product\/yoast-seo-wordpress\/ -->\n<title>Greenway Logistics - Om<\/title>\n<meta name=\"description\" content=\"Greenway Logistics samarbejder med mere end 15 brancheforeninger rundt om i verden indenfor mode-, sport-, tekstil- og livsstilsindustrien.\" \/>\n<meta name=\"robots\" content=\"index, follow, max-snippet:-1, max-image-preview:large, max-video-preview:-1\" \/>\n<link rel=\"canonical\" href=\"https:\/\/greenway-logistics.com\/da\/om\/\" \/>\n<meta property=\"og:locale\" content=\"da_DK\" \/>\n<meta property=\"og:type\" content=\"article\" \/>\n<meta property=\"og:title\" content=\"Greenway Logistics - Om\" \/>\n<meta property=\"og:description\" content=\"Greenway Logistics samarbejder med mere end 15 brancheforeninger rundt om i verden indenfor mode-, sport-, tekstil- og livsstilsindustrien.\" \/>\n<meta property=\"og:url\" content=\"https:\/\/greenway-logistics.com\/da\/om\/\" \/>\n<meta property=\"og:site_name\" content=\"Greenway Logistics\" \/>\n<meta property=\"article:modified_time\" content=\"2026-01-27T15:31:31+00:00\" \/>\n<meta property=\"og:image\" content=\"https:\/\/greenway-logistics.com\/wp-content\/uploads\/2023\/03\/greeway_hero_flight_1775x770-1600x460-1.jpeg\" \/>\n\t<meta property=\"og:image:width\" content=\"1600\" \/>\n\t<meta property=\"og:image:height\" content=\"460\" \/>\n\t<meta property=\"og:image:type\" content=\"image\/jpeg\" \/>\n<meta name=\"twitter:card\" content=\"summary_large_image\" \/>\n<meta name=\"twitter:label1\" content=\"Estimeret l\u00e6setid\" \/>\n\t<meta name=\"twitter:data1\" content=\"1 minut\" \/>\n<!-- \/ Yoast SEO plugin. -->","yoast_head_json":{"title":"Greenway Logistics - Om","description":"Greenway Logistics samarbejder med mere end 15 brancheforeninger rundt om i verden indenfor mode-, sport-, tekstil- og livsstilsindustrien.","robots":{"index":"index","follow":"follow","max-snippet":"max-snippet:-1","max-image-preview":"max-image-preview:large","max-video-preview":"max-video-preview:-1"},"canonical":"https:\/\/greenway-logistics.com\/da\/om\/","og_locale":"da_DK","og_type":"article","og_title":"Greenway Logistics - Om","og_description":"Greenway Logistics samarbejder med mere end 15 brancheforeninger rundt om i verden indenfor mode-, sport-, tekstil- og livsstilsindustrien.","og_url":"https:\/\/greenway-logistics.com\/da\/om\/","og_site_name":"Greenway Logistics","article_modified_time":"2026-01-27T15:31:31+00:00","og_image":[{"width":1600,"height":460,"url":"https:\/\/greenway-logistics.com\/wp-content\/uploads\/2023\/03\/greeway_hero_flight_1775x770-1600x460-1.jpeg","type":"image\/jpeg"}],"twitter_card":"summary_large_image","twitter_misc":{"Estimeret l\u00e6setid":"1 minut"},"schema":{"@context":"https:\/\/schema.org","@graph":[{"@type":"WebPage","@id":"https:\/\/greenway-logistics.com\/da\/om\/","url":"https:\/\/greenway-logistics.com\/da\/om\/","name":"Greenway Logistics - Om","isPartOf":{"@id":"https:\/\/greenway-logistics.com\/da\/#website"},"primaryImageOfPage":{"@id":"https:\/\/greenway-logistics.com\/da\/om\/#primaryimage"},"image":{"@id":"https:\/\/greenway-logistics.com\/da\/om\/#primaryimage"},"thumbnailUrl":"https:\/\/greenway-logistics.com\/wp-content\/uploads\/2023\/03\/greeway_hero_flight_1775x770-1600x460-1.jpeg","datePublished":"2023-03-01T15:15:06+00:00","dateModified":"2026-01-27T15:31:31+00:00","description":"Greenway Logistics samarbejder med mere end 15 brancheforeninger rundt om i verden indenfor mode-, sport-, tekstil- og livsstilsindustrien.","breadcrumb":{"@id":"https:\/\/greenway-logistics.com\/da\/om\/#breadcrumb"},"inLanguage":"da-DK","potentialAction":[{"@type":"ReadAction","target":["https:\/\/greenway-logistics.com\/da\/om\/"]}]},{"@type":"ImageObject","inLanguage":"da-DK","@id":"https:\/\/greenway-logistics.com\/da\/om\/#primaryimage","url":"https:\/\/greenway-logistics.com\/wp-content\/uploads\/2023\/03\/greeway_hero_flight_1775x770-1600x460-1.jpeg","contentUrl":"https:\/\/greenway-logistics.com\/wp-content\/uploads\/2023\/03\/greeway_hero_flight_1775x770-1600x460-1.jpeg","width":1600,"height":460,"caption":"Fashion Logistics"},{"@type":"BreadcrumbList","@id":"https:\/\/greenway-logistics.com\/da\/om\/#breadcrumb","itemListElement":[{"@type":"ListItem","position":1,"name":"Home","item":"https:\/\/greenway-logistics.com\/da\/"},{"@type":"ListItem","position":2,"name":"Om"}]},{"@type":"WebSite","@id":"https:\/\/greenway-logistics.com\/da\/#website","url":"https:\/\/greenway-logistics.com\/da\/","name":"Greenway Logistics","description":"Sustainable Logistics","potentialAction":[{"@type":"SearchAction","target":{"@type":"EntryPoint","urlTemplate":"https:\/\/greenway-logistics.com\/da\/?s={search_term_string}"},"query-input":{"@type":"PropertyValueSpecification","valueRequired":true,"valueName":"search_term_string"}}],"inLanguage":"da-DK"}]}},"_links":{"self":[{"href":"https:\/\/greenway-logistics.com\/da\/wp-json\/wp\/v2\/pages\/2337","targetHints":{"allow":["GET"]}}],"collection":[{"href":"https:\/\/greenway-logistics.com\/da\/wp-json\/wp\/v2\/pages"}],"about":[{"href":"https:\/\/greenway-logistics.com\/da\/wp-json\/wp\/v2\/types\/page"}],"author":[{"embeddable":true,"href":"https:\/\/greenway-logistics.com\/da\/wp-json\/wp\/v2\/users\/5"}],"replies":[{"embeddable":true,"href":"https:\/\/greenway-logistics.com\/da\/wp-json\/wp\/v2\/comments?post=2337"}],"version-history":[{"count":27,"href":"https:\/\/greenway-logistics.com\/da\/wp-json\/wp\/v2\/pages\/2337\/revisions"}],"predecessor-version":[{"id":4529,"href":"https:\/\/greenway-logistics.com\/da\/wp-json\/wp\/v2\/pages\/2337\/revisions\/4529"}],"wp:featuredmedia":[{"embeddable":true,"href":"https:\/\/greenway-logistics.com\/da\/wp-json\/wp\/v2\/media\/1381"}],"wp:attachment":[{"href":"https:\/\/greenway-logistics.com\/da\/wp-json\/wp\/v2\/media?parent=2337"}],"curies":[{"name":"wp","href":"https:\/\/api.w.org\/{rel}","templated":true}]}}