{"id":2327,"date":"2023-03-03T10:03:20","date_gmt":"2023-03-03T09:03:20","guid":{"rendered":"https:\/\/greenway-logistics.com\/faq\/"},"modified":"2023-06-13T09:42:33","modified_gmt":"2023-06-13T07:42:33","slug":"faq","status":"publish","type":"page","link":"https:\/\/greenway-logistics.com\/da\/faq\/","title":{"rendered":"FAQ"},"content":{"rendered":"<p style=\"text-align: center;\">Her kan du finde svar p\u00e5 de mest spurgte sp\u00f8rgsm\u00e5l i forhold til vores virksomhed og vores services.<\/p>\n","protected":false},"excerpt":{"rendered":"<p>Her kan du finde svar p\u00e5 de mest spurgte sp\u00f8rgsm\u00e5l i forhold til vores virksomhed og vores services.<\/p>\n","protected":false},"author":5,"featured_media":0,"parent":0,"menu_order":0,"comment_status":"closed","ping_status":"closed","template":"page-faq.php","meta":{"_acf_changed":false,"footnotes":""},"class_list":["post-2327","page","type-page","status-publish","hentry"],"acf":[],"yoast_head":"<!-- This site is optimized with the Yoast SEO plugin v27.4 - https:\/\/yoast.com\/product\/yoast-seo-wordpress\/ -->\n<title>Greenway Logistics - FAQ<\/title>\n<meta name=\"description\" content=\"Her kan du finde svar p\u00e5 de mest spurgte sp\u00f8rgsm\u00e5l i forhold til vores virksomhed og vores services.\" \/>\n<meta name=\"robots\" content=\"index, follow, max-snippet:-1, max-image-preview:large, max-video-preview:-1\" \/>\n<link rel=\"canonical\" href=\"https:\/\/greenway-logistics.com\/da\/faq\/\" \/>\n<meta property=\"og:locale\" content=\"da_DK\" \/>\n<meta property=\"og:type\" content=\"article\" \/>\n<meta property=\"og:title\" content=\"Greenway Logistics - FAQ\" \/>\n<meta property=\"og:description\" content=\"Her kan du finde svar p\u00e5 de mest spurgte sp\u00f8rgsm\u00e5l i forhold til vores virksomhed og vores services.\" \/>\n<meta property=\"og:url\" content=\"https:\/\/greenway-logistics.com\/da\/faq\/\" \/>\n<meta property=\"og:site_name\" content=\"Greenway Logistics\" \/>\n<meta property=\"article:modified_time\" content=\"2023-06-13T07:42:33+00:00\" \/>\n<meta name=\"twitter:card\" content=\"summary_large_image\" \/>\n<meta name=\"twitter:label1\" content=\"Estimeret l\u00e6setid\" \/>\n\t<meta name=\"twitter:data1\" content=\"1 minut\" \/>\n<!-- \/ Yoast SEO plugin. -->","yoast_head_json":{"title":"Greenway Logistics - FAQ","description":"Her kan du finde svar p\u00e5 de mest spurgte sp\u00f8rgsm\u00e5l i forhold til vores virksomhed og vores services.","robots":{"index":"index","follow":"follow","max-snippet":"max-snippet:-1","max-image-preview":"max-image-preview:large","max-video-preview":"max-video-preview:-1"},"canonical":"https:\/\/greenway-logistics.com\/da\/faq\/","og_locale":"da_DK","og_type":"article","og_title":"Greenway Logistics - FAQ","og_description":"Her kan du finde svar p\u00e5 de mest spurgte sp\u00f8rgsm\u00e5l i forhold til vores virksomhed og vores services.","og_url":"https:\/\/greenway-logistics.com\/da\/faq\/","og_site_name":"Greenway Logistics","article_modified_time":"2023-06-13T07:42:33+00:00","twitter_card":"summary_large_image","twitter_misc":{"Estimeret l\u00e6setid":"1 minut"},"schema":{"@context":"https:\/\/schema.org","@graph":[{"@type":"WebPage","@id":"https:\/\/greenway-logistics.com\/da\/faq\/","url":"https:\/\/greenway-logistics.com\/da\/faq\/","name":"Greenway Logistics - FAQ","isPartOf":{"@id":"https:\/\/greenway-logistics.com\/da\/#website"},"datePublished":"2023-03-03T09:03:20+00:00","dateModified":"2023-06-13T07:42:33+00:00","description":"Her kan du finde svar p\u00e5 de mest spurgte sp\u00f8rgsm\u00e5l i forhold til vores virksomhed og vores services.","breadcrumb":{"@id":"https:\/\/greenway-logistics.com\/da\/faq\/#breadcrumb"},"inLanguage":"da-DK","potentialAction":[{"@type":"ReadAction","target":["https:\/\/greenway-logistics.com\/da\/faq\/"]}]},{"@type":"BreadcrumbList","@id":"https:\/\/greenway-logistics.com\/da\/faq\/#breadcrumb","itemListElement":[{"@type":"ListItem","position":1,"name":"Home","item":"https:\/\/greenway-logistics.com\/da\/"},{"@type":"ListItem","position":2,"name":"FAQ"}]},{"@type":"WebSite","@id":"https:\/\/greenway-logistics.com\/da\/#website","url":"https:\/\/greenway-logistics.com\/da\/","name":"Greenway Logistics","description":"Sustainable Logistics","potentialAction":[{"@type":"SearchAction","target":{"@type":"EntryPoint","urlTemplate":"https:\/\/greenway-logistics.com\/da\/?s={search_term_string}"},"query-input":{"@type":"PropertyValueSpecification","valueRequired":true,"valueName":"search_term_string"}}],"inLanguage":"da-DK"}]}},"_links":{"self":[{"href":"https:\/\/greenway-logistics.com\/da\/wp-json\/wp\/v2\/pages\/2327","targetHints":{"allow":["GET"]}}],"collection":[{"href":"https:\/\/greenway-logistics.com\/da\/wp-json\/wp\/v2\/pages"}],"about":[{"href":"https:\/\/greenway-logistics.com\/da\/wp-json\/wp\/v2\/types\/page"}],"author":[{"embeddable":true,"href":"https:\/\/greenway-logistics.com\/da\/wp-json\/wp\/v2\/users\/5"}],"replies":[{"embeddable":true,"href":"https:\/\/greenway-logistics.com\/da\/wp-json\/wp\/v2\/comments?post=2327"}],"version-history":[{"count":7,"href":"https:\/\/greenway-logistics.com\/da\/wp-json\/wp\/v2\/pages\/2327\/revisions"}],"predecessor-version":[{"id":3425,"href":"https:\/\/greenway-logistics.com\/da\/wp-json\/wp\/v2\/pages\/2327\/revisions\/3425"}],"wp:attachment":[{"href":"https:\/\/greenway-logistics.com\/da\/wp-json\/wp\/v2\/media?parent=2327"}],"curies":[{"name":"wp","href":"https:\/\/api.w.org\/{rel}","templated":true}]}}