{"id":2317,"date":"2023-03-01T16:16:43","date_gmt":"2023-03-01T15:16:43","guid":{"rendered":"https:\/\/greenway-logistics.com\/partners\/"},"modified":"2026-03-09T15:44:54","modified_gmt":"2026-03-09T14:44:54","slug":"partnere","status":"publish","type":"page","link":"https:\/\/greenway-logistics.com\/da\/partnere\/","title":{"rendered":"Partnere"},"content":{"rendered":"<p>Greenway Logistics har et intensivt forhold til en r\u00e6kke partnere. Det er for det meste de brancheorganisationer, som Greenway Logistics udelukkende organiserer hele logistikken til. For disse organisationer er Greenway Logistics som en forl\u00e6ngelse af deres egen organisation. \u00c4r du en branschorganisation inom sport-, mode- eller livsstilssektorn och vill att dina medlemmar ska kunna dra nytta av v\u00e5ra logistiktj\u00e4nster och f\u00f6rdelar? <a href=\"https:\/\/greenway-logistics.com\/da\/kontakt\/\">Kontakta<\/a> oss f\u00f6r att boka ett m\u00f6te.<\/p>\n<p>Derudover arbejder Greenway Logistics sammen med forskellige logistikpartnere i flere lande. Med disse partnere er Greenway Logistics i stand til at yde al t\u00e6nkelig support til sine kunder, og det er kernen i den kollektive logistik. Dette set-up g\u00f8r det ogs\u00e5 muligt at tilbyde Greenway-tjenester overalt i verden. Greenway Logistics har valgt disse partnere strategisk.<\/p>\n","protected":false},"excerpt":{"rendered":"<p>Greenway Logistics har et intensivt forhold til en r\u00e6kke partnere. Det er for det meste de brancheorganisationer, som Greenway Logistics udelukkende organiserer hele logistikken til. For disse organisationer er Greenway Logistics som en forl\u00e6ngelse af deres egen organisation. \u00c4r du en branschorganisation inom sport-, mode- eller livsstilssektorn och vill att dina medlemmar ska kunna dra [&hellip;]<\/p>\n","protected":false},"author":5,"featured_media":0,"parent":0,"menu_order":0,"comment_status":"closed","ping_status":"closed","template":"page-partners.php","meta":{"_acf_changed":false,"footnotes":""},"class_list":["post-2317","page","type-page","status-publish","hentry"],"acf":[],"yoast_head":"<!-- This site is optimized with the Yoast SEO plugin v27.4 - https:\/\/yoast.com\/product\/yoast-seo-wordpress\/ -->\n<title>Greenway Logistics - Partnere<\/title>\n<meta name=\"description\" content=\"Greenway Logistics har et intensivt forhold til en r\u00e6kke partnere. Det er for det meste de brancheorganisationer, som Greenway Logistics udelukkende organiserer hele logistikken til. For disse organisationer er Greenway Logistics som en forl\u00e6ngelse af deres egen organisation.\" \/>\n<meta name=\"robots\" content=\"index, follow, max-snippet:-1, max-image-preview:large, max-video-preview:-1\" \/>\n<link rel=\"canonical\" href=\"https:\/\/greenway-logistics.com\/da\/partnere\/\" \/>\n<meta property=\"og:locale\" content=\"da_DK\" \/>\n<meta property=\"og:type\" content=\"article\" \/>\n<meta property=\"og:title\" content=\"Greenway Logistics - Partnere\" \/>\n<meta property=\"og:description\" content=\"Greenway Logistics har et intensivt forhold til en r\u00e6kke partnere. Det er for det meste de brancheorganisationer, som Greenway Logistics udelukkende organiserer hele logistikken til. For disse organisationer er Greenway Logistics som en forl\u00e6ngelse af deres egen organisation.\" \/>\n<meta property=\"og:url\" content=\"https:\/\/greenway-logistics.com\/da\/partnere\/\" \/>\n<meta property=\"og:site_name\" content=\"Greenway Logistics\" \/>\n<meta property=\"article:modified_time\" content=\"2026-03-09T14:44:54+00:00\" \/>\n<meta name=\"twitter:card\" content=\"summary_large_image\" \/>\n<meta name=\"twitter:label1\" content=\"Estimeret l\u00e6setid\" \/>\n\t<meta name=\"twitter:data1\" content=\"1 minut\" \/>\n<!-- \/ Yoast SEO plugin. -->","yoast_head_json":{"title":"Greenway Logistics - Partnere","description":"Greenway Logistics har et intensivt forhold til en r\u00e6kke partnere. Det er for det meste de brancheorganisationer, som Greenway Logistics udelukkende organiserer hele logistikken til. For disse organisationer er Greenway Logistics som en forl\u00e6ngelse af deres egen organisation.","robots":{"index":"index","follow":"follow","max-snippet":"max-snippet:-1","max-image-preview":"max-image-preview:large","max-video-preview":"max-video-preview:-1"},"canonical":"https:\/\/greenway-logistics.com\/da\/partnere\/","og_locale":"da_DK","og_type":"article","og_title":"Greenway Logistics - Partnere","og_description":"Greenway Logistics har et intensivt forhold til en r\u00e6kke partnere. Det er for det meste de brancheorganisationer, som Greenway Logistics udelukkende organiserer hele logistikken til. For disse organisationer er Greenway Logistics som en forl\u00e6ngelse af deres egen organisation.","og_url":"https:\/\/greenway-logistics.com\/da\/partnere\/","og_site_name":"Greenway Logistics","article_modified_time":"2026-03-09T14:44:54+00:00","twitter_card":"summary_large_image","twitter_misc":{"Estimeret l\u00e6setid":"1 minut"},"schema":{"@context":"https:\/\/schema.org","@graph":[{"@type":"WebPage","@id":"https:\/\/greenway-logistics.com\/da\/partnere\/","url":"https:\/\/greenway-logistics.com\/da\/partnere\/","name":"Greenway Logistics - Partnere","isPartOf":{"@id":"https:\/\/greenway-logistics.com\/da\/#website"},"datePublished":"2023-03-01T15:16:43+00:00","dateModified":"2026-03-09T14:44:54+00:00","description":"Greenway Logistics har et intensivt forhold til en r\u00e6kke partnere. Det er for det meste de brancheorganisationer, som Greenway Logistics udelukkende organiserer hele logistikken til. For disse organisationer er Greenway Logistics som en forl\u00e6ngelse af deres egen organisation.","breadcrumb":{"@id":"https:\/\/greenway-logistics.com\/da\/partnere\/#breadcrumb"},"inLanguage":"da-DK","potentialAction":[{"@type":"ReadAction","target":["https:\/\/greenway-logistics.com\/da\/partnere\/"]}]},{"@type":"BreadcrumbList","@id":"https:\/\/greenway-logistics.com\/da\/partnere\/#breadcrumb","itemListElement":[{"@type":"ListItem","position":1,"name":"Home","item":"https:\/\/greenway-logistics.com\/da\/"},{"@type":"ListItem","position":2,"name":"Partnere"}]},{"@type":"WebSite","@id":"https:\/\/greenway-logistics.com\/da\/#website","url":"https:\/\/greenway-logistics.com\/da\/","name":"Greenway Logistics","description":"Sustainable Logistics","potentialAction":[{"@type":"SearchAction","target":{"@type":"EntryPoint","urlTemplate":"https:\/\/greenway-logistics.com\/da\/?s={search_term_string}"},"query-input":{"@type":"PropertyValueSpecification","valueRequired":true,"valueName":"search_term_string"}}],"inLanguage":"da-DK"}]}},"_links":{"self":[{"href":"https:\/\/greenway-logistics.com\/da\/wp-json\/wp\/v2\/pages\/2317","targetHints":{"allow":["GET"]}}],"collection":[{"href":"https:\/\/greenway-logistics.com\/da\/wp-json\/wp\/v2\/pages"}],"about":[{"href":"https:\/\/greenway-logistics.com\/da\/wp-json\/wp\/v2\/types\/page"}],"author":[{"embeddable":true,"href":"https:\/\/greenway-logistics.com\/da\/wp-json\/wp\/v2\/users\/5"}],"replies":[{"embeddable":true,"href":"https:\/\/greenway-logistics.com\/da\/wp-json\/wp\/v2\/comments?post=2317"}],"version-history":[{"count":4,"href":"https:\/\/greenway-logistics.com\/da\/wp-json\/wp\/v2\/pages\/2317\/revisions"}],"predecessor-version":[{"id":4575,"href":"https:\/\/greenway-logistics.com\/da\/wp-json\/wp\/v2\/pages\/2317\/revisions\/4575"}],"wp:attachment":[{"href":"https:\/\/greenway-logistics.com\/da\/wp-json\/wp\/v2\/media?parent=2317"}],"curies":[{"name":"wp","href":"https:\/\/api.w.org\/{rel}","templated":true}]}}