{"id":2307,"date":"2023-03-07T15:12:50","date_gmt":"2023-03-07T14:12:50","guid":{"rendered":"https:\/\/greenway-logistics.com\/services\/green-logistics\/"},"modified":"2024-12-09T13:57:08","modified_gmt":"2024-12-09T12:57:08","slug":"groennere-logistik","status":"publish","type":"page","link":"https:\/\/greenway-logistics.com\/da\/loesninger\/groennere-logistik\/","title":{"rendered":"Gr\u00f8nnere logistik"},"content":{"rendered":"<p>Logistik har en n\u00f8glerolle i den globale \u00f8konomi, hvilket betyder, at det er meget vigtigt, at organisationer er opm\u00e6rksomme p\u00e5 gr\u00f8nnere logistik. Inden for transport handler det om: at spare kilometer, br\u00e6ndstof og reducere udledningen af partikler, sod og CO\u2082. Greenway Logistics har ekspertisen til at g\u00f8re mode-, sports-, tekstil- og livsstilsvirksomheders logistik mere b\u00e6redygtig. Alle logistikkoncepter i Greenway Logistics er rettet mod at reducere virksomhedernes CO\u2082-fodaftryk.<\/p>\n<p>Greenway Logistics har udviklet et koncept: CO\u2082 Improve. <a href=\"http:\/\/www.co2improve.com\">CO\u2082 Improve<\/a> hj\u00e6lper virksomheder med at f\u00e5 indsigt i deres CO\u2082-fodaftryk (ved hj\u00e6lp af officiel, certificeret overv\u00e5gning) og hj\u00e6lper med at reducere CO\u2082-emissionerne fra logistikaktiviteter ved at innovere og arbejde sammen. Det handler om at forbedre sig i stedet for at kompensere. Det ultimative m\u00e5l er at forbedre den globale mode-, sports- og livsstilsindustri, n\u00e5r det kommer til CO\u2082-emissioner fra logistik.<\/p>\n<p>&nbsp;<\/p>\n<ul>\n<li><a href=\"https:\/\/greenway-logistics.com\/da\/loesninger\/fragt-transportoer-aftaler\/\">Fragt \/ Transport\u00f8r aftaler<\/a><\/li>\n<li><a href=\"https:\/\/greenway-logistics.com\/da\/loesninger\/eksport-til-nye-markeder\/\">Ind p\u00e5 nye ekport markeder<\/a><\/li>\n<li><a href=\"https:\/\/greenway-logistics.com\/da\/loesninger\/lager\/\">Lager<\/a><\/li>\n<li><a href=\"https:\/\/greenway-logistics.com\/da\/loesninger\/innovative-logistikloesninger\/\">Innovative logistikl\u00f8sninger<\/a><\/li>\n<\/ul>\n","protected":false},"excerpt":{"rendered":"<p>Logistik har en n\u00f8glerolle i den globale \u00f8konomi, hvilket betyder, at det er meget vigtigt, at organisationer er opm\u00e6rksomme p\u00e5 gr\u00f8nnere logistik. Inden for transport handler det om: at spare kilometer, br\u00e6ndstof og reducere udledningen af partikler, sod og CO\u2082. Greenway Logistics har ekspertisen til at g\u00f8re mode-, sports-, tekstil- og livsstilsvirksomheders logistik mere b\u00e6redygtig. [&hellip;]<\/p>\n","protected":false},"author":5,"featured_media":0,"parent":2297,"menu_order":0,"comment_status":"closed","ping_status":"closed","template":"","meta":{"_acf_changed":false,"footnotes":""},"class_list":["post-2307","page","type-page","status-publish","hentry"],"acf":[],"yoast_head":"<!-- This site is optimized with the Yoast SEO plugin v27.4 - https:\/\/yoast.com\/product\/yoast-seo-wordpress\/ -->\n<title>Greenway Logistics - Gr\u00f8nnere logistik<\/title>\n<meta name=\"description\" content=\"Logistik har en n\u00f8glerolle i den globale \u00f8konomi, hvilket betyder, at det er meget vigtigt, at organisationer er opm\u00e6rksomme p\u00e5 gr\u00f8nnere logistik. Inden for transport handler det om: at spare kilometer, br\u00e6ndstof og reducere udledningen af partikler, sod og CO\u2082. Greenway Logistics har ekspertisen til at g\u00f8re mode-, sports-, tekstil- og livsstilsvirksomheders logistik mere b\u00e6redygtig. Alle logistikkoncepter i Greenway Logistics er rettet mod at reducere virksomhedernes CO\u2082-fodaftryk.\" \/>\n<meta name=\"robots\" content=\"index, follow, max-snippet:-1, max-image-preview:large, max-video-preview:-1\" \/>\n<link rel=\"canonical\" href=\"https:\/\/greenway-logistics.com\/da\/loesninger\/groennere-logistik\/\" \/>\n<meta property=\"og:locale\" content=\"da_DK\" \/>\n<meta property=\"og:type\" content=\"article\" \/>\n<meta property=\"og:title\" content=\"Greenway Logistics - Gr\u00f8nnere logistik\" \/>\n<meta property=\"og:description\" content=\"Logistik har en n\u00f8glerolle i den globale \u00f8konomi, hvilket betyder, at det er meget vigtigt, at organisationer er opm\u00e6rksomme p\u00e5 gr\u00f8nnere logistik. Inden for transport handler det om: at spare kilometer, br\u00e6ndstof og reducere udledningen af partikler, sod og CO\u2082. Greenway Logistics har ekspertisen til at g\u00f8re mode-, sports-, tekstil- og livsstilsvirksomheders logistik mere b\u00e6redygtig. Alle logistikkoncepter i Greenway Logistics er rettet mod at reducere virksomhedernes CO\u2082-fodaftryk.\" \/>\n<meta property=\"og:url\" content=\"https:\/\/greenway-logistics.com\/da\/loesninger\/groennere-logistik\/\" \/>\n<meta property=\"og:site_name\" content=\"Greenway Logistics\" \/>\n<meta property=\"article:modified_time\" content=\"2024-12-09T12:57:08+00:00\" \/>\n<meta name=\"twitter:card\" content=\"summary_large_image\" \/>\n<meta name=\"twitter:label1\" content=\"Estimeret l\u00e6setid\" \/>\n\t<meta name=\"twitter:data1\" content=\"1 minut\" \/>\n<!-- \/ Yoast SEO plugin. -->","yoast_head_json":{"title":"Greenway Logistics - Gr\u00f8nnere logistik","description":"Logistik har en n\u00f8glerolle i den globale \u00f8konomi, hvilket betyder, at det er meget vigtigt, at organisationer er opm\u00e6rksomme p\u00e5 gr\u00f8nnere logistik. Inden for transport handler det om: at spare kilometer, br\u00e6ndstof og reducere udledningen af partikler, sod og CO\u2082. Greenway Logistics har ekspertisen til at g\u00f8re mode-, sports-, tekstil- og livsstilsvirksomheders logistik mere b\u00e6redygtig. Alle logistikkoncepter i Greenway Logistics er rettet mod at reducere virksomhedernes CO\u2082-fodaftryk.","robots":{"index":"index","follow":"follow","max-snippet":"max-snippet:-1","max-image-preview":"max-image-preview:large","max-video-preview":"max-video-preview:-1"},"canonical":"https:\/\/greenway-logistics.com\/da\/loesninger\/groennere-logistik\/","og_locale":"da_DK","og_type":"article","og_title":"Greenway Logistics - Gr\u00f8nnere logistik","og_description":"Logistik har en n\u00f8glerolle i den globale \u00f8konomi, hvilket betyder, at det er meget vigtigt, at organisationer er opm\u00e6rksomme p\u00e5 gr\u00f8nnere logistik. Inden for transport handler det om: at spare kilometer, br\u00e6ndstof og reducere udledningen af partikler, sod og CO\u2082. Greenway Logistics har ekspertisen til at g\u00f8re mode-, sports-, tekstil- og livsstilsvirksomheders logistik mere b\u00e6redygtig. Alle logistikkoncepter i Greenway Logistics er rettet mod at reducere virksomhedernes CO\u2082-fodaftryk.","og_url":"https:\/\/greenway-logistics.com\/da\/loesninger\/groennere-logistik\/","og_site_name":"Greenway Logistics","article_modified_time":"2024-12-09T12:57:08+00:00","twitter_card":"summary_large_image","twitter_misc":{"Estimeret l\u00e6setid":"1 minut"},"schema":{"@context":"https:\/\/schema.org","@graph":[{"@type":"WebPage","@id":"https:\/\/greenway-logistics.com\/da\/loesninger\/groennere-logistik\/","url":"https:\/\/greenway-logistics.com\/da\/loesninger\/groennere-logistik\/","name":"Greenway Logistics - Gr\u00f8nnere logistik","isPartOf":{"@id":"https:\/\/greenway-logistics.com\/da\/#website"},"datePublished":"2023-03-07T14:12:50+00:00","dateModified":"2024-12-09T12:57:08+00:00","description":"Logistik har en n\u00f8glerolle i den globale \u00f8konomi, hvilket betyder, at det er meget vigtigt, at organisationer er opm\u00e6rksomme p\u00e5 gr\u00f8nnere logistik. Inden for transport handler det om: at spare kilometer, br\u00e6ndstof og reducere udledningen af partikler, sod og CO\u2082. Greenway Logistics har ekspertisen til at g\u00f8re mode-, sports-, tekstil- og livsstilsvirksomheders logistik mere b\u00e6redygtig. Alle logistikkoncepter i Greenway Logistics er rettet mod at reducere virksomhedernes CO\u2082-fodaftryk.","breadcrumb":{"@id":"https:\/\/greenway-logistics.com\/da\/loesninger\/groennere-logistik\/#breadcrumb"},"inLanguage":"da-DK","potentialAction":[{"@type":"ReadAction","target":["https:\/\/greenway-logistics.com\/da\/loesninger\/groennere-logistik\/"]}]},{"@type":"BreadcrumbList","@id":"https:\/\/greenway-logistics.com\/da\/loesninger\/groennere-logistik\/#breadcrumb","itemListElement":[{"@type":"ListItem","position":1,"name":"Home","item":"https:\/\/greenway-logistics.com\/da\/"},{"@type":"ListItem","position":2,"name":"L\u00f8sninger","item":"https:\/\/greenway-logistics.com\/da\/loesninger\/"},{"@type":"ListItem","position":3,"name":"Gr\u00f8nnere logistik"}]},{"@type":"WebSite","@id":"https:\/\/greenway-logistics.com\/da\/#website","url":"https:\/\/greenway-logistics.com\/da\/","name":"Greenway Logistics","description":"Sustainable Logistics","potentialAction":[{"@type":"SearchAction","target":{"@type":"EntryPoint","urlTemplate":"https:\/\/greenway-logistics.com\/da\/?s={search_term_string}"},"query-input":{"@type":"PropertyValueSpecification","valueRequired":true,"valueName":"search_term_string"}}],"inLanguage":"da-DK"}]}},"_links":{"self":[{"href":"https:\/\/greenway-logistics.com\/da\/wp-json\/wp\/v2\/pages\/2307","targetHints":{"allow":["GET"]}}],"collection":[{"href":"https:\/\/greenway-logistics.com\/da\/wp-json\/wp\/v2\/pages"}],"about":[{"href":"https:\/\/greenway-logistics.com\/da\/wp-json\/wp\/v2\/types\/page"}],"author":[{"embeddable":true,"href":"https:\/\/greenway-logistics.com\/da\/wp-json\/wp\/v2\/users\/5"}],"replies":[{"embeddable":true,"href":"https:\/\/greenway-logistics.com\/da\/wp-json\/wp\/v2\/comments?post=2307"}],"version-history":[{"count":7,"href":"https:\/\/greenway-logistics.com\/da\/wp-json\/wp\/v2\/pages\/2307\/revisions"}],"predecessor-version":[{"id":4176,"href":"https:\/\/greenway-logistics.com\/da\/wp-json\/wp\/v2\/pages\/2307\/revisions\/4176"}],"up":[{"embeddable":true,"href":"https:\/\/greenway-logistics.com\/da\/wp-json\/wp\/v2\/pages\/2297"}],"wp:attachment":[{"href":"https:\/\/greenway-logistics.com\/da\/wp-json\/wp\/v2\/media?parent=2307"}],"curies":[{"name":"wp","href":"https:\/\/api.w.org\/{rel}","templated":true}]}}