{"id":2297,"date":"2023-03-01T16:18:41","date_gmt":"2023-03-01T15:18:41","guid":{"rendered":"https:\/\/greenway-logistics.com\/services\/"},"modified":"2023-06-23T13:03:12","modified_gmt":"2023-06-23T11:03:12","slug":"loesninger","status":"publish","type":"page","link":"https:\/\/greenway-logistics.com\/da\/loesninger\/","title":{"rendered":"L\u00f8sninger"},"content":{"rendered":"<p>Greenway Logistics sparer omkostninger og g\u00f8r logistikken mere b\u00e6redygtig for mode-, sports-, tekstil- og livsstilsvirksomheder. Virksomheden tilbyder logistisk r\u00e5dgivning og transport l\u00f8sninger fra egen ekspertise og netv\u00e6rk inden for:<\/p>\n<ul>\n<li><a href=\"https:\/\/greenway-logistics.com\/da\/loesninger\/fragt-transportoer-aftaler\/\">Fragt \/ Transport\u00f8r aftaler<\/a><\/li>\n<li><a href=\"https:\/\/greenway-logistics.com\/da\/loesninger\/groennere-logistik\/\">Gr\u00f8nnere logistik <\/a><\/li>\n<li><a href=\"https:\/\/greenway-logistics.com\/da\/loesninger\/eksport-til-nye-markeder\/\">Ind p\u00e5 nye eksport markeder<\/a><\/li>\n<li><a href=\"https:\/\/greenway-logistics.com\/da\/loesninger\/lager\/\">Lager<\/a><\/li>\n<li><a href=\"https:\/\/greenway-logistics.com\/da\/loesninger\/innovative-logistikloesninger\/\">Innovative logistikl\u00f8sninger<\/a><\/li>\n<\/ul>\n<p>&nbsp;<\/p>\n<p>Greenway Logistics arbejder t\u00e6t sammen med mange forskellige logistikvirksomheder. Disse samarbejder er faktisk kernen i den kollektive logistik. Greenway Logistics v\u00e6lger altid virksomheder, der udover at levere kvalitetsarbejde &amp; serviceydelser ogs\u00e5 forst\u00e5r og omfavner vigtigheden af samarbejde.<\/p>\n","protected":false},"excerpt":{"rendered":"<p>Greenway Logistics sparer omkostninger og g\u00f8r logistikken mere b\u00e6redygtig for mode-, sports-, tekstil- og livsstilsvirksomheder. Virksomheden tilbyder logistisk r\u00e5dgivning og transport l\u00f8sninger fra egen ekspertise og netv\u00e6rk inden for: Fragt \/ Transport\u00f8r aftaler Gr\u00f8nnere logistik Ind p\u00e5 nye eksport markeder Lager Innovative logistikl\u00f8sninger &nbsp; Greenway Logistics arbejder t\u00e6t sammen med mange forskellige logistikvirksomheder. Disse samarbejder [&hellip;]<\/p>\n","protected":false},"author":5,"featured_media":1369,"parent":0,"menu_order":0,"comment_status":"closed","ping_status":"closed","template":"","meta":{"_acf_changed":false,"footnotes":""},"class_list":["post-2297","page","type-page","status-publish","has-post-thumbnail","hentry"],"acf":[],"yoast_head":"<!-- This site is optimized with the Yoast SEO plugin v27.4 - https:\/\/yoast.com\/product\/yoast-seo-wordpress\/ -->\n<title>Greenway Logistics - L\u00f8sninger<\/title>\n<meta name=\"description\" content=\"Greenway Logistics sparer omkostninger og g\u00f8r logistikken mere b\u00e6redygtig for mode-, sports-, tekstil- og livsstilsvirksomheder. Virksomheden tilbyder logistisk r\u00e5dgivning og transport l\u00f8sninger fra egen ekspertise og netv\u00e6rk inden for:\" \/>\n<meta name=\"robots\" content=\"index, follow, max-snippet:-1, max-image-preview:large, max-video-preview:-1\" \/>\n<link rel=\"canonical\" href=\"https:\/\/greenway-logistics.com\/da\/loesninger\/\" \/>\n<meta property=\"og:locale\" content=\"da_DK\" \/>\n<meta property=\"og:type\" content=\"article\" \/>\n<meta property=\"og:title\" content=\"Greenway Logistics - L\u00f8sninger\" \/>\n<meta property=\"og:description\" content=\"Greenway Logistics sparer omkostninger og g\u00f8r logistikken mere b\u00e6redygtig for mode-, sports-, tekstil- og livsstilsvirksomheder. Virksomheden tilbyder logistisk r\u00e5dgivning og transport l\u00f8sninger fra egen ekspertise og netv\u00e6rk inden for:\" \/>\n<meta property=\"og:url\" content=\"https:\/\/greenway-logistics.com\/da\/loesninger\/\" \/>\n<meta property=\"og:site_name\" content=\"Greenway Logistics\" \/>\n<meta property=\"article:modified_time\" content=\"2023-06-23T11:03:12+00:00\" \/>\n<meta property=\"og:image\" content=\"https:\/\/greenway-logistics.com\/wp-content\/uploads\/2023\/03\/greeway_hero_ship_1775x770-1600x460-1.jpeg\" \/>\n\t<meta property=\"og:image:width\" content=\"1600\" \/>\n\t<meta property=\"og:image:height\" content=\"460\" \/>\n\t<meta property=\"og:image:type\" content=\"image\/jpeg\" \/>\n<meta name=\"twitter:card\" content=\"summary_large_image\" \/>\n<meta name=\"twitter:label1\" content=\"Estimeret l\u00e6setid\" \/>\n\t<meta name=\"twitter:data1\" content=\"1 minut\" \/>\n<!-- \/ Yoast SEO plugin. -->","yoast_head_json":{"title":"Greenway Logistics - L\u00f8sninger","description":"Greenway Logistics sparer omkostninger og g\u00f8r logistikken mere b\u00e6redygtig for mode-, sports-, tekstil- og livsstilsvirksomheder. Virksomheden tilbyder logistisk r\u00e5dgivning og transport l\u00f8sninger fra egen ekspertise og netv\u00e6rk inden for:","robots":{"index":"index","follow":"follow","max-snippet":"max-snippet:-1","max-image-preview":"max-image-preview:large","max-video-preview":"max-video-preview:-1"},"canonical":"https:\/\/greenway-logistics.com\/da\/loesninger\/","og_locale":"da_DK","og_type":"article","og_title":"Greenway Logistics - L\u00f8sninger","og_description":"Greenway Logistics sparer omkostninger og g\u00f8r logistikken mere b\u00e6redygtig for mode-, sports-, tekstil- og livsstilsvirksomheder. Virksomheden tilbyder logistisk r\u00e5dgivning og transport l\u00f8sninger fra egen ekspertise og netv\u00e6rk inden for:","og_url":"https:\/\/greenway-logistics.com\/da\/loesninger\/","og_site_name":"Greenway Logistics","article_modified_time":"2023-06-23T11:03:12+00:00","og_image":[{"width":1600,"height":460,"url":"https:\/\/greenway-logistics.com\/wp-content\/uploads\/2023\/03\/greeway_hero_ship_1775x770-1600x460-1.jpeg","type":"image\/jpeg"}],"twitter_card":"summary_large_image","twitter_misc":{"Estimeret l\u00e6setid":"1 minut"},"schema":{"@context":"https:\/\/schema.org","@graph":[{"@type":"WebPage","@id":"https:\/\/greenway-logistics.com\/da\/loesninger\/","url":"https:\/\/greenway-logistics.com\/da\/loesninger\/","name":"Greenway Logistics - L\u00f8sninger","isPartOf":{"@id":"https:\/\/greenway-logistics.com\/da\/#website"},"primaryImageOfPage":{"@id":"https:\/\/greenway-logistics.com\/da\/loesninger\/#primaryimage"},"image":{"@id":"https:\/\/greenway-logistics.com\/da\/loesninger\/#primaryimage"},"thumbnailUrl":"https:\/\/greenway-logistics.com\/wp-content\/uploads\/2023\/03\/greeway_hero_ship_1775x770-1600x460-1.jpeg","datePublished":"2023-03-01T15:18:41+00:00","dateModified":"2023-06-23T11:03:12+00:00","description":"Greenway Logistics sparer omkostninger og g\u00f8r logistikken mere b\u00e6redygtig for mode-, sports-, tekstil- og livsstilsvirksomheder. Virksomheden tilbyder logistisk r\u00e5dgivning og transport l\u00f8sninger fra egen ekspertise og netv\u00e6rk inden for:","breadcrumb":{"@id":"https:\/\/greenway-logistics.com\/da\/loesninger\/#breadcrumb"},"inLanguage":"da-DK","potentialAction":[{"@type":"ReadAction","target":["https:\/\/greenway-logistics.com\/da\/loesninger\/"]}]},{"@type":"ImageObject","inLanguage":"da-DK","@id":"https:\/\/greenway-logistics.com\/da\/loesninger\/#primaryimage","url":"https:\/\/greenway-logistics.com\/wp-content\/uploads\/2023\/03\/greeway_hero_ship_1775x770-1600x460-1.jpeg","contentUrl":"https:\/\/greenway-logistics.com\/wp-content\/uploads\/2023\/03\/greeway_hero_ship_1775x770-1600x460-1.jpeg","width":1600,"height":460,"caption":"Effici\u00ebnte logistieke oplossingen op maat."},{"@type":"BreadcrumbList","@id":"https:\/\/greenway-logistics.com\/da\/loesninger\/#breadcrumb","itemListElement":[{"@type":"ListItem","position":1,"name":"Home","item":"https:\/\/greenway-logistics.com\/da\/"},{"@type":"ListItem","position":2,"name":"L\u00f8sninger"}]},{"@type":"WebSite","@id":"https:\/\/greenway-logistics.com\/da\/#website","url":"https:\/\/greenway-logistics.com\/da\/","name":"Greenway Logistics","description":"Sustainable Logistics","potentialAction":[{"@type":"SearchAction","target":{"@type":"EntryPoint","urlTemplate":"https:\/\/greenway-logistics.com\/da\/?s={search_term_string}"},"query-input":{"@type":"PropertyValueSpecification","valueRequired":true,"valueName":"search_term_string"}}],"inLanguage":"da-DK"}]}},"_links":{"self":[{"href":"https:\/\/greenway-logistics.com\/da\/wp-json\/wp\/v2\/pages\/2297","targetHints":{"allow":["GET"]}}],"collection":[{"href":"https:\/\/greenway-logistics.com\/da\/wp-json\/wp\/v2\/pages"}],"about":[{"href":"https:\/\/greenway-logistics.com\/da\/wp-json\/wp\/v2\/types\/page"}],"author":[{"embeddable":true,"href":"https:\/\/greenway-logistics.com\/da\/wp-json\/wp\/v2\/users\/5"}],"replies":[{"embeddable":true,"href":"https:\/\/greenway-logistics.com\/da\/wp-json\/wp\/v2\/comments?post=2297"}],"version-history":[{"count":14,"href":"https:\/\/greenway-logistics.com\/da\/wp-json\/wp\/v2\/pages\/2297\/revisions"}],"predecessor-version":[{"id":3428,"href":"https:\/\/greenway-logistics.com\/da\/wp-json\/wp\/v2\/pages\/2297\/revisions\/3428"}],"wp:featuredmedia":[{"embeddable":true,"href":"https:\/\/greenway-logistics.com\/da\/wp-json\/wp\/v2\/media\/1369"}],"wp:attachment":[{"href":"https:\/\/greenway-logistics.com\/da\/wp-json\/wp\/v2\/media?parent=2297"}],"curies":[{"name":"wp","href":"https:\/\/api.w.org\/{rel}","templated":true}]}}