{"id":2287,"date":"2023-03-07T15:24:58","date_gmt":"2023-03-07T14:24:58","guid":{"rendered":"https:\/\/greenway-logistics.com\/entering-external-markets\/"},"modified":"2025-03-12T13:02:30","modified_gmt":"2025-03-12T12:02:30","slug":"eksport-til-nye-markeder","status":"publish","type":"page","link":"https:\/\/greenway-logistics.com\/da\/loesninger\/eksport-til-nye-markeder\/","title":{"rendered":"Eksport til nye markeder"},"content":{"rendered":"<p>Greenway Logistics hj\u00e6lper virksomheder ved at g\u00e5 ind p\u00e5 eksterne markeder, international markedsudvikling kr\u00e6ver logistikinfrastruktur i udlandet.<\/p>\n<p><strong>Gateway til Europa<\/strong><br \/>\nSom verdens st\u00f8rste \u00f8konomi med mere end 500 millioner forbrugere tilbyder EU sp\u00e6ndende muligheder for mode-, sport- og livsstilsvirksomheder. At komme ind i Europa eller Storbritannien som en ikke-europ\u00e6isk virksomhed kan v\u00e6re en stor udfordring; det er vigtigt at forst\u00e5, hvordan man f\u00e5r adgang til det europ\u00e6iske marked samt potentielle barrierer, der m\u00e5tte eksistere.<\/p>\n<p>Greenway Logistics har udviklet en service, som kombinerer alle ekspertiseomr\u00e5der. Denne fuldservicel\u00f8sning &#8216;<strong>Gateway to Europe<\/strong>&#8216; har til form\u00e5l at hj\u00e6lpe store og SMV-brands med b\u00e5de umiddelbare problemer s\u00e5vel som langsigtede overvejelser om eksport og distribution. Den kombinerer den bedste tilg\u00e6ngelige information med praktisk, handlingsorienteret r\u00e5dgivning.<\/p>\n<p>Kerneelementet i vores koncept for at hj\u00e6lpe dig med at komme ind p\u00e5 det britiske og europ\u00e6iske marked er den brede og integrerede st\u00f8tte til de mest relevante emner: marketing &amp; salg, logistik &amp; opfyldelse, told &amp; moms, finansiel organisation og compliance &amp; regler.<\/p>\n<p>Vi har allerede med succes st\u00f8ttet mange virksomheder. Gennem din brancheforening kan du ogs\u00e5 f\u00e5 nem adgang til dette s\u00e6t tjenester. Vil du udvide dit brand internationalt? Vi hj\u00e6lper gerne.<\/p>\n","protected":false},"excerpt":{"rendered":"<p>Greenway Logistics hj\u00e6lper virksomheder ved at g\u00e5 ind p\u00e5 eksterne markeder, international markedsudvikling kr\u00e6ver logistikinfrastruktur i udlandet. Gateway til Europa Som verdens st\u00f8rste \u00f8konomi med mere end 500 millioner forbrugere tilbyder EU sp\u00e6ndende muligheder for mode-, sport- og livsstilsvirksomheder. At komme ind i Europa eller Storbritannien som en ikke-europ\u00e6isk virksomhed kan v\u00e6re en stor udfordring; [&hellip;]<\/p>\n","protected":false},"author":5,"featured_media":0,"parent":2297,"menu_order":0,"comment_status":"closed","ping_status":"closed","template":"","meta":{"_acf_changed":false,"footnotes":""},"class_list":["post-2287","page","type-page","status-publish","hentry"],"acf":[],"yoast_head":"<!-- This site is optimized with the Yoast SEO plugin v27.3 - https:\/\/yoast.com\/product\/yoast-seo-wordpress\/ -->\n<title>Greenway Logistics - Eksport til nye markeder<\/title>\n<meta name=\"description\" content=\"Som verdens st\u00f8rste \u00f8konomi med mere end 500 millioner forbrugere tilbyder EU sp\u00e6ndende muligheder for mode-, sport- og livsstilsvirksomheder.\" \/>\n<meta name=\"robots\" content=\"index, follow, max-snippet:-1, max-image-preview:large, max-video-preview:-1\" \/>\n<link rel=\"canonical\" href=\"https:\/\/greenway-logistics.com\/da\/loesninger\/eksport-til-nye-markeder\/\" \/>\n<meta property=\"og:locale\" content=\"da_DK\" \/>\n<meta property=\"og:type\" content=\"article\" \/>\n<meta property=\"og:title\" content=\"Greenway Logistics - Eksport til nye markeder\" \/>\n<meta property=\"og:description\" content=\"Som verdens st\u00f8rste \u00f8konomi med mere end 500 millioner forbrugere tilbyder EU sp\u00e6ndende muligheder for mode-, sport- og livsstilsvirksomheder.\" \/>\n<meta property=\"og:url\" content=\"https:\/\/greenway-logistics.com\/da\/loesninger\/eksport-til-nye-markeder\/\" \/>\n<meta property=\"og:site_name\" content=\"Greenway Logistics\" \/>\n<meta property=\"article:modified_time\" content=\"2025-03-12T12:02:30+00:00\" \/>\n<meta name=\"twitter:card\" content=\"summary_large_image\" \/>\n<meta name=\"twitter:label1\" content=\"Estimeret l\u00e6setid\" \/>\n\t<meta name=\"twitter:data1\" content=\"1 minut\" \/>\n<!-- \/ Yoast SEO plugin. -->","yoast_head_json":{"title":"Greenway Logistics - Eksport til nye markeder","description":"Som verdens st\u00f8rste \u00f8konomi med mere end 500 millioner forbrugere tilbyder EU sp\u00e6ndende muligheder for mode-, sport- og livsstilsvirksomheder.","robots":{"index":"index","follow":"follow","max-snippet":"max-snippet:-1","max-image-preview":"max-image-preview:large","max-video-preview":"max-video-preview:-1"},"canonical":"https:\/\/greenway-logistics.com\/da\/loesninger\/eksport-til-nye-markeder\/","og_locale":"da_DK","og_type":"article","og_title":"Greenway Logistics - Eksport til nye markeder","og_description":"Som verdens st\u00f8rste \u00f8konomi med mere end 500 millioner forbrugere tilbyder EU sp\u00e6ndende muligheder for mode-, sport- og livsstilsvirksomheder.","og_url":"https:\/\/greenway-logistics.com\/da\/loesninger\/eksport-til-nye-markeder\/","og_site_name":"Greenway Logistics","article_modified_time":"2025-03-12T12:02:30+00:00","twitter_card":"summary_large_image","twitter_misc":{"Estimeret l\u00e6setid":"1 minut"},"schema":{"@context":"https:\/\/schema.org","@graph":[{"@type":"WebPage","@id":"https:\/\/greenway-logistics.com\/da\/loesninger\/eksport-til-nye-markeder\/","url":"https:\/\/greenway-logistics.com\/da\/loesninger\/eksport-til-nye-markeder\/","name":"Greenway Logistics - Eksport til nye markeder","isPartOf":{"@id":"https:\/\/greenway-logistics.com\/da\/#website"},"datePublished":"2023-03-07T14:24:58+00:00","dateModified":"2025-03-12T12:02:30+00:00","description":"Som verdens st\u00f8rste \u00f8konomi med mere end 500 millioner forbrugere tilbyder EU sp\u00e6ndende muligheder for mode-, sport- og livsstilsvirksomheder.","breadcrumb":{"@id":"https:\/\/greenway-logistics.com\/da\/loesninger\/eksport-til-nye-markeder\/#breadcrumb"},"inLanguage":"da-DK","potentialAction":[{"@type":"ReadAction","target":["https:\/\/greenway-logistics.com\/da\/loesninger\/eksport-til-nye-markeder\/"]}]},{"@type":"BreadcrumbList","@id":"https:\/\/greenway-logistics.com\/da\/loesninger\/eksport-til-nye-markeder\/#breadcrumb","itemListElement":[{"@type":"ListItem","position":1,"name":"Home","item":"https:\/\/greenway-logistics.com\/da\/"},{"@type":"ListItem","position":2,"name":"L\u00f8sninger","item":"https:\/\/greenway-logistics.com\/da\/loesninger\/"},{"@type":"ListItem","position":3,"name":"Eksport til nye markeder"}]},{"@type":"WebSite","@id":"https:\/\/greenway-logistics.com\/da\/#website","url":"https:\/\/greenway-logistics.com\/da\/","name":"Greenway Logistics","description":"Sustainable Logistics","potentialAction":[{"@type":"SearchAction","target":{"@type":"EntryPoint","urlTemplate":"https:\/\/greenway-logistics.com\/da\/?s={search_term_string}"},"query-input":{"@type":"PropertyValueSpecification","valueRequired":true,"valueName":"search_term_string"}}],"inLanguage":"da-DK"}]}},"_links":{"self":[{"href":"https:\/\/greenway-logistics.com\/da\/wp-json\/wp\/v2\/pages\/2287","targetHints":{"allow":["GET"]}}],"collection":[{"href":"https:\/\/greenway-logistics.com\/da\/wp-json\/wp\/v2\/pages"}],"about":[{"href":"https:\/\/greenway-logistics.com\/da\/wp-json\/wp\/v2\/types\/page"}],"author":[{"embeddable":true,"href":"https:\/\/greenway-logistics.com\/da\/wp-json\/wp\/v2\/users\/5"}],"replies":[{"embeddable":true,"href":"https:\/\/greenway-logistics.com\/da\/wp-json\/wp\/v2\/comments?post=2287"}],"version-history":[{"count":14,"href":"https:\/\/greenway-logistics.com\/da\/wp-json\/wp\/v2\/pages\/2287\/revisions"}],"predecessor-version":[{"id":4195,"href":"https:\/\/greenway-logistics.com\/da\/wp-json\/wp\/v2\/pages\/2287\/revisions\/4195"}],"up":[{"embeddable":true,"href":"https:\/\/greenway-logistics.com\/da\/wp-json\/wp\/v2\/pages\/2297"}],"wp:attachment":[{"href":"https:\/\/greenway-logistics.com\/da\/wp-json\/wp\/v2\/media?parent=2287"}],"curies":[{"name":"wp","href":"https:\/\/api.w.org\/{rel}","templated":true}]}}