{"id":2277,"date":"2023-03-07T15:23:24","date_gmt":"2023-03-07T14:23:24","guid":{"rendered":"https:\/\/greenway-logistics.com\/carrier-contracts\/"},"modified":"2025-03-12T13:39:01","modified_gmt":"2025-03-12T12:39:01","slug":"fragt-transportoer-aftaler","status":"publish","type":"page","link":"https:\/\/greenway-logistics.com\/da\/loesninger\/fragt-transportoer-aftaler\/","title":{"rendered":"Fragt- og Transport\u00f8raftaler"},"content":{"rendered":"<p data-start=\"85\" data-end=\"226\">Greenway Logistics arbejder lokalt og globalt med transport\u00f8rer for at tilbyde fragt- og transport\u00f8raftaler samt rammeaftaler indenfor:<\/p>\n<p data-start=\"228\" data-end=\"307\">S\u00f8fragt, luftfragt, kurer, togfragt, pakkedistribution og e-handelsl\u00f8sninger.<\/p>\n<p data-start=\"309\" data-end=\"574\">Takket v\u00e6re sammenkobling af transportstr\u00f8mme og konsolidering kan omkostninger og CO\u2082 spares. Greenway Logistics st\u00f8tter mode-, sports-, tekstil- og livsstilsvirksomheder med international forretning og hj\u00e6lper med import og eksport verden over, b\u00e5de B2B og B2C.<\/p>\n","protected":false},"excerpt":{"rendered":"<p>Greenway Logistics arbejder lokalt og globalt med transport\u00f8rer for at tilbyde fragt- og transport\u00f8raftaler samt rammeaftaler indenfor: S\u00f8fragt, luftfragt, kurer, togfragt, pakkedistribution og e-handelsl\u00f8sninger. Takket v\u00e6re sammenkobling af transportstr\u00f8mme og konsolidering kan omkostninger og CO\u2082 spares. Greenway Logistics st\u00f8tter mode-, sports-, tekstil- og livsstilsvirksomheder med international forretning og hj\u00e6lper med import og eksport verden over, [&hellip;]<\/p>\n","protected":false},"author":5,"featured_media":0,"parent":2297,"menu_order":0,"comment_status":"closed","ping_status":"closed","template":"","meta":{"_acf_changed":false,"footnotes":""},"class_list":["post-2277","page","type-page","status-publish","hentry"],"acf":[],"yoast_head":"<!-- This site is optimized with the Yoast SEO plugin v27.4 - https:\/\/yoast.com\/product\/yoast-seo-wordpress\/ -->\n<title>Greenway Logistics - Fragt- og Transport\u00f8raftaler<\/title>\n<meta name=\"description\" content=\"Greenway Logistics tilbyder fragt- og transport\u00f8raftaler med fokus p\u00e5 omkostnings- og CO\u2082-besparelser globalt.\" \/>\n<meta name=\"robots\" content=\"index, follow, max-snippet:-1, max-image-preview:large, max-video-preview:-1\" \/>\n<link rel=\"canonical\" href=\"https:\/\/greenway-logistics.com\/da\/loesninger\/fragt-transportoer-aftaler\/\" \/>\n<meta property=\"og:locale\" content=\"da_DK\" \/>\n<meta property=\"og:type\" content=\"article\" \/>\n<meta property=\"og:title\" content=\"Greenway Logistics - Fragt- og Transport\u00f8raftaler\" \/>\n<meta property=\"og:description\" content=\"Greenway Logistics tilbyder fragt- og transport\u00f8raftaler med fokus p\u00e5 omkostnings- og CO\u2082-besparelser globalt.\" \/>\n<meta property=\"og:url\" content=\"https:\/\/greenway-logistics.com\/da\/loesninger\/fragt-transportoer-aftaler\/\" \/>\n<meta property=\"og:site_name\" content=\"Greenway Logistics\" \/>\n<meta property=\"article:modified_time\" content=\"2025-03-12T12:39:01+00:00\" \/>\n<meta name=\"twitter:card\" content=\"summary_large_image\" \/>\n<meta name=\"twitter:label1\" content=\"Estimeret l\u00e6setid\" \/>\n\t<meta name=\"twitter:data1\" content=\"1 minut\" \/>\n<!-- \/ Yoast SEO plugin. -->","yoast_head_json":{"title":"Greenway Logistics - Fragt- og Transport\u00f8raftaler","description":"Greenway Logistics tilbyder fragt- og transport\u00f8raftaler med fokus p\u00e5 omkostnings- og CO\u2082-besparelser globalt.","robots":{"index":"index","follow":"follow","max-snippet":"max-snippet:-1","max-image-preview":"max-image-preview:large","max-video-preview":"max-video-preview:-1"},"canonical":"https:\/\/greenway-logistics.com\/da\/loesninger\/fragt-transportoer-aftaler\/","og_locale":"da_DK","og_type":"article","og_title":"Greenway Logistics - Fragt- og Transport\u00f8raftaler","og_description":"Greenway Logistics tilbyder fragt- og transport\u00f8raftaler med fokus p\u00e5 omkostnings- og CO\u2082-besparelser globalt.","og_url":"https:\/\/greenway-logistics.com\/da\/loesninger\/fragt-transportoer-aftaler\/","og_site_name":"Greenway Logistics","article_modified_time":"2025-03-12T12:39:01+00:00","twitter_card":"summary_large_image","twitter_misc":{"Estimeret l\u00e6setid":"1 minut"},"schema":{"@context":"https:\/\/schema.org","@graph":[{"@type":"WebPage","@id":"https:\/\/greenway-logistics.com\/da\/loesninger\/fragt-transportoer-aftaler\/","url":"https:\/\/greenway-logistics.com\/da\/loesninger\/fragt-transportoer-aftaler\/","name":"Greenway Logistics - Fragt- og Transport\u00f8raftaler","isPartOf":{"@id":"https:\/\/greenway-logistics.com\/da\/#website"},"datePublished":"2023-03-07T14:23:24+00:00","dateModified":"2025-03-12T12:39:01+00:00","description":"Greenway Logistics tilbyder fragt- og transport\u00f8raftaler med fokus p\u00e5 omkostnings- og CO\u2082-besparelser globalt.","breadcrumb":{"@id":"https:\/\/greenway-logistics.com\/da\/loesninger\/fragt-transportoer-aftaler\/#breadcrumb"},"inLanguage":"da-DK","potentialAction":[{"@type":"ReadAction","target":["https:\/\/greenway-logistics.com\/da\/loesninger\/fragt-transportoer-aftaler\/"]}]},{"@type":"BreadcrumbList","@id":"https:\/\/greenway-logistics.com\/da\/loesninger\/fragt-transportoer-aftaler\/#breadcrumb","itemListElement":[{"@type":"ListItem","position":1,"name":"Home","item":"https:\/\/greenway-logistics.com\/da\/"},{"@type":"ListItem","position":2,"name":"L\u00f8sninger","item":"https:\/\/greenway-logistics.com\/da\/loesninger\/"},{"@type":"ListItem","position":3,"name":"Fragt- og Transport\u00f8raftaler"}]},{"@type":"WebSite","@id":"https:\/\/greenway-logistics.com\/da\/#website","url":"https:\/\/greenway-logistics.com\/da\/","name":"Greenway Logistics","description":"Sustainable Logistics","potentialAction":[{"@type":"SearchAction","target":{"@type":"EntryPoint","urlTemplate":"https:\/\/greenway-logistics.com\/da\/?s={search_term_string}"},"query-input":{"@type":"PropertyValueSpecification","valueRequired":true,"valueName":"search_term_string"}}],"inLanguage":"da-DK"}]}},"_links":{"self":[{"href":"https:\/\/greenway-logistics.com\/da\/wp-json\/wp\/v2\/pages\/2277","targetHints":{"allow":["GET"]}}],"collection":[{"href":"https:\/\/greenway-logistics.com\/da\/wp-json\/wp\/v2\/pages"}],"about":[{"href":"https:\/\/greenway-logistics.com\/da\/wp-json\/wp\/v2\/types\/page"}],"author":[{"embeddable":true,"href":"https:\/\/greenway-logistics.com\/da\/wp-json\/wp\/v2\/users\/5"}],"replies":[{"embeddable":true,"href":"https:\/\/greenway-logistics.com\/da\/wp-json\/wp\/v2\/comments?post=2277"}],"version-history":[{"count":15,"href":"https:\/\/greenway-logistics.com\/da\/wp-json\/wp\/v2\/pages\/2277\/revisions"}],"predecessor-version":[{"id":4264,"href":"https:\/\/greenway-logistics.com\/da\/wp-json\/wp\/v2\/pages\/2277\/revisions\/4264"}],"up":[{"embeddable":true,"href":"https:\/\/greenway-logistics.com\/da\/wp-json\/wp\/v2\/pages\/2297"}],"wp:attachment":[{"href":"https:\/\/greenway-logistics.com\/da\/wp-json\/wp\/v2\/media?parent=2277"}],"curies":[{"name":"wp","href":"https:\/\/api.w.org\/{rel}","templated":true}]}}