{"id":2262,"date":"2023-03-07T15:24:10","date_gmt":"2023-03-07T14:24:10","guid":{"rendered":"https:\/\/greenway-logistics.com\/warehousing\/"},"modified":"2025-03-12T13:10:07","modified_gmt":"2025-03-12T12:10:07","slug":"lager","status":"publish","type":"page","link":"https:\/\/greenway-logistics.com\/da\/loesninger\/lager\/","title":{"rendered":"Lager"},"content":{"rendered":"<p>Greenway Logistics arbejder t\u00e6t sammen med forskellige (logistik)partnere i flere lande for at facilitere outsourcing af logistik. Outsourcing af logistik er en sv\u00e6r beslutning for mange virksomheder. Greenway Logistics mener, at outsourcing i mange tilf\u00e6lde er en fordelagtig l\u00f8sning, der giver fleksibilitet, lavere omkostninger, bedre h\u00e5ndtering af s\u00e6sonudsving, muligheder for at forbedre leveringskvaliteten og adgang til nye markeder. Greenway Logistics hj\u00e6lper virksomheder med at udarbejde en business case ved at inkludere de rigtige variabler og f\u00e5 et gennemsigtigt syn p\u00e5 logistikoutsourcing, herunder lager management og forsyningsk\u00e6deeffektivitet.<\/p>\n<ul>\n<li><a href=\"https:\/\/greenway-logistics.com\/da\/loesninger\/fragt-transportoer-aftaler\/\">Fragt \/ Transport\u00f8r aftaler<\/a><\/li>\n<li><a href=\"https:\/\/greenway-logistics.com\/da\/loesninger\/groennere-logistik\/\">Gr\u00f8nnere logistik <\/a><\/li>\n<li><a href=\"https:\/\/greenway-logistics.com\/da\/loesninger\/eksport-til-nye-markeder\/\">Ind p\u00e5 nye ekport markeder<\/a><\/li>\n<li><a href=\"https:\/\/greenway-logistics.com\/da\/loesninger\/innovative-logistikloesninger\/\">Innovative logistikl\u00f8sninger<\/a><\/li>\n<\/ul>\n","protected":false},"excerpt":{"rendered":"<p>Greenway Logistics arbejder t\u00e6t sammen med forskellige (logistik)partnere i flere lande for at facilitere outsourcing af logistik. Outsourcing af logistik er en sv\u00e6r beslutning for mange virksomheder. Greenway Logistics mener, at outsourcing i mange tilf\u00e6lde er en fordelagtig l\u00f8sning, der giver fleksibilitet, lavere omkostninger, bedre h\u00e5ndtering af s\u00e6sonudsving, muligheder for at forbedre leveringskvaliteten og adgang [&hellip;]<\/p>\n","protected":false},"author":5,"featured_media":0,"parent":2297,"menu_order":0,"comment_status":"closed","ping_status":"closed","template":"","meta":{"_acf_changed":false,"footnotes":""},"class_list":["post-2262","page","type-page","status-publish","hentry"],"acf":[],"yoast_head":"<!-- This site is optimized with the Yoast SEO plugin v27.4 - https:\/\/yoast.com\/product\/yoast-seo-wordpress\/ -->\n<title>Greenway Logistics - Lager<\/title>\n<meta name=\"description\" content=\"- Greenway Logistics tilbyder logistikoutsourcing, lager management og fleksible l\u00f8sninger til virksomheder.\" \/>\n<meta name=\"robots\" content=\"index, follow, max-snippet:-1, max-image-preview:large, max-video-preview:-1\" \/>\n<link rel=\"canonical\" href=\"https:\/\/greenway-logistics.com\/da\/loesninger\/lager\/\" \/>\n<meta property=\"og:locale\" content=\"da_DK\" \/>\n<meta property=\"og:type\" content=\"article\" \/>\n<meta property=\"og:title\" content=\"Greenway Logistics - Lager\" \/>\n<meta property=\"og:description\" content=\"- Greenway Logistics tilbyder logistikoutsourcing, lager management og fleksible l\u00f8sninger til virksomheder.\" \/>\n<meta property=\"og:url\" content=\"https:\/\/greenway-logistics.com\/da\/loesninger\/lager\/\" \/>\n<meta property=\"og:site_name\" content=\"Greenway Logistics\" \/>\n<meta property=\"article:modified_time\" content=\"2025-03-12T12:10:07+00:00\" \/>\n<meta name=\"twitter:card\" content=\"summary_large_image\" \/>\n<meta name=\"twitter:label1\" content=\"Estimeret l\u00e6setid\" \/>\n\t<meta name=\"twitter:data1\" content=\"1 minut\" \/>\n<!-- \/ Yoast SEO plugin. -->","yoast_head_json":{"title":"Greenway Logistics - Lager","description":"- Greenway Logistics tilbyder logistikoutsourcing, lager management og fleksible l\u00f8sninger til virksomheder.","robots":{"index":"index","follow":"follow","max-snippet":"max-snippet:-1","max-image-preview":"max-image-preview:large","max-video-preview":"max-video-preview:-1"},"canonical":"https:\/\/greenway-logistics.com\/da\/loesninger\/lager\/","og_locale":"da_DK","og_type":"article","og_title":"Greenway Logistics - Lager","og_description":"- Greenway Logistics tilbyder logistikoutsourcing, lager management og fleksible l\u00f8sninger til virksomheder.","og_url":"https:\/\/greenway-logistics.com\/da\/loesninger\/lager\/","og_site_name":"Greenway Logistics","article_modified_time":"2025-03-12T12:10:07+00:00","twitter_card":"summary_large_image","twitter_misc":{"Estimeret l\u00e6setid":"1 minut"},"schema":{"@context":"https:\/\/schema.org","@graph":[{"@type":"WebPage","@id":"https:\/\/greenway-logistics.com\/da\/loesninger\/lager\/","url":"https:\/\/greenway-logistics.com\/da\/loesninger\/lager\/","name":"Greenway Logistics - Lager","isPartOf":{"@id":"https:\/\/greenway-logistics.com\/da\/#website"},"datePublished":"2023-03-07T14:24:10+00:00","dateModified":"2025-03-12T12:10:07+00:00","description":"- Greenway Logistics tilbyder logistikoutsourcing, lager management og fleksible l\u00f8sninger til virksomheder.","breadcrumb":{"@id":"https:\/\/greenway-logistics.com\/da\/loesninger\/lager\/#breadcrumb"},"inLanguage":"da-DK","potentialAction":[{"@type":"ReadAction","target":["https:\/\/greenway-logistics.com\/da\/loesninger\/lager\/"]}]},{"@type":"BreadcrumbList","@id":"https:\/\/greenway-logistics.com\/da\/loesninger\/lager\/#breadcrumb","itemListElement":[{"@type":"ListItem","position":1,"name":"Home","item":"https:\/\/greenway-logistics.com\/da\/"},{"@type":"ListItem","position":2,"name":"L\u00f8sninger","item":"https:\/\/greenway-logistics.com\/da\/loesninger\/"},{"@type":"ListItem","position":3,"name":"Lager"}]},{"@type":"WebSite","@id":"https:\/\/greenway-logistics.com\/da\/#website","url":"https:\/\/greenway-logistics.com\/da\/","name":"Greenway Logistics","description":"Sustainable Logistics","potentialAction":[{"@type":"SearchAction","target":{"@type":"EntryPoint","urlTemplate":"https:\/\/greenway-logistics.com\/da\/?s={search_term_string}"},"query-input":{"@type":"PropertyValueSpecification","valueRequired":true,"valueName":"search_term_string"}}],"inLanguage":"da-DK"}]}},"_links":{"self":[{"href":"https:\/\/greenway-logistics.com\/da\/wp-json\/wp\/v2\/pages\/2262","targetHints":{"allow":["GET"]}}],"collection":[{"href":"https:\/\/greenway-logistics.com\/da\/wp-json\/wp\/v2\/pages"}],"about":[{"href":"https:\/\/greenway-logistics.com\/da\/wp-json\/wp\/v2\/types\/page"}],"author":[{"embeddable":true,"href":"https:\/\/greenway-logistics.com\/da\/wp-json\/wp\/v2\/users\/5"}],"replies":[{"embeddable":true,"href":"https:\/\/greenway-logistics.com\/da\/wp-json\/wp\/v2\/comments?post=2262"}],"version-history":[{"count":8,"href":"https:\/\/greenway-logistics.com\/da\/wp-json\/wp\/v2\/pages\/2262\/revisions"}],"predecessor-version":[{"id":4263,"href":"https:\/\/greenway-logistics.com\/da\/wp-json\/wp\/v2\/pages\/2262\/revisions\/4263"}],"up":[{"embeddable":true,"href":"https:\/\/greenway-logistics.com\/da\/wp-json\/wp\/v2\/pages\/2297"}],"wp:attachment":[{"href":"https:\/\/greenway-logistics.com\/da\/wp-json\/wp\/v2\/media?parent=2262"}],"curies":[{"name":"wp","href":"https:\/\/api.w.org\/{rel}","templated":true}]}}