{"id":1772,"date":"2021-12-22T09:35:09","date_gmt":"2021-12-22T08:35:09","guid":{"rendered":"https:\/\/greenway-logistics.com\/341-2\/"},"modified":"2026-03-09T18:57:12","modified_gmt":"2026-03-09T17:57:12","slug":"omkostningsbesparelser-groennere-logistik","status":"publish","type":"page","link":"https:\/\/greenway-logistics.com\/da\/","title":{"rendered":"OMKOSTNINGSBESPARELSER &#038; GR\u00d8NNERE LOGISTIK"},"content":{"rendered":"<p>Greenway Logistics st\u00f8tter mode-, sports-, tekstil- og livsstilsvirksomheder over hele verden indenfor logistik med det form\u00e5l at spare omkostninger, innovere og g\u00f8re den globale mode-, sports- og livstilsindustri mere b\u00e6redygtig(ansvarlig), n\u00e5r det kommer til CO\u2082 &#8211; udledning fra logistik.<\/p>\n<p>Ved at samarbejde med mere end 15 brancheorganisationer over hele verden er Greenway Logistics i stand til at realisere stordriftsfordele.<\/p>\n<p>Greenway Logistics st\u00e5r for <a href=\"https:\/\/greenway-logistics.com\/da\/loesninger\/fragt-transportoer-aftaler\/\">omkostningsbesparelser<\/a>, <a href=\"https:\/\/greenway-logistics.com\/da\/loesninger\/groennere-logistik\/\">b\u00e6redygtighed<\/a>, <a href=\"https:\/\/greenway-logistics.com\/da\/loesninger\/innovative-logistikloesninger\/\">innovation<\/a> og <a href=\"https:\/\/greenway-logistics.com\/da\/partnere\/\">branchesamarbejde<\/a>.<\/p>\n","protected":false},"excerpt":{"rendered":"<p>Greenway Logistics st\u00f8tter mode-, sports-, tekstil- og livsstilsvirksomheder over hele verden indenfor logistik med det form\u00e5l at spare omkostninger, innovere og g\u00f8re den globale mode-, sports- og livstilsindustri mere b\u00e6redygtig(ansvarlig), n\u00e5r det kommer til CO\u2082 &#8211; udledning fra logistik. Ved at samarbejde med mere end 15 brancheorganisationer over hele verden er Greenway Logistics i stand [&hellip;]<\/p>\n","protected":false},"author":5,"featured_media":0,"parent":0,"menu_order":0,"comment_status":"closed","ping_status":"open","template":"page-home.php","meta":{"_acf_changed":false,"footnotes":""},"class_list":["post-1772","page","type-page","status-publish","hentry"],"acf":[],"yoast_head":"<!-- This site is optimized with the Yoast SEO plugin v27.4 - https:\/\/yoast.com\/product\/yoast-seo-wordpress\/ -->\n<title>Greenway Logistics - OMKOSTNINGSBESPARELSER &amp; GR\u00d8NNERE LOGISTIK<\/title>\n<meta name=\"description\" content=\"Ved at samarbejde med mere end 15 brancheorganisationer over hele verden er Greenway Logistics i stand til at realisere stordriftsfordele.\" \/>\n<meta name=\"robots\" content=\"index, follow, max-snippet:-1, max-image-preview:large, max-video-preview:-1\" \/>\n<link rel=\"canonical\" href=\"https:\/\/greenway-logistics.com\/da\/\" \/>\n<meta property=\"og:locale\" content=\"da_DK\" \/>\n<meta property=\"og:type\" content=\"article\" \/>\n<meta property=\"og:title\" content=\"Greenway Logistics - OMKOSTNINGSBESPARELSER &amp; GR\u00d8NNERE LOGISTIK\" \/>\n<meta property=\"og:description\" content=\"Ved at samarbejde med mere end 15 brancheorganisationer over hele verden er Greenway Logistics i stand til at realisere stordriftsfordele.\" \/>\n<meta property=\"og:url\" content=\"https:\/\/greenway-logistics.com\/da\/\" \/>\n<meta property=\"og:site_name\" content=\"Greenway Logistics\" \/>\n<meta property=\"article:modified_time\" content=\"2026-03-09T17:57:12+00:00\" \/>\n<meta name=\"twitter:card\" content=\"summary_large_image\" \/>\n<meta name=\"twitter:label1\" content=\"Estimeret l\u00e6setid\" \/>\n\t<meta name=\"twitter:data1\" content=\"1 minut\" \/>\n<!-- \/ Yoast SEO plugin. -->","yoast_head_json":{"title":"Greenway Logistics - OMKOSTNINGSBESPARELSER & GR\u00d8NNERE LOGISTIK","description":"Ved at samarbejde med mere end 15 brancheorganisationer over hele verden er Greenway Logistics i stand til at realisere stordriftsfordele.","robots":{"index":"index","follow":"follow","max-snippet":"max-snippet:-1","max-image-preview":"max-image-preview:large","max-video-preview":"max-video-preview:-1"},"canonical":"https:\/\/greenway-logistics.com\/da\/","og_locale":"da_DK","og_type":"article","og_title":"Greenway Logistics - OMKOSTNINGSBESPARELSER & GR\u00d8NNERE LOGISTIK","og_description":"Ved at samarbejde med mere end 15 brancheorganisationer over hele verden er Greenway Logistics i stand til at realisere stordriftsfordele.","og_url":"https:\/\/greenway-logistics.com\/da\/","og_site_name":"Greenway Logistics","article_modified_time":"2026-03-09T17:57:12+00:00","twitter_card":"summary_large_image","twitter_misc":{"Estimeret l\u00e6setid":"1 minut"},"schema":{"@context":"https:\/\/schema.org","@graph":[{"@type":"WebPage","@id":"https:\/\/greenway-logistics.com\/da\/","url":"https:\/\/greenway-logistics.com\/da\/","name":"Greenway Logistics - OMKOSTNINGSBESPARELSER & GR\u00d8NNERE LOGISTIK","isPartOf":{"@id":"https:\/\/greenway-logistics.com\/da\/#website"},"datePublished":"2021-12-22T08:35:09+00:00","dateModified":"2026-03-09T17:57:12+00:00","description":"Ved at samarbejde med mere end 15 brancheorganisationer over hele verden er Greenway Logistics i stand til at realisere stordriftsfordele.","breadcrumb":{"@id":"https:\/\/greenway-logistics.com\/da\/#breadcrumb"},"inLanguage":"da-DK","potentialAction":[{"@type":"ReadAction","target":["https:\/\/greenway-logistics.com\/da\/"]}]},{"@type":"BreadcrumbList","@id":"https:\/\/greenway-logistics.com\/da\/#breadcrumb","itemListElement":[{"@type":"ListItem","position":1,"name":"Home","item":"https:\/\/greenway-logistics.com\/da\/"},{"@type":"ListItem","position":2,"name":"OMKOSTNINGSBESPARELSER &#038; GR\u00d8NNERE LOGISTIK"}]},{"@type":"WebSite","@id":"https:\/\/greenway-logistics.com\/da\/#website","url":"https:\/\/greenway-logistics.com\/da\/","name":"Greenway Logistics","description":"Sustainable Logistics","potentialAction":[{"@type":"SearchAction","target":{"@type":"EntryPoint","urlTemplate":"https:\/\/greenway-logistics.com\/da\/?s={search_term_string}"},"query-input":{"@type":"PropertyValueSpecification","valueRequired":true,"valueName":"search_term_string"}}],"inLanguage":"da-DK"}]}},"_links":{"self":[{"href":"https:\/\/greenway-logistics.com\/da\/wp-json\/wp\/v2\/pages\/1772","targetHints":{"allow":["GET"]}}],"collection":[{"href":"https:\/\/greenway-logistics.com\/da\/wp-json\/wp\/v2\/pages"}],"about":[{"href":"https:\/\/greenway-logistics.com\/da\/wp-json\/wp\/v2\/types\/page"}],"author":[{"embeddable":true,"href":"https:\/\/greenway-logistics.com\/da\/wp-json\/wp\/v2\/users\/5"}],"replies":[{"embeddable":true,"href":"https:\/\/greenway-logistics.com\/da\/wp-json\/wp\/v2\/comments?post=1772"}],"version-history":[{"count":34,"href":"https:\/\/greenway-logistics.com\/da\/wp-json\/wp\/v2\/pages\/1772\/revisions"}],"predecessor-version":[{"id":4593,"href":"https:\/\/greenway-logistics.com\/da\/wp-json\/wp\/v2\/pages\/1772\/revisions\/4593"}],"wp:attachment":[{"href":"https:\/\/greenway-logistics.com\/da\/wp-json\/wp\/v2\/media?parent=1772"}],"curies":[{"name":"wp","href":"https:\/\/api.w.org\/{rel}","templated":true}]}}